{"id":2392,"date":"2019-01-29T11:53:14","date_gmt":"2019-01-29T11:53:14","guid":{"rendered":"http:\/\/uenf.br\/posgraduacao\/engenharia-civil\/?page_id=2392"},"modified":"2019-01-29T12:08:29","modified_gmt":"2019-01-29T12:08:29","slug":"dissertacoes-de-mestrado-2018-fabricio-lima-barbosa","status":"publish","type":"page","link":"https:\/\/uenf.br\/posgraduacao\/engenharia-civil\/dissertacoes-de-mestrado-2018-fabricio-lima-barbosa\/","title":{"rendered":"Disserta\u00e7\u00f5es de Mestrado 2018 &#8211; FABR\u00cdCIO LIMA BARBOSA"},"content":{"rendered":"<p><\/p>\n<p style=\"text-align: justify\">Resumo<\/p>\n<p style=\"text-align: justify\">A demanda por materiais com menor impacto ambiental tem motivado diversas pesquisas sobre o emprego de res\u00edduos agroind\u00fastriais em argamassas e concretos. A cinza do baga\u00e7o de cana-de-a\u00e7\u00facar (CBCA) se mostra como um material promissor neste aspecto, pelo seu potencial pozol\u00e2nico e sua abund\u00e2ncia em pa\u00edses como Brasil. Entretanto, a efici\u00eancia da CBCA como pozolana est\u00e1 altamente relacionada ao teor de s\u00edlica presente na cinza e \u00e0 sua morfologia. Dessa forma, o presente trabalho teve como objetivo estudar a influ\u00eancia de CBCAs com diferentes composi\u00e7\u00f5es qu\u00edmica e mineral\u00f3gica na cin\u00e9tica de hidrata\u00e7\u00e3o e retra\u00e7\u00e3o aut\u00f3gena de sistemas ciment\u00edcios. Foram estudadas quatro cinzas do baga\u00e7o de cana-de-a\u00e7\u00facar com caracter\u00edsticas distintas, e tamb\u00e9m o uso de material inerte (quartzo) e uma cinza da casca de arroz (CCA) de elevada reatividade, para fins de compara\u00e7\u00e3o. Todos os materiais foram caracterizados por ensaios de composi\u00e7\u00e3o de \u00f3xidos, perda ao fogo, superf\u00edcie espec\u00edfica BET, difratrometria de raios X\/Rietveld, fra\u00e7\u00e3o sol\u00favel e atividade pozol\u00e2nica por condutividade el\u00e9trica. Os resultados comprovaram as diferentes composi\u00e7\u00f5es dos materiais. Subsequentemente, foi realizado um estudo de hidrata\u00e7\u00e3o em pastas com rela\u00e7\u00e3o a\/mc de 0,35 e teor de substitui\u00e7\u00e3o de cimento por adi\u00e7\u00e3o mineral de 20% (em massa). A hidrata\u00e7\u00e3o das pastas foi avaliada por meio de calorimetria isot\u00e9rmica, retra\u00e7\u00e3o qu\u00edmica e difratrometria de raios X\/Rietveld. Os resultados mostraram que o uso de adi\u00e7\u00f5es minerais proporcionou mudan\u00e7as na cin\u00e9tica de hidrata\u00e7\u00e3o, e dois comportamentos diferentes foram observados. As CBCAs com baixo teor de s\u00edlica amorfa, maior presen\u00e7a de contaminantes e baixa \u00e1rea superficial se comportaram de forma semelhante ao quartzo, atuando como material f\u00edler, enquanto as CBCAs com maiores teores de s\u00edlica amorfa, menos contaminantes e elevada superf\u00edcie espec\u00edfica se comportaram como a CCA de elevada pozolanicidade. Por fim, foi realizado estudo de retra\u00e7\u00e3o aut\u00f3gena e resist\u00eancia mec\u00e2nica em microconcretos. Os resultados mostraram que o uso de cinzas reativas aumentou a retra\u00e7\u00e3o aut\u00f3gena e proporcionou\u00a0ganho de resist\u00eancia mec\u00e2nica, em virtude do consumo da portlandita pelas rea\u00e7\u00f5es pozol\u00e2nicas e o prov\u00e1vel refinamento de poros do sistema.<\/p>\n<p style=\"text-align: right\"><a href=\"https:\/\/uenf.br\/posgraduacao\/engenharia-civil\/wp-content\/uploads\/sites\/3\/2019\/01\/Disserta\u00e7\u00e3o_MSc_Fabr\u00edcio-Lima-Barbosa_Final.pdf\">Download aqui<\/a><\/p>\n<p><\/p>","protected":false},"excerpt":{"rendered":"<p>Resumo A demanda por materiais com menor impacto ambiental tem motivado diversas pesquisas sobre o emprego de res\u00edduos agroind\u00fastriais em&#8230;<\/p>\n","protected":false},"author":7,"featured_media":0,"parent":0,"menu_order":0,"comment_status":"closed","ping_status":"closed","template":"","meta":{"footnotes":""},"class_list":["post-2392","page","type-page","status-publish","hentry"],"_links":{"self":[{"href":"https:\/\/uenf.br\/posgraduacao\/engenharia-civil\/wp-json\/wp\/v2\/pages\/2392","targetHints":{"allow":["GET"]}}],"collection":[{"href":"https:\/\/uenf.br\/posgraduacao\/engenharia-civil\/wp-json\/wp\/v2\/pages"}],"about":[{"href":"https:\/\/uenf.br\/posgraduacao\/engenharia-civil\/wp-json\/wp\/v2\/types\/page"}],"author":[{"embeddable":true,"href":"https:\/\/uenf.br\/posgraduacao\/engenharia-civil\/wp-json\/wp\/v2\/users\/7"}],"replies":[{"embeddable":true,"href":"https:\/\/uenf.br\/posgraduacao\/engenharia-civil\/wp-json\/wp\/v2\/comments?post=2392"}],"version-history":[{"count":0,"href":"https:\/\/uenf.br\/posgraduacao\/engenharia-civil\/wp-json\/wp\/v2\/pages\/2392\/revisions"}],"wp:attachment":[{"href":"https:\/\/uenf.br\/posgraduacao\/engenharia-civil\/wp-json\/wp\/v2\/media?parent=2392"}],"curies":[{"name":"wp","href":"https:\/\/api.w.org\/{rel}","templated":true}]}}