{"id":2412,"date":"2019-02-26T11:08:38","date_gmt":"2019-02-26T11:08:38","guid":{"rendered":"http:\/\/uenf.br\/posgraduacao\/engenharia-civil\/?page_id=2412"},"modified":"2019-02-26T11:12:30","modified_gmt":"2019-02-26T11:12:30","slug":"dissertacoes-de-mestrado-2018-talytha-martins-fonte-boa-santos","status":"publish","type":"page","link":"https:\/\/uenf.br\/posgraduacao\/engenharia-civil\/dissertacoes-de-mestrado-2018-talytha-martins-fonte-boa-santos\/","title":{"rendered":"Disserta\u00e7\u00f5es de Mestrado 2018 &#8211; TALYTHA MARTINS FONTE BOA SANTOS"},"content":{"rendered":"<p><\/p>\n<p style=\"text-align: justify\">Resumo<\/p>\n<p style=\"text-align: justify\">A ocorr\u00eancia de escorregamento de solo no leito marinho \u00e9 um fen\u00f4meno comum nos mais diferentes ambientes oce\u00e2nicos. Esses eventos s\u00e3o hoje uma das principais amea\u00e7as \u00e0 integridade de estruturas assentes em leitos marinhos, sendo os oleodutos os mais expostos ao risco de impacto, causando preju\u00edzos econ\u00f4micos, ambientais e sociais. Testes de centr\u00edfuga geot\u00e9cnica foram conduzidos para avaliar os mecanismos de deslizamento de detritos submarinos em dutos instalados no fundo do mar em fun\u00e7\u00e3o de sua rela\u00e7\u00e3o de incorpora\u00e7\u00e3o. O modelo compreende uma rampa muito suave instrumentada com transdutores de poropress\u00e3o e de tens\u00e3o total, estrategicamente posicionados na rampa, a fim de verificar as caracter\u00edsticas do deslizamento e hidroplanagem. No final da rampa, um duto, instrumentado com strain gauge e aceler\u00f4metro, foi colocado para receber o impacto do fluxo de detritos, sendo registradas as deforma\u00e7\u00f5es e estimados os esfor\u00e7os. A c\u00e2mera de alta velocidade foi fixada \u00e0 cesta de ensaio, o que permite a sincroniza\u00e7\u00e3o entre todas as leituras dos instrumentos \u00e0 medida que o teste progride, e tamb\u00e9m para a an\u00e1lise da imagem e c\u00e1lculo da velocidade do escorregamento. As an\u00e1lises foram feitas visando correlacionar os par\u00e2metros adimensionais com a taxa de exposi\u00e7\u00e3o do duto, que variou de 100% a 25%. Os testes mostraram que o coeficiente de arrasto \u00e9 diretamente influenciado pelo di\u00e2metro exposto do duto.<\/p>\n<p style=\"text-align: right\"><a href=\"https:\/\/uenf.br\/posgraduacao\/engenharia-civil\/wp-content\/uploads\/sites\/3\/2019\/02\/Modelagem-centr\u00edfuga-de-duto-sujeito-a-impacto-de-deslizamento-submarino-VERS\u00c3O-FINAL.pdf\">Download aqui<\/a><\/p>\n<p>&nbsp;<\/p>","protected":false},"excerpt":{"rendered":"<p>Resumo A ocorr\u00eancia de escorregamento de solo no leito marinho \u00e9 um fen\u00f4meno comum nos mais diferentes ambientes oce\u00e2nicos. Esses&#8230;<\/p>\n","protected":false},"author":7,"featured_media":0,"parent":0,"menu_order":0,"comment_status":"closed","ping_status":"closed","template":"","meta":{"footnotes":""},"class_list":["post-2412","page","type-page","status-publish","hentry"],"_links":{"self":[{"href":"https:\/\/uenf.br\/posgraduacao\/engenharia-civil\/wp-json\/wp\/v2\/pages\/2412","targetHints":{"allow":["GET"]}}],"collection":[{"href":"https:\/\/uenf.br\/posgraduacao\/engenharia-civil\/wp-json\/wp\/v2\/pages"}],"about":[{"href":"https:\/\/uenf.br\/posgraduacao\/engenharia-civil\/wp-json\/wp\/v2\/types\/page"}],"author":[{"embeddable":true,"href":"https:\/\/uenf.br\/posgraduacao\/engenharia-civil\/wp-json\/wp\/v2\/users\/7"}],"replies":[{"embeddable":true,"href":"https:\/\/uenf.br\/posgraduacao\/engenharia-civil\/wp-json\/wp\/v2\/comments?post=2412"}],"version-history":[{"count":0,"href":"https:\/\/uenf.br\/posgraduacao\/engenharia-civil\/wp-json\/wp\/v2\/pages\/2412\/revisions"}],"wp:attachment":[{"href":"https:\/\/uenf.br\/posgraduacao\/engenharia-civil\/wp-json\/wp\/v2\/media?parent=2412"}],"curies":[{"name":"wp","href":"https:\/\/api.w.org\/{rel}","templated":true}]}}