{"id":2422,"date":"2019-02-26T13:22:18","date_gmt":"2019-02-26T13:22:18","guid":{"rendered":"http:\/\/uenf.br\/posgraduacao\/engenharia-civil\/?page_id=2422"},"modified":"2019-02-26T13:24:59","modified_gmt":"2019-02-26T13:24:59","slug":"dissertacoes-de-mestrado-2018-rodrigo-moulin-ribeiro-pierott","status":"publish","type":"page","link":"https:\/\/uenf.br\/posgraduacao\/engenharia-civil\/dissertacoes-de-mestrado-2018-rodrigo-moulin-ribeiro-pierott\/","title":{"rendered":"Disserta\u00e7\u00f5es de Mestrado 2018 &#8211; RODRIGO MOULIN RIBEIRO PIEROTT"},"content":{"rendered":"<p><\/p>\n<p style=\"text-align: justify\">Resumo<\/p>\n<p style=\"text-align: justify\">\u00c9 apresentada uma metodologia computacional para dimensionamento \u00f3timo de vigas cont\u00ednuas de concreto armado. O objetivo \u00e9 minimizar o custo de fabrica\u00e7\u00e3o, obtendo a melhor configura\u00e7\u00e3o relacionada \u00e0s dimens\u00f5es da se\u00e7\u00e3o transversal, aloca\u00e7\u00e3o de arma\u00e7\u00f5es e resist\u00eancia caracter\u00edstica do concreto que geram resultados \u00f3timos. As restri\u00e7\u00f5es utilizadas est\u00e3o relacionadas \u00e0 seguran\u00e7a e integridade das estruturas, considerando-se o Estado Limite \u00daltimo e Estado Limite de Servi\u00e7o, de acordo com as norvas vigentes. Um programa de M\u00e9todos de Elementos Finitos foi desenvolvido para a obten\u00e7\u00e3o das tens\u00f5es e deforma\u00e7\u00f5es de vigas cont\u00ednuas, com diferentes geometrias e cargas aplicadas. Al\u00e9m disso, foi desenvolvido um gerador de banco de dados de arma\u00e7\u00f5es longitudinais, garantindo que os layouts de arma\u00e7\u00e3o gerados atendam as prescri\u00e7\u00f5es das normas. No modelo desenvolvido, s\u00e3o usadas vari\u00e1veis de projeto discretas, a fim de representar um modelo de otimiza\u00e7\u00e3o de estruturas mais realista. Na busca por resultados \u00f3timos globais, utilizando vari\u00e1veis de projeto discretas, os Algoritmos Gen\u00e9ticos foram utilizados. A ferramenta computacional desenvolvida no presente trabalho foi integralmente elaborada na plataforma MATLAB\u00ae. Os resultados obtidos pela metodologia proposta apresentaram resultados satisfat\u00f3rios quando comparados com outros da literatura.<\/p>\n<p style=\"text-align: right\"><a href=\"https:\/\/uenf.br\/posgraduacao\/engenharia-civil\/wp-content\/uploads\/sites\/3\/2019\/02\/Rodrigo-texto-P\u00f3s-DEFESA-rev07.pdf\">Download aqui<\/a><\/p>\n<p>&nbsp;<\/p>","protected":false},"excerpt":{"rendered":"<p>Resumo \u00c9 apresentada uma metodologia computacional para dimensionamento \u00f3timo de vigas cont\u00ednuas de concreto armado. O objetivo \u00e9 minimizar o&#8230;<\/p>\n","protected":false},"author":7,"featured_media":0,"parent":0,"menu_order":0,"comment_status":"closed","ping_status":"closed","template":"","meta":{"footnotes":""},"class_list":["post-2422","page","type-page","status-publish","hentry"],"_links":{"self":[{"href":"https:\/\/uenf.br\/posgraduacao\/engenharia-civil\/wp-json\/wp\/v2\/pages\/2422","targetHints":{"allow":["GET"]}}],"collection":[{"href":"https:\/\/uenf.br\/posgraduacao\/engenharia-civil\/wp-json\/wp\/v2\/pages"}],"about":[{"href":"https:\/\/uenf.br\/posgraduacao\/engenharia-civil\/wp-json\/wp\/v2\/types\/page"}],"author":[{"embeddable":true,"href":"https:\/\/uenf.br\/posgraduacao\/engenharia-civil\/wp-json\/wp\/v2\/users\/7"}],"replies":[{"embeddable":true,"href":"https:\/\/uenf.br\/posgraduacao\/engenharia-civil\/wp-json\/wp\/v2\/comments?post=2422"}],"version-history":[{"count":0,"href":"https:\/\/uenf.br\/posgraduacao\/engenharia-civil\/wp-json\/wp\/v2\/pages\/2422\/revisions"}],"wp:attachment":[{"href":"https:\/\/uenf.br\/posgraduacao\/engenharia-civil\/wp-json\/wp\/v2\/media?parent=2422"}],"curies":[{"name":"wp","href":"https:\/\/api.w.org\/{rel}","templated":true}]}}