{"id":2493,"date":"2019-04-25T11:44:43","date_gmt":"2019-04-25T11:44:43","guid":{"rendered":"http:\/\/uenf.br\/posgraduacao\/engenharia-civil\/?page_id=2493"},"modified":"2026-04-23T15:18:34","modified_gmt":"2026-04-23T15:18:34","slug":"dissertacao-de-mestrado-2019","status":"publish","type":"page","link":"https:\/\/uenf.br\/posgraduacao\/engenharia-civil\/dissertacao-de-mestrado-2019\/","title":{"rendered":"DISSERTA\u00c7\u00c3O DE MESTRADO 2019"},"content":{"rendered":"<p>&nbsp;<\/p>\n<fieldset>\n<legend>METODOLOGIA COMPUTACIONAL PARA PROJETO \u00d3TIMO DE COBERTURAS DE GALP\u00d5ES EM A\u00c7O<\/legend>\n<p style=\"text-align: left\"><strong>Autor: Rodrigo das Chagas Gaspar<\/strong><br \/>\n<strong>Orientador:<\/strong> Prof. Gines Arturo Falc\u00f3n<br \/>\n<strong>\u00c1rea de Concentra\u00e7\u00e3o:<\/strong> Estruturas<br \/>\n<strong>Situa\u00e7\u00e3o:<\/strong> Conclu\u00edda \u2013 Setembro &#8211; 2019<br \/>\n<a href=\"https:\/\/uenf.br\/posgraduacao\/engenharia-civil\/dissertacoes-de-mestrado-2019-rodrigo-das-chagas-gaspar\/\">Veja mais<\/a><\/p>\n<\/fieldset>\n<p>&nbsp;<\/p>\n<fieldset>\n<legend>DIMENSIONAMENTO \u00d3TIMO DE P\u00d3RTICOS EM A\u00c7O COM LIGA\u00c7\u00d5ES SEMIRR\u00cdGIDAS CONSIDERANDO AN\u00c1LISE N\u00c3O LINEAR GEOM\u00c9TRICA<\/legend>\n<p style=\"text-align: left\"><strong>Autor: Paulo C\u00e9sar Gon\u00e7alves Pandino de Oliveira<\/strong><br \/>\n<strong>Orientador:<\/strong> Prof. Gines Arturo Falc\u00f3n<br \/>\n<strong>\u00c1rea de Concentra\u00e7\u00e3o:<\/strong> Estruturas<br \/>\n<strong>Situa\u00e7\u00e3o:<\/strong> Conclu\u00edda \u2013 Agosto &#8211; 2019<br \/>\n<a href=\"https:\/\/uenf.br\/posgraduacao\/engenharia-civil\/dissertacoes-de-mestrado-2019-paulo-cesar-goncalves-pandino-de-oliveira\/\">Veja mais<\/a><\/p>\n<\/fieldset>\n<p>&nbsp;<\/p>\n<fieldset>\n<legend>CINZAS POZOL\u00c2NICAS DA FOLHA DE MILHO: AVALIA\u00c7\u00c3O DA PRODU\u00c7\u00c3O, HIDRATA\u00c7\u00c3O EM PASTAS CIMENT\u00cdCIAS E RESIST\u00caNCIA \u00c0 COMPRESS\u00c3O E DURABILIDADE EM ARGAMASSAS<\/legend>\n<p style=\"text-align: left\"><strong>Autor: Charles Ferreira de Lima<\/strong><br \/>\n<strong>Orientador:<\/strong> Prof. Guilherme Chagas Cordeiro<br \/>\n<strong>\u00c1rea de Concentra\u00e7\u00e3o:<\/strong> Estruturas<br \/>\n<strong>Situa\u00e7\u00e3o:<\/strong> Conclu\u00edda \u2013 Julho &#8211; 2019<br \/>\n<a href=\"https:\/\/uenf.br\/posgraduacao\/engenharia-civil\/dissertacoes-de-mestrado-2019-charles-prado-ferreira-de-lima\/\">Veja mais<\/a><\/p>\n<\/fieldset>\n<p>&nbsp;<\/p>\n<fieldset>\n<legend>COMPORTAMENTO MEC\u00c2NICO DE LASTROS NATURAL E SINT\u00c9TICO REFOR\u00c7ADO COM GEOGRELHA<\/legend>\n<p style=\"text-align: left\"><strong>Autor: Kessia da Silva Concei\u00e7\u00e3o<\/strong><br \/>\n<strong>Orientador:<\/strong> Prof. Paulo Cesar de Almeida Maia<br \/>\n<strong>\u00c1rea de Concentra\u00e7\u00e3o:<\/strong> Geotecnia<br \/>\n<strong>Situa\u00e7\u00e3o:<\/strong> Conclu\u00edda \u2013 Junho &#8211; 2019<br \/>\n<a href=\"https:\/\/uenf.br\/posgraduacao\/engenharia-civil\/dissertacoes-de-mestrado-2019-kessia-da-silva-conceicao\/\">Veja mais<\/a><\/p>\n<\/fieldset>\n<p>&nbsp;<\/p>\n<fieldset>\n<legend>ESTUDO DA INTERA\u00c7\u00c3O SOLO-ESTACA EM ESTACA GEOT\u00c9RMICA SUBMETIDA AO CARREGAMENTO T\u00c9RMICO<\/legend>\n<p style=\"text-align: left\"><strong>Autor: Igor Conrado da Silva Caetano<\/strong><br \/>\n<strong>Orientador:<\/strong> Prof. Paulo Cesar de Almeida Maia<br \/>\n<strong>\u00c1rea de Concentra\u00e7\u00e3o:<\/strong> Geotecnia<br \/>\n<strong>Situa\u00e7\u00e3o:<\/strong> Conclu\u00edda \u2013 Junho &#8211; 2019<br \/>\n<a href=\"https:\/\/uenf.br\/posgraduacao\/engenharia-civil\/dissertacoes-de-mestrado-2019-igor-conrado-da-silva-caetano\/\">Veja mais<\/a><\/p>\n<\/fieldset>\n<p>&nbsp;<\/p>\n<fieldset>\n<legend>RESIST\u00caNCIA AO CISALHAMENTO DE VIGAS-PAREDE DE CONCRETO LEVE SEM ARMADURA NA ALMA COM ADI\u00c7\u00c3O DE FIBRAS DE A\u00c7O<\/legend>\n<p style=\"text-align: left\"><strong>Autor: Allonso Curty da Silva Pereira<\/strong><br \/>\n<strong>Orientador:<\/strong> Prof. S\u00e9rgio Luis Gonz\u00e1lez Garcia<br \/>\n<strong>\u00c1rea de Concentra\u00e7\u00e3o:<\/strong> Estruturas<br \/>\n<strong>Situa\u00e7\u00e3o:<\/strong> Conclu\u00edda \u2013 Junho &#8211; 2019<br \/>\n<a href=\"https:\/\/uenf.br\/posgraduacao\/engenharia-civil\/dissertacoes-de-mestrado-2019-allonso-curty-da-silva-pereira\/\">Veja mais<\/a><\/p>\n<\/fieldset>\n<p>&nbsp;<\/p>\n<fieldset>\n<legend>ESTUDO DE INTERA\u00c7\u00c3O SOLO-GEOGRELHA-ESTRUTURA DE FUNDA\u00c7\u00d5ES RASAS UTILIZANDO MODELAGEM F\u00cdSICA COM SOLOS TRANSPARENTES<\/legend>\n<p style=\"text-align: left\"><strong>Autor: Ana Carolina das Chagas Lopes<\/strong><br \/>\n<strong>Orientador:<\/strong> Prof. Paulo Cesar de Almeida Maia<br \/>\n<strong>Coorientador:<\/strong> Prof. Fernando Saboya de Albuquerque J\u00fanior<br \/>\n<strong>\u00c1rea de Concentra\u00e7\u00e3o:<\/strong> Geotecnia<br \/>\n<strong>Situa\u00e7\u00e3o:<\/strong> Conclu\u00edda \u2013 Junho &#8211; 2019<br \/>\n<a href=\"https:\/\/uenf.br\/posgraduacao\/engenharia-civil\/dissertacoes-de-mestrado-2019-ana-carolina-das-chagas-lopes\/\">Veja mais<\/a><\/p>\n<\/fieldset>\n<p>&nbsp;<\/p>\n<fieldset>\n<legend>DETERMINA\u00c7\u00c3O DOS PAR\u00c2METROS DE FRATURA DE CONCRETOS GEOPOLIM\u00c9RICOS REFOR\u00c7ADOS POR FIBRAS DE A\u00c7O<\/legend>\n<p style=\"text-align: left\"><strong>Autor: Raphaela Fernandes Gomes<\/strong><br \/>\n<strong>Orientador:<\/strong> Prof. Dylmar Penteado Dias<br \/>\n<strong>\u00c1rea de Concentra\u00e7\u00e3o:<\/strong> Estruturas<br \/>\n<strong>Situa\u00e7\u00e3o:<\/strong> Conclu\u00edda \u2013 Maio &#8211; 2019<br \/>\n<a href=\"https:\/\/uenf.br\/posgraduacao\/engenharia-civil\/dissertacoes-de-mestrado-2019-raphaela-fernandes-gomes\/\">Veja mais<\/a><\/p>\n<\/fieldset>\n<p>&nbsp;<\/p>\n<fieldset>\n<legend>AN\u00c1LISE NUM\u00c9RICA DA INTERA\u00c7\u00c3O SOLO-GEOGRELHA APLICADA COMO REFOR\u00c7O DE MACI\u00c7OS EM FUNDA\u00c7\u00d5ES RASAS<\/legend>\n<p style=\"text-align: left\"><strong>Autor: Hebert Detogne Fernandes<\/strong><br \/>\n<strong>Orientador:<\/strong> Prof. Aldo Durand Farf\u00e1n<br \/>\n<strong>\u00c1rea de Concentra\u00e7\u00e3o:<\/strong> Geotecnia<br \/>\n<strong>Situa\u00e7\u00e3o:<\/strong> Conclu\u00edda \u2013 Maio &#8211; 2019<br \/>\n<a href=\"https:\/\/uenf.br\/posgraduacao\/engenharia-civil\/dissertacao-2019-hebert-detogne-fernandes\/\">Veja mais<\/a><\/p>\n<\/fieldset>\n<p>&nbsp;<\/p>\n<fieldset>\n<legend>COMPARA\u00c7\u00c3O DE PAREDES DE ALVENARIA ESTRUTURAL COM VIGAS GRAUTEADAS COM CONCRETO LEVE E CONVENCIONAL<\/legend>\n<p style=\"text-align: left\"><strong>Autor: Valber Domingos Pinheiro<\/strong><br \/>\n<strong>Orientador:<\/strong> Prof. Jonas Alexandre<br \/>\n<strong>\u00c1rea de Concentra\u00e7\u00e3o:<\/strong> Estruturas<br \/>\n<strong>Situa\u00e7\u00e3o:<\/strong> Conclu\u00edda \u2013 Abril &#8211; 2019<br \/>\n<a href=\"https:\/\/uenf.br\/posgraduacao\/engenharia-civil\/dissertacoes-de-mestrado-2019-nathalia-toffoli-pandini\/\">Veja mais<\/a><\/p>\n<\/fieldset>\n<p>&nbsp;<\/p>\n<fieldset>\n<legend>CINZA VOLANTE \u00c1LCALI-ATIVADA COM CAL VIRGEM<\/legend>\n<p style=\"text-align: left\"><strong>Autor: Nathalia Toffoli Pandini<\/strong><br \/>\n<strong>Orientador:<\/strong> Prof. Dylmar Penteado Dias<br \/>\n<strong>\u00c1rea de Concentra\u00e7\u00e3o:<\/strong> Estruturas<br \/>\n<strong>Situa\u00e7\u00e3o:<\/strong> Conclu\u00edda \u2013 Abril &#8211; 2019<br \/>\n<a href=\"https:\/\/uenf.br\/posgraduacao\/engenharia-civil\/dissertacoes-de-mestrado-2019-thuany-espirito-santo-de-lima-2\/\">Veja mais<\/a><\/p>\n<\/fieldset>\n<p>&nbsp;<\/p>\n<fieldset>\n<legend>INFLU\u00caNCIA DO TIPO DE ARGAMASSAMENTO NA RESIST\u00caNCIA \u00c0 COMPRESS\u00c3O DE ALVENARIA ESTRUTURAL DE BLOCOS DE CONCRETO<\/legend>\n<p style=\"text-align: left\"><strong>Autor: Thuany Esp\u00edrito Santo de Lima<\/strong><br \/>\n<strong>Orientador:<\/strong> Prof. Jonas Alexandre<br \/>\n<strong>\u00c1rea de Concentra\u00e7\u00e3o:<\/strong> Estruturas<br \/>\n<strong>Situa\u00e7\u00e3o:<\/strong> Conclu\u00edda \u2013 Abril &#8211; 2019<br \/>\n<a href=\"https:\/\/uenf.br\/posgraduacao\/engenharia-civil\/dissertacoes-de-mestrado-2019-thuany-espirito-santo-de-lima\/\">Veja mais<\/a><\/p>\n<\/fieldset>\n<p>&nbsp;<\/p>\n<fieldset>\n<legend>INCORPORA\u00c7\u00c3O DO LODO PRIM\u00c1RIO DA ESTA\u00c7\u00c3O DE TRATAMENTO DE EFLUENTE DE PAPEL EM CER\u00c2MICA VERMELHA<\/legend>\n<p style=\"text-align: left\"><strong>Autor: Lu\u00eds S\u00e9rgio Peixoto Pessanha<\/strong><br \/>\n<strong>Orientador:<\/strong> Prof. Jonas Alexandre<br \/>\n<strong>\u00c1rea de Concentra\u00e7\u00e3o:<\/strong> Estruturas<br \/>\n<strong>Situa\u00e7\u00e3o:<\/strong> Conclu\u00edda \u2013 Mar\u00e7o &#8211; 2019<br \/>\n<a href=\"https:\/\/uenf.br\/posgraduacao\/engenharia-civil\/dissertacoes-de-mestrado-2019-luis-sergio-peixoto-pessanha\/\">Veja mais<\/a><\/p>\n<\/fieldset>\n<p>&nbsp;<\/p>\n<fieldset>\n<legend>INFLU\u00caNCIA DO TEOR DE FIBRAS DE A\u00c7O NO COMPORTAMENTO AO ATRITO-CISALHAMENTO DE CONCRETOS COM AGREGADOS RECICLADOS<\/legend>\n<p style=\"text-align: left\"><strong>Autor: Humberto Rodrigues Torres<\/strong><br \/>\n<strong>Orientador:<\/strong> Prof. Sergio Luis Gonz\u00e1les Garcia<br \/>\n<strong>\u00c1rea de Concentra\u00e7\u00e3o:<\/strong> Estruturas<br \/>\n<strong>Situa\u00e7\u00e3o:<\/strong> Conclu\u00edda \u2013 Fevereiro &#8211; 2019<br \/>\n<a href=\"https:\/\/uenf.br\/posgraduacao\/engenharia-civil\/dissertacoes-de-mestrado-2019-humberto-rodrigues-torres\/\">Veja mais<\/a><\/p>\n<\/fieldset>\n<p>&nbsp;<\/p>\n<p><strong>Disserta\u00e7\u00f5es<\/strong><\/p>\n<p><a href=\"https:\/\/uenf.br\/posgraduacao\/engenharia-civil\/2026-2\/\">2026<\/a> &#8211; <a href=\"https:\/\/uenf.br\/posgraduacao\/engenharia-civil\/2025-2\/\">2025<\/a> &#8211;\u00a0<a href=\"https:\/\/uenf.br\/posgraduacao\/engenharia-civil\/2024-2\/\">2024<\/a> &#8211; <a href=\"https:\/\/uenf.br\/posgraduacao\/engenharia-civil\/2023-2\/\">2023<\/a> &#8211;\u00a0<a href=\"https:\/\/uenf.br\/posgraduacao\/engenharia-civil\/dissertacoes-de-mestrado-2022\/\">2022<\/a> &#8211; <a href=\"https:\/\/uenf.br\/posgraduacao\/engenharia-civil\/teses-e-dissertacoes\/dissertacao-de-mestrado-2021\/\">2021<\/a> &#8211; <a href=\"https:\/\/uenf.br\/posgraduacao\/engenharia-civil\/dissertacoes-de-mestrado-2020\/\">2020<\/a> &#8211; <a href=\"https:\/\/uenf.br\/posgraduacao\/engenharia-civil\/dissertacao-de-mestrado-2019\/\">2019<\/a> &#8211;\u00a0<a href=\"https:\/\/uenf.br\/posgraduacao\/engenharia-civil\/dissertacao-de-mestrado-2018\/\">2018<\/a> &#8211;\u00a0<a href=\"https:\/\/uenf.br\/posgraduacao\/engenharia-civil\/dissertacoes-de-mestrado-2017\/\">2017<\/a> &#8211;\u00a0<a href=\"https:\/\/uenf.br\/posgraduacao\/engenharia-civil\/dissertacoes-de-mestrado-2016\/\">2016<\/a>\u00a0&#8211;\u00a0<a href=\"https:\/\/uenf.br\/posgraduacao\/engenharia-civil\/dissertacoes-de-mestrado\/dissertacoes-de-metrado-2015\/\">2015 <\/a>&#8211; <a href=\"https:\/\/uenf.br\/posgraduacao\/engenharia-civil\/dissertacoes-de-mestrado\/dissertacoes-de-mestrado-2014\/\">2014 <\/a>&#8211; <a href=\"https:\/\/uenf.br\/posgraduacao\/engenharia-civil\/dissertacoes-de-mestrado\/dissertacoes-de-mestrado-2013\/\">2013 <\/a>&#8211; <a href=\"https:\/\/uenf.br\/posgraduacao\/engenharia-civil\/dissertacoes-de-mestrado\/dissertacoes-de-mestrado-2012\/\">2012 <\/a>&#8211; <a href=\"https:\/\/uenf.br\/posgraduacao\/engenharia-civil\/dissertacoes-de-mestrado\/dissertacoes-de-mestrado-2011\/\">2011<\/a> &#8211; <a href=\"https:\/\/uenf.br\/posgraduacao\/engenharia-civil\/dissertacoes-de-mestrado\/dissertacoes-de-mestrado-2010\/\">2010 <\/a>&#8211; <a href=\"https:\/\/uenf.br\/posgraduacao\/engenharia-civil\/dissertacoes-de-mestrado\/dissertacoes-de-mestrado-2009\/\">2009 <\/a>&#8211; <a href=\"https:\/\/uenf.br\/posgraduacao\/engenharia-civil\/dissertacoes-de-mestrado\/dissertacoes-de-mestrado-2008\/\">2008 <\/a>&#8211; <a href=\"https:\/\/uenf.br\/posgraduacao\/engenharia-civil\/dissertacoes-de-mestrado\/dissertacoes-de-mestrado-2007\/\">2007 <\/a>&#8211; <a href=\"https:\/\/uenf.br\/posgraduacao\/engenharia-civil\/dissertacoes-de-mestrado\/dissertacoes-de-mestrado-2006\/\" target=\"_blank\" rel=\"noopener noreferrer\">2006 <\/a>&#8211; <a href=\"https:\/\/uenf.br\/posgraduacao\/engenharia-civil\/dissertacoes-de-mestrado\/dissertacoes-de-mestrado-2005\/\">2005<\/a> &#8211; <a href=\"https:\/\/uenf.br\/posgraduacao\/engenharia-civil\/dissertacoes-de-mestrado\/dissertacoes-de-mestrado-2004\/\">2004\u00a0<\/a>&#8211; <a href=\"https:\/\/uenf.br\/posgraduacao\/engenharia-civil\/dissertacoes-de-mestrado\/dissertacoes-de-mestrado-2003\/\">2003<\/a><\/p>","protected":false},"excerpt":{"rendered":"<p>&nbsp; METODOLOGIA COMPUTACIONAL PARA PROJETO \u00d3TIMO DE COBERTURAS DE GALP\u00d5ES EM A\u00c7O Autor: Rodrigo das Chagas Gaspar Orientador: Prof. Gines&#8230;<\/p>\n","protected":false},"author":7,"featured_media":0,"parent":0,"menu_order":0,"comment_status":"closed","ping_status":"closed","template":"","meta":{"footnotes":""},"class_list":["post-2493","page","type-page","status-publish","hentry"],"_links":{"self":[{"href":"https:\/\/uenf.br\/posgraduacao\/engenharia-civil\/wp-json\/wp\/v2\/pages\/2493","targetHints":{"allow":["GET"]}}],"collection":[{"href":"https:\/\/uenf.br\/posgraduacao\/engenharia-civil\/wp-json\/wp\/v2\/pages"}],"about":[{"href":"https:\/\/uenf.br\/posgraduacao\/engenharia-civil\/wp-json\/wp\/v2\/types\/page"}],"author":[{"embeddable":true,"href":"https:\/\/uenf.br\/posgraduacao\/engenharia-civil\/wp-json\/wp\/v2\/users\/7"}],"replies":[{"embeddable":true,"href":"https:\/\/uenf.br\/posgraduacao\/engenharia-civil\/wp-json\/wp\/v2\/comments?post=2493"}],"version-history":[{"count":0,"href":"https:\/\/uenf.br\/posgraduacao\/engenharia-civil\/wp-json\/wp\/v2\/pages\/2493\/revisions"}],"wp:attachment":[{"href":"https:\/\/uenf.br\/posgraduacao\/engenharia-civil\/wp-json\/wp\/v2\/media?parent=2493"}],"curies":[{"name":"wp","href":"https:\/\/api.w.org\/{rel}","templated":true}]}}