{"id":2498,"date":"2019-04-25T11:51:21","date_gmt":"2019-04-25T11:51:21","guid":{"rendered":"http:\/\/uenf.br\/posgraduacao\/engenharia-civil\/?page_id=2498"},"modified":"2019-04-25T11:57:06","modified_gmt":"2019-04-25T11:57:06","slug":"dissertacoes-de-mestrado-2019-luis-sergio-peixoto-pessanha","status":"publish","type":"page","link":"https:\/\/uenf.br\/posgraduacao\/engenharia-civil\/dissertacoes-de-mestrado-2019-luis-sergio-peixoto-pessanha\/","title":{"rendered":"Disserta\u00e7\u00f5es de Mestrado 2019 &#8211; LU\u00cdS S\u00c9RGIO PEIXOTO PESSANHA"},"content":{"rendered":"<p><\/p>\n<p style=\"text-align: justify\">Resumo<\/p>\n<p style=\"text-align: justify\">Esta pesquisa tem como objetivo avaliar os efeitos da mistura de um res\u00edduo gerado durante a produ\u00e7\u00e3o de papel em cer\u00e2mica vermelha, para confec\u00e7\u00e3o de blocos cer\u00e2micos para alvenaria de veda\u00e7\u00e3o. O res\u00edduo denominado lodo prim\u00e1rio foi utilizado in natura, misturado com uma adi\u00e7\u00e3o apropriada de \u00e1gua, em duas argilas distintas, denominadas argila amarela e cinza. As argilas e o res\u00edduo s\u00e3o respectivamente dos munic\u00edpios de Campos dos Goytacazes e Santo Ant\u00f4nio de P\u00e1dua, norte do Estado do Rio de Janeiro, e foram submetidos \u00e0 caracteriza\u00e7\u00e3o qu\u00edmica, f\u00edsica, mineral\u00f3gica, t\u00e9rmica e morfol\u00f3gica. O preparo das formula\u00e7\u00f5es foi feito com 0% (como padr\u00e3o de compara\u00e7\u00e3o), 5%, 10% e 15% em peso do res\u00edduo. Os corpos de prova (CP) foram conformados por extrus\u00e3o, queimados \u00e0 700 \u00baC e 850 \u00baC e posteriormente foram submetidos aos ensaios f\u00edsicos e mec\u00e2nicos como porosidade aparente, absor\u00e7\u00e3o de \u00e1gua, massa espec\u00edfica aparente, retra\u00e7\u00e3o linear de queima e tens\u00e3o de ruptura \u00e0 flex\u00e3o. Os resultados indicam que a incorpora\u00e7\u00e3o do lodo prim\u00e1rio in natura na cer\u00e2mica vermelha \u00e9 vi\u00e1vel, j\u00e1 que a resist\u00eancia mec\u00e2nica dos blocos cer\u00e2micos aumentou com a adi\u00e7\u00e3o do res\u00edduo nas duas temperaturas em rela\u00e7\u00e3o ao material de refer\u00eancia. Entretanto, recomenda-se utilizar 5% em peso de res\u00edduo para as pe\u00e7as queimadas a 700 \u00baC ou at\u00e9 10% para as pe\u00e7as queimadas a 850 \u00baC. Caso os percentuais de res\u00edduo sejam maiores do que o sugerido para as duas temperaturas, a absor\u00e7\u00e3o de \u00e1gua das pe\u00e7as cer\u00e2micas supera o percentual recomendado, inviabilizando a sua utiliza\u00e7\u00e3o.<\/p>\n<p style=\"text-align: right\"><a href=\"http:\/\/uenf.br\/posgraduacao\/engenharia-civil\/wp-content\/uploads\/sites\/3\/2019\/04\/12-Lu\u00eds-S\u00e9rgio-pen-10-Vers\u00e3o-final.pdf\">Download aqui<\/a><\/p>\n<p><\/p>","protected":false},"excerpt":{"rendered":"<p>Resumo Esta pesquisa tem como objetivo avaliar os efeitos da mistura de um res\u00edduo gerado durante a produ\u00e7\u00e3o de papel&#8230;<\/p>\n","protected":false},"author":7,"featured_media":0,"parent":0,"menu_order":0,"comment_status":"closed","ping_status":"closed","template":"","meta":{"footnotes":""},"class_list":["post-2498","page","type-page","status-publish","hentry"],"_links":{"self":[{"href":"https:\/\/uenf.br\/posgraduacao\/engenharia-civil\/wp-json\/wp\/v2\/pages\/2498","targetHints":{"allow":["GET"]}}],"collection":[{"href":"https:\/\/uenf.br\/posgraduacao\/engenharia-civil\/wp-json\/wp\/v2\/pages"}],"about":[{"href":"https:\/\/uenf.br\/posgraduacao\/engenharia-civil\/wp-json\/wp\/v2\/types\/page"}],"author":[{"embeddable":true,"href":"https:\/\/uenf.br\/posgraduacao\/engenharia-civil\/wp-json\/wp\/v2\/users\/7"}],"replies":[{"embeddable":true,"href":"https:\/\/uenf.br\/posgraduacao\/engenharia-civil\/wp-json\/wp\/v2\/comments?post=2498"}],"version-history":[{"count":0,"href":"https:\/\/uenf.br\/posgraduacao\/engenharia-civil\/wp-json\/wp\/v2\/pages\/2498\/revisions"}],"wp:attachment":[{"href":"https:\/\/uenf.br\/posgraduacao\/engenharia-civil\/wp-json\/wp\/v2\/media?parent=2498"}],"curies":[{"name":"wp","href":"https:\/\/api.w.org\/{rel}","templated":true}]}}