{"id":2508,"date":"2019-05-02T12:22:16","date_gmt":"2019-05-02T12:22:16","guid":{"rendered":"http:\/\/uenf.br\/posgraduacao\/engenharia-civil\/?page_id=2508"},"modified":"2019-05-02T12:27:46","modified_gmt":"2019-05-02T12:27:46","slug":"dissertacoes-de-mestrado-2019-humberto-rodrigues-torres","status":"publish","type":"page","link":"https:\/\/uenf.br\/posgraduacao\/engenharia-civil\/dissertacoes-de-mestrado-2019-humberto-rodrigues-torres\/","title":{"rendered":"Disserta\u00e7\u00f5es de Mestrado 2019 &#8211; HUMBERTO RODRIGUES TORRES"},"content":{"rendered":"<p><\/p>\n<p style=\"text-align: justify\">Resumo<\/p>\n<p style=\"text-align: justify\">A sustentabilidade est\u00e1 presente em v\u00e1rios campos da constru\u00e7\u00e3o civil, principalmente na utiliza\u00e7\u00e3o de materiais reciclados na produ\u00e7\u00e3o de concretos estruturais como forma de minimizar os efeitos nocivos referentes \u00e0 gera\u00e7\u00e3o de res\u00edduos s\u00f3lidos na Ind\u00fastria da Constru\u00e7\u00e3o Civil. Nesse contexto, o estudo do comportamento mec\u00e2nico de concretos produzidos com agregados reciclados tem sido tema de diversas pesquisas, com \u00eanfase ao comportamento da transfer\u00eancia de tens\u00f5es cisalhantes. Pesquisas anteriores demonstraram que a presen\u00e7a de agregados reciclados influencia na redu\u00e7\u00e3o da resist\u00eancia ao cisalhamento pela presen\u00e7a de argamassa antiga aderida \u00e0 superf\u00edcie desses agregados. Sendo assim, como meio de estudar o ciclo de aproveitamento desses materiais, o presente estudo teve como objetivo o estudo da adi\u00e7\u00e3o de fibras de a\u00e7o em concretos com agregados reciclados a fim de suprir a perda de resist\u00eancia ao cisalhamento. Dessa forma, 30 corpos de prova do tipo push-off foram produzidos com teores de substitui\u00e7\u00e3o de agregados reciclados de 50%. Al\u00e9m disso, variou-se as fra\u00e7\u00f5es volum\u00e9tricas de fibras de a\u00e7o em 0,5 e 1,5% em rela\u00e7\u00e3o ao volume de concreto. Foram estudadas duas classes de concretos que originaram os agregados reciclados, sendo elas 15 a 20 MPa e 35 a 40 MPa, assim como a taxa de armadura transversal com 0 e 2 estribos. Ap\u00f3s a realiza\u00e7\u00e3o dos ensaios e an\u00e1lise dos resultados, conclui-se que as fibras de a\u00e7o n\u00e3o aumentaram estatisticamente a resist\u00eancia \u00e0 compress\u00e3o do concreto, por\u00e9m, em rela\u00e7\u00e3o \u00e0 resist\u00eancia \u00e0 tra\u00e7\u00e3o indireta, houve aumento de 106,5%. Os concretos com fibras de a\u00e7o al\u00e9m de apresentarem comportamento menos fr\u00e1gil, apresentaram aumento da resist\u00eancia ao cisalhamento dos concretos com agregados reciclados, superando os valores de refer\u00eancia para o Grupo II (35 a 40 MPa).<\/p>\n<p style=\"text-align: right\"><a href=\"https:\/\/uenf.br\/posgraduacao\/engenharia-civil\/wp-content\/uploads\/sites\/3\/2019\/05\/Disserta\u00e7\u00e3o-Final-Humberto-Mestrado.pdf\">Download aqui<\/a><\/p>\n<p><\/p>","protected":false},"excerpt":{"rendered":"<p>Resumo A sustentabilidade est\u00e1 presente em v\u00e1rios campos da constru\u00e7\u00e3o civil, principalmente na utiliza\u00e7\u00e3o de materiais reciclados na produ\u00e7\u00e3o de&#8230;<\/p>\n","protected":false},"author":7,"featured_media":0,"parent":0,"menu_order":0,"comment_status":"closed","ping_status":"closed","template":"","meta":{"footnotes":""},"class_list":["post-2508","page","type-page","status-publish","hentry"],"_links":{"self":[{"href":"https:\/\/uenf.br\/posgraduacao\/engenharia-civil\/wp-json\/wp\/v2\/pages\/2508","targetHints":{"allow":["GET"]}}],"collection":[{"href":"https:\/\/uenf.br\/posgraduacao\/engenharia-civil\/wp-json\/wp\/v2\/pages"}],"about":[{"href":"https:\/\/uenf.br\/posgraduacao\/engenharia-civil\/wp-json\/wp\/v2\/types\/page"}],"author":[{"embeddable":true,"href":"https:\/\/uenf.br\/posgraduacao\/engenharia-civil\/wp-json\/wp\/v2\/users\/7"}],"replies":[{"embeddable":true,"href":"https:\/\/uenf.br\/posgraduacao\/engenharia-civil\/wp-json\/wp\/v2\/comments?post=2508"}],"version-history":[{"count":0,"href":"https:\/\/uenf.br\/posgraduacao\/engenharia-civil\/wp-json\/wp\/v2\/pages\/2508\/revisions"}],"wp:attachment":[{"href":"https:\/\/uenf.br\/posgraduacao\/engenharia-civil\/wp-json\/wp\/v2\/media?parent=2508"}],"curies":[{"name":"wp","href":"https:\/\/api.w.org\/{rel}","templated":true}]}}