{"id":2594,"date":"2019-06-10T14:17:21","date_gmt":"2019-06-10T14:17:21","guid":{"rendered":"http:\/\/uenf.br\/posgraduacao\/engenharia-civil\/?page_id=2594"},"modified":"2019-06-10T14:25:06","modified_gmt":"2019-06-10T14:25:06","slug":"dissertacoes-de-mestrado-2019-thuany-espirito-santo-de-lima-2","status":"publish","type":"page","link":"https:\/\/uenf.br\/posgraduacao\/engenharia-civil\/dissertacoes-de-mestrado-2019-thuany-espirito-santo-de-lima-2\/","title":{"rendered":"Disserta\u00e7\u00f5es de Mestrado 2019 &#8211; NATHALIA TOFFOLI PANDINI"},"content":{"rendered":"<p><\/p>\n<p style=\"text-align: justify\">Resumo<\/p>\n<p style=\"text-align: justify\">A elevada emiss\u00e3o de CO2 causada pela produ\u00e7\u00e3o do cimento Portland tem motivado in\u00fameras pesquisas em materiais alternativos. Um desses materiais \u00e9 o cimento geopolim\u00e9rico. Esse material \u00e9 composto por um precursor silicoaluminoso e um ativador alcalino. Essa mistura tem como produto final um material aglomerante.<br \/>\nAssim, o presente trabalho teve por objetivo a investiga\u00e7\u00e3o da influ\u00eancia da rela\u00e7\u00e3o m\u00e1ssica CaO\/SiO2 nas propriedades f\u00edsicas, qu\u00edmicas e mec\u00e2nicas de argamassas \u00e0 base de cinza volante \u00e1lcali-ativada com cal virgem, bem como a verifica\u00e7\u00e3o da viabilidade tecnol\u00f3gica da argamassa de maior resist\u00eancia \u00e0 compress\u00e3o. A dosagem das argamassas levou em considera\u00e7\u00e3o a quantidade de CaO da cal virgem e de SiO2 da cinza volante. Foram confeccionadas oito argamassas, variando-se a propor\u00e7\u00e3o CaO\/SiO2 de 0,25 a 2,00 a cada 0,25. Fixou-se a propor\u00e7\u00e3o de areia em rela\u00e7\u00e3o ao somat\u00f3rio ativador e precursor em 3:1. A quantidade de \u00e1gua de cada dosagem foi determinada fixando-se a consist\u00eancia padr\u00e3o por meio do ensaio flow table. Os resultados obtidos mostraram que o aumento da rela\u00e7\u00e3o CaO\/SiO2 foi acompanhado por um aumento significativo da quantidade de \u00e1gua, devido ao processo de hidrata\u00e7\u00e3o da cal virgem, que provoca grande libera\u00e7\u00e3o de calor e, consequentemente, elevada evapora\u00e7\u00e3o. Verificou-se tamb\u00e9m que a cinza volante agiu como plastificante da mistura. As dosagens que resultaram nas argamassas de maior e menor resist\u00eancia \u00e0 compress\u00e3o foram, respectivamente, as de CaO\/SiO2 = 0,75 e 2,00, que atingiram 17,9 e 3,8 MPa aos 28 dias. Os resultados da avalia\u00e7\u00e3o tecnol\u00f3gica foram satisfat\u00f3rios, evidenciando que os valores obtidos podem ser comparados aos de argamassas comerciais. Por fim, utilizou-se as t\u00e9cnicas anal\u00edticas MEV, DRX, TG\/DTG e porosimetria por intrus\u00e3o de merc\u00fario nas oito argamassas, a fim de encontrar diferen\u00e7as morfol\u00f3gicas, qu\u00edmicas e f\u00edsicas que justificassem as elevadas diferen\u00e7as no comportamento mec\u00e2nico. As micrografias, juntamente com EDS, mostraram a forma\u00e7\u00e3o de C-S-H, C-A-S-H e CH, entre outros compostos, em todas as argamassas. Os resultados do DRX mostraram maior presen\u00e7a de CH nas argamassas de maior CaO\/SiO2, justificando as menores resist\u00eancias mec\u00e2nicas atingidas por essas argamassas, al\u00e9m da presen\u00e7a de CaCO3 em todas as argamassas, indicando que todas sofreram carbonata\u00e7\u00e3o independentemente da rela\u00e7\u00e3o CaO\/SiO2. Os resultados de TG\/DTG indicaram a presen\u00e7a de \u00e1gua livre e confirmaram as fases C-S-H, CH e CaCO3 nas argamassas. A porosimetria por intrus\u00e3o de merc\u00fario mostrou significativa diferen\u00e7a de porosidade entre as argamassas de maior e menor resist\u00eancia, 4,6 e 15,4%, respectivamente, indicando que a diferen\u00e7a de resist\u00eancia mec\u00e2nica tamb\u00e9m \u00e9 justificada por esse par\u00e2metro.<\/p>\n<p style=\"text-align: right\"><a href=\"https:\/\/uenf.br\/posgraduacao\/engenharia-civil\/wp-content\/uploads\/sites\/3\/2019\/06\/Disserta\u00e7\u00e3o-Nathalia-final.pdf\">Download aqui<\/a><\/p>\n<p><\/p>","protected":false},"excerpt":{"rendered":"<p>Resumo A elevada emiss\u00e3o de CO2 causada pela produ\u00e7\u00e3o do cimento Portland tem motivado in\u00fameras pesquisas em materiais alternativos. Um&#8230;<\/p>\n","protected":false},"author":7,"featured_media":0,"parent":0,"menu_order":0,"comment_status":"closed","ping_status":"closed","template":"","meta":{"footnotes":""},"class_list":["post-2594","page","type-page","status-publish","hentry"],"_links":{"self":[{"href":"https:\/\/uenf.br\/posgraduacao\/engenharia-civil\/wp-json\/wp\/v2\/pages\/2594","targetHints":{"allow":["GET"]}}],"collection":[{"href":"https:\/\/uenf.br\/posgraduacao\/engenharia-civil\/wp-json\/wp\/v2\/pages"}],"about":[{"href":"https:\/\/uenf.br\/posgraduacao\/engenharia-civil\/wp-json\/wp\/v2\/types\/page"}],"author":[{"embeddable":true,"href":"https:\/\/uenf.br\/posgraduacao\/engenharia-civil\/wp-json\/wp\/v2\/users\/7"}],"replies":[{"embeddable":true,"href":"https:\/\/uenf.br\/posgraduacao\/engenharia-civil\/wp-json\/wp\/v2\/comments?post=2594"}],"version-history":[{"count":0,"href":"https:\/\/uenf.br\/posgraduacao\/engenharia-civil\/wp-json\/wp\/v2\/pages\/2594\/revisions"}],"wp:attachment":[{"href":"https:\/\/uenf.br\/posgraduacao\/engenharia-civil\/wp-json\/wp\/v2\/media?parent=2594"}],"curies":[{"name":"wp","href":"https:\/\/api.w.org\/{rel}","templated":true}]}}