{"id":2635,"date":"2019-08-09T17:51:18","date_gmt":"2019-08-09T17:51:18","guid":{"rendered":"http:\/\/uenf.br\/posgraduacao\/engenharia-civil\/?page_id=2635"},"modified":"2019-08-09T17:52:51","modified_gmt":"2019-08-09T17:52:51","slug":"dissertacao-2019-hebert-detogne-fernandes","status":"publish","type":"page","link":"https:\/\/uenf.br\/posgraduacao\/engenharia-civil\/dissertacao-2019-hebert-detogne-fernandes\/","title":{"rendered":"Disserta\u00e7\u00f5es de Mestrado 2019 &#8211; HEBERT DETOGNE FERNANDES"},"content":{"rendered":"<p><\/p>\n<p style=\"text-align: justify\">Resumo<\/p>\n<p style=\"text-align: justify\">Este trabalho visa analisar a intera\u00e7\u00e3o solo-geogrelha aplicada como refor\u00e7o de maci\u00e7os em funda\u00e7\u00e3o rasa. A utiliza\u00e7\u00e3o de geossint\u00e9ticos como refor\u00e7o em maci\u00e7os proporciona melhorias significativas na capacidade de carga e reduz os deslocamentos de funda\u00e7\u00f5es rasas.<br \/>\nDiversos autores realizaram pesquisas sobre funda\u00e7\u00f5es rasas em solo refor\u00e7ado, por\u00e9m existem muitos aspectos que devem ser avaliados para que se tenha uma melhor compreens\u00e3o da intera\u00e7\u00e3o solo-refor\u00e7o. O emprego de uma ferramenta num\u00e9rica surge como uma alternativa para avaliar o comportamento desta t\u00e9cnica de constru\u00e7\u00e3o.<br \/>\nForam elaborados modelos num\u00e9ricos que simulam ensaios experimentais conduzidos em modelos com escala reduzida. Estes ensaios experimentais e os par\u00e2metros dos materiais usados para alimentar os modelos num\u00e9ricos foram extra\u00eddos da tese de doutorado desenvolvida por Chen (2007).<br \/>\nInicialmente, foram realizadas retroan\u00e1lises dos ensaios experimentais de caracteriza\u00e7\u00e3o para calibra\u00e7\u00e3o dos par\u00e2metros que alimentaram os modelos num\u00e9ricos. Posteriormente, foram desenvolvidos modelos num\u00e9ricos que simulavam o carregamento de sapatas em maci\u00e7os refor\u00e7ados com geogrelha. Os resultados obtidos nos modelos num\u00e9ricos s\u00e3o comparados com os resultados experimentais apresentados por Chen (2007). Para as an\u00e1lises num\u00e9ricas, foi utilizado PLAXIS 3D, que \u00e9 um software que utiliza o m\u00e9todo de elementos finitos (MEF), voltado para an\u00e1lises geot\u00e9cnicas.<br \/>\nNesse \u00e2mbito, a presente disserta\u00e7\u00e3o de mestrado tem como objetivo avaliar a intera\u00e7\u00e3o solo-geossint\u00e9tico de maci\u00e7os refor\u00e7ados com geogrelha. Especificamente, pretende-se avaliar as tens\u00f5es e os deslocamentos do conjunto solo-refor\u00e7o, atrav\u00e9s de representa\u00e7\u00e3o num\u00e9rica de ensaios experimentais, utilizando o software PLAXIS 3D.<\/p>\n<p style=\"text-align: right\"><a href=\"http:\/\/uenf.br\/posgraduacao\/engenharia-civil\/wp-content\/uploads\/sites\/3\/2019\/08\/disserta\u00e7\u00e3o-Hebert-Fernandes.pdf\">Download aqui<\/a><\/p>\n<p><\/p>","protected":false},"excerpt":{"rendered":"<p>Resumo Este trabalho visa analisar a intera\u00e7\u00e3o solo-geogrelha aplicada como refor\u00e7o de maci\u00e7os em funda\u00e7\u00e3o rasa. A utiliza\u00e7\u00e3o de geossint\u00e9ticos&#8230;<\/p>\n","protected":false},"author":7,"featured_media":0,"parent":0,"menu_order":0,"comment_status":"closed","ping_status":"closed","template":"","meta":{"footnotes":""},"class_list":["post-2635","page","type-page","status-publish","hentry"],"_links":{"self":[{"href":"https:\/\/uenf.br\/posgraduacao\/engenharia-civil\/wp-json\/wp\/v2\/pages\/2635","targetHints":{"allow":["GET"]}}],"collection":[{"href":"https:\/\/uenf.br\/posgraduacao\/engenharia-civil\/wp-json\/wp\/v2\/pages"}],"about":[{"href":"https:\/\/uenf.br\/posgraduacao\/engenharia-civil\/wp-json\/wp\/v2\/types\/page"}],"author":[{"embeddable":true,"href":"https:\/\/uenf.br\/posgraduacao\/engenharia-civil\/wp-json\/wp\/v2\/users\/7"}],"replies":[{"embeddable":true,"href":"https:\/\/uenf.br\/posgraduacao\/engenharia-civil\/wp-json\/wp\/v2\/comments?post=2635"}],"version-history":[{"count":0,"href":"https:\/\/uenf.br\/posgraduacao\/engenharia-civil\/wp-json\/wp\/v2\/pages\/2635\/revisions"}],"wp:attachment":[{"href":"https:\/\/uenf.br\/posgraduacao\/engenharia-civil\/wp-json\/wp\/v2\/media?parent=2635"}],"curies":[{"name":"wp","href":"https:\/\/api.w.org\/{rel}","templated":true}]}}