{"id":2640,"date":"2019-08-09T18:13:12","date_gmt":"2019-08-09T18:13:12","guid":{"rendered":"http:\/\/uenf.br\/posgraduacao\/engenharia-civil\/?page_id=2640"},"modified":"2019-10-04T18:27:11","modified_gmt":"2019-10-04T18:27:11","slug":"dissertacoes-de-mestrado-2019-raphaela-fernandes-gomes","status":"publish","type":"page","link":"https:\/\/uenf.br\/posgraduacao\/engenharia-civil\/dissertacoes-de-mestrado-2019-raphaela-fernandes-gomes\/","title":{"rendered":"Disserta\u00e7\u00f5es de Mestrado 2019 &#8211; Raphaela Fernandes Gomes"},"content":{"rendered":"<p><\/p>\n<p style=\"text-align: justify\">Resumo<\/p>\n<p style=\"text-align: justify\">Este estudo teve como objetivo analisar os par\u00e2metros de fratura de concreto geopolim\u00e9rico \u00e0 base de metacaulim refor\u00e7ado com fibras de a\u00e7o com gancho nas extremidades. A solu\u00e7\u00e3o alcalinizadora era composta por silicato de s\u00f3dio alcalino e hidr\u00f3xido de s\u00f3dio. As resist\u00eancias \u00e0 compress\u00e3o, \u00e0 tra\u00e7\u00e3o por compress\u00e3o diametral e extra\u00e7\u00e3o de m\u00f3dulo de elasticidade foram obtidas pelos seus respectivos ensaios aos 21 dias de idade. Foi realizado o ensaio de resist\u00eancia \u00e0 flex\u00e3o em vigas entalhadas com fra\u00e7\u00f5es volum\u00e9tricas de fibras de 0, 0,25 e 0,50% de acordo com a norma EN 14651 (2005). Os par\u00e2metros de fratura obtidos foram: deslocamento de abertura da boca da trinca (CMOD), fator de intensidade de tens\u00e3o (KI), taxa de energia armazenada (GI), abertura da ponta da trinca (CTOD), Integral J e resist\u00eancia \u00e0 fratura R. Tamb\u00e9m foi avaliado o desempenho da fibra e a tenacidade a partir da resist\u00eancia \u00e0 tra\u00e7\u00e3o na flex\u00e3o residual (fr,j) e resist\u00eancia \u00e0 flex\u00e3o equivalente (feq,j). Os resultados comprovaram a efici\u00eancia das fibras de a\u00e7o em diminuir a propaga\u00e7\u00e3o das fissuras e na preven\u00e7\u00e3o da fratura dos comp\u00f3sitos. Todos os par\u00e2metros de fratura sofreram incrementos com a inser\u00e7\u00e3o de fibras, principalmente para a fra\u00e7\u00e3o volum\u00e9trica igual a 0,50%, e o par\u00e2metro mais influenciado pelas fibras de a\u00e7o foi a taxa de energia armazenada (GI), com aumento de 115% para Vf = 0,50% em rela\u00e7\u00e3o \u00e0 matriz sem refor\u00e7o fibroso.<\/p>\n<p style=\"text-align: right\"><a href=\"http:\/\/uenf.br\/posgraduacao\/engenharia-civil\/wp-content\/uploads\/sites\/3\/2019\/08\/Disserta\u00e7\u00e3o-Raphaela-Fernandes.pdf\">Download aqui<\/a><\/p>\n<p><\/p>","protected":false},"excerpt":{"rendered":"<p>Resumo Este estudo teve como objetivo analisar os par\u00e2metros de fratura de concreto geopolim\u00e9rico \u00e0 base de metacaulim refor\u00e7ado com&#8230;<\/p>\n","protected":false},"author":7,"featured_media":0,"parent":0,"menu_order":0,"comment_status":"closed","ping_status":"closed","template":"","meta":{"footnotes":""},"class_list":["post-2640","page","type-page","status-publish","hentry"],"_links":{"self":[{"href":"https:\/\/uenf.br\/posgraduacao\/engenharia-civil\/wp-json\/wp\/v2\/pages\/2640","targetHints":{"allow":["GET"]}}],"collection":[{"href":"https:\/\/uenf.br\/posgraduacao\/engenharia-civil\/wp-json\/wp\/v2\/pages"}],"about":[{"href":"https:\/\/uenf.br\/posgraduacao\/engenharia-civil\/wp-json\/wp\/v2\/types\/page"}],"author":[{"embeddable":true,"href":"https:\/\/uenf.br\/posgraduacao\/engenharia-civil\/wp-json\/wp\/v2\/users\/7"}],"replies":[{"embeddable":true,"href":"https:\/\/uenf.br\/posgraduacao\/engenharia-civil\/wp-json\/wp\/v2\/comments?post=2640"}],"version-history":[{"count":0,"href":"https:\/\/uenf.br\/posgraduacao\/engenharia-civil\/wp-json\/wp\/v2\/pages\/2640\/revisions"}],"wp:attachment":[{"href":"https:\/\/uenf.br\/posgraduacao\/engenharia-civil\/wp-json\/wp\/v2\/media?parent=2640"}],"curies":[{"name":"wp","href":"https:\/\/api.w.org\/{rel}","templated":true}]}}