{"id":2655,"date":"2019-08-30T13:42:20","date_gmt":"2019-08-30T13:42:20","guid":{"rendered":"http:\/\/uenf.br\/posgraduacao\/engenharia-civil\/?page_id=2655"},"modified":"2019-08-30T13:46:24","modified_gmt":"2019-08-30T13:46:24","slug":"dissertacoes-de-mestrado-2019-ana-carolina-das-chagas-lopes","status":"publish","type":"page","link":"https:\/\/uenf.br\/posgraduacao\/engenharia-civil\/dissertacoes-de-mestrado-2019-ana-carolina-das-chagas-lopes\/","title":{"rendered":"Disserta\u00e7\u00f5es de Mestrado 2019 &#8211; ANA CAROLINA DAS CHAGAS LOPES"},"content":{"rendered":"<p><\/p>\n<p style=\"text-align: justify\">Resumo<\/p>\n<p style=\"text-align: justify\">Esta disserta\u00e7\u00e3o visa avaliar os mecanismos de intera\u00e7\u00e3o existentes entre solo, geogrelha e funda\u00e7\u00e3o rasa. Particularmente, prop\u00f5e-se analisar os campos de deslocamentos horizontais e verticais de modelos reduzidos a 1g com solo arenoso, refor\u00e7ados e n\u00e3o refor\u00e7ados e com densidades relativas, Dr, de 30% e 50%. Foram realizados ensaios de carga do tipo tens\u00e3o controlada, onde incrementos de carga constante foram aplicados na funda\u00e7\u00e3o. Nos modelos refor\u00e7ados, uma \u00fanica camada de refor\u00e7o com geogrelha foi introduzida no maci\u00e7o de solo com U igual a 0,4B e L igual a 5B, para uma funda\u00e7\u00e3o rasa do tipo sapata corrida com B igual a 20 mm. Os modelos foram confeccionados utilizando a t\u00e9cnica de solos transparentes, o que permitiu que as an\u00e1lises dos campos de deslocamentos fossem feitas de forma n\u00e3o intrusiva com o aux\u00edlio da t\u00e9cnica de correla\u00e7\u00e3o de imagens digitais (DIC). Foi realizada, tamb\u00e9m, a caracteriza\u00e7\u00e3o geot\u00e9cnica dos materiais utilizados para fabrica\u00e7\u00e3o do solo transparente. Visando se assemelhar ao m\u00e1ximo ao que, de fato, acontece no campo, nessa pesquisa, procurou-se encontrar um material equivalente, que se comportasse como um maci\u00e7o de solo fofo e n\u00e3o fosse afetado pelo processo construtivo, ou seja, que permanecesse fofo ap\u00f3s o processo de compacta\u00e7\u00e3o da camada de refor\u00e7o e, que fosse aplic\u00e1vel ao modelo. Os mecanismos de intera\u00e7\u00e3o foram avaliados de forma qualitativa onde, os campos de deslocamentos e gr\u00e1ficos de carga-recalques, que foram tra\u00e7ados com as informa\u00e7\u00f5es retiradas do sistema de aquisi\u00e7\u00e3o de dados que registrou a carga aplicada e os recalques associados da funda\u00e7\u00e3o, foram comparados entre si. Os resultados destacam a adequa\u00e7\u00e3o do uso da t\u00e9cnica de solos transparentes associada \u00e0 DIC para visualiza\u00e7\u00e3o dos campos de deslocamentos onde se pode avaliar a influ\u00eancia da mudan\u00e7a de densidade relativa, da inclus\u00e3o da camada de refor\u00e7o no maci\u00e7o e a influ\u00eancia da substitui\u00e7\u00e3o do solo transparente por material equivalente. Quando comparados os modelos refor\u00e7ados e n\u00e3o refor\u00e7ados, notou-se que a inclus\u00e3o da camada de refor\u00e7o no maci\u00e7o de solo gerou aumento na capacidade de suporte (BCR) e atenua\u00e7\u00e3o das deforma\u00e7\u00f5es associadas. Por fim, pode-se concluir que esse trabalho contribui para a melhor compress\u00e3o dos fatores envolvidos na intera\u00e7\u00e3o entre solo, geogrelha e funda\u00e7\u00f5es rasas que s\u00e3o apoiadas sobre solos refor\u00e7ados com geossint\u00e9ticos. Entretanto, destaca-se que a engenharia de funda\u00e7\u00f5es que ainda precisa de pesquisa, novas abordagens e contribui\u00e7\u00f5es sobre esse tema.<\/p>\n<p style=\"text-align: right\"><a href=\"https:\/\/uenf.br\/posgraduacao\/engenharia-civil\/wp-content\/uploads\/sites\/3\/2019\/08\/DISSERTA\u00c7\u00c3O_ANA_CAROLINA_DAS_CHAGAS_LOPES.pdf\">Download aqui<\/a><\/p>\n<p><\/p>","protected":false},"excerpt":{"rendered":"<p>Resumo Esta disserta\u00e7\u00e3o visa avaliar os mecanismos de intera\u00e7\u00e3o existentes entre solo, geogrelha e funda\u00e7\u00e3o rasa. Particularmente, prop\u00f5e-se analisar os&#8230;<\/p>\n","protected":false},"author":7,"featured_media":0,"parent":0,"menu_order":0,"comment_status":"closed","ping_status":"closed","template":"","meta":{"footnotes":""},"class_list":["post-2655","page","type-page","status-publish","hentry"],"_links":{"self":[{"href":"https:\/\/uenf.br\/posgraduacao\/engenharia-civil\/wp-json\/wp\/v2\/pages\/2655","targetHints":{"allow":["GET"]}}],"collection":[{"href":"https:\/\/uenf.br\/posgraduacao\/engenharia-civil\/wp-json\/wp\/v2\/pages"}],"about":[{"href":"https:\/\/uenf.br\/posgraduacao\/engenharia-civil\/wp-json\/wp\/v2\/types\/page"}],"author":[{"embeddable":true,"href":"https:\/\/uenf.br\/posgraduacao\/engenharia-civil\/wp-json\/wp\/v2\/users\/7"}],"replies":[{"embeddable":true,"href":"https:\/\/uenf.br\/posgraduacao\/engenharia-civil\/wp-json\/wp\/v2\/comments?post=2655"}],"version-history":[{"count":0,"href":"https:\/\/uenf.br\/posgraduacao\/engenharia-civil\/wp-json\/wp\/v2\/pages\/2655\/revisions"}],"wp:attachment":[{"href":"https:\/\/uenf.br\/posgraduacao\/engenharia-civil\/wp-json\/wp\/v2\/media?parent=2655"}],"curies":[{"name":"wp","href":"https:\/\/api.w.org\/{rel}","templated":true}]}}