{"id":2665,"date":"2019-08-30T13:58:38","date_gmt":"2019-08-30T13:58:38","guid":{"rendered":"http:\/\/uenf.br\/posgraduacao\/engenharia-civil\/?page_id=2665"},"modified":"2019-08-30T14:01:36","modified_gmt":"2019-08-30T14:01:36","slug":"dissertacoes-de-mestrado-2019-allonso-curty-da-silva-pereira","status":"publish","type":"page","link":"https:\/\/uenf.br\/posgraduacao\/engenharia-civil\/dissertacoes-de-mestrado-2019-allonso-curty-da-silva-pereira\/","title":{"rendered":"Disserta\u00e7\u00f5es de Mestrado 2019 &#8211; ALLONSO CURTY DA SILVA PEREIRA"},"content":{"rendered":"<p><\/p>\n<p style=\"text-align: justify\">Resumo<\/p>\n<p style=\"text-align: justify\">Muitas s\u00e3o as vantagens da utiliza\u00e7\u00e3o de concreto leve estrutural, tais como: diminuir a se\u00e7\u00e3o transversal dos elementos, inclusive das funda\u00e7\u00f5es, favorecer a constru\u00e7\u00e3o em solos com baixa capacidade de suporte, produzir menos press\u00f5es sob as formas nas quais o concreto ser\u00e1 moldado, aumentar a produtividade da m\u00e3o de obra devido \u00e0 redu\u00e7\u00e3o no peso do material. Por\u00e9m, o concreto leve estrutural apresenta ruptura mais fr\u00e1gil ao cisalhamento do que o concreto convencional. Uma das formas de corrigir esse problema \u00e9 inserindo fibras na matriz ciment\u00edcia. Sendo assim, esse trabalho teve como objetivo avaliar a influ\u00eancia da inser\u00e7\u00e3o de 1% de fibras de a\u00e7o na resist\u00eancia ao cisalhamento de vigas-parede sem armadura na alma. Para tanto, foram fabricadas 12 vigas-parede biapoiadas, 6 de concreto estrutural leve e 6 de concreto estrutural leve com fibras, ensaiadas sob carregamento constante sim\u00e9trico em dois pontos. As principais vari\u00e1veis analisadas foram: o tipo de concreto (concreto leve estrutural e concreto leve estrutural com de fibras de a\u00e7o), a altura das vigas de 400, 600 e 700 mm e a rela\u00e7\u00e3o entre o v\u00e3o de cisalhamento e a altura (a\/h) com valores de 0,5, 0,8 e 1,0. Ap\u00f3s a execu\u00e7\u00e3o dos ensaios, concluiu-se que as vari\u00e1veis associadas aos mecanismos resistentes ao cisalhamento apresentaram menores valores em vigas-paredes de maiores v\u00e3os. A incorpora\u00e7\u00e3o das fibras de a\u00e7o n\u00e3o influenciou somente no aumento da resist\u00eancia m\u00e1xima, mas tamb\u00e9m favoreceu significativamente na resist\u00eancia \u00e0 fissura\u00e7\u00e3o diagonal das vigas-parede. O acr\u00e9scimo de carga m\u00e1xima de cisalhamento nas vigas-parede com fibras de a\u00e7o foi da ordem de 20%. O efeito de tamanho se mostrou mais significativo nas vigas-parede sem adi\u00e7\u00e3o de fibras.<\/p>\n<p>&nbsp;<\/p>\n<p style=\"text-align: right\"><a href=\"http:\/\/uenf.br\/posgraduacao\/engenharia-civil\/wp-content\/uploads\/sites\/3\/2019\/08\/Disserta\u00e7\u00e3o.pdf\">Download aqui<\/a><\/p>\n<p><\/p>","protected":false},"excerpt":{"rendered":"<p>Resumo Muitas s\u00e3o as vantagens da utiliza\u00e7\u00e3o de concreto leve estrutural, tais como: diminuir a se\u00e7\u00e3o transversal dos elementos, inclusive&#8230;<\/p>\n","protected":false},"author":7,"featured_media":0,"parent":0,"menu_order":0,"comment_status":"closed","ping_status":"closed","template":"","meta":{"footnotes":""},"class_list":["post-2665","page","type-page","status-publish","hentry"],"_links":{"self":[{"href":"https:\/\/uenf.br\/posgraduacao\/engenharia-civil\/wp-json\/wp\/v2\/pages\/2665","targetHints":{"allow":["GET"]}}],"collection":[{"href":"https:\/\/uenf.br\/posgraduacao\/engenharia-civil\/wp-json\/wp\/v2\/pages"}],"about":[{"href":"https:\/\/uenf.br\/posgraduacao\/engenharia-civil\/wp-json\/wp\/v2\/types\/page"}],"author":[{"embeddable":true,"href":"https:\/\/uenf.br\/posgraduacao\/engenharia-civil\/wp-json\/wp\/v2\/users\/7"}],"replies":[{"embeddable":true,"href":"https:\/\/uenf.br\/posgraduacao\/engenharia-civil\/wp-json\/wp\/v2\/comments?post=2665"}],"version-history":[{"count":0,"href":"https:\/\/uenf.br\/posgraduacao\/engenharia-civil\/wp-json\/wp\/v2\/pages\/2665\/revisions"}],"wp:attachment":[{"href":"https:\/\/uenf.br\/posgraduacao\/engenharia-civil\/wp-json\/wp\/v2\/media?parent=2665"}],"curies":[{"name":"wp","href":"https:\/\/api.w.org\/{rel}","templated":true}]}}