{"id":2701,"date":"2019-10-25T12:47:24","date_gmt":"2019-10-25T12:47:24","guid":{"rendered":"http:\/\/uenf.br\/posgraduacao\/engenharia-civil\/?page_id=2701"},"modified":"2019-10-25T12:50:55","modified_gmt":"2019-10-25T12:50:55","slug":"dissertacoes-de-mestrado-2019-charles-prado-ferreira-de-lima","status":"publish","type":"page","link":"https:\/\/uenf.br\/posgraduacao\/engenharia-civil\/dissertacoes-de-mestrado-2019-charles-prado-ferreira-de-lima\/","title":{"rendered":"Disserta\u00e7\u00f5es de Mestrado 2019 &#8211; CHARLES PRADO FERREIRA DE LIMA"},"content":{"rendered":"<p><\/p>\n<p style=\"text-align: justify\">Resumo<\/p>\n<p style=\"text-align: justify\">O estudo de viabilidade de produ\u00e7\u00e3o de cinzas pozol\u00e2nicas da folha de milho (CFM) obtidas a partir de distintos m\u00e9todos de beneficiamento norteou o desenvolvimento deste trabalho. Foram estudadas duas cinzas de milho de mesma origem, sendo que uma delas foi obtida a partir de uma amostra de folha de milho tratada quimicamente por meio de lixivia\u00e7\u00e3o com \u00e1cido c\u00edtrico. Esse procedimento teve por finalidade a elimina\u00e7\u00e3o de \u00f3xidos met\u00e1licos contaminantes. Uma cinza da casca de arroz foi utilizada como material pozol\u00e2nico de controle. Todas as cinzas foram caracterizadas em ensaios de composi\u00e7\u00e3o de \u00f3xidos, perda ao fogo, granulometria a laser, massa espec\u00edfica, superf\u00edcie espec\u00edfica BET, difratrometria de raios X, fra\u00e7\u00e3o sol\u00favel e atividade pozol\u00e2nica por condutividade el\u00e9trica. Os resultados indicaram que todas as cinzas apresentaram caracter\u00edsticas pozol\u00e2nicas e que a lixivia\u00e7\u00e3o proporcionou consider\u00e1vel benef\u00edcio \u00e0s propriedades f\u00edsicas e qu\u00edmicas da CFM. A hidrata\u00e7\u00e3o de pastas ciment\u00edcias com as diferentes cinzas foi avaliada por meio de calorimetria isot\u00e9rmica. Os resultados mostraram uma mudan\u00e7a clara na cin\u00e9tica de hidrata\u00e7\u00e3o \u00e0 medida que se aumentou a propor\u00e7\u00e3o de cinza nas misturas ciment\u00edcias. A influ\u00eancia dessas cinzas no desempenho mec\u00e2nico e na durabilidade de argamassas tamb\u00e9m foi avaliada por meio de ensaios de resist\u00eancia \u00e0 compress\u00e3o, absor\u00e7\u00e3o de \u00e1gua e ataque por \u00e1cido sulf\u00farico. Em geral, o uso da CFM resultou em redu\u00e7\u00e3o da durabilidade das argamassas frente ao ataque \u00e1cido. Por outro lado, os resultados tamb\u00e9m indicaram que o desempenho mec\u00e2nico das argamassas confeccionadas com a CFM lixiviada foi superior ao das demais argamassas, principalmente para elevados teores de substitui\u00e7\u00e3o de cimento (20 e\u00a0 30% em massa), indicando que a lixivia\u00e7\u00e3o da folha de milho foi eficiente na obten\u00e7\u00e3o de produtos ciment\u00edcios de alta resist\u00eancia.<\/p>\n<p style=\"text-align: right\"><a href=\"http:\/\/uenf.br\/posgraduacao\/engenharia-civil\/wp-content\/uploads\/sites\/3\/2019\/10\/Dissertac\u00e3o_Charles.pdf\">Download Aqui<\/a><\/p>\n<p><\/p>","protected":false},"excerpt":{"rendered":"<p>Resumo O estudo de viabilidade de produ\u00e7\u00e3o de cinzas pozol\u00e2nicas da folha de milho (CFM) obtidas a partir de distintos&#8230;<\/p>\n","protected":false},"author":7,"featured_media":0,"parent":0,"menu_order":0,"comment_status":"closed","ping_status":"closed","template":"","meta":{"footnotes":""},"class_list":["post-2701","page","type-page","status-publish","hentry"],"_links":{"self":[{"href":"https:\/\/uenf.br\/posgraduacao\/engenharia-civil\/wp-json\/wp\/v2\/pages\/2701","targetHints":{"allow":["GET"]}}],"collection":[{"href":"https:\/\/uenf.br\/posgraduacao\/engenharia-civil\/wp-json\/wp\/v2\/pages"}],"about":[{"href":"https:\/\/uenf.br\/posgraduacao\/engenharia-civil\/wp-json\/wp\/v2\/types\/page"}],"author":[{"embeddable":true,"href":"https:\/\/uenf.br\/posgraduacao\/engenharia-civil\/wp-json\/wp\/v2\/users\/7"}],"replies":[{"embeddable":true,"href":"https:\/\/uenf.br\/posgraduacao\/engenharia-civil\/wp-json\/wp\/v2\/comments?post=2701"}],"version-history":[{"count":0,"href":"https:\/\/uenf.br\/posgraduacao\/engenharia-civil\/wp-json\/wp\/v2\/pages\/2701\/revisions"}],"wp:attachment":[{"href":"https:\/\/uenf.br\/posgraduacao\/engenharia-civil\/wp-json\/wp\/v2\/media?parent=2701"}],"curies":[{"name":"wp","href":"https:\/\/api.w.org\/{rel}","templated":true}]}}