{"id":2712,"date":"2019-11-07T18:38:31","date_gmt":"2019-11-07T18:38:31","guid":{"rendered":"http:\/\/uenf.br\/posgraduacao\/engenharia-civil\/?page_id=2712"},"modified":"2019-11-07T18:43:35","modified_gmt":"2019-11-07T18:43:35","slug":"dissertacoes-de-mestrado-2019-paulo-cesar-goncalves-pandino-de-oliveira","status":"publish","type":"page","link":"https:\/\/uenf.br\/posgraduacao\/engenharia-civil\/dissertacoes-de-mestrado-2019-paulo-cesar-goncalves-pandino-de-oliveira\/","title":{"rendered":"Disserta\u00e7\u00f5es de Mestrado 2019 &#8211; PAULO C\u00c9SAR GON\u00c7ALVES PANDINO DE OLIVEIRA"},"content":{"rendered":"<p><\/p>\n<p style=\"text-align: justify\">Resumo<\/p>\n<p style=\"text-align: justify\">Devido \u00e0 grande utiliza\u00e7\u00e3o do a\u00e7o como solu\u00e7\u00e3o estrutural em edifica\u00e7\u00f5es residenciais e comerciais, torna-se necess\u00e1rio o desenvolvimento de metodologias computacionais para defini\u00e7\u00e3o de projeto mecanicamente mais eficientes e consequentemente de menor custo. Neste sentido, neste trabalho apresenta-se uma ferramenta computacional que utiliza a interface MATLAB-ANSYS para dimensionamento \u00f3timo de p\u00f3rticos planos de a\u00e7o com liga\u00e7\u00f5es viga-coluna semirr\u00edgidas e considerando o comportamento n\u00e3o linear geom\u00e9trico da estrutura. Foi desenvolvido um banco de dados com perfis estruturais comerciais dispon\u00edveis. O m\u00f3dulo computacional de an\u00e1lise estrutural foi implementado na linguagem computacional APDL, do ANSYS\u00ae, devidamente adaptado para o procedimento automatizado de an\u00e1lise estrutural para diferentes configura\u00e7\u00f5es. As restri\u00e7\u00f5es do projeto consideradas foram as limita\u00e7\u00f5es de resist\u00eancia e estabilidade bem como deslocamentos importantes da estrutura, de acordo com as prescri\u00e7\u00f5es da norma NBR 8800 (ABNT, 2008). O m\u00f3dulo computacional de otimiza\u00e7\u00e3o, foi desenvolvido baseado no Algoritmo Gen\u00e9tico (AG) dispon\u00edvel no toolbox \u201cGlobal Optimization\u201d do MATLAB\u00ae. Na busca de minimizar o custo de fabrica\u00e7\u00e3o da estrutura perfis estruturais comerciais foram considerados vari\u00e1veis de projeto e o fator de rigidez rotacional das liga\u00e7\u00f5es viga-coluna. Para valida\u00e7\u00e3o da metodologia proposta os resultados obtidos foram confrontados com resultados de pesquisas encontradas na literatura.<\/p>\n<p>&nbsp;<\/p>\n<p style=\"text-align: right\"><a href=\"https:\/\/uenf.br\/posgraduacao\/engenharia-civil\/wp-content\/uploads\/sites\/3\/2019\/11\/Paulo-Cesar-Pandino-dissertacao_-VERS\u00c3O-FINAL-IMPRESS\u00c3O.pdf\">Download Aqui<\/a><\/p>\n<p><\/p>","protected":false},"excerpt":{"rendered":"<p>Resumo Devido \u00e0 grande utiliza\u00e7\u00e3o do a\u00e7o como solu\u00e7\u00e3o estrutural em edifica\u00e7\u00f5es residenciais e comerciais, torna-se necess\u00e1rio o desenvolvimento de&#8230;<\/p>\n","protected":false},"author":7,"featured_media":0,"parent":0,"menu_order":0,"comment_status":"closed","ping_status":"closed","template":"","meta":{"footnotes":""},"class_list":["post-2712","page","type-page","status-publish","hentry"],"_links":{"self":[{"href":"https:\/\/uenf.br\/posgraduacao\/engenharia-civil\/wp-json\/wp\/v2\/pages\/2712","targetHints":{"allow":["GET"]}}],"collection":[{"href":"https:\/\/uenf.br\/posgraduacao\/engenharia-civil\/wp-json\/wp\/v2\/pages"}],"about":[{"href":"https:\/\/uenf.br\/posgraduacao\/engenharia-civil\/wp-json\/wp\/v2\/types\/page"}],"author":[{"embeddable":true,"href":"https:\/\/uenf.br\/posgraduacao\/engenharia-civil\/wp-json\/wp\/v2\/users\/7"}],"replies":[{"embeddable":true,"href":"https:\/\/uenf.br\/posgraduacao\/engenharia-civil\/wp-json\/wp\/v2\/comments?post=2712"}],"version-history":[{"count":0,"href":"https:\/\/uenf.br\/posgraduacao\/engenharia-civil\/wp-json\/wp\/v2\/pages\/2712\/revisions"}],"wp:attachment":[{"href":"https:\/\/uenf.br\/posgraduacao\/engenharia-civil\/wp-json\/wp\/v2\/media?parent=2712"}],"curies":[{"name":"wp","href":"https:\/\/api.w.org\/{rel}","templated":true}]}}