{"id":2722,"date":"2019-11-19T12:36:29","date_gmt":"2019-11-19T12:36:29","guid":{"rendered":"http:\/\/uenf.br\/posgraduacao\/engenharia-civil\/?page_id=2722"},"modified":"2019-11-19T12:40:37","modified_gmt":"2019-11-19T12:40:37","slug":"dissertacoes-de-mestrado-2019-rodrigo-das-chagas-gaspar","status":"publish","type":"page","link":"https:\/\/uenf.br\/posgraduacao\/engenharia-civil\/dissertacoes-de-mestrado-2019-rodrigo-das-chagas-gaspar\/","title":{"rendered":"Disserta\u00e7\u00f5es de Mestrado 2019 &#8211; RODRIGO DAS CHAGAS GASPAR"},"content":{"rendered":"<p><\/p>\n<p style=\"text-align: justify\">Resumo<\/p>\n<p style=\"text-align: justify\">Os galp\u00f5es industriais s\u00e3o as obras em a\u00e7o cl\u00e1ssicas dentre as mais representativas da constru\u00e7\u00e3o civil. O galp\u00e3o \u00e9 um espa\u00e7o amplo sob a mesma cobertura, geralmente utilizado como dep\u00f3sito por lojas, industriais e outros estabelecimentos. A grande competi\u00e7\u00e3o existente na ind\u00fastria de constru\u00e7\u00e3o exige respostas r\u00e1pidas e econ\u00f4micas frente ao mercado consumidor. O objetivo deste trabalho foi desenvolver uma metodologia computacional para o dimensionamento \u00f3timo de suportes de telhados de galp\u00f5es. Objetivou-se a defini\u00e7\u00e3o de estruturas mecanicamente eficientes, mais leves e consequentemente de menor custo de fabrica\u00e7\u00e3o. O modelo de otimiza\u00e7\u00e3o considera os tipos de otimiza\u00e7\u00e3o dimensional, geom\u00e9trica e topol\u00f3gica. Foram utilizadas vari\u00e1veis de projeto discretas para defini\u00e7\u00e3o de perfis estruturais mais adequados, baseados em um banco de dados de perfis comerciais. Tamb\u00e9m foram utilizadas vari\u00e1veis de projeto continuas para defini\u00e7\u00e3o dos arranjos geom\u00e9tricos mais adequados, para que o galp\u00e3o suporte eficientemente as cargas nele aplicadas. As restri\u00e7\u00f5es de projeto foram definidas de acordo com as prescri\u00e7\u00f5es da norma local para constru\u00e7\u00f5es em a\u00e7o. Para c\u00e1lculo dos esfor\u00e7os e deslocamentos nos elementos da estrutura foi utilizado o software comercial ANSYS, mediante an\u00e1lises lineares e n\u00e3o lineares geom\u00e9tricas. O ambiente computacional do MATLAB, disponibilizou o algoritmo gen\u00e9tico utilizado no processo de otimiza\u00e7\u00e3o. Foram implementadas interfaces computacionais para o funcionamento da plataforma computacional ANSYS-MATLAB. O programa foi validado atrav\u00e9s de dimensionamento \u00f3timo de estruturas treli\u00e7adas de uso acad\u00eamico e como aplica\u00e7\u00e3o foi realizado o dimensionamento \u00f3timo de uma cobertura de um galp\u00e3o industrial, obtendo-se concomitantemente perfis estruturais, geometrias e topologias \u00f3timas.<\/p>\n<p>&nbsp;<\/p>\n<p style=\"text-align: right\"><a href=\"http:\/\/uenf.br\/posgraduacao\/engenharia-civil\/wp-content\/uploads\/sites\/3\/2019\/11\/METODOLOGIA-COMPUTACIONAL-PARA-PROJETO-\u00d3TIMO-DE-GALP\u00d5ES-INDSTRIAIS-EM-A\u00c7O-RODRIGO-DAS-CHAGAS-GASPAR.pdf\">Download aqui<\/a><\/p>\n<p><\/p>","protected":false},"excerpt":{"rendered":"<p>Resumo Os galp\u00f5es industriais s\u00e3o as obras em a\u00e7o cl\u00e1ssicas dentre as mais representativas da constru\u00e7\u00e3o civil. O galp\u00e3o \u00e9&#8230;<\/p>\n","protected":false},"author":7,"featured_media":0,"parent":0,"menu_order":0,"comment_status":"closed","ping_status":"closed","template":"","meta":{"footnotes":""},"class_list":["post-2722","page","type-page","status-publish","hentry"],"_links":{"self":[{"href":"https:\/\/uenf.br\/posgraduacao\/engenharia-civil\/wp-json\/wp\/v2\/pages\/2722","targetHints":{"allow":["GET"]}}],"collection":[{"href":"https:\/\/uenf.br\/posgraduacao\/engenharia-civil\/wp-json\/wp\/v2\/pages"}],"about":[{"href":"https:\/\/uenf.br\/posgraduacao\/engenharia-civil\/wp-json\/wp\/v2\/types\/page"}],"author":[{"embeddable":true,"href":"https:\/\/uenf.br\/posgraduacao\/engenharia-civil\/wp-json\/wp\/v2\/users\/7"}],"replies":[{"embeddable":true,"href":"https:\/\/uenf.br\/posgraduacao\/engenharia-civil\/wp-json\/wp\/v2\/comments?post=2722"}],"version-history":[{"count":0,"href":"https:\/\/uenf.br\/posgraduacao\/engenharia-civil\/wp-json\/wp\/v2\/pages\/2722\/revisions"}],"wp:attachment":[{"href":"https:\/\/uenf.br\/posgraduacao\/engenharia-civil\/wp-json\/wp\/v2\/media?parent=2722"}],"curies":[{"name":"wp","href":"https:\/\/api.w.org\/{rel}","templated":true}]}}