{"id":2756,"date":"2020-03-20T15:38:49","date_gmt":"2020-03-20T15:38:49","guid":{"rendered":"http:\/\/uenf.br\/posgraduacao\/engenharia-civil\/?page_id=2756"},"modified":"2020-07-27T14:07:20","modified_gmt":"2020-07-27T14:07:20","slug":"teses-de-doutorado-2019","status":"publish","type":"page","link":"https:\/\/uenf.br\/posgraduacao\/engenharia-civil\/teses-de-doutorado-2019\/","title":{"rendered":"Teses de Doutorado 2019"},"content":{"rendered":"<p>9<\/p>\n<fieldset>\n<legend>Influ\u00eancia da superf\u00edcie dos blocos cer\u00e2micos na ader\u00eancia de argamassas e proposta de uma nova morfologia de ancoragem<\/legend>\n<p style=\"text-align: left\"><strong>Autor: EUZ\u00c9BIO BARNAB\u00c9 ZANELATO<\/strong><br \/>\n<strong>Orientador:<\/strong> Prof. Jonas Alexandre<br \/>\n<strong>\u00c1rea de Concentra\u00e7\u00e3o:<\/strong> Estruturas<br \/>\n<strong>Situa\u00e7\u00e3o:<\/strong> Conclu\u00edda \u2013 Dezembro\u2013 2019<br \/>\n<a href=\"http:\/\/uenf.br\/posgraduacao\/engenharia-civil\/wp-content\/uploads\/sites\/3\/2020\/03\/Tese-Euz\u00e9bio-Corrigido-9.pdf\">Link para a tese\u00a0<\/a><\/p>\n<\/fieldset>\n<p>&nbsp;<\/p>","protected":false},"excerpt":{"rendered":"<p>9 Influ\u00eancia da superf\u00edcie dos blocos cer\u00e2micos na ader\u00eancia de argamassas e proposta de uma nova morfologia de ancoragem Autor:&#8230;<\/p>\n","protected":false},"author":7,"featured_media":0,"parent":0,"menu_order":9,"comment_status":"closed","ping_status":"closed","template":"","meta":{"footnotes":""},"class_list":["post-2756","page","type-page","status-publish","hentry"],"_links":{"self":[{"href":"https:\/\/uenf.br\/posgraduacao\/engenharia-civil\/wp-json\/wp\/v2\/pages\/2756","targetHints":{"allow":["GET"]}}],"collection":[{"href":"https:\/\/uenf.br\/posgraduacao\/engenharia-civil\/wp-json\/wp\/v2\/pages"}],"about":[{"href":"https:\/\/uenf.br\/posgraduacao\/engenharia-civil\/wp-json\/wp\/v2\/types\/page"}],"author":[{"embeddable":true,"href":"https:\/\/uenf.br\/posgraduacao\/engenharia-civil\/wp-json\/wp\/v2\/users\/7"}],"replies":[{"embeddable":true,"href":"https:\/\/uenf.br\/posgraduacao\/engenharia-civil\/wp-json\/wp\/v2\/comments?post=2756"}],"version-history":[{"count":0,"href":"https:\/\/uenf.br\/posgraduacao\/engenharia-civil\/wp-json\/wp\/v2\/pages\/2756\/revisions"}],"wp:attachment":[{"href":"https:\/\/uenf.br\/posgraduacao\/engenharia-civil\/wp-json\/wp\/v2\/media?parent=2756"}],"curies":[{"name":"wp","href":"https:\/\/api.w.org\/{rel}","templated":true}]}}