{"id":2832,"date":"2020-07-27T14:05:45","date_gmt":"2020-07-27T14:05:45","guid":{"rendered":"http:\/\/uenf.br\/posgraduacao\/engenharia-civil\/?page_id=2832"},"modified":"2021-07-19T12:47:33","modified_gmt":"2021-07-19T12:47:33","slug":"calendarios-de-defesas-e-seminarios","status":"publish","type":"page","link":"https:\/\/uenf.br\/posgraduacao\/engenharia-civil\/calendarios-de-defesas-e-seminarios\/","title":{"rendered":"Calend\u00e1rios de defesas e semin\u00e1rios"},"content":{"rendered":"<p><\/p>\n<h3 style=\"text-align: center\">Defesas de tese<\/h3>\n<p>&nbsp;<\/p>\n<table width=\"842\">\n<tbody>\n<tr>\n<td style=\"text-align: center\" width=\"132\"><strong>Apresentador<\/strong><\/td>\n<td style=\"text-align: center\" width=\"310\"><strong>Tema<\/strong><\/td>\n<td style=\"text-align: center\" width=\"75\"><strong>Data<\/strong><\/td>\n<td style=\"text-align: center\" width=\"64\"><strong>Hor\u00e1rio<\/strong><\/td>\n<td style=\"text-align: center\" width=\"261\"><strong>Link\u00a0<\/strong><\/td>\n<\/tr>\n<tr>\n<td style=\"text-align: center\" width=\"132\">Luisa Muylaert de Menezes P\u00f3voa<\/td>\n<td style=\"text-align: center\" width=\"310\">Efeito da crava\u00e7\u00e3o do trado de estacas h\u00e9lice cont\u00ednua em maci\u00e7os arenosos utilizando t\u00e9cnicas n\u00e3o intrusivas<\/td>\n<td style=\"text-align: center\" width=\"75\">11\/09\/2020<\/td>\n<td style=\"text-align: center\" width=\"64\">10h00<\/td>\n<td style=\"text-align: center\"><a href=\"https:\/\/meet.google.com\/mzx-jznf-poc\">meet.google.com\/mzx-jznf-poc<\/a><\/td>\n<\/tr>\n<tr>\n<td style=\"text-align: center\" width=\"132\">Jair Gon\u00e7alves de Oliveira Borges<\/td>\n<td style=\"text-align: center\" width=\"310\">An\u00e1lise Viscopl\u00e1stica de Placas pelo MEC Utilizando a Teoria de Reissner<\/td>\n<td style=\"text-align: center\" width=\"75\">31\/08\/2020<\/td>\n<td style=\"text-align: center\" width=\"64\">14h00<\/td>\n<td style=\"text-align: center\"><a href=\"http:\/\/meet.google.com\/oxy-jddn-kmh\">meet.google.com\/oxy-jddn-kmh<\/a><\/td>\n<\/tr>\n<tr>\n<td style=\"text-align: center\" width=\"132\">Joadelio Chagas Soares<\/td>\n<td style=\"text-align: center\" width=\"310\">Avalia\u00e7\u00e3o da resist\u00eancia ao cisalhamento de resinas geopolim\u00e9ricas para recupera\u00e7\u00e3o estrutural<\/td>\n<td style=\"text-align: center\" width=\"75\">28\/08\/2020<\/td>\n<td style=\"text-align: center\" width=\"64\">14h00<\/td>\n<td style=\"text-align: center\"><a href=\"http:\/\/meet.google.com\/srv-cifo-jdd\">meet.google.com\/srv-cifo-jdd<\/a><\/td>\n<\/tr>\n<\/tbody>\n<\/table>\n<p>&nbsp;<\/p>\n<h3><\/h3>\n<h3 style=\"text-align: center\">Defesas de disserta\u00e7\u00e3o<\/h3>\n<p>&nbsp;<\/p>\n<table width=\"842\">\n<tbody>\n<tr>\n<td style=\"text-align: center\" width=\"132\"><strong>Apresentador<\/strong><\/td>\n<td style=\"text-align: center\" width=\"310\"><strong>Tema<\/strong><\/td>\n<td style=\"text-align: center\" width=\"75\"><strong>Data<\/strong><\/td>\n<td style=\"text-align: center\" width=\"64\"><strong>Hor\u00e1rio<\/strong><\/td>\n<td style=\"text-align: center\" width=\"261\"><strong>Link\u00a0<\/strong><\/td>\n<\/tr>\n<tr>\n<td style=\"text-align: center\" width=\"132\">Flaviano Rodrigues de Souza<\/td>\n<td style=\"text-align: center\" width=\"310\">Propriedades geot\u00e9cnicas de min\u00e9rios de ferro sinterizado visando susceptibilidade \u00e0 liquefa\u00e7\u00e3o durante transporte mar\u00edtimo<\/td>\n<td style=\"text-align: center\" width=\"75\">19\/11\/2020<\/td>\n<td style=\"text-align: center\" width=\"64\">14h00<\/td>\n<td style=\"text-align: center\"><a href=\"http:\/\/meet.google.com\/apm-xzuh-puj\">meet.google.com\/apm-xzuh-puj<\/a><\/td>\n<\/tr>\n<tr>\n<td style=\"text-align: center\" width=\"132\">Hiden Jaime Machaca Huancollo<\/td>\n<td style=\"text-align: center\" width=\"310\">Melhoramento de solos moles atrav\u00e9s da t\u00e9cnica de adensamento t\u00e9rmico<\/td>\n<td style=\"text-align: center\" width=\"75\">28\/10\/2020<\/td>\n<td style=\"text-align: center\" width=\"64\">14h00<\/td>\n<td style=\"text-align: center\"><a href=\"http:\/\/meet.google.com\/fqe-tvxr-kxd\">meet.google.com\/fqe-tvxr-kxd<\/a><\/td>\n<\/tr>\n<tr>\n<td style=\"text-align: center\" width=\"132\">Jos\u00e9 Mauricio Azevedo Ferreira<\/td>\n<td style=\"text-align: center\" width=\"310\">An\u00e1lise do impacto de deslizamentos submarinos em dutos atrav\u00e9s de modelagem centr\u00edfuga<\/td>\n<td style=\"text-align: center\" width=\"75\">21\/10\/2020<\/td>\n<td style=\"text-align: center\" width=\"64\">14h00<\/td>\n<td style=\"text-align: center\"><a href=\"http:\/\/meet.google.com\/ksn-ijrh-viy\">meet.google.com\/ksn-ijrh-viy<\/a><\/td>\n<\/tr>\n<tr>\n<td style=\"text-align: center\" width=\"132\">Brunella Casagrande Brunelli Santos<\/td>\n<td style=\"text-align: center\" width=\"310\">Avalia\u00e7\u00e3o termomec\u00e2nica de uma estaca submetida a um gradiente de temperatura<\/td>\n<td style=\"text-align: center\" width=\"75\">30\/09\/2020<\/td>\n<td style=\"text-align: center\" width=\"64\">14h00<\/td>\n<td style=\"text-align: center\"><a href=\"http:\/\/meet.google.com\/byr-cifx-sgr\">meet.google.com\/byr-cifx-sgr<\/a><\/td>\n<\/tr>\n<tr>\n<td style=\"text-align: center\" width=\"132\">Rodolfo Pimentel Azevedo Almeida<\/td>\n<td style=\"text-align: center\" width=\"310\">Propriedades de cinzas do baga\u00e7o de cana-de-a\u00e7\u00facar produzidas com lixivia\u00e7\u00e3o com vinhoto, queima controlada e moagem ultrafina<\/td>\n<td style=\"text-align: center\" width=\"75\">31\/08\/2020<\/td>\n<td style=\"text-align: center\" width=\"64\">16h00<\/td>\n<td style=\"text-align: center\"><a href=\"http:\/\/meet.google.com\/mtb-vffd-igy\">meet.google.com\/mtb-vffd-igy<\/a><\/td>\n<\/tr>\n<\/tbody>\n<\/table>\n<p>&nbsp;<\/p>\n<h3 style=\"text-align: center\">Defesas de projeto de disserta\u00e7\u00e3o<\/h3>\n<p>&nbsp;<\/p>\n<table width=\"842\">\n<tbody>\n<tr>\n<td style=\"text-align: center\" width=\"132\"><strong>Apresentador<\/strong><\/td>\n<td style=\"text-align: center\" width=\"310\"><strong>Tema<\/strong><\/td>\n<td style=\"text-align: center\" width=\"75\"><strong>Data<\/strong><\/td>\n<td style=\"text-align: center\" width=\"64\"><strong>Hor\u00e1rio<\/strong><\/td>\n<td style=\"text-align: center\" width=\"261\"><strong>Link\u00a0<\/strong><\/td>\n<\/tr>\n<tr>\n<td style=\"text-align: center\" width=\"132\">Aline Azevedo Duncan Lima<\/td>\n<td style=\"text-align: center\" width=\"310\">Utiliza\u00e7\u00e3o de grits, res\u00edduo da ind\u00fastria de papel e celulose, como agregado mi\u00fado na produ\u00e7\u00e3o de argamassas<\/td>\n<td style=\"text-align: center\" width=\"75\">20\/08\/2020<\/td>\n<td style=\"text-align: center\" width=\"64\">11h00<\/td>\n<td style=\"text-align: center\"><\/td>\n<\/tr>\n<tr>\n<td style=\"text-align: center\" width=\"132\">Gabriel Ribeiro Carvalho<\/td>\n<td style=\"text-align: center\" width=\"310\">Estudo de placas enrijecidas via elementos finitos<\/td>\n<td style=\"text-align: center\" width=\"75\">31\/07\/2020<\/td>\n<td style=\"text-align: center\" width=\"64\">10h00<\/td>\n<td style=\"text-align: center\"><a href=\"http:\/\/meet.google.com\/xfh-mojm-hya\">meet.google.com\/xfh-mojm-hya<\/a><\/td>\n<\/tr>\n<tr>\n<td style=\"text-align: center\" width=\"132\">Amanda Lima Hufnagel Alves Santos<\/td>\n<td style=\"text-align: center\" width=\"310\">Determina\u00e7\u00e3o das propriedades hidr\u00e1ulicas de solos n\u00e3o saturados atrav\u00e9s de amostras centrifugadas, com e sem a utiliza\u00e7\u00e3o simult\u00e2nea de discos cer\u00e2micos<\/td>\n<td style=\"text-align: center\" width=\"75\">30\/07\/2020<\/td>\n<td style=\"text-align: center\" width=\"64\">09h00<\/td>\n<td style=\"text-align: center\"><a href=\"http:\/\/meet.google.com\/dcc-bfrs-xiv\">meet.google.com\/dcc-bfrs-xiv<\/a><\/td>\n<\/tr>\n<tr>\n<td style=\"text-align: center\" width=\"132\">Jedson Batista Sousa<\/td>\n<td style=\"text-align: center\" width=\"310\">Avalia\u00e7\u00e3o do comportamento mec\u00e2nico de juntas secas confeccionadas com concreto de agregados reciclados<\/td>\n<td style=\"text-align: center\" width=\"75\">29\/07\/2020<\/td>\n<td style=\"text-align: center\" width=\"64\">14h00<\/td>\n<td style=\"text-align: center\"><a href=\"http:\/\/meet.google.com\/hjw-phdz-hgz\">meet.google.com\/hjw-phdz-hgz<\/a><\/td>\n<\/tr>\n<\/tbody>\n<\/table>\n<p>&nbsp;<\/p>\n<h3 style=\"text-align: center\">Semin\u00e1rios<\/h3>\n<p>&nbsp;<\/p>\n<table width=\"842\">\n<tbody>\n<tr>\n<td style=\"text-align: center\" width=\"132\"><strong>Apresentador<\/strong><\/td>\n<td style=\"text-align: center\" width=\"310\"><strong>Tema<\/strong><\/td>\n<td style=\"text-align: center\" width=\"75\"><strong>Data<\/strong><\/td>\n<td style=\"text-align: center\" width=\"64\"><strong>Hor\u00e1rio<\/strong><\/td>\n<td style=\"text-align: center\" width=\"261\"><strong>Link\u00a0<\/strong><\/td>\n<\/tr>\n<tr>\n<td style=\"text-align: center\" width=\"132\">Kaio Ribeiro Carvalho<\/td>\n<td style=\"text-align: center\" width=\"310\">O M\u00e9todo dos Elementos de Contorno aplicado \u00e0 teoria de Reissner para flex\u00e3o de placas<\/td>\n<td style=\"text-align: center\" width=\"75\">13\/11\/2020<\/td>\n<td style=\"text-align: center\" width=\"64\">14h00<\/td>\n<td>\n<p style=\"text-align: center\"><a href=\"meet.google.com\/ktp-beox-eqf\">meet.google.com\/ktp-beox-eqf<\/a><\/p>\n<\/td>\n<\/tr>\n<tr>\n<td style=\"text-align: center\" width=\"132\">Ana Am\u00e9lia Mota dos Santos<\/td>\n<td style=\"text-align: center\" width=\"310\">Mulheres na Ci\u00eancia: Uma discuss\u00e3o sobre g\u00eanero, n\u00famero e grau<\/td>\n<td style=\"text-align: center\" width=\"75\">06\/11\/2020<\/td>\n<td style=\"text-align: center\" width=\"64\">14h00<\/td>\n<td>\n<p style=\"text-align: center\"><a href=\"meet.google.com\/anv-khok-mxy\">meet.google.com\/anv-khok-mxy<\/a><\/p>\n<\/td>\n<\/tr>\n<tr>\n<td style=\"text-align: center\" width=\"132\">Juliana Pessin (EESC-USP)<\/td>\n<td style=\"text-align: center\" width=\"310\">Modelagem centr\u00edfuga da intera\u00e7\u00e3o solo-duto<\/td>\n<td style=\"text-align: center\" width=\"75\">30\/10\/2020<\/td>\n<td style=\"text-align: center\" width=\"64\">14h00<\/td>\n<td>\n<p style=\"text-align: center\"><a href=\"meet.google.com\/czy-uuji-ytz\">meet.google.com\/czy-uuji-ytz<\/a><\/p>\n<\/td>\n<\/tr>\n<tr>\n<td style=\"text-align: center\" width=\"132\">Lyndemberg Campelo Correia<\/td>\n<td style=\"text-align: center\" width=\"310\">Estimativa da recarga natural dos aqu\u00edferos livres e rasos da bacia de Campos<\/td>\n<td style=\"text-align: center\" width=\"75\">23\/10\/2020<\/td>\n<td style=\"text-align: center\" width=\"64\">14h00<\/td>\n<td>\n<p style=\"text-align: center\"><a href=\"meet.google.com\/nwa-xwjz-hkz\">meet.google.com\/nwa-xwjz-hkz<\/a><\/p>\n<\/td>\n<\/tr>\n<tr>\n<td style=\"text-align: center\" width=\"132\">Jos\u00e9 Mauricio Azevedo Ferreira<\/td>\n<td style=\"text-align: center\" width=\"310\">Modelagem centr\u00edfuga de deslizamentos submarinos com diferentes velocidades e an\u00e1lise do seu impacto em duto<\/td>\n<td style=\"text-align: center\" width=\"75\">09\/10\/2020<\/td>\n<td style=\"text-align: center\" width=\"64\">14h00<\/td>\n<td>\n<p style=\"text-align: center\"><a href=\"meet.google.com\/cgt-emsm-eet\">meet.google.com\/cgt-emsm-eet<\/a><\/p>\n<\/td>\n<\/tr>\n<tr>\n<td style=\"text-align: center\" width=\"132\">Brunella Casagrande Brunelli Santos<\/td>\n<td style=\"text-align: center\" width=\"310\">Avalia\u00e7\u00e3o termomec\u00e2nica de uma estaca escavada submetida a gradientes t\u00e9rmicos<\/td>\n<td style=\"text-align: center\" width=\"75\">25\/09\/2020<\/td>\n<td style=\"text-align: center\" width=\"64\">14h00<\/td>\n<td>\n<p style=\"text-align: center\"><a href=\"meet.google.com\/mvz-piyq-zrq\">meet.google.com\/mvz-piyq-zrq<\/a><\/p>\n<\/td>\n<\/tr>\n<tr>\n<td style=\"text-align: center\" width=\"132\">Hiden Jaime Machaca Huancollo<\/td>\n<td style=\"text-align: center\" width=\"310\">An\u00e1lise experimental do comportamento termomec\u00e2nico de argila marinha<\/td>\n<td style=\"text-align: center\" width=\"75\">18\/09\/2020<\/td>\n<td style=\"text-align: center\" width=\"64\">14h00<\/td>\n<td>\n<p style=\"text-align: center\"><a href=\"meet.google.com\/qwn-vcio-std\">meet.google.com\/qwn-vcio-std<\/a><\/p>\n<\/td>\n<\/tr>\n<tr>\n<td style=\"text-align: center\" width=\"132\">Tatiane Pilar de Almeida (PROARQ-UFRJ)<\/td>\n<td style=\"text-align: center\" width=\"310\">A Influ\u00eancia dos Materiais de Sistemas de Veda\u00e7\u00f5es Verticais no Desempenho Termo-Energ\u00e9tico de Edifica\u00e7\u00f5es: Habita\u00e7\u00f5es de Interesse Social no Rio de Janeiro<\/td>\n<td style=\"text-align: center\" width=\"75\">04\/09\/2020<\/td>\n<td style=\"text-align: center\" width=\"64\">15h00<\/td>\n<td>\n<p style=\"text-align: center\"><a href=\"meet.google.com\/vrv-xynn-zju\">meet.google.com\/vrv-xynn-zju<\/a><\/p>\n<\/td>\n<\/tr>\n<tr>\n<td style=\"text-align: center\" width=\"132\">Beatriz Temtemples de Carvalho (PROARQ-UFRJ)<\/td>\n<td style=\"text-align: center\" width=\"310\">Arquitetura com Terra na Constru\u00e7\u00e3o Sustent\u00e1vel<\/td>\n<td style=\"text-align: center\" width=\"75\">28\/08\/2020<\/td>\n<td style=\"text-align: center\" width=\"64\">14h00<\/td>\n<td>\n<p style=\"text-align: center\"><a href=\"meet.google.com\/jny-ksym-kea\">meet.google.com\/jny-ksym-kea<\/a><\/p>\n<\/td>\n<\/tr>\n<tr>\n<td style=\"text-align: center\" width=\"132\">Iolanda Scheibe de Siqueira<\/td>\n<td style=\"text-align: center\" width=\"310\">Desenvolvimento e Caracteriza\u00e7\u00e3o de Pastas de Cimenta\u00e7\u00e3o Leves Contendo Micro e Nanocelulose<\/td>\n<td style=\"text-align: center\" width=\"75\">07\/08\/2020<\/td>\n<td style=\"text-align: center\" width=\"64\">14h00<\/td>\n<td>\n<p style=\"text-align: center\"><a href=\"meet.google.com\/ypr-hxqy-euu\">meet.google.com\/ypr-hxqy-euu<\/a><\/p>\n<\/td>\n<\/tr>\n<tr>\n<td style=\"text-align: center\" width=\"132\">Flaviano Rodrigues de Souza<\/td>\n<td style=\"text-align: center\" width=\"310\">Estudo da susceptibilidade \u00e0 liquefa\u00e7\u00e3o de min\u00e9rio de ferro durante transporte mar\u00edtimo<\/td>\n<td style=\"text-align: center\" width=\"75\">31\/07\/2020<\/td>\n<td style=\"text-align: center\" width=\"64\">14h00<\/td>\n<td>\n<p style=\"text-align: center\"><a href=\"http:\/\/meet.google.com\/bsx-jrdr-ktc\">meet.google.com\/bsx-jrdr-ktc<\/a><\/p>\n<\/td>\n<\/tr>\n<tr>\n<td style=\"text-align: center\" width=\"132\">Joadelio Chagas Soares<\/td>\n<td style=\"text-align: center\" width=\"310\">Avalia\u00e7\u00e3o da resist\u00eancia ao cisalhamento de resinas geopolim\u00e9ricas para recupera\u00e7\u00e3o estrutural<\/td>\n<td style=\"text-align: center\" width=\"75\">24\/07\/2020<\/td>\n<td style=\"text-align: center\" width=\"64\">14h00<\/td>\n<td style=\"text-align: center\">meet.google.com\/fuj-vjvb-xef<\/td>\n<\/tr>\n<tr>\n<td style=\"text-align: center\" width=\"132\">Luisa Muylaert de Menezes P\u00f3voa<\/td>\n<td style=\"text-align: center\" width=\"310\">Uso da t\u00e9cnica de solos transparentes e tomografia computadorizada na engenharia geot\u00e9cnica<\/td>\n<td style=\"text-align: center\" width=\"75\">17\/07\/2020<\/td>\n<td style=\"text-align: center\" width=\"64\">14h00<\/td>\n<td style=\"text-align: center\">meet.google.com\/fmv-mixu-yun<\/td>\n<\/tr>\n<tr>\n<td style=\"text-align: center\" width=\"132\">Ana Luiza Campinho Paes<\/td>\n<td style=\"text-align: center\" width=\"310\">Desenvolvimento de argamassa de revestimento para utiliza\u00e7\u00e3o pelo m\u00e9todo de proje\u00e7\u00e3o mecanizada<\/td>\n<td style=\"text-align: center\" width=\"75\">10\/07\/2020<\/td>\n<td style=\"text-align: center\" width=\"64\">14h00<\/td>\n<td style=\"text-align: center\">meet.google.com\/xvn-dmtx-jys<\/td>\n<\/tr>\n<tr>\n<td style=\"text-align: center\" width=\"132\">Rodolfo Pimentel Azevedo Almeida<\/td>\n<td style=\"text-align: center\" width=\"310\">Produ\u00e7\u00e3o de pozolanas a partir de cinzas provenientes de biomassa<\/td>\n<td style=\"text-align: center\" width=\"75\">03\/07\/2020<\/td>\n<td style=\"text-align: center\" width=\"64\">14h00<\/td>\n<td style=\"text-align: center\">meet.google.com\/hgo-dhxu-nfe<\/td>\n<\/tr>\n<tr>\n<td style=\"text-align: center\" width=\"132\">Jair Gon\u00e7alves de Oliveira Borges<\/td>\n<td style=\"text-align: center\" width=\"310\">An\u00e1lise de placas pelo m\u00e9todo dos elementos de contorno considerando a viscoplasticidade<\/td>\n<td style=\"text-align: center\" width=\"75\">26\/06\/2020<\/td>\n<td style=\"text-align: center\" width=\"64\">14h00<\/td>\n<td style=\"text-align: center\">meet.google.com\/gtn-itsw-ucy<\/td>\n<\/tr>\n<tr>\n<td style=\"text-align: center\" width=\"132\">Prof. Guilherme Chagas Cordeiro<\/td>\n<td style=\"text-align: center\" width=\"310\">Produ\u00e7\u00e3o cient\u00edfica qualificada &#8211; Passo a passo da publica\u00e7\u00e3o de um artigo<\/td>\n<td style=\"text-align: center\" width=\"75\">19\/06\/2020<\/td>\n<td style=\"text-align: center\" width=\"64\">14h00<\/td>\n<td style=\"text-align: center\">meet.google.com\/xun-zkww-aio<\/td>\n<\/tr>\n<\/tbody>\n<\/table>\n<p>&nbsp;<\/p>\n<h3 style=\"text-align: center\">V CONPG<\/h3>\n<p>&nbsp;<\/p>\n<p>16\/10\/2020 &#8211; 14h<\/p>\n<ul>\n<li style=\"list-style-type: none\">\n<ul>\n<li>Palestra &#8220;Desenvolvimento de elementos construtivos em concreto com fibras vegetais&#8221; com o Prof. Paulo Roberto Lopes Lima (UEFS)<\/li>\n<\/ul>\n<\/li>\n<\/ul>\n<ul>\n<li>Apresenta\u00e7\u00f5es orais do PPGEC<\/li>\n<\/ul>\n<p>Link para o evento: <a href=\"https:\/\/www.google.com\/url?q=http:\/\/meet.google.com\/hot-fwge-iia&amp;sa=D&amp;source=calendar&amp;ust=1602697034390000&amp;usg=AOvVaw3bYlY5ZAXoYoIfOx4tYUzs\" target=\"_blank\" rel=\"noopener noreferrer\">meet.google.com\/hot-fwge-iia<\/a><\/p>","protected":false},"excerpt":{"rendered":"<p>Defesas de tese &nbsp; Apresentador Tema Data Hor\u00e1rio Link\u00a0 Luisa Muylaert de Menezes P\u00f3voa Efeito da crava\u00e7\u00e3o do trado de&#8230;<\/p>\n","protected":false},"author":7,"featured_media":0,"parent":0,"menu_order":1,"comment_status":"closed","ping_status":"closed","template":"","meta":{"footnotes":""},"class_list":["post-2832","page","type-page","status-publish","hentry"],"_links":{"self":[{"href":"https:\/\/uenf.br\/posgraduacao\/engenharia-civil\/wp-json\/wp\/v2\/pages\/2832","targetHints":{"allow":["GET"]}}],"collection":[{"href":"https:\/\/uenf.br\/posgraduacao\/engenharia-civil\/wp-json\/wp\/v2\/pages"}],"about":[{"href":"https:\/\/uenf.br\/posgraduacao\/engenharia-civil\/wp-json\/wp\/v2\/types\/page"}],"author":[{"embeddable":true,"href":"https:\/\/uenf.br\/posgraduacao\/engenharia-civil\/wp-json\/wp\/v2\/users\/7"}],"replies":[{"embeddable":true,"href":"https:\/\/uenf.br\/posgraduacao\/engenharia-civil\/wp-json\/wp\/v2\/comments?post=2832"}],"version-history":[{"count":0,"href":"https:\/\/uenf.br\/posgraduacao\/engenharia-civil\/wp-json\/wp\/v2\/pages\/2832\/revisions"}],"wp:attachment":[{"href":"https:\/\/uenf.br\/posgraduacao\/engenharia-civil\/wp-json\/wp\/v2\/media?parent=2832"}],"curies":[{"name":"wp","href":"https:\/\/api.w.org\/{rel}","templated":true}]}}