{"id":286,"date":"2015-09-04T15:23:51","date_gmt":"2015-09-04T15:23:51","guid":{"rendered":"http:\/\/uenf.br\/posgraduacao\/engenharia-civil\/?page_id=286"},"modified":"2022-06-15T14:48:43","modified_gmt":"2022-06-15T14:48:43","slug":"formularios","status":"publish","type":"page","link":"https:\/\/uenf.br\/posgraduacao\/engenharia-civil\/formularios\/","title":{"rendered":"Formul\u00e1rios"},"content":{"rendered":"<p><\/p>\n<h3><strong>Alunos Regulares<\/strong><\/h3>\n<p><strong>Espec\u00edficos para Alunos Regulares<\/strong><\/p>\n<ul>\n<li><a href=\"http:\/\/academico.uenf.br\/usuarios\/sign_in\">Acesse aqui<\/a><\/li>\n<\/ul>\n<p>&nbsp;<\/p>\n<h3>Sele\u00e7\u00e3o de Alunos Especiais<\/h3>\n<ul>\n<li>Ficha de Inscri\u00e7\u00e3o<strong>: \u00a0<\/strong><a href=\"http:\/\/uenf.br\/reitoria\/secacad\/pos-graduacao\/formularios-gerais\/\">Espec\u00edfico para Alunos Especiais- Sele\u00e7\u00e3o<\/a><\/li>\n<\/ul>\n<p>&nbsp;<\/p>\n<h3>Material P\u00f3s-Defesa<\/h3>\n<ul>\n<li><a href=\"https:\/\/uenf.br\/posgraduacao\/engenharia-civil\/wp-content\/uploads\/sites\/3\/2022\/06\/Relacao-de-Material-pos-Defesa-de-Tese-ou-Dissertacao-atualizada-2022.doc\">Rela\u00e7\u00e3o de Material p\u00f3s Defesa de Tese ou Disserta\u00e7\u00e3o<\/a><\/li>\n<li><a href=\"https:\/\/uenf.br\/posgraduacao\/engenharia-civil\/formularios\/ficha-catalografica\/\">Ficha catalogr\u00e1fica (sistema acad\u00eamico)<\/a><\/li>\n<\/ul>\n<p>&nbsp;<\/p>\n<h3>Modelos de Solicita\u00e7\u00f5es<\/h3>\n<ul>\n<li><a href=\"https:\/\/uenf.br\/posgraduacao\/engenharia-civil\/wp-content\/uploads\/sites\/3\/2015\/09\/PRORROGA\u00c7\u00c3O-DE-DEFESA-PROPPG.docx\">Prorrogac\u00f5es de Defesa<\/a><\/li>\n<li><a href=\"https:\/\/uenf.br\/posgraduacao\/engenharia-civil\/wp-content\/uploads\/sites\/3\/2018\/04\/Formul%C3%A1rio-para-pedido-de-defesa2.doc\">Requerimento para homologa\u00e7\u00e3o de defesa<\/a><\/li>\n<\/ul>\n<p>&nbsp;<\/p>","protected":false},"excerpt":{"rendered":"<p>Alunos Regulares Espec\u00edficos para Alunos Regulares Acesse aqui &nbsp; Sele\u00e7\u00e3o de Alunos Especiais Ficha de Inscri\u00e7\u00e3o: \u00a0Espec\u00edfico para Alunos Especiais-&#8230;<\/p>\n","protected":false},"author":8,"featured_media":0,"parent":0,"menu_order":15,"comment_status":"closed","ping_status":"closed","template":"","meta":{"footnotes":""},"class_list":["post-286","page","type-page","status-publish","hentry"],"_links":{"self":[{"href":"https:\/\/uenf.br\/posgraduacao\/engenharia-civil\/wp-json\/wp\/v2\/pages\/286","targetHints":{"allow":["GET"]}}],"collection":[{"href":"https:\/\/uenf.br\/posgraduacao\/engenharia-civil\/wp-json\/wp\/v2\/pages"}],"about":[{"href":"https:\/\/uenf.br\/posgraduacao\/engenharia-civil\/wp-json\/wp\/v2\/types\/page"}],"author":[{"embeddable":true,"href":"https:\/\/uenf.br\/posgraduacao\/engenharia-civil\/wp-json\/wp\/v2\/users\/8"}],"replies":[{"embeddable":true,"href":"https:\/\/uenf.br\/posgraduacao\/engenharia-civil\/wp-json\/wp\/v2\/comments?post=286"}],"version-history":[{"count":0,"href":"https:\/\/uenf.br\/posgraduacao\/engenharia-civil\/wp-json\/wp\/v2\/pages\/286\/revisions"}],"wp:attachment":[{"href":"https:\/\/uenf.br\/posgraduacao\/engenharia-civil\/wp-json\/wp\/v2\/media?parent=286"}],"curies":[{"name":"wp","href":"https:\/\/api.w.org\/{rel}","templated":true}]}}