{"id":3014,"date":"2021-02-01T19:49:37","date_gmt":"2021-02-01T19:49:37","guid":{"rendered":"https:\/\/uenf.br\/posgraduacao\/engenharia-civil\/?page_id=3014"},"modified":"2022-10-17T17:48:38","modified_gmt":"2022-10-17T17:48:38","slug":"dissertacoes-de-mestrado-2020","status":"publish","type":"page","link":"https:\/\/uenf.br\/posgraduacao\/engenharia-civil\/dissertacoes-de-mestrado-2020\/","title":{"rendered":"Disserta\u00e7\u00f5es de Mestrado 2020"},"content":{"rendered":"<p><\/p>\n<fieldset>\n<legend>AVALIA\u00c7\u00c3O AC\u00daSTICA E MEC\u00c2NICA DE ARGAMASSAS COM P\u00d3 DE BORRACHA PROVENIENTE DE PNEUS INSERV\u00cdVEIS PARA USO EM CONTRAPISO<\/legend>\n<p style=\"text-align: left\"><strong>Autora: Larissa Campos Granato Botelho<\/strong><br \/>\n<strong>Orientador:<\/strong> Prof. Jonas Alexandre<br \/>\n<strong>Coorientador<\/strong>: Prof. Jos\u00e9 Augusto Pedro Lima<br \/>\n<strong>\u00c1rea de Concentra\u00e7\u00e3o:<\/strong> Estruturas<br \/>\n<strong>Situa\u00e7\u00e3o:<\/strong> Conclu\u00edda &#8211; Abril &#8211; 2020<br \/>\n<a href=\"https:\/\/uenf.br\/posgraduacao\/engenharia-civil\/wp-content\/uploads\/sites\/3\/2022\/10\/Dissertacao.pdf\">Disserta\u00e7\u00e3o<\/a><\/p>\n<\/fieldset>\n<p>&nbsp;<\/p>\n<fieldset>\n<legend>DESENVOLVIMENTO DE ARGAMASSA DE REVESTIMENTO PARA UTILIZA\u00c7\u00c3O PELO M\u00c9TODO DE PROJE\u00c7\u00c3O<\/legend>\n<p style=\"text-align: left\"><strong>Autora: Ana Luiza Campinho Paes<\/strong><br \/>\n<strong>Orientador:<\/strong> Prof. Jonas Alexandre<br \/>\n<strong>\u00c1rea de Concentra\u00e7\u00e3o:<\/strong> Estruturas<br \/>\n<strong>Situa\u00e7\u00e3o:<\/strong> Conclu\u00edda &#8211; Maio &#8211; 2020<br \/>\n<a href=\"https:\/\/uenf.br\/posgraduacao\/engenharia-civil\/wp-content\/uploads\/sites\/3\/2021\/02\/Dissertacao-Ana-Luiza-Campinho-Paes-2020.pdf\">Disserta\u00e7\u00e3o<\/a><\/p>\n<\/fieldset>\n<p>&nbsp;<\/p>\n<fieldset>\n<legend>PROPRIEDADES DE CINZAS DO BAGA\u00c7O DE CANA-DEA\u00c7\u00daCAR PRODUZIDAS COM LIXIVIA\u00c7\u00c3O COM VINHOTO, QUEIMA CONTROLADA E MOAGEM ULTRAFINA<\/legend>\n<p style=\"text-align: left\"><strong>Autor: Rodolfo Pimentel Azevedo Almeida<\/strong><br \/>\n<strong>Orientador:<\/strong> Prof. Guilherme Chagas Cordeiro<br \/>\n<strong>\u00c1rea de Concentra\u00e7\u00e3o:<\/strong> Estruturas<br \/>\n<strong>Situa\u00e7\u00e3o:<\/strong> Conclu\u00edda &#8211; Agosto &#8211; 2020<br \/>\n<a href=\"https:\/\/uenf.br\/posgraduacao\/engenharia-civil\/wp-content\/uploads\/sites\/3\/2021\/02\/Dissertacao-Rodolfo-Pimentel-Azevedo-Almeida-2020.pdf\">Disserta\u00e7\u00e3o<\/a><\/p>\n<\/fieldset>\n<p>&nbsp;<\/p>\n<fieldset>\n<legend>AVALIA\u00c7\u00c3O TERMOMEC\u00c2NICA DE UMA ESTACA ESCAVADA SUBMETIDA A GRADIENTES T\u00c9RMICOS<\/legend>\n<p style=\"text-align: left\"><strong>Autora: Brunella Casagrande Brunelli Santos<\/strong><br \/>\n<strong>Orientador:<\/strong> Prof. Fernando Saboya Albuquerque Junior<br \/>\n<strong>\u00c1rea de Concentra\u00e7\u00e3o:<\/strong> Geotecnia<br \/>\n<strong>Situa\u00e7\u00e3o:<\/strong> Conclu\u00edda &#8211; Setembro &#8211; 2020<br \/>\n<a href=\"https:\/\/uenf.br\/posgraduacao\/engenharia-civil\/wp-content\/uploads\/sites\/3\/2021\/04\/Dissertacao-Brunella-Casagrande-Brunelli-Santos-2020.pdf\">Disserta\u00e7\u00e3o<\/a><\/p>\n<\/fieldset>\n<p>&nbsp;<\/p>\n<fieldset>\n<legend>ESTUDO EXPERIMENTAL DE MELHORAMENTO DE SOLOS MOLES ATRAV\u00c9S DA T\u00c9CNICA DE ADENSAMENTO T\u00c9RMICO<\/legend>\n<p style=\"text-align: left\"><strong>Autor: Hiden Jaime Machaca Huancollo<\/strong><br \/>\n<strong>Orientador:<\/strong> Prof. S\u00e9rgio Tibana<br \/>\n<strong>Coorientador<\/strong>: Prof. Fernando Saboya Albuquerque Junior<br \/>\n<strong>\u00c1rea de Concentra\u00e7\u00e3o:<\/strong> Geotecnia<br \/>\n<strong>Situa\u00e7\u00e3o:<\/strong> Conclu\u00edda &#8211; Outubro &#8211; 2020<br \/>\n<a href=\"https:\/\/uenf.br\/posgraduacao\/engenharia-civil\/wp-content\/uploads\/sites\/3\/2021\/02\/Dissertacao-Hiden-Jaime-Machaca-Huancollo-2020.pdf\">Disserta\u00e7\u00e3o<\/a><\/p>\n<\/fieldset>\n<p>&nbsp;<\/p>\n<fieldset>\n<legend>PROPRIEDADES GEOT\u00c9CNICAS DE MIN\u00c9RIOS DE FERRO SINTERIZADO VISANDO SUSCEPTIBILIDADE \u00c0 LIQUEFA\u00c7\u00c3O DURANTE TRANSPORTE MAR\u00cdTIMO<\/legend>\n<p style=\"text-align: left\"><strong>Autor: Flaviano Rodrigues de Souza<\/strong><br \/>\n<strong>Orientador:<\/strong> Prof. Fernando Saboya Albuquerque Junior<br \/>\n<strong>\u00c1rea de Concentra\u00e7\u00e3o:<\/strong> Geotecnia<br \/>\n<strong>Situa\u00e7\u00e3o:<\/strong> Conclu\u00edda &#8211; Novembro &#8211; 2020<br \/>\n<a href=\"https:\/\/uenf.br\/posgraduacao\/engenharia-civil\/wp-content\/uploads\/sites\/3\/2021\/04\/Dissertacao-Flaviano-Rodrigues-de-Souza-2020.pdf\">Disserta\u00e7\u00e3o<\/a><\/p>\n<\/fieldset>\n<p>&nbsp;<\/p>\n<fieldset>\n<legend>MODELAGEM CENTR\u00cdFUGA DE DESLIZAMENTOS SUBMARINOS COM DIFERENTES VELOCIDADES E AN\u00c1LISE DO SEU IMPACTO EM DUTO<\/legend>\n<p style=\"text-align: left\"><strong>Autor: Jos\u00e9 Mauricio Azevedo Ferreira<\/strong><br \/>\n<strong>Orientador:<\/strong> Prof. S\u00e9rgio Tibana<br \/>\n<strong>\u00c1rea de Concentra\u00e7\u00e3o:<\/strong> Geotecnia<br \/>\n<strong>Situa\u00e7\u00e3o:<\/strong> Conclu\u00edda &#8211; Outubro &#8211; 2020<br \/>\n<a href=\"https:\/\/uenf.br\/posgraduacao\/engenharia-civil\/wp-content\/uploads\/sites\/3\/2022\/10\/Dissertacao_Jose_Mauricio_Ferreiral.pdf\">Disserta\u00e7\u00e3o<\/a><\/p>\n<\/fieldset>\n<p>&nbsp;<\/p>","protected":false},"excerpt":{"rendered":"<p>AVALIA\u00c7\u00c3O AC\u00daSTICA E MEC\u00c2NICA DE ARGAMASSAS COM P\u00d3 DE BORRACHA PROVENIENTE DE PNEUS INSERV\u00cdVEIS PARA USO EM CONTRAPISO Autora: Larissa&#8230;<\/p>\n","protected":false},"author":7,"featured_media":0,"parent":0,"menu_order":0,"comment_status":"closed","ping_status":"closed","template":"","meta":{"footnotes":""},"class_list":["post-3014","page","type-page","status-publish","hentry"],"_links":{"self":[{"href":"https:\/\/uenf.br\/posgraduacao\/engenharia-civil\/wp-json\/wp\/v2\/pages\/3014","targetHints":{"allow":["GET"]}}],"collection":[{"href":"https:\/\/uenf.br\/posgraduacao\/engenharia-civil\/wp-json\/wp\/v2\/pages"}],"about":[{"href":"https:\/\/uenf.br\/posgraduacao\/engenharia-civil\/wp-json\/wp\/v2\/types\/page"}],"author":[{"embeddable":true,"href":"https:\/\/uenf.br\/posgraduacao\/engenharia-civil\/wp-json\/wp\/v2\/users\/7"}],"replies":[{"embeddable":true,"href":"https:\/\/uenf.br\/posgraduacao\/engenharia-civil\/wp-json\/wp\/v2\/comments?post=3014"}],"version-history":[{"count":0,"href":"https:\/\/uenf.br\/posgraduacao\/engenharia-civil\/wp-json\/wp\/v2\/pages\/3014\/revisions"}],"wp:attachment":[{"href":"https:\/\/uenf.br\/posgraduacao\/engenharia-civil\/wp-json\/wp\/v2\/media?parent=3014"}],"curies":[{"name":"wp","href":"https:\/\/api.w.org\/{rel}","templated":true}]}}