{"id":3092,"date":"2021-05-31T18:56:41","date_gmt":"2021-05-31T18:56:41","guid":{"rendered":"https:\/\/uenf.br\/posgraduacao\/engenharia-civil\/?page_id=3092"},"modified":"2021-05-31T18:56:41","modified_gmt":"2021-05-31T18:56:41","slug":"ficha-catalografica","status":"publish","type":"page","link":"https:\/\/uenf.br\/posgraduacao\/engenharia-civil\/formularios\/ficha-catalografica\/","title":{"rendered":"Ficha catalogr\u00e1fica"},"content":{"rendered":"<p>A ficha catalogr\u00e1fica para a disserta\u00e7\u00e3o ou tese \u00e9 gerada no sistema acad\u00eamico da UENF.<\/p>\n<p>Passo a passo: menu cadastro -&gt; meus dados -&gt; defesa de disserta\u00e7\u00e3o\/tese -&gt; ver -&gt; alterar dados da ficha<\/p>","protected":false},"excerpt":{"rendered":"<p>A ficha catalogr\u00e1fica para a disserta\u00e7\u00e3o ou tese \u00e9 gerada no sistema acad\u00eamico da UENF. Passo a passo: menu cadastro&#8230;<\/p>\n","protected":false},"author":7,"featured_media":0,"parent":286,"menu_order":0,"comment_status":"closed","ping_status":"closed","template":"","meta":{"footnotes":""},"class_list":["post-3092","page","type-page","status-publish","hentry"],"_links":{"self":[{"href":"https:\/\/uenf.br\/posgraduacao\/engenharia-civil\/wp-json\/wp\/v2\/pages\/3092","targetHints":{"allow":["GET"]}}],"collection":[{"href":"https:\/\/uenf.br\/posgraduacao\/engenharia-civil\/wp-json\/wp\/v2\/pages"}],"about":[{"href":"https:\/\/uenf.br\/posgraduacao\/engenharia-civil\/wp-json\/wp\/v2\/types\/page"}],"author":[{"embeddable":true,"href":"https:\/\/uenf.br\/posgraduacao\/engenharia-civil\/wp-json\/wp\/v2\/users\/7"}],"replies":[{"embeddable":true,"href":"https:\/\/uenf.br\/posgraduacao\/engenharia-civil\/wp-json\/wp\/v2\/comments?post=3092"}],"version-history":[{"count":0,"href":"https:\/\/uenf.br\/posgraduacao\/engenharia-civil\/wp-json\/wp\/v2\/pages\/3092\/revisions"}],"up":[{"embeddable":true,"href":"https:\/\/uenf.br\/posgraduacao\/engenharia-civil\/wp-json\/wp\/v2\/pages\/286"}],"wp:attachment":[{"href":"https:\/\/uenf.br\/posgraduacao\/engenharia-civil\/wp-json\/wp\/v2\/media?parent=3092"}],"curies":[{"name":"wp","href":"https:\/\/api.w.org\/{rel}","templated":true}]}}