{"id":3260,"date":"2022-10-10T19:30:08","date_gmt":"2022-10-10T19:30:08","guid":{"rendered":"https:\/\/uenf.br\/posgraduacao\/engenharia-civil\/?page_id=3260"},"modified":"2023-04-21T22:51:05","modified_gmt":"2023-04-21T22:51:05","slug":"teses-de-doutorado-2021","status":"publish","type":"page","link":"https:\/\/uenf.br\/posgraduacao\/engenharia-civil\/teses-de-doutorado-2021\/","title":{"rendered":"Teses de Doutorado 2021"},"content":{"rendered":"<p>&nbsp;<\/p>\n<fieldset>\n<legend>AN\u00c1LISE NUM\u00c9RICA TRIDIMENSIONAL DA ESTABILIDADE DA FACE DE ESCAVA\u00c7\u00c3O DE T\u00daNEIS COM PRESSURIZA\u00c7\u00c3O N\u00c3O UNIFORME EM MEIO ESTRATIFICADO<\/legend>\n<p style=\"text-align: left\"><strong>Autor: Yasletty Zamora Hernandez<\/strong><br \/>\n<strong>Orientador:<\/strong> Prof. Aldo Durand Farf\u00e1n<br \/>\n<strong>\u00c1rea de Concentra\u00e7\u00e3o:<\/strong> Geotecnia<br \/>\n<strong>Situa\u00e7\u00e3o:<\/strong> Conclu\u00edda \u2013 Janeiro \u2013 2021<br \/>\n<a href=\"https:\/\/uenf.br\/posgraduacao\/engenharia-civil\/wp-content\/uploads\/sites\/3\/2022\/10\/Tese_YaslettyZamorra-H-LECIV-UENF.pdf\">Tese<\/a><\/p>\n<\/fieldset>\n<p>&nbsp;<\/p>\n<fieldset>\n<legend>CARACTERIZA\u00c7\u00c3O MICROESTRUTURAL, F\u00cdSICO-MEC\u00c2NICA E DURABILIDADE DE ROCHAS ORNAMENTAIS FLUMINENSES<\/legend>\n<p style=\"text-align: left\"><strong>Autor: Kelly de Oliveira Borges da Costa<\/strong><br \/>\n<strong>Orientador:<\/strong> Prof. Gustavo de Castro Xavier<br \/>\n<strong>\u00c1rea de Concentra\u00e7\u00e3o:<\/strong> Geotecnia<br \/>\n<strong>Situa\u00e7\u00e3o:<\/strong> Conclu\u00edda \u2013 Novembro \u2013 2021<br \/>\n<a href=\"https:\/\/uenf.br\/posgraduacao\/engenharia-civil\/wp-content\/uploads\/sites\/3\/2022\/10\/Tese_Kelly-de-Oliveira-Borges-da-Costa.pdf\">Tese<\/a><\/p>\n<\/fieldset>\n<p>&nbsp;<\/p>\n<fieldset>\n<legend>INFLU\u00caNCIA DA DIATOMITA NA REOLOGIA E HIDRATA\u00c7\u00c3O DE PASTAS CIMENT\u00cdCIAS E NAS PROPRIEDADES DE ARGAMASSAS DE ALTA RESIST\u00caNCIA<\/legend>\n<p style=\"text-align: left\"><strong>Autor: Ana Am\u00e9lia Mota dos Santos<\/strong><br \/>\n<strong>Orientador:<\/strong> Prof. Guilherme Chagas Cordeiro<br \/>\n<strong>\u00c1rea de Concentra\u00e7\u00e3o:<\/strong> Estruturas<br \/>\n<strong>Situa\u00e7\u00e3o:<\/strong> Conclu\u00edda \u2013 Dezembro \u2013 2021<\/p>\n<p style=\"text-align: left\"><a href=\"https:\/\/uenf.br\/posgraduacao\/engenharia-civil\/wp-content\/uploads\/sites\/3\/2023\/04\/DSc_Ana_Amelia.pdf\">Tese<\/a><\/p>\n<\/fieldset>\n<p>&nbsp;<\/p>\n<fieldset>\n<legend>ESTUDO EXPERIMENTAL DOS EFEITOS DA CORROS\u00c3O EM ELEMENTOS PR\u00c9-TRACIONADOS PRODUZIDOS COM CONCRETO<\/legend>\n<p style=\"text-align: left\"><strong>Autor: Diogo Pereira dos Santos Kropf<\/strong><br \/>\n<strong>Orientador:<\/strong> Prof. Sergio Luis Gonz\u00e1lez Garcia<br \/>\n<strong>\u00c1rea de Concentra\u00e7\u00e3o:<\/strong> Estruturas<br \/>\n<strong>Situa\u00e7\u00e3o:<\/strong> Conclu\u00edda \u2013 Dezembro \u2013 2021<br \/>\n<a href=\"https:\/\/uenf.br\/posgraduacao\/engenharia-civil\/wp-content\/uploads\/sites\/3\/2022\/10\/TESE_DIOGO_PEREIRA_KROPF.pdf\">Tese<\/a><\/p>\n<\/fieldset>\n<p><\/p>","protected":false},"excerpt":{"rendered":"<p>&nbsp; AN\u00c1LISE NUM\u00c9RICA TRIDIMENSIONAL DA ESTABILIDADE DA FACE DE ESCAVA\u00c7\u00c3O DE T\u00daNEIS COM PRESSURIZA\u00c7\u00c3O N\u00c3O UNIFORME EM MEIO ESTRATIFICADO Autor:&#8230;<\/p>\n","protected":false},"author":7,"featured_media":0,"parent":0,"menu_order":0,"comment_status":"closed","ping_status":"closed","template":"","meta":{"footnotes":""},"class_list":["post-3260","page","type-page","status-publish","hentry"],"_links":{"self":[{"href":"https:\/\/uenf.br\/posgraduacao\/engenharia-civil\/wp-json\/wp\/v2\/pages\/3260","targetHints":{"allow":["GET"]}}],"collection":[{"href":"https:\/\/uenf.br\/posgraduacao\/engenharia-civil\/wp-json\/wp\/v2\/pages"}],"about":[{"href":"https:\/\/uenf.br\/posgraduacao\/engenharia-civil\/wp-json\/wp\/v2\/types\/page"}],"author":[{"embeddable":true,"href":"https:\/\/uenf.br\/posgraduacao\/engenharia-civil\/wp-json\/wp\/v2\/users\/7"}],"replies":[{"embeddable":true,"href":"https:\/\/uenf.br\/posgraduacao\/engenharia-civil\/wp-json\/wp\/v2\/comments?post=3260"}],"version-history":[{"count":0,"href":"https:\/\/uenf.br\/posgraduacao\/engenharia-civil\/wp-json\/wp\/v2\/pages\/3260\/revisions"}],"wp:attachment":[{"href":"https:\/\/uenf.br\/posgraduacao\/engenharia-civil\/wp-json\/wp\/v2\/media?parent=3260"}],"curies":[{"name":"wp","href":"https:\/\/api.w.org\/{rel}","templated":true}]}}