{"id":3451,"date":"2023-11-13T18:55:53","date_gmt":"2023-11-13T18:55:53","guid":{"rendered":"https:\/\/uenf.br\/posgraduacao\/engenharia-civil\/?page_id=3451"},"modified":"2023-11-14T17:53:00","modified_gmt":"2023-11-14T17:53:00","slug":"prof-niander-de-aguiar-cerqueira","status":"publish","type":"page","link":"https:\/\/uenf.br\/posgraduacao\/engenharia-civil\/prof-niander-de-aguiar-cerqueira\/","title":{"rendered":"Prof. Niander de Aguiar Cerqueira"},"content":{"rendered":"<p><strong><a href=\"https:\/\/uenf.br\/posgraduacao\/engenharia-civil\/wp-content\/uploads\/sites\/3\/2023\/11\/9alopxic7xyzuugdacsj2ymupuy9.jpg\"><img loading=\"lazy\" decoding=\"async\" class=\"alignnone wp-image-3469\" src=\"https:\/\/uenf.br\/posgraduacao\/engenharia-civil\/wp-content\/uploads\/sites\/3\/2023\/11\/9alopxic7xyzuugdacsj2ymupuy9-257x300.jpg\" alt=\"\" width=\"221\" height=\"258\" srcset=\"https:\/\/uenf.br\/posgraduacao\/engenharia-civil\/wp-content\/uploads\/sites\/3\/2023\/11\/9alopxic7xyzuugdacsj2ymupuy9-257x300.jpg 257w, https:\/\/uenf.br\/posgraduacao\/engenharia-civil\/wp-content\/uploads\/sites\/3\/2023\/11\/9alopxic7xyzuugdacsj2ymupuy9.jpg 342w\" sizes=\"auto, (max-width: 221px) 100vw, 221px\" \/><\/a><a href=\"https:\/\/uenf.br\/posgraduacao\/engenharia-civil\/wp-content\/uploads\/sites\/3\/2023\/11\/xxx-1.png\"><img loading=\"lazy\" decoding=\"async\" class=\"alignnone wp-image-3485\" src=\"https:\/\/uenf.br\/posgraduacao\/engenharia-civil\/wp-content\/uploads\/sites\/3\/2023\/11\/xxx-1-297x300.png\" alt=\"\" width=\"181\" height=\"183\" srcset=\"https:\/\/uenf.br\/posgraduacao\/engenharia-civil\/wp-content\/uploads\/sites\/3\/2023\/11\/xxx-1-297x300.png 297w, https:\/\/uenf.br\/posgraduacao\/engenharia-civil\/wp-content\/uploads\/sites\/3\/2023\/11\/xxx-1.png 350w\" sizes=\"auto, (max-width: 181px) 100vw, 181px\" \/><\/a>E-mail:<\/strong> niander@uenf.br<\/p>\n<p><strong>Telefone:<\/strong> +55 22 27397381<\/p>\n<p><strong>ResearcherID:<\/strong> <a href=\"https:\/\/www.researchid.co\/rid67312\">rid67312<\/a><\/p>\n<p><strong>Fator H = 4 <\/strong>Scopus (14\/11\/2023)<\/p>\n<p><strong>Setor:<\/strong> Estruturas<\/p>\n<p><strong>\u00c1reas de Atua\u00e7\u00e3o:<\/strong><br \/>\n&#8211; Mec\u00e2nica das Estruturas;<br \/>\n&#8211; Modelagem Experimental e Num\u00e9rica de Estruturas;<br \/>\n&#8211; Materiais e Componentes de Constru\u00e7\u00e3o;<br \/>\n&#8211; An\u00e1lise T\u00e9rmica e Din\u00e2mica de Estruturas.<\/p>\n<p><strong>Cinco publica\u00e7\u00f5es mais relevantes<\/strong><\/p>\n<ul>\n<li><strong>CERQUEIRA, N.A.<\/strong>; SOUZA, V.B; ALEXANDRE, J.; XAVIER, G.C.; FEDIUK, R.; MONTEIRO, S.N.; BARRETO, M.N.; AZEVEDO, A.R.G. <em>Mechanical Feasibility Study of Pressed and Burned Red Ceramic Blocks as Structural and Sealing Masonry. <\/em><strong><em>Materials<\/em>\u00a0<\/strong>(2022),\u00a0<em>15<\/em>, 5004. <a href=\"https:\/\/doi.org\/10.3390\/ma15145004\">https:\/\/doi.org\/10.3390\/ma15145004<\/a>.<\/li>\n<\/ul>\n<p>&nbsp;<\/p>\n<ul>\n<li><strong>CERQUEIRA, N.A.<\/strong>; MARVILA, M.T.; AZEVEDO, A.R.G.; ALEXANDRE, J.; XAVIER, G.C.; SOUZA, V.B. <em>Analysis of Deformability Modulus by Linear and Nonlinear Elastic Methods in Ceramic Structural Masonry and Mortars<\/em>. <strong>Cer\u00e2mica<\/strong>, (2020). 66(379), 229\u2013235. <a href=\"https:\/\/doi.org\/10.1590\/0366-69132020663792845\">https:\/\/doi.org\/10.1590\/0366-69132020663792845<\/a>.<\/li>\n<\/ul>\n<p>&nbsp;<\/p>\n<ul>\n<li>SANTOS, J.L.; <strong>CERQUEIRA, N.A.<\/strong>; AZEVEDO, A.R.G.; COSTA, A.M.; MARVILA, M.T., CECCHIN, D.; GOMES, M.Z.; MONTEIRO, S.N. <em>Waste of Civil Construction for Use in Mortar and Production of Structural Concrete<\/em>. <strong>MSF<\/strong> (2020) 1012, 215\u2013220. <a href=\"https:\/\/doi.org\/10.4028\/www.scientific.net\/msf.1012.215\">https:\/\/doi.org\/10.4028\/www.scientific.net\/msf.1012.215<\/a>.<\/li>\n<\/ul>\n<p>&nbsp;<\/p>\n<ul>\n<li>CORDEIRO, M.H.; SOUZA, V.B.; LIMA, A.C.; <strong>CERQUEIRA, N.A.<\/strong> (2021). <em>Analysis of the Elasto-Plastic Behavior of SAE 1045 Steel Submitted to Cyclic Loads<\/em>. In: Li, J.,\u00a0et al.\u00a0<strong>Characterization of Minerals, Metals, and Materials 2021. The Minerals, Metals &amp; Materials Series<\/strong>. Springer, Cham. <a href=\"https:\/\/doi.org\/10.1007\/978-3-030-65493-1_6\">https:\/\/doi.org\/10.1007\/978-3-030-65493-1_6<\/a>.<\/li>\n<\/ul>\n<p>&nbsp;<\/p>\n<ul>\n<li>LOPES, L.A.S.; AZEVEDO, D.A.; GALLO, D.P.; <strong>CERQUEIRA, N.A.<\/strong>; SOUZA, V.B. <em>An\u00e1lise por Elementos Finitos de um P\u00f3rtico Rolante para Eleva\u00e7\u00e3o de Cargas, de Acordo com os Crit\u00e9rios da NBR 8400. <\/em><strong>REINPEC &#8211; Revista Interdisciplinar do Pensamento Cient\u00edfico<\/strong> (2020). Volume 06, S\u00e9rie 02. <a href=\"http:\/\/reinpec.cc\/index.php\/reinpec\/article\/view\/604\">http:\/\/reinpec.cc\/index.php\/reinpec\/article\/view\/604<\/a>.<\/li>\n<\/ul>\n<p>&nbsp;<\/p>\n<h3><a href=\"http:\/\/lattes.cnpq.br\/1313037582197604\">Curr\u00edculo Lattes<\/a><\/h3>\n<p><\/p>","protected":false},"excerpt":{"rendered":"<p>E-mail: niander@uenf.br Telefone: +55 22 27397381 ResearcherID: rid67312 Fator H = 4 Scopus (14\/11\/2023) Setor: Estruturas \u00c1reas de Atua\u00e7\u00e3o: &#8211;&#8230;<\/p>\n","protected":false},"author":7,"featured_media":0,"parent":0,"menu_order":0,"comment_status":"closed","ping_status":"closed","template":"","meta":{"footnotes":""},"class_list":["post-3451","page","type-page","status-publish","hentry"],"_links":{"self":[{"href":"https:\/\/uenf.br\/posgraduacao\/engenharia-civil\/wp-json\/wp\/v2\/pages\/3451","targetHints":{"allow":["GET"]}}],"collection":[{"href":"https:\/\/uenf.br\/posgraduacao\/engenharia-civil\/wp-json\/wp\/v2\/pages"}],"about":[{"href":"https:\/\/uenf.br\/posgraduacao\/engenharia-civil\/wp-json\/wp\/v2\/types\/page"}],"author":[{"embeddable":true,"href":"https:\/\/uenf.br\/posgraduacao\/engenharia-civil\/wp-json\/wp\/v2\/users\/7"}],"replies":[{"embeddable":true,"href":"https:\/\/uenf.br\/posgraduacao\/engenharia-civil\/wp-json\/wp\/v2\/comments?post=3451"}],"version-history":[{"count":0,"href":"https:\/\/uenf.br\/posgraduacao\/engenharia-civil\/wp-json\/wp\/v2\/pages\/3451\/revisions"}],"wp:attachment":[{"href":"https:\/\/uenf.br\/posgraduacao\/engenharia-civil\/wp-json\/wp\/v2\/media?parent=3451"}],"curies":[{"name":"wp","href":"https:\/\/api.w.org\/{rel}","templated":true}]}}