{"id":3455,"date":"2023-11-13T19:03:37","date_gmt":"2023-11-13T19:03:37","guid":{"rendered":"https:\/\/uenf.br\/posgraduacao\/engenharia-civil\/?page_id=3455"},"modified":"2023-12-05T18:21:54","modified_gmt":"2023-12-05T18:21:54","slug":"prof-rances-castillo-lara","status":"publish","type":"page","link":"https:\/\/uenf.br\/posgraduacao\/engenharia-civil\/prof-rances-castillo-lara\/","title":{"rendered":"Prof. Ranc\u00e9s Castillo Lara"},"content":{"rendered":"<p><a href=\"https:\/\/uenf.br\/posgraduacao\/engenharia-civil\/wp-content\/uploads\/sites\/3\/2023\/11\/Foto-site.jpg\"><img loading=\"lazy\" decoding=\"async\" class=\"alignnone wp-image-3462\" src=\"https:\/\/uenf.br\/posgraduacao\/engenharia-civil\/wp-content\/uploads\/sites\/3\/2023\/11\/Foto-site-300x262.jpg\" alt=\"\" width=\"256\" height=\"224\" srcset=\"https:\/\/uenf.br\/posgraduacao\/engenharia-civil\/wp-content\/uploads\/sites\/3\/2023\/11\/Foto-site-300x262.jpg 300w, https:\/\/uenf.br\/posgraduacao\/engenharia-civil\/wp-content\/uploads\/sites\/3\/2023\/11\/Foto-site.jpg 737w\" sizes=\"auto, (max-width: 256px) 100vw, 256px\" \/><\/a><\/p>\n<p><strong><a href=\"https:\/\/uenf.br\/posgraduacao\/engenharia-civil\/wp-content\/uploads\/sites\/3\/2023\/11\/QR_Rances.png\"><img loading=\"lazy\" decoding=\"async\" class=\"alignnone wp-image-3459\" src=\"https:\/\/uenf.br\/posgraduacao\/engenharia-civil\/wp-content\/uploads\/sites\/3\/2023\/11\/QR_Rances-300x300.png\" alt=\"\" width=\"187\" height=\"187\" srcset=\"https:\/\/uenf.br\/posgraduacao\/engenharia-civil\/wp-content\/uploads\/sites\/3\/2023\/11\/QR_Rances-300x300.png 300w, https:\/\/uenf.br\/posgraduacao\/engenharia-civil\/wp-content\/uploads\/sites\/3\/2023\/11\/QR_Rances-150x150.png 150w, https:\/\/uenf.br\/posgraduacao\/engenharia-civil\/wp-content\/uploads\/sites\/3\/2023\/11\/QR_Rances.png 500w\" sizes=\"auto, (max-width: 187px) 100vw, 187px\" \/><\/a>E-mail:<\/strong> rcl@uenf.br<\/p>\n<p><strong>Telefone:<\/strong> +55 22 27397380<\/p>\n<p><strong>ResearcherID:<\/strong> <a href=\"https:\/\/www.webofscience.com\/wos\/author\/record\/G-9012-2015\">G-9012-2015<\/a><\/p>\n<p><strong>Fator H = 3<\/strong> Scopus (36 cita\u00e7\u00f5es, 26\/10\/2023)<\/p>\n<p><strong>Setor:<\/strong> Estruturas<\/p>\n<p><strong>\u00c1reas de Atua\u00e7\u00e3o:<\/strong><\/p>\n<ul>\n<li>An\u00e1lise macro-microestructural do concreto;<\/li>\n<li>Cimento de argila calcinada e cali\u00e7a;<\/li>\n<li>Durabilidade do concreto;<\/li>\n<li>Materiais ciment\u00edcios fotocatal\u00edticos;<\/li>\n<li>Materiais ciment\u00edcios suplementares.<\/li>\n<\/ul>\n<p><strong>Cinco publica\u00e7\u00f5es mais relevantes:<\/strong><\/p>\n<ul>\n<li><strong>R.C. Lara<\/strong>, G. de Castro Xavier, M.C. Canela, J.A. Carvalho, J. Alexandre, A.R.G. de Azevedo, Characterization and photocatalytic performance of cement mortars with incorporation of TiO2 and mineral admixtures, <strong>Environmental Science and Pollution Research<\/strong>. 30 (2023) 95537\u201395549. <a href=\"https:\/\/doi.org\/10.1007\/s11356-023-29084-6\">https:\/\/doi.org\/10.1007\/s11356-023-29084-6<\/a><\/li>\n<\/ul>\n<p>&nbsp;<\/p>\n<ul>\n<li>A. Miranda de Souza, J.M. Franco de Carvalho, I.L. Salgado, C.F.R. Santos, F.A. Ferreira, L.G. Pedroti, <strong>R.C. Lara<\/strong>, R.A.F. Peixoto, Influence of filler\/cement and powder\/total solids on the mixture design of self-compacting micro-concretes containing waste from the ornamental stone industry, <strong>Construction and Building Materials<\/strong>. 407 (2023) 133445. <a href=\"https:\/\/doi.org\/10.1016\/j.conbuildmat.2023.133445\">https:\/\/doi.org\/10.1016\/j.conbuildmat.2023.133445<\/a><\/li>\n<\/ul>\n<p>&nbsp;<\/p>\n<ul>\n<li><strong>R. Castillo Lara<\/strong>, G. Chagas Cordeiro, Effect of Rice Husk Ash as Supplementary Cementitious Material on the Performance of Cement-Based Pastes Continuously Exposed to Organic Acid Solution (Vinasse), <strong>Journal of Materials in Civil Engineering<\/strong>. 31 (2019) 04019102. <a href=\"https:\/\/doi.org\/10.1061\/(ASCE)MT.1943-5533.0002739\">https:\/\/doi.org\/10.1061\/(ASCE)MT.1943-5533.0002739<\/a><\/li>\n<\/ul>\n<p>&nbsp;<\/p>\n<ul>\n<li><strong>R.C. Lara<\/strong>, M. Antoni, A.A. D\u00edaz, K. Scrivener, J.F.M. Hern\u00e1ndez, Study of the addition of calcined clays in the durability of concrete, <strong>Revista Ingenieria de Construccion<\/strong>. 26 (2011) 25\u201340. <a href=\"https:\/\/doi.org\/10.4067\/S0718-50732011000100002\">https:\/\/doi.org\/10.4067\/S0718-50732011000100002<\/a><\/li>\n<\/ul>\n<p>&nbsp;<\/p>\n<ul>\n<li><strong>R. Castillo Lara<\/strong>, J.F. Martirena Hern\u00e1ndez, K. Scrivener, M. Antoni, Evaluation of calcined clayey soils as supplementary cementitious material, in: Cementing a Sustainable Future, <strong>XIII ICCC International Congress on the Chemistry of Cement<\/strong> &#8211; Abstracts and Proceedings, Madrid, Spain, 2011.<\/li>\n<\/ul>\n<p>&nbsp;<\/p>\n<h3><a href=\"http:\/\/lattes.cnpq.br\/3319710041908017\">Curr\u00edculo Lattes<\/a><\/h3>\n<p><\/p>","protected":false},"excerpt":{"rendered":"<p>E-mail: rcl@uenf.br Telefone: +55 22 27397380 ResearcherID: G-9012-2015 Fator H = 3 Scopus (36 cita\u00e7\u00f5es, 26\/10\/2023) Setor: Estruturas \u00c1reas de&#8230;<\/p>\n","protected":false},"author":7,"featured_media":0,"parent":0,"menu_order":0,"comment_status":"closed","ping_status":"closed","template":"","meta":{"footnotes":""},"class_list":["post-3455","page","type-page","status-publish","hentry"],"_links":{"self":[{"href":"https:\/\/uenf.br\/posgraduacao\/engenharia-civil\/wp-json\/wp\/v2\/pages\/3455","targetHints":{"allow":["GET"]}}],"collection":[{"href":"https:\/\/uenf.br\/posgraduacao\/engenharia-civil\/wp-json\/wp\/v2\/pages"}],"about":[{"href":"https:\/\/uenf.br\/posgraduacao\/engenharia-civil\/wp-json\/wp\/v2\/types\/page"}],"author":[{"embeddable":true,"href":"https:\/\/uenf.br\/posgraduacao\/engenharia-civil\/wp-json\/wp\/v2\/users\/7"}],"replies":[{"embeddable":true,"href":"https:\/\/uenf.br\/posgraduacao\/engenharia-civil\/wp-json\/wp\/v2\/comments?post=3455"}],"version-history":[{"count":0,"href":"https:\/\/uenf.br\/posgraduacao\/engenharia-civil\/wp-json\/wp\/v2\/pages\/3455\/revisions"}],"wp:attachment":[{"href":"https:\/\/uenf.br\/posgraduacao\/engenharia-civil\/wp-json\/wp\/v2\/media?parent=3455"}],"curies":[{"name":"wp","href":"https:\/\/api.w.org\/{rel}","templated":true}]}}