{"id":3477,"date":"2023-11-13T20:27:07","date_gmt":"2023-11-13T20:27:07","guid":{"rendered":"https:\/\/uenf.br\/posgraduacao\/engenharia-civil\/?page_id=3477"},"modified":"2025-02-04T22:58:39","modified_gmt":"2025-02-04T22:58:39","slug":"2023-2","status":"publish","type":"page","link":"https:\/\/uenf.br\/posgraduacao\/engenharia-civil\/2023-2\/","title":{"rendered":"2023"},"content":{"rendered":"<p><\/p>\n<fieldset>\n<legend>CINZA POZOL\u00c2NICA DA FOLHA DE BAMBU: PRODU\u00c7\u00c3O E DESEMPENHO EM MATRIZES CIMENT\u00cdCIAS<\/legend>\n<p style=\"text-align: left\"><strong>Autor: Laura Ferreira Velasco<\/strong><br \/>\n<strong>Orientador:<\/strong> Prof. Guilherme Chagas Cordeiro<br \/>\n<strong>\u00c1rea de Concentra\u00e7\u00e3o:<\/strong> Estruturas<br \/>\n<strong>Situa\u00e7\u00e3o:<\/strong> Conclu\u00edda &#8211; Agosto &#8211; 2023<br \/>\n<a href=\"https:\/\/uenf.br\/posgraduacao\/engenharia-civil\/wp-content\/uploads\/sites\/3\/2023\/11\/Dissertacao.pdf\">Disserta\u00e7\u00e3o<\/a><\/p>\n<\/fieldset>\n<p>&nbsp;<\/p>\n<fieldset>\n<legend>PRODU\u00c7\u00c3O E APLICA\u00c7\u00c3O EM SISTEMAS CIMENT\u00cdCIOS DE CINZAS LEVES DO BAGA\u00c7O DE CANA-DE-A\u00c7\u00daCAR COM DIFERENTES GRANULOMETRIAS<\/legend>\n<p style=\"text-align: left\"><strong>Autor: Ketlynn Passos Alvarenga<\/strong><br \/>\n<strong>Orientador:<\/strong> Prof. Guilherme Chagas Cordeiro<br \/>\n<strong>\u00c1rea de Concentra\u00e7\u00e3o:<\/strong> Estruturas<br \/>\n<strong>Situa\u00e7\u00e3o:<\/strong> Conclu\u00edda &#8211; Agosto &#8211; 2023<br \/>\n<a href=\"https:\/\/uenf.br\/posgraduacao\/engenharia-civil\/wp-content\/uploads\/sites\/3\/2023\/11\/Dissertacao_Ketlynn_Passos_Alvarenga.pdf\">Disserta\u00e7\u00e3o<\/a><\/p>\n<\/fieldset>\n<p>&nbsp;<\/p>\n<fieldset>\n<legend>L\u00d3GICA FUZZY APLICADA NA AVALIA\u00c7\u00c3O DE VIABILIDADE DA UTILIZA\u00c7\u00c3O DE FUNDA\u00c7\u00d5ES RASAS EM MACI\u00c7OS REFOR\u00c7ADOS COM GEOGRELHA<\/legend>\n<p style=\"text-align: left\"><strong>Autor: Renan Barbosa Neves<\/strong><br \/>\n<strong>Orientador:<\/strong> Prof. Paulo C\u00e9sar de Almeida Maia<br \/>\n<strong>\u00c1rea de Concentra\u00e7\u00e3o:<\/strong> Geotecnia<br \/>\n<strong>Situa\u00e7\u00e3o:<\/strong> Conclu\u00edda &#8211; Agosto &#8211; 2023<br \/>\n<a href=\"http:\/\/uenf.br\/posgraduacao\/engenharia-civil\/wp-content\/uploads\/sites\/3\/2025\/02\/Dissertacao-7.pdf\">Disserta\u00e7\u00e3o<\/a><\/p>\n<\/fieldset>\n<p>&nbsp;<\/p>\n<fieldset>\n<legend>ESTUDO DE EFEITO ESCALA NA MODELAGEM F\u00cdSICA DE ESCORREGAMENTOS SUBMARINOS EM CENTR\u00cdFUGA GEOT\u00c9CNICA<\/legend>\n<p style=\"text-align: left\"><strong>Autor: Danielle Silva Lopes de Andrade<\/strong><br \/>\n<strong>Orientador:<\/strong> Prof. Fernando Saboya Albuquerque Jr.<br \/>\n<strong>\u00c1rea de Concentra\u00e7\u00e3o:<\/strong> Geotecnia<br \/>\n<strong>Situa\u00e7\u00e3o:<\/strong> Conclu\u00edda &#8211; Setembro &#8211; 2023<br \/>\n<a href=\"http:\/\/uenf.br\/posgraduacao\/engenharia-civil\/wp-content\/uploads\/sites\/3\/2025\/02\/Dissertacao-8.pdf\">Disserta\u00e7\u00e3o<\/a><\/p>\n<\/fieldset>\n<p>&nbsp;<\/p>\n<fieldset>\n<legend>DESENVOLVIMENTO DE ARGAMASSAS COLANTES COM INCORPORA\u00c7\u00c3O DE RES\u00cdDUOS DO BENEFICIAMENTO DE ROCHAS ORNAMENTAIS<\/legend>\n<p style=\"text-align: left\"><strong>Autor: Marilucia dos Santos da Silva<\/strong><br \/>\n<strong>Orientador:<\/strong> Prof. Jonas Alexandre<br \/>\n<strong>\u00c1rea de Concentra\u00e7\u00e3o:<\/strong> Estruturas<br \/>\n<strong>Situa\u00e7\u00e3o:<\/strong> Conclu\u00edda &#8211; Setembro &#8211; 2023<br \/>\n<a href=\"http:\/\/uenf.br\/posgraduacao\/engenharia-civil\/wp-content\/uploads\/sites\/3\/2025\/02\/Dissertacao-9.pdf\">Disserta\u00e7\u00e3o<\/a><\/p>\n<\/fieldset>\n<p>&nbsp;<\/p>\n<fieldset>\n<legend>ESTUDO BIBLIOM\u00c9TRICO SOBRE MATERIAIS \u00c1LCALI-ATIVADOS E GEOPOLIM\u00c9RICOS NA REGI\u00c3O SUDESTE DO BRASIL<\/legend>\n<p style=\"text-align: left\"><strong>Autor: Ra\u00edza de Oliveira Machado<\/strong><br \/>\n<strong>Orientador:<\/strong> Prof. Dylmar Penteado Dias<br \/>\n<strong>\u00c1rea de Concentra\u00e7\u00e3o:<\/strong> Estruturas<br \/>\n<strong>Situa\u00e7\u00e3o:<\/strong> Conclu\u00edda &#8211; Setembro &#8211; 2023<br \/>\n<a href=\"http:\/\/uenf.br\/posgraduacao\/engenharia-civil\/wp-content\/uploads\/sites\/3\/2025\/02\/Dissertacao-10.pdf\">Disserta\u00e7\u00e3o<\/a><\/p>\n<\/fieldset>\n<p>&nbsp;<\/p>\n<fieldset>\n<legend>RESIST\u00caNCIA, FORMA DE PART\u00cdCULAS POR AIMS2 E CONDUTIVIDADE HIDR\u00c1ULICA DE ROCHAS VISANDO LASTRO AP\u00d3S ATAQUE POR SULFATO DE S\u00d3DIO<\/legend>\n<p style=\"text-align: left\"><strong>Autor: Rodolpho Nascimento de Souza<\/strong><br \/>\n<strong>Orientador:<\/strong> Prof. Gustavo de Castro Xavier<br \/>\n<strong>\u00c1rea de Concentra\u00e7\u00e3o:<\/strong> Geotecnia<br \/>\n<strong>Situa\u00e7\u00e3o:<\/strong> Conclu\u00edda &#8211; Setembro &#8211; 2023<br \/>\n<a href=\"http:\/\/uenf.br\/posgraduacao\/engenharia-civil\/wp-content\/uploads\/sites\/3\/2025\/02\/Dissertacao-11.pdf\">Disserta\u00e7\u00e3o<\/a><\/p>\n<\/fieldset>\n<p>&nbsp;<\/p>\n<fieldset><\/fieldset>\n<p><\/p>","protected":false},"excerpt":{"rendered":"<p>CINZA POZOL\u00c2NICA DA FOLHA DE BAMBU: PRODU\u00c7\u00c3O E DESEMPENHO EM MATRIZES CIMENT\u00cdCIAS Autor: Laura Ferreira Velasco Orientador: Prof. Guilherme Chagas&#8230;<\/p>\n","protected":false},"author":7,"featured_media":0,"parent":0,"menu_order":0,"comment_status":"closed","ping_status":"closed","template":"","meta":{"footnotes":""},"class_list":["post-3477","page","type-page","status-publish","hentry"],"_links":{"self":[{"href":"https:\/\/uenf.br\/posgraduacao\/engenharia-civil\/wp-json\/wp\/v2\/pages\/3477","targetHints":{"allow":["GET"]}}],"collection":[{"href":"https:\/\/uenf.br\/posgraduacao\/engenharia-civil\/wp-json\/wp\/v2\/pages"}],"about":[{"href":"https:\/\/uenf.br\/posgraduacao\/engenharia-civil\/wp-json\/wp\/v2\/types\/page"}],"author":[{"embeddable":true,"href":"https:\/\/uenf.br\/posgraduacao\/engenharia-civil\/wp-json\/wp\/v2\/users\/7"}],"replies":[{"embeddable":true,"href":"https:\/\/uenf.br\/posgraduacao\/engenharia-civil\/wp-json\/wp\/v2\/comments?post=3477"}],"version-history":[{"count":0,"href":"https:\/\/uenf.br\/posgraduacao\/engenharia-civil\/wp-json\/wp\/v2\/pages\/3477\/revisions"}],"wp:attachment":[{"href":"https:\/\/uenf.br\/posgraduacao\/engenharia-civil\/wp-json\/wp\/v2\/media?parent=3477"}],"curies":[{"name":"wp","href":"https:\/\/api.w.org\/{rel}","templated":true}]}}