{"id":3497,"date":"2023-12-04T13:59:17","date_gmt":"2023-12-04T13:59:17","guid":{"rendered":"https:\/\/uenf.br\/posgraduacao\/engenharia-civil\/?page_id=3497"},"modified":"2025-09-29T03:10:33","modified_gmt":"2025-09-29T03:10:33","slug":"processos-seletivos-encerrados","status":"publish","type":"page","link":"https:\/\/uenf.br\/posgraduacao\/engenharia-civil\/processos-seletivos-encerrados\/","title":{"rendered":"Processos seletivos encerrados"},"content":{"rendered":"<p><\/p>\n<h1><strong>Processo seletivo para DOUTORADO 2025.2<\/strong><\/h1>\n<table style=\"height: 238px\" width=\"686\">\n<tbody>\n<tr>\n<td width=\"181\">Candidato(a)<\/td>\n<td width=\"91\">Avalia\u00e7\u00e3o de t\u00edtulos (NH)<\/td>\n<td width=\"117\">Nota do Projeto de Pesquisa (NP)<\/td>\n<td width=\"91\">Nota final<\/td>\n<td width=\"94\">Resultado<\/td>\n<\/tr>\n<tr>\n<td width=\"181\">Jonathan de Andrade Paula Madalena<\/td>\n<td width=\"91\">8,3<\/td>\n<td width=\"117\">7,5<\/td>\n<td width=\"91\">7,8<\/td>\n<td width=\"94\">Aprovado(a)<\/td>\n<\/tr>\n<tr>\n<td width=\"181\">Keize Delvalle dos Santos Ferraz Cereja<\/td>\n<td width=\"91\">4,7<\/td>\n<td width=\"117\">7,2<\/td>\n<td width=\"91\">6,2<\/td>\n<td width=\"94\">Aprovado(a)<\/td>\n<\/tr>\n<\/tbody>\n<\/table>\n<h1>____________________________________________<\/h1>\n<h1><strong>Processo seletivo para MESTRADO 2025.2<\/strong><\/h1>\n<table style=\"height: 376px\" width=\"689\">\n<tbody>\n<tr>\n<td width=\"181\">Candidato(a)<\/td>\n<td width=\"91\">Nota da prova (NP)<\/td>\n<td width=\"117\">Avalia\u00e7\u00e3o de t\u00edtulos (NH)<\/td>\n<td width=\"91\">Nota final<\/td>\n<td width=\"94\">Resultado<\/td>\n<\/tr>\n<tr>\n<td width=\"181\">Andressa Maria dos Santos<\/td>\n<td width=\"91\">6,5<\/td>\n<td width=\"117\">3,0<\/td>\n<td width=\"91\">5,5<\/td>\n<td width=\"94\">Aprovado(a)<\/td>\n<\/tr>\n<tr>\n<td width=\"181\">Matheus Crespo de Oliveira<\/td>\n<td width=\"91\">1,5<\/td>\n<td width=\"117\">&#8211;<\/td>\n<td width=\"91\">&#8211;<\/td>\n<td width=\"94\">Reprovado(a)<\/td>\n<\/tr>\n<tr>\n<td width=\"181\">Matheus do Nascimento Silva<\/td>\n<td width=\"91\">7,5<\/td>\n<td width=\"117\">6,0<\/td>\n<td width=\"91\">7,1<\/td>\n<td width=\"94\">Aprovado(a)<\/td>\n<\/tr>\n<tr>\n<td width=\"181\">Thayane dos Santos Siguimarina<\/td>\n<td width=\"91\">1,2<\/td>\n<td width=\"117\">&#8211;<\/td>\n<td width=\"91\">&#8211;<\/td>\n<td width=\"94\">Reprovado(a)<\/td>\n<\/tr>\n<\/tbody>\n<\/table>\n<p>&nbsp;<\/p>\n<h1>___________________________________________<\/h1>\n<h1><\/h1>\n<h1><strong>Processo seletivo para DOUTORADO 2025.1<\/strong><\/h1>\n<p>&nbsp;<\/p>\n<table>\n<tbody>\n<tr>\n<td width=\"158\"><strong>Candidato(a)<\/strong><\/td>\n<td width=\"109\"><strong>Avalia\u00e7\u00e3o de t\u00edtulos (NH)<\/strong><\/td>\n<td width=\"108\"><strong>Nota do Projeto de Pesquisa (NP)<\/strong><\/td>\n<td width=\"100\"><strong>Nota Final<\/strong><\/td>\n<td width=\"91\"><strong>Resultado<\/strong><\/td>\n<\/tr>\n<tr>\n<td width=\"158\">Ana Carolina Lemos de Souza Pessanha<\/td>\n<td width=\"109\">4,6<\/td>\n<td width=\"108\">7,8<\/td>\n<td width=\"100\"><strong>6,5<\/strong><\/td>\n<td width=\"91\"><strong>Aprovada<\/strong><\/td>\n<\/tr>\n<tr>\n<td width=\"158\">Camyla Margarete Magalh\u00e3es de Oliveira<\/td>\n<td width=\"109\">3,2<\/td>\n<td width=\"108\">\u2013<\/td>\n<td width=\"100\">\u2013<\/td>\n<td width=\"91\"><strong>Reprovada<\/strong><\/td>\n<\/tr>\n<tr>\n<td width=\"158\">Danielle Silva Lopes Andrade<\/td>\n<td width=\"109\">2,6<\/td>\n<td width=\"108\">\u2013<\/td>\n<td width=\"100\">\u2013<\/td>\n<td width=\"91\"><strong>Reprovada<\/strong><\/td>\n<\/tr>\n<tr>\n<td width=\"158\">Leandro Rezende Cortez e Freitas<\/td>\n<td width=\"109\">4,4<\/td>\n<td width=\"108\">7,5<\/td>\n<td width=\"100\"><strong>6,3<\/strong><\/td>\n<td width=\"91\"><strong>Aprovado<\/strong><\/td>\n<\/tr>\n<tr>\n<td width=\"158\">Lucas Machado de Souza<\/td>\n<td width=\"109\">4,0<\/td>\n<td width=\"108\">6,9<\/td>\n<td width=\"100\"><strong>5,7<\/strong><\/td>\n<td width=\"91\"><strong>Aprovado<\/strong><\/td>\n<\/tr>\n<\/tbody>\n<\/table>\n<h1>____________________________________________<\/h1>\n<h1><strong>Processo seletivo para MESTRADO 2025.1<\/strong><\/h1>\n<p>&nbsp;<\/p>\n<p>&nbsp;<\/p>\n<table>\n<tbody>\n<tr>\n<td width=\"159\"><strong>Candidato(a)<\/strong><\/td>\n<td width=\"103\"><strong>Nota da Prova (NP)<\/strong><\/td>\n<td width=\"110\"><strong>Avalia\u00e7\u00e3o de t\u00edtulos (NH)<\/strong><\/td>\n<td width=\"101\"><strong>Nota Final<\/strong><\/td>\n<td width=\"93\"><strong>Resultado<\/strong><\/td>\n<\/tr>\n<tr>\n<td width=\"159\">Aline Santos Duarte Neves<\/td>\n<td width=\"103\">7,2<\/td>\n<td width=\"110\">2,0<\/td>\n<td width=\"101\"><strong>5,6<\/strong><\/td>\n<td width=\"93\"><strong>Aprovada<\/strong><\/td>\n<\/tr>\n<tr>\n<td width=\"159\">Andressa Maria dos Santos Ara\u00fajo<\/td>\n<td width=\"103\">3,0<\/td>\n<td width=\"110\">\u2013<\/td>\n<td width=\"101\">\u2013<\/td>\n<td width=\"93\"><strong>Reprovada<\/strong><\/td>\n<\/tr>\n<tr>\n<td width=\"159\">Gabrielly Rodriguez Meireles<\/td>\n<td width=\"103\">3,5<\/td>\n<td width=\"110\">\u2013<\/td>\n<td width=\"101\">\u2013<\/td>\n<td width=\"93\"><strong>Reprovada<\/strong><\/td>\n<\/tr>\n<tr>\n<td width=\"159\">La\u00eds Perse Severo Mendel<\/td>\n<td width=\"103\">2,5<\/td>\n<td width=\"110\">\u2013<\/td>\n<td width=\"101\">\u2013<\/td>\n<td width=\"93\"><strong>Reprovada<\/strong><\/td>\n<\/tr>\n<tr>\n<td width=\"159\">Matheus Silva Barcelos<\/td>\n<td width=\"103\">6,5<\/td>\n<td width=\"110\">2,3<\/td>\n<td width=\"101\"><strong>5,2<\/strong><\/td>\n<td width=\"93\"><strong>Aprovado<\/strong><\/td>\n<\/tr>\n<tr>\n<td width=\"159\">M\u00f4nica Nunes Lemos<\/td>\n<td width=\"103\">6,0<\/td>\n<td width=\"110\">7,4<\/td>\n<td width=\"101\"><strong>6,4<\/strong><\/td>\n<td width=\"93\"><strong>Aprovada<\/strong><\/td>\n<\/tr>\n<tr>\n<td width=\"159\">Rafael Viana Ferreira Lessa<\/td>\n<td width=\"103\">8,0<\/td>\n<td width=\"110\">5,6<\/td>\n<td width=\"101\"><strong>7,3<\/strong><\/td>\n<td width=\"93\"><strong>Aprovado<\/strong><\/td>\n<\/tr>\n<tr>\n<td width=\"159\">Vanessa Louren\u00e7o de Sousa<\/td>\n<td width=\"103\">1,0<\/td>\n<td width=\"110\">\u2013<\/td>\n<td width=\"101\">\u2013<\/td>\n<td width=\"93\"><strong>Reprovada<\/strong><\/td>\n<\/tr>\n<\/tbody>\n<\/table>\n<h1>____________________________________________<\/h1>\n<h1><strong>Resultado Final \u2013 Processo seletivo 2024.2<\/strong><\/h1>\n<h1>DOUTORADO<\/h1>\n<p>&nbsp;<\/p>\n<table>\n<tbody>\n<tr>\n<td width=\"158\"><strong>Candidato(a)<\/strong><\/td>\n<td width=\"109\"><strong>Avalia\u00e7\u00e3o de t\u00edtulos (NH)<\/strong><\/td>\n<td width=\"108\"><strong>Nota do Projeto de Pesquisa (NP)<\/strong><\/td>\n<td width=\"100\"><strong>Nota Final<\/strong><\/td>\n<td width=\"91\"><strong>Resultado<\/strong><\/td>\n<\/tr>\n<tr>\n<td width=\"158\">Mayara Silva de Almeida<\/td>\n<td width=\"109\">2,8<\/td>\n<td width=\"108\">\u2013<\/td>\n<td width=\"100\"><strong>\u2013<\/strong><\/td>\n<td width=\"91\"><strong>Reprovada<\/strong><\/td>\n<\/tr>\n<tr>\n<td width=\"158\">Rodolpho Nascimento de Souza<\/td>\n<td width=\"109\">4,0<\/td>\n<td width=\"108\">6,9<\/td>\n<td width=\"100\"><strong>5,7<\/strong><\/td>\n<td width=\"91\"><strong>Aprovado<\/strong><\/td>\n<\/tr>\n<\/tbody>\n<\/table>\n<h1>MESTRADO<\/h1>\n<p>&nbsp;<\/p>\n<table>\n<tbody>\n<tr>\n<td width=\"159\"><strong>Candidato(a)<\/strong><\/td>\n<td width=\"103\"><strong>Nota da Prova (NP)<\/strong><\/td>\n<td width=\"110\"><strong>Avalia\u00e7\u00e3o de t\u00edtulos (NH)<\/strong><\/td>\n<td width=\"101\"><strong>Nota Final<\/strong><\/td>\n<td width=\"93\"><strong>Resultado<\/strong><\/td>\n<\/tr>\n<tr>\n<td width=\"159\">Allisson Ant\u00f4nio Bispo de Campos<\/td>\n<td width=\"103\">6,8<\/td>\n<td width=\"110\">2,0<\/td>\n<td width=\"101\"><strong>5,4<\/strong><\/td>\n<td width=\"93\"><strong>Aprovado<\/strong><\/td>\n<\/tr>\n<tr>\n<td width=\"159\">Carlos Henrique Almeida Saraiva<\/td>\n<td width=\"103\">8,5<\/td>\n<td width=\"110\">6,0<\/td>\n<td width=\"101\"><strong>7,8<\/strong><\/td>\n<td width=\"93\"><strong>Aprovado<\/strong><\/td>\n<\/tr>\n<tr>\n<td width=\"159\">Gabrielly Rodriguez Meireles<\/td>\n<td width=\"103\">3,8<\/td>\n<td width=\"110\">\u2013<\/td>\n<td width=\"101\">\u2013<\/td>\n<td width=\"93\"><strong>Reprovada<\/strong><\/td>\n<\/tr>\n<tr>\n<td width=\"159\">Iracema Cravinho Mozelli<\/td>\n<td width=\"103\">6,0<\/td>\n<td width=\"110\">2,0<\/td>\n<td width=\"101\"><strong>4,8<\/strong><\/td>\n<td width=\"93\"><strong>Aprovada<\/strong><\/td>\n<\/tr>\n<tr>\n<td width=\"159\">Nat\u00e1lia de Souza Pinto<\/td>\n<td width=\"103\">6,5<\/td>\n<td width=\"110\">5,7<\/td>\n<td width=\"101\"><strong>6,3<\/strong><\/td>\n<td width=\"93\"><strong>Aprovada<\/strong><\/td>\n<\/tr>\n<tr>\n<td width=\"159\">Thierry Santos Deleze<\/td>\n<td width=\"103\">9,5<\/td>\n<td width=\"110\">2,0<\/td>\n<td width=\"101\"><strong>7,3<\/strong><\/td>\n<td width=\"93\"><strong>Aprovado<\/strong><\/td>\n<\/tr>\n<tr>\n<td width=\"159\">V\u00edvian de Melo Fonseca<\/td>\n<td width=\"103\">8,5<\/td>\n<td width=\"110\">1,0<\/td>\n<td width=\"101\"><strong>6,3<\/strong><\/td>\n<td width=\"93\"><strong>Aprovada<\/strong><\/td>\n<\/tr>\n<tr>\n<td width=\"159\">Vivyan Pinheiro Sim\u00e3o Ribeiro<\/td>\n<td width=\"103\">2,8<\/td>\n<td width=\"110\">\u2013<\/td>\n<td width=\"101\">\u2013<\/td>\n<td width=\"93\"><strong>Reprovada<\/strong><\/td>\n<\/tr>\n<\/tbody>\n<\/table>\n<h1>____________________________________________<\/h1>\n<h1><span style=\"color: #ff0000\"><strong>Resultados &#8211; Processo seletivo 2024.1<\/strong><\/span><\/h1>\n<h1><strong>Resultado final &#8211; DOUTORADO<\/strong><\/h1>\n<table>\n<tbody>\n<tr>\n<td width=\"158\"><strong>Candidato(a)<\/strong><\/td>\n<td width=\"109\"><strong>Avalia\u00e7\u00e3o de t\u00edtulos (NH)<\/strong><\/td>\n<td width=\"108\"><strong>Nota do Projeto de Pesquisa (NP)<\/strong><\/td>\n<td width=\"100\"><strong>Nota Final<\/strong><\/td>\n<td width=\"91\"><strong>Resultado<\/strong><\/td>\n<\/tr>\n<tr>\n<td width=\"158\">Fabr\u00edcio Lima Barbosa<\/td>\n<td width=\"109\">7,7<\/td>\n<td width=\"108\">9,6<\/td>\n<td width=\"100\"><strong>8,8<\/strong><\/td>\n<td width=\"91\"><strong>Aprovado<\/strong><\/td>\n<\/tr>\n<tr>\n<td width=\"158\">Mayara Silva de Almeida<\/td>\n<td width=\"109\">1,8<\/td>\n<td width=\"108\">\u2013<\/td>\n<td width=\"100\"><strong>\u00ad<\/strong>\u2013<\/td>\n<td width=\"91\"><strong>Reprovada<\/strong><\/td>\n<\/tr>\n<tr>\n<td width=\"158\">Rafael da Silva Hortencio<\/td>\n<td width=\"109\">7,2<\/td>\n<td width=\"108\">9,0<\/td>\n<td width=\"100\"><strong>8,3<\/strong><\/td>\n<td width=\"91\"><strong>aprovado<\/strong><\/td>\n<\/tr>\n<\/tbody>\n<\/table>\n<h1><strong>Resultado final &#8211; MESTRADO<\/strong><\/h1>\n<table>\n<tbody>\n<tr>\n<td width=\"159\"><strong>Candidato(a)<\/strong><\/td>\n<td width=\"103\"><strong>Nota da Prova (NP)<\/strong><\/td>\n<td width=\"110\"><strong>Avalia\u00e7\u00e3o de t\u00edtulos (NH)<\/strong><\/td>\n<td width=\"101\"><strong>Nota Final<\/strong><\/td>\n<td width=\"93\"><strong>Resultado<\/strong><\/td>\n<\/tr>\n<tr>\n<td width=\"159\">Ariana Silva Azeredo Cruz<\/td>\n<td width=\"103\">8,2<\/td>\n<td width=\"110\">7,7<\/td>\n<td width=\"101\"><strong>8,1<\/strong><\/td>\n<td width=\"93\"><strong>Aprovada<\/strong><\/td>\n<\/tr>\n<tr>\n<td width=\"159\">Dara Luzia Ferreira<\/td>\n<td width=\"103\">9,3<\/td>\n<td width=\"110\">4,0<\/td>\n<td width=\"101\"><strong>7,7<\/strong><\/td>\n<td width=\"93\"><strong>Aprovada<\/strong><\/td>\n<\/tr>\n<tr>\n<td width=\"159\">Diogo Souza Santos<\/td>\n<td width=\"103\">4,1<\/td>\n<td width=\"110\">\u2013<\/td>\n<td width=\"101\"><strong>\u2013<\/strong><\/td>\n<td width=\"93\"><strong>Reprovado<\/strong><\/td>\n<\/tr>\n<tr>\n<td width=\"159\">Ester Borges de Albuquerque<\/td>\n<td width=\"103\">6,0<\/td>\n<td width=\"110\">6,3<\/td>\n<td width=\"101\"><strong>6,1<\/strong><\/td>\n<td width=\"93\"><strong>Aprovada<\/strong><\/td>\n<\/tr>\n<tr>\n<td width=\"159\">Felipe Mariano Vencionek de Lara<\/td>\n<td width=\"103\">6,4<\/td>\n<td width=\"110\">3,2<\/td>\n<td width=\"101\"><strong>5,4<\/strong><\/td>\n<td width=\"93\"><strong>Aprovado<\/strong><\/td>\n<\/tr>\n<tr>\n<td width=\"159\">Ilcimar Andrade da Silva<\/td>\n<td width=\"103\">6,8<\/td>\n<td width=\"110\">2,0<\/td>\n<td width=\"101\"><strong>5,4<\/strong><\/td>\n<td width=\"93\"><strong>Aprovado<\/strong><\/td>\n<\/tr>\n<tr>\n<td width=\"159\">Iracema Cravinho Mozelli<\/td>\n<td width=\"103\">5,1<\/td>\n<td width=\"110\">\u2013<\/td>\n<td width=\"101\"><strong>\u2013<\/strong><\/td>\n<td width=\"93\"><strong>Reprovada<\/strong><\/td>\n<\/tr>\n<tr>\n<td width=\"159\">Lucas Reis Cruz<\/td>\n<td width=\"103\">4,8<\/td>\n<td width=\"110\">\u2013<\/td>\n<td width=\"101\"><strong>\u2013<\/strong><\/td>\n<td width=\"93\"><strong>Reprovado<\/strong><\/td>\n<\/tr>\n<tr>\n<td width=\"159\">Max Miller Alves de Oliveira<\/td>\n<td width=\"103\">1,1<\/td>\n<td width=\"110\">\u2013<\/td>\n<td width=\"101\">\u2013<\/td>\n<td width=\"93\"><strong>Reprovado<\/strong><\/td>\n<\/tr>\n<tr>\n<td width=\"159\">Pedro Henrique Lima Santiago<\/td>\n<td width=\"103\">6,0<\/td>\n<td width=\"110\">2,0<\/td>\n<td width=\"101\"><strong>4,8<\/strong><\/td>\n<td width=\"93\"><strong>Aprovado<\/strong><\/td>\n<\/tr>\n<tr>\n<td width=\"159\">Rafael Viana Ferreira Lessa<\/td>\n<td width=\"103\">6,3<\/td>\n<td width=\"110\">3,6<\/td>\n<td width=\"101\"><strong>5,5<\/strong><\/td>\n<td width=\"93\"><strong>Aprovado<\/strong><\/td>\n<\/tr>\n<tr>\n<td width=\"159\">Thais Netto Lacerda<\/td>\n<td width=\"103\">5,2<\/td>\n<td width=\"110\">\u2013<\/td>\n<td width=\"101\"><strong>\u2013<\/strong><\/td>\n<td width=\"93\"><strong>Reprovada<\/strong><\/td>\n<\/tr>\n<tr>\n<td width=\"159\">Vin\u00edcius Souza Leal<\/td>\n<td width=\"103\">6,0<\/td>\n<td width=\"110\">2,8<\/td>\n<td width=\"101\"><strong>5,0<\/strong><\/td>\n<td width=\"93\"><strong>Aprovado<\/strong><\/td>\n<\/tr>\n<\/tbody>\n<\/table>\n<h1>_____________________________________________<\/h1>\n<h1><span style=\"color: #ff0000\"><strong>Resultados &#8211; Processo seletivo 2023.2<\/strong><\/span><\/h1>\n<h1><span style=\"color: #ff0000\"><strong>DOUTORADO<\/strong><\/span><\/h1>\n<table style=\"height: 365px\" width=\"777\">\n<tbody>\n<tr>\n<td width=\"234\"><strong>Candidato(a)<\/strong><\/td>\n<td width=\"57\"><strong>NP<\/strong><\/td>\n<td width=\"57\"><strong>NH<\/strong><\/td>\n<td width=\"76\"><strong>Nota final<\/strong><\/td>\n<td width=\"212\"><strong>Situa\u00e7\u00e3o<\/strong><\/td>\n<\/tr>\n<tr>\n<td width=\"234\">Jheyce de Souza Moreira de Oliveira<\/td>\n<td width=\"57\">9,3<\/td>\n<td width=\"57\">4,0<\/td>\n<td width=\"76\">7,2<\/td>\n<td width=\"212\">Aprovada e classificada<\/td>\n<\/tr>\n<tr>\n<td width=\"234\">Ketlynn Passos Alvarenga<\/td>\n<td width=\"57\">9,4<\/td>\n<td width=\"57\">7,0<\/td>\n<td width=\"76\">8,4<\/td>\n<td width=\"212\">Aprovada e classificada<\/td>\n<\/tr>\n<tr>\n<td width=\"234\">Lorena da Silva Leite<\/td>\n<td width=\"57\">7,7<\/td>\n<td width=\"57\">7,1<\/td>\n<td width=\"76\">7,5<\/td>\n<td width=\"212\">Aprovada e classificada<\/td>\n<\/tr>\n<tr>\n<td width=\"234\">Nathani Zampirolli<\/td>\n<td width=\"57\">8,4<\/td>\n<td width=\"57\">4,6<\/td>\n<td width=\"76\">6,9<\/td>\n<td width=\"212\">Aprovada e classificada<\/td>\n<\/tr>\n<tr>\n<td width=\"234\">Rodolfo Pimentel Azevedo Almeida<\/td>\n<td width=\"57\"><span style=\"color: #ff0000\">5,5<\/span><\/td>\n<td width=\"57\">4,0<\/td>\n<td width=\"76\">\u2013<\/td>\n<td width=\"212\">Eliminado no processo seletivo<\/td>\n<\/tr>\n<\/tbody>\n<\/table>\n<h1><span style=\"color: #ff0000\"><strong>MESTRADO<\/strong><\/span><\/h1>\n<h1><strong>Classificados para \u00e1rea de Estruturas<\/strong><\/h1>\n<ul>\n<li>Ana Carolina Morato Teixeira<\/li>\n<li>Gabryel de Carvalho Alves<\/li>\n<li>Luiz Henrique Bento Barbosa Junior<\/li>\n<li>Pablo Jos\u00e9 Lima da Silva<\/li>\n<li>Wander Paulo da Silveira Junior<\/li>\n<\/ul>\n<p><\/p>","protected":false},"excerpt":{"rendered":"<p>Processo seletivo para DOUTORADO 2025.2 Candidato(a) Avalia\u00e7\u00e3o de t\u00edtulos (NH) Nota do Projeto de Pesquisa (NP) Nota final Resultado Jonathan&#8230;<\/p>\n","protected":false},"author":7,"featured_media":0,"parent":0,"menu_order":0,"comment_status":"closed","ping_status":"closed","template":"","meta":{"footnotes":""},"class_list":["post-3497","page","type-page","status-publish","hentry"],"_links":{"self":[{"href":"https:\/\/uenf.br\/posgraduacao\/engenharia-civil\/wp-json\/wp\/v2\/pages\/3497","targetHints":{"allow":["GET"]}}],"collection":[{"href":"https:\/\/uenf.br\/posgraduacao\/engenharia-civil\/wp-json\/wp\/v2\/pages"}],"about":[{"href":"https:\/\/uenf.br\/posgraduacao\/engenharia-civil\/wp-json\/wp\/v2\/types\/page"}],"author":[{"embeddable":true,"href":"https:\/\/uenf.br\/posgraduacao\/engenharia-civil\/wp-json\/wp\/v2\/users\/7"}],"replies":[{"embeddable":true,"href":"https:\/\/uenf.br\/posgraduacao\/engenharia-civil\/wp-json\/wp\/v2\/comments?post=3497"}],"version-history":[{"count":0,"href":"https:\/\/uenf.br\/posgraduacao\/engenharia-civil\/wp-json\/wp\/v2\/pages\/3497\/revisions"}],"wp:attachment":[{"href":"https:\/\/uenf.br\/posgraduacao\/engenharia-civil\/wp-json\/wp\/v2\/media?parent=3497"}],"curies":[{"name":"wp","href":"https:\/\/api.w.org\/{rel}","templated":true}]}}