{"id":3657,"date":"2024-12-20T14:31:46","date_gmt":"2024-12-20T14:31:46","guid":{"rendered":"https:\/\/uenf.br\/posgraduacao\/engenharia-civil\/?page_id=3657"},"modified":"2025-08-28T13:00:43","modified_gmt":"2025-08-28T13:00:43","slug":"doutorado-sanduiche-pdse-capes","status":"publish","type":"page","link":"https:\/\/uenf.br\/posgraduacao\/engenharia-civil\/processos-seletivos\/doutorado-sanduiche-pdse-capes\/","title":{"rendered":"Doutorado Sandu\u00edche (PDSE &#8211; Capes)"},"content":{"rendered":"<p><\/p>\n<h1><strong>Processo seletivo para DOUTORADO SANDU\u00cdCHE 2026-1<\/strong><\/h1>\n<p><strong><span style=\"color: #ff0000\"><span style=\"color: #800000\">Per\u00edodo de inscri\u00e7\u00e3o:<\/span> 01\/09\/2025 &#8211; 12\/09\/2025<\/span><\/strong><\/p>\n<p><strong><span style=\"color: #ff0000\"><span style=\"color: #800000\">Sa\u00edda para o exterior:<\/span> entre janeiro e fevereiro de 2026<\/span><\/strong><\/p>\n<p><strong>E-mail: uenfppgec.inscricao@gmail.com<\/strong><\/p>\n<p><strong><span style=\"color: #ff0000\"><span style=\"color: #800000\">Informa\u00e7\u00f5es:<\/span> <a style=\"color: #ff0000\" href=\"http:\/\/uenf.br\/posgraduacao\/engenharia-civil\/wp-content\/uploads\/sites\/3\/2025\/08\/Edital_DSc_Sanduiche_26_01_PPGEC.pdf\">Edital_DSc_Sanduiche_26_01_PPGEC<\/a><\/span><\/strong><\/p>\n<p><a href=\"http:\/\/uenf.br\/posgraduacao\/engenharia-civil\/wp-content\/uploads\/sites\/3\/2025\/08\/Edital-PDSE-17-2025-CAPES.pdf\">Edital-PDSE-17-2025-CAPES<\/a><\/p>\n<p><a href=\"http:\/\/uenf.br\/posgraduacao\/engenharia-civil\/wp-content\/uploads\/sites\/3\/2025\/08\/Edital-PDSE-1-2025-PROPPG-UENF.pdf\">Edital-PDSE-1-2025-PROPPG-UENF<\/a><\/p>","protected":false},"excerpt":{"rendered":"<p>Processo seletivo para DOUTORADO SANDU\u00cdCHE 2026-1 Per\u00edodo de inscri\u00e7\u00e3o: 01\/09\/2025 &#8211; 12\/09\/2025 Sa\u00edda para o exterior: entre janeiro e fevereiro&#8230;<\/p>\n","protected":false},"author":7,"featured_media":0,"parent":2180,"menu_order":0,"comment_status":"closed","ping_status":"closed","template":"","meta":{"footnotes":""},"class_list":["post-3657","page","type-page","status-publish","hentry"],"_links":{"self":[{"href":"https:\/\/uenf.br\/posgraduacao\/engenharia-civil\/wp-json\/wp\/v2\/pages\/3657","targetHints":{"allow":["GET"]}}],"collection":[{"href":"https:\/\/uenf.br\/posgraduacao\/engenharia-civil\/wp-json\/wp\/v2\/pages"}],"about":[{"href":"https:\/\/uenf.br\/posgraduacao\/engenharia-civil\/wp-json\/wp\/v2\/types\/page"}],"author":[{"embeddable":true,"href":"https:\/\/uenf.br\/posgraduacao\/engenharia-civil\/wp-json\/wp\/v2\/users\/7"}],"replies":[{"embeddable":true,"href":"https:\/\/uenf.br\/posgraduacao\/engenharia-civil\/wp-json\/wp\/v2\/comments?post=3657"}],"version-history":[{"count":0,"href":"https:\/\/uenf.br\/posgraduacao\/engenharia-civil\/wp-json\/wp\/v2\/pages\/3657\/revisions"}],"up":[{"embeddable":true,"href":"https:\/\/uenf.br\/posgraduacao\/engenharia-civil\/wp-json\/wp\/v2\/pages\/2180"}],"wp:attachment":[{"href":"https:\/\/uenf.br\/posgraduacao\/engenharia-civil\/wp-json\/wp\/v2\/media?parent=3657"}],"curies":[{"name":"wp","href":"https:\/\/api.w.org\/{rel}","templated":true}]}}