{"id":3693,"date":"2025-02-03T12:27:09","date_gmt":"2025-02-03T12:27:09","guid":{"rendered":"https:\/\/uenf.br\/posgraduacao\/engenharia-civil\/?page_id=3693"},"modified":"2026-04-23T14:49:51","modified_gmt":"2026-04-23T14:49:51","slug":"2024-2","status":"publish","type":"page","link":"https:\/\/uenf.br\/posgraduacao\/engenharia-civil\/2024-2\/","title":{"rendered":"2024"},"content":{"rendered":"<p>&nbsp;<\/p>\n<fieldset>\n<legend>AN\u00c1LISE DA ESTABILIDADE DE BARRAGEM HIDR\u00c1ULICA DE REJEITO DE MINERA\u00c7\u00c3O ALTEADA \u00c0 MONTANTE VIA MODELAGEM NUM\u00c9RICA<\/legend>\n<p style=\"text-align: left\"><strong>Autor: Guilherme Alex Sanders Cardoso Vasconcelos de Freitas<\/strong><br \/>\n<strong>Orientador:<\/strong> Prof. Aldo Durand Farf\u00e1n<br \/>\n<strong>\u00c1rea de Concentra\u00e7\u00e3o:<\/strong> Geotecnia<br \/>\n<strong>Situa\u00e7\u00e3o:<\/strong> Conclu\u00edda &#8211; Fevereiro &#8211; 2024<br \/>\n<a href=\"https:\/\/uenf.br\/posgraduacao\/engenharia-civil\/wp-content\/uploads\/sites\/3\/2025\/02\/Dissertacao.pdf\">Disserta\u00e7\u00e3o<\/a><\/p>\n<\/fieldset>\n<p>&nbsp;<\/p>\n<fieldset>\n<legend>AVALIA\u00c7\u00c3O DA INCORPORA\u00c7\u00c3O DE RES\u00cdDUO CER\u00c2MICO EM TIJOLOS DE SOLO-CIMENTO<\/legend>\n<p style=\"text-align: left\"><strong>Autor: Amanda de Oliveira Aguiar<\/strong><br \/>\n<strong>Orientador:<\/strong> Prof. Jonas Alexandre<br \/>\n<strong>\u00c1rea de Concentra\u00e7\u00e3o:<\/strong> Estruturas<br \/>\n<strong>Situa\u00e7\u00e3o:<\/strong> Conclu\u00edda &#8211; Mar\u00e7o &#8211; 2024<br \/>\n<a href=\"https:\/\/uenf.br\/posgraduacao\/engenharia-civil\/wp-content\/uploads\/sites\/3\/2025\/02\/Dissertacao-12.pdf\">Disserta\u00e7\u00e3o<\/a><\/p>\n<\/fieldset>\n<p>&nbsp;<\/p>\n<fieldset>\n<legend>SIMULA\u00c7\u00c3O NUM\u00c9RICA DE DEFLAGRA\u00c7\u00c3O DE ESCORREGAMENTOS SUBMARINOS, POR ELEVA\u00c7\u00c3O DE POROPRESS\u00c3O, NA BASE DE UMA CAMADA DE SOLO COM BAIXA PERMEABILIDADE<\/legend>\n<p style=\"text-align: left\"><strong>Autor: Elton Alves Coleta<\/strong><br \/>\n<strong>Orientador:<\/strong> Prof. S\u00e9rgio Tibana<br \/>\n<strong>\u00c1rea de Concentra\u00e7\u00e3o:<\/strong> Geotecnia<br \/>\n<strong>Situa\u00e7\u00e3o:<\/strong> Conclu\u00edda &#8211; Mar\u00e7o &#8211; 2024<br \/>\n<a href=\"https:\/\/uenf.br\/posgraduacao\/engenharia-civil\/wp-content\/uploads\/sites\/3\/2025\/02\/Dissertacao-1.pdf\">Disserta\u00e7\u00e3o<\/a><\/p>\n<\/fieldset>\n<p>&nbsp;<\/p>\n<fieldset>\n<legend>AVALIA\u00c7\u00c3O DAS PROPRIEDADES F\u00cdSICAS E MEC\u00c2NICAS DE MICROCONCRETOS AUTOADENS\u00c1VEIS COM INCORPORA\u00c7\u00c3O DE RES\u00cdDUOS DE ROCHAS ORNAMENTAIS PARA APLICA\u00c7\u00c3O EM REPAROS ESTRUTURAIS<\/legend>\n<p style=\"text-align: left\"><strong>Autor: Mayara Silva de Almeida<\/strong><br \/>\n<strong>Orientador:<\/strong> Prof. Sergio Luis Gonz\u00e1lez Garcia<br \/>\n<strong>\u00c1rea de Concentra\u00e7\u00e3o:<\/strong> Estruturas<br \/>\n<strong>Situa\u00e7\u00e3o:<\/strong> Conclu\u00edda &#8211; Mar\u00e7o &#8211; 2024<br \/>\n<a href=\"https:\/\/uenf.br\/posgraduacao\/engenharia-civil\/wp-content\/uploads\/sites\/3\/2025\/02\/Dissertacao-2.pdf\">Disserta\u00e7\u00e3o<\/a><\/p>\n<\/fieldset>\n<p>&nbsp;<\/p>\n<fieldset>\n<legend>AN\u00c1LISE EXPERIMENTAL DO COMPORTAMENTO T\u00c9RMICO DE ARGILAS MOLES COM VARIA\u00c7\u00c3O DA VELOCIDADE DE CISALHAMENTO<\/legend>\n<p style=\"text-align: left\"><strong>Autor: Priscila Pessanha Abreu<\/strong><br \/>\n<strong>Orientador:<\/strong> Prof. Fernando Saboya Albuquerque Jr.<br \/>\n<strong>\u00c1rea de Concentra\u00e7\u00e3o:<\/strong> Geotecnia<br \/>\n<strong>Situa\u00e7\u00e3o:<\/strong> Conclu\u00edda &#8211; Mar\u00e7o &#8211; 2024<br \/>\n<a href=\"https:\/\/uenf.br\/posgraduacao\/engenharia-civil\/wp-content\/uploads\/sites\/3\/2025\/02\/Dissertacao-3.pdf\">Disserta\u00e7\u00e3o<\/a><\/p>\n<\/fieldset>\n<p>&nbsp;<\/p>\n<fieldset>\n<legend>REFOR\u00c7O AO CISALHAMENTO DE VIGAS DE CONCRETO ARMADO COM COMP\u00d3SITOS DE FIBRAS DE SISAL EM MATRIZ GEOPOLIM\u00c9RICA<\/legend>\n<p style=\"text-align: left\"><strong>Autor: Ana Carolina Lemos de Souza Pessanha<\/strong><br \/>\n<strong>Orientador:<\/strong> Prof. Sergio Luis Gonz\u00e1lez Garcia<br \/>\n<strong>\u00c1rea de Concentra\u00e7\u00e3o:<\/strong> Estruturas<br \/>\n<strong>Situa\u00e7\u00e3o:<\/strong> Conclu\u00edda &#8211; Setembro &#8211; 2024<br \/>\n<a href=\"https:\/\/uenf.br\/posgraduacao\/engenharia-civil\/wp-content\/uploads\/sites\/3\/2025\/02\/Dissertacao-4.pdf\">Disserta\u00e7\u00e3o<\/a><\/p>\n<\/fieldset>\n<p>&nbsp;<\/p>\n<fieldset>\n<legend>AVALIA\u00c7\u00c3O DO COMPORTAMENTO GEOMEC\u00c2NICO A LONGO PRAZO DE LASTRO REFOR\u00c7ADO COM GEOGRELHA<\/legend>\n<p style=\"text-align: left\"><strong>Autor: Lucas Machado de Souza<\/strong><br \/>\n<strong>Orientador:<\/strong> Prof. Paulo C\u00e9sar de Almeida Maia<br \/>\n<strong>\u00c1rea de Concentra\u00e7\u00e3o:<\/strong> Geotecnia<br \/>\n<strong>Situa\u00e7\u00e3o:<\/strong> Conclu\u00edda &#8211; Setembro &#8211; 2024<br \/>\n<a href=\"https:\/\/uenf.br\/posgraduacao\/engenharia-civil\/wp-content\/uploads\/sites\/3\/2025\/02\/Dissertacao-5.pdf\">Disserta\u00e7\u00e3o<\/a><\/p>\n<\/fieldset>\n<p>&nbsp;<\/p>\n<p>&nbsp;<\/p>\n<fieldset>\n<legend>ESTUDO DA CURVA CARACTER\u00cdSTICA DE SUC\u00c7\u00c3O DE SOLOS N\u00c3O SATURADOS ATRAV\u00c9S DE AMOSTRAS CENTRIFUGADAS<\/legend>\n<p style=\"text-align: left\"><strong>Autor: Leandro Rezende Corteze Freitas<\/strong><br \/>\n<strong>Orientador:<\/strong> Prof. Rodrigo Martins Reis<br \/>\n<strong>\u00c1rea de Concentra\u00e7\u00e3o:<\/strong> Geotecnia<br \/>\n<strong>Situa\u00e7\u00e3o:<\/strong> Conclu\u00edda &#8211; Dezembro &#8211; 2024<br \/>\n<a href=\"https:\/\/uenf.br\/posgraduacao\/engenharia-civil\/wp-content\/uploads\/sites\/3\/2025\/02\/Dissertacao-6.pdf\">Disserta\u00e7\u00e3o<\/a><\/p>\n<\/fieldset>\n<p>&nbsp;<\/p>\n<p><strong>Disserta\u00e7\u00f5es<\/strong><\/p>\n<p><a href=\"https:\/\/uenf.br\/posgraduacao\/engenharia-civil\/2026-2\/\">2026<\/a> &#8211; <a href=\"https:\/\/uenf.br\/posgraduacao\/engenharia-civil\/2025-2\/\">2025<\/a> &#8211;\u00a0<a href=\"https:\/\/uenf.br\/posgraduacao\/engenharia-civil\/2024-2\/\">2024<\/a> &#8211; <a href=\"https:\/\/uenf.br\/posgraduacao\/engenharia-civil\/2023-2\/\">2023<\/a> &#8211;\u00a0<a href=\"https:\/\/uenf.br\/posgraduacao\/engenharia-civil\/dissertacoes-de-mestrado-2022\/\">2022<\/a> &#8211; <a href=\"https:\/\/uenf.br\/posgraduacao\/engenharia-civil\/teses-e-dissertacoes\/dissertacao-de-mestrado-2021\/\">2021<\/a> &#8211; <a href=\"https:\/\/uenf.br\/posgraduacao\/engenharia-civil\/dissertacoes-de-mestrado-2020\/\">2020<\/a> &#8211; <a href=\"https:\/\/uenf.br\/posgraduacao\/engenharia-civil\/dissertacao-de-mestrado-2019\/\">2019<\/a> &#8211;\u00a0<a href=\"https:\/\/uenf.br\/posgraduacao\/engenharia-civil\/dissertacao-de-mestrado-2018\/\">2018<\/a> &#8211;\u00a0<a href=\"https:\/\/uenf.br\/posgraduacao\/engenharia-civil\/dissertacoes-de-mestrado-2017\/\">2017<\/a> &#8211;\u00a0<a href=\"https:\/\/uenf.br\/posgraduacao\/engenharia-civil\/dissertacoes-de-mestrado-2016\/\">2016<\/a>\u00a0&#8211;\u00a0<a href=\"https:\/\/uenf.br\/posgraduacao\/engenharia-civil\/dissertacoes-de-mestrado\/dissertacoes-de-metrado-2015\/\">2015 <\/a>&#8211; <a href=\"https:\/\/uenf.br\/posgraduacao\/engenharia-civil\/dissertacoes-de-mestrado\/dissertacoes-de-mestrado-2014\/\">2014 <\/a>&#8211; <a href=\"https:\/\/uenf.br\/posgraduacao\/engenharia-civil\/dissertacoes-de-mestrado\/dissertacoes-de-mestrado-2013\/\">2013 <\/a>&#8211; <a href=\"https:\/\/uenf.br\/posgraduacao\/engenharia-civil\/dissertacoes-de-mestrado\/dissertacoes-de-mestrado-2012\/\">2012 <\/a>&#8211; <a href=\"https:\/\/uenf.br\/posgraduacao\/engenharia-civil\/dissertacoes-de-mestrado\/dissertacoes-de-mestrado-2011\/\">2011<\/a> &#8211; <a href=\"https:\/\/uenf.br\/posgraduacao\/engenharia-civil\/dissertacoes-de-mestrado\/dissertacoes-de-mestrado-2010\/\">2010 <\/a>&#8211; <a href=\"https:\/\/uenf.br\/posgraduacao\/engenharia-civil\/dissertacoes-de-mestrado\/dissertacoes-de-mestrado-2009\/\">2009 <\/a>&#8211; <a href=\"https:\/\/uenf.br\/posgraduacao\/engenharia-civil\/dissertacoes-de-mestrado\/dissertacoes-de-mestrado-2008\/\">2008 <\/a>&#8211; <a href=\"https:\/\/uenf.br\/posgraduacao\/engenharia-civil\/dissertacoes-de-mestrado\/dissertacoes-de-mestrado-2007\/\">2007 <\/a>&#8211; <a href=\"https:\/\/uenf.br\/posgraduacao\/engenharia-civil\/dissertacoes-de-mestrado\/dissertacoes-de-mestrado-2006\/\" target=\"_blank\" rel=\"noopener noreferrer\">2006 <\/a>&#8211; <a href=\"https:\/\/uenf.br\/posgraduacao\/engenharia-civil\/dissertacoes-de-mestrado\/dissertacoes-de-mestrado-2005\/\">2005<\/a> &#8211; <a href=\"https:\/\/uenf.br\/posgraduacao\/engenharia-civil\/dissertacoes-de-mestrado\/dissertacoes-de-mestrado-2004\/\">2004\u00a0<\/a>&#8211; <a href=\"https:\/\/uenf.br\/posgraduacao\/engenharia-civil\/dissertacoes-de-mestrado\/dissertacoes-de-mestrado-2003\/\">2003<\/a><\/p>","protected":false},"excerpt":{"rendered":"<p>&nbsp; AN\u00c1LISE DA ESTABILIDADE DE BARRAGEM HIDR\u00c1ULICA DE REJEITO DE MINERA\u00c7\u00c3O ALTEADA \u00c0 MONTANTE VIA MODELAGEM NUM\u00c9RICA Autor: Guilherme Alex&#8230;<\/p>\n","protected":false},"author":7,"featured_media":0,"parent":0,"menu_order":0,"comment_status":"closed","ping_status":"closed","template":"","meta":{"footnotes":""},"class_list":["post-3693","page","type-page","status-publish","hentry"],"_links":{"self":[{"href":"https:\/\/uenf.br\/posgraduacao\/engenharia-civil\/wp-json\/wp\/v2\/pages\/3693","targetHints":{"allow":["GET"]}}],"collection":[{"href":"https:\/\/uenf.br\/posgraduacao\/engenharia-civil\/wp-json\/wp\/v2\/pages"}],"about":[{"href":"https:\/\/uenf.br\/posgraduacao\/engenharia-civil\/wp-json\/wp\/v2\/types\/page"}],"author":[{"embeddable":true,"href":"https:\/\/uenf.br\/posgraduacao\/engenharia-civil\/wp-json\/wp\/v2\/users\/7"}],"replies":[{"embeddable":true,"href":"https:\/\/uenf.br\/posgraduacao\/engenharia-civil\/wp-json\/wp\/v2\/comments?post=3693"}],"version-history":[{"count":0,"href":"https:\/\/uenf.br\/posgraduacao\/engenharia-civil\/wp-json\/wp\/v2\/pages\/3693\/revisions"}],"wp:attachment":[{"href":"https:\/\/uenf.br\/posgraduacao\/engenharia-civil\/wp-json\/wp\/v2\/media?parent=3693"}],"curies":[{"name":"wp","href":"https:\/\/api.w.org\/{rel}","templated":true}]}}