{"id":482,"date":"2015-09-04T19:24:47","date_gmt":"2015-09-04T19:24:47","guid":{"rendered":"http:\/\/uenf.br\/posgraduacao\/engenharia-civil\/?page_id=482"},"modified":"2020-10-27T01:05:10","modified_gmt":"2020-10-27T01:05:10","slug":"oamc","status":"publish","type":"page","link":"https:\/\/uenf.br\/posgraduacao\/engenharia-civil\/oficinas-de-ensino-e-pesquisa\/oamc\/","title":{"rendered":"Oficina de Argamassas e Materiais Cer\u00e2micos"},"content":{"rendered":"<p><a href=\"https:\/\/uenf.br\/posgraduacao\/engenharia-civil\/wp-content\/uploads\/sites\/3\/2020\/10\/Imagem1.png\"><img loading=\"lazy\" decoding=\"async\" class=\"alignnone size-medium wp-image-2893\" src=\"https:\/\/uenf.br\/posgraduacao\/engenharia-civil\/wp-content\/uploads\/sites\/3\/2020\/10\/Imagem1-300x220.png\" alt=\"\" width=\"300\" height=\"220\" srcset=\"https:\/\/uenf.br\/posgraduacao\/engenharia-civil\/wp-content\/uploads\/sites\/3\/2020\/10\/Imagem1-300x220.png 300w, https:\/\/uenf.br\/posgraduacao\/engenharia-civil\/wp-content\/uploads\/sites\/3\/2020\/10\/Imagem1-150x110.png 150w, https:\/\/uenf.br\/posgraduacao\/engenharia-civil\/wp-content\/uploads\/sites\/3\/2020\/10\/Imagem1.png 346w\" sizes=\"auto, (max-width: 300px) 100vw, 300px\" \/><\/a><\/p>\n<p>A oficina \u00a0possibilita aos mestrandos e doutorandos o desenvolvimento de pesquisas sobre argamassas de assentamento e revestimento e sobre o desenvolvimento de novos materiais de cer\u00e2mica vermelha. A oficina conta, atualmente, com os seguintes equipamentos: moinho planet\u00e1rio; equipamento para ultra peneiramento (5 \u00b5m) ; aparelho para an\u00e1lise qu\u00edmica por fluoresc\u00eancia de raios X (Shimadzu); extrusora de laborat\u00f3rio com boquilhas vari\u00e1veis; moinho de bolas; triturador de mand\u00edbula; laminador; quatro fornos para queima de materiais cer\u00e2micos at\u00e9 temperatura de 1200\u00baC com controle de temperatura autom\u00e1tica; tr\u00eas estufas para secagem de materiais; duas argamassadeiras; duas mesa de consist\u00eancias (\u2018<em>flow-table\u2019<\/em>); aparelho para reten\u00e7\u00e3o de \u00e1gua em argamassas; aparelho medidor de ar incorporado em argamassas; formas e aparelho para medi\u00e7\u00e3o de retra\u00e7\u00e3o linear em argamassas; equipamento para ensaio de \u2018<em>squeeze flow\u2019<\/em>; dois aparelhos para teste de arrancamento (ader\u00eancia); escler\u00f4metro; duas balan\u00e7as de precis\u00e3o; tr\u00eas m\u00e1quinas para modela\u00e7\u00e3o de blocos de solo-cimento, sendo uma autom\u00e1tica; pulverizador de solos; duas prensas manuais. Na Oficina de Argamassas e Materiais Cer\u00e2micos s\u00e3o desenvolvidos projetos financiados pela FAPERJ e pelo CNPq e em colabora\u00e7\u00e3o com a Universidade Federal de Vi\u00e7osa (UFV-MG) e o Instituto Militar de Engenharia (IME-RJ).<\/p>","protected":false},"excerpt":{"rendered":"<p>A oficina \u00a0possibilita aos mestrandos e doutorandos o desenvolvimento de pesquisas sobre argamassas de assentamento e revestimento e sobre o&#8230;<\/p>\n","protected":false},"author":8,"featured_media":0,"parent":211,"menu_order":1,"comment_status":"closed","ping_status":"closed","template":"","meta":{"footnotes":""},"class_list":["post-482","page","type-page","status-publish","hentry"],"_links":{"self":[{"href":"https:\/\/uenf.br\/posgraduacao\/engenharia-civil\/wp-json\/wp\/v2\/pages\/482","targetHints":{"allow":["GET"]}}],"collection":[{"href":"https:\/\/uenf.br\/posgraduacao\/engenharia-civil\/wp-json\/wp\/v2\/pages"}],"about":[{"href":"https:\/\/uenf.br\/posgraduacao\/engenharia-civil\/wp-json\/wp\/v2\/types\/page"}],"author":[{"embeddable":true,"href":"https:\/\/uenf.br\/posgraduacao\/engenharia-civil\/wp-json\/wp\/v2\/users\/8"}],"replies":[{"embeddable":true,"href":"https:\/\/uenf.br\/posgraduacao\/engenharia-civil\/wp-json\/wp\/v2\/comments?post=482"}],"version-history":[{"count":0,"href":"https:\/\/uenf.br\/posgraduacao\/engenharia-civil\/wp-json\/wp\/v2\/pages\/482\/revisions"}],"up":[{"embeddable":true,"href":"https:\/\/uenf.br\/posgraduacao\/engenharia-civil\/wp-json\/wp\/v2\/pages\/211"}],"wp:attachment":[{"href":"https:\/\/uenf.br\/posgraduacao\/engenharia-civil\/wp-json\/wp\/v2\/media?parent=482"}],"curies":[{"name":"wp","href":"https:\/\/api.w.org\/{rel}","templated":true}]}}