{"id":486,"date":"2015-09-04T19:25:43","date_gmt":"2015-09-04T19:25:43","guid":{"rendered":"http:\/\/uenf.br\/posgraduacao\/engenharia-civil\/?page_id=486"},"modified":"2020-10-27T14:32:46","modified_gmt":"2020-10-27T14:32:46","slug":"geoled","status":"publish","type":"page","link":"https:\/\/uenf.br\/posgraduacao\/engenharia-civil\/oficinas-de-ensino-e-pesquisa\/geoled\/","title":{"rendered":"Oficina de Ensaios de Durabilidade em Materiais Geot\u00e9cnicos (GeoLED)"},"content":{"rendered":"<p><a href=\"https:\/\/uenf.br\/posgraduacao\/engenharia-civil\/wp-content\/uploads\/sites\/3\/2020\/10\/Imagem2.png\"><img loading=\"lazy\" decoding=\"async\" class=\"alignnone size-medium wp-image-2896\" src=\"https:\/\/uenf.br\/posgraduacao\/engenharia-civil\/wp-content\/uploads\/sites\/3\/2020\/10\/Imagem2-300x212.png\" alt=\"\" width=\"300\" height=\"212\" srcset=\"https:\/\/uenf.br\/posgraduacao\/engenharia-civil\/wp-content\/uploads\/sites\/3\/2020\/10\/Imagem2-300x212.png 300w, https:\/\/uenf.br\/posgraduacao\/engenharia-civil\/wp-content\/uploads\/sites\/3\/2020\/10\/Imagem2-150x106.png 150w, https:\/\/uenf.br\/posgraduacao\/engenharia-civil\/wp-content\/uploads\/sites\/3\/2020\/10\/Imagem2-400x283.png 400w, https:\/\/uenf.br\/posgraduacao\/engenharia-civil\/wp-content\/uploads\/sites\/3\/2020\/10\/Imagem2.png 567w\" sizes=\"auto, (max-width: 300px) 100vw, 300px\" \/><\/a><\/p>\n<p>A Oficina de Ensaios de Durabilidade \u00e9 dedicada ao desenvolvimento de pesquisas sobre durabilidade e alterabilidade de materiais empregados na Engenharia Civil, especialmente os de uso em obras geot\u00e9cnicas. As atividades do GeoLED est\u00e3o inseridas na linha dedicada \u00e0 Investiga\u00e7\u00e3o Geol\u00f3gico-Geot\u00e9cnica. Essa Oficina iniciou suas atividades em 2001 e se fortaleceu atrav\u00e9s do trabalho conjunto entre diferentes setores da Engenharia Civil e de Materiais da UENF, o que vem permitindo tanto uma maior aproxima\u00e7\u00e3o f\u00edsica destas duas engenharias quanto das v\u00e1rias interfaces entre seus respectivos colaboradores. As pesquisas desenvolvidas nesse laborat\u00f3rio procuram determinar as caracter\u00edsticas de durabilidade e alterabilidade dos materiais geot\u00e9cnicos, especialmente os geossint\u00e9ticos, materiais rochosos, cer\u00e2micos, argamassas aditivadas, soldas, dentre outros. O GeoLED conta com os seguintes equipamentos: poros\u00edmetro por intrus\u00e3o de merc\u00fario; simulador de nevoa salina; equipamento para compress\u00e3o confinada de grandes dimens\u00f5es (enrocamento e cer\u00e2mica) com controle de temperatura e de lixivia\u00e7\u00e3o; c\u00e2mara de envelhecimento acelerado (UV e condensa\u00e7\u00e3o); aparelho soxhlet de lixivia\u00e7\u00e3o cont\u00ednua de grandes dimens\u00f5es para enrocamentos e cer\u00e2mica; equipamento de micro Deval; equipamento de abras\u00e3o Los Angeles; equipamento \u2018<em>slake durability<\/em>\u2019. O GeoLED vem trabalhando em parceria com diversas institui\u00e7\u00f5es de fomento tanto privadas quanto p\u00fablicas (CNPq, CAPES, FAPERJ, FINEP, FURNAS, ANEEL e Huesker). Al\u00e9m disso, no GeoLED s\u00e3o desenvolvidos trabalhos com a colabora\u00e7\u00e3o de outras universidades, com destaque para os trabalhos conjuntos com o grupo de pesquisa em Geomec\u00e2nica e Geotecnia da Faculdade de Engenharia da Universidade do Porto, al\u00e9m de pesquisas conjuntas com a PUC-Rio, a COPPE-UFRJ, a USP-S\u00e3o Carlos (SP) e a empresa Huesker Brasil.<\/p>\n<p><a href=\"https:\/\/uenf.br\/posgraduacao\/engenharia-civil\/wp-content\/uploads\/sites\/3\/2020\/10\/facebook_logo2.png\"><img loading=\"lazy\" decoding=\"async\" class=\"alignnone  wp-image-2937\" src=\"https:\/\/uenf.br\/posgraduacao\/engenharia-civil\/wp-content\/uploads\/sites\/3\/2020\/10\/facebook_logo2.png\" alt=\"\" width=\"30\" height=\"30\" srcset=\"https:\/\/uenf.br\/posgraduacao\/engenharia-civil\/wp-content\/uploads\/sites\/3\/2020\/10\/facebook_logo2.png 195w, https:\/\/uenf.br\/posgraduacao\/engenharia-civil\/wp-content\/uploads\/sites\/3\/2020\/10\/facebook_logo2-150x150.png 150w, https:\/\/uenf.br\/posgraduacao\/engenharia-civil\/wp-content\/uploads\/sites\/3\/2020\/10\/facebook_logo2-144x144.png 144w\" sizes=\"auto, (max-width: 30px) 100vw, 30px\" \/><\/a><a href=\"https:\/\/www.facebook.com\/leduenf\">https:\/\/www.facebook.com\/leduenf<\/a><\/p>","protected":false},"excerpt":{"rendered":"<p>A Oficina de Ensaios de Durabilidade \u00e9 dedicada ao desenvolvimento de pesquisas sobre durabilidade e alterabilidade de materiais empregados na&#8230;<\/p>\n","protected":false},"author":8,"featured_media":0,"parent":211,"menu_order":1,"comment_status":"closed","ping_status":"closed","template":"","meta":{"footnotes":""},"class_list":["post-486","page","type-page","status-publish","hentry"],"_links":{"self":[{"href":"https:\/\/uenf.br\/posgraduacao\/engenharia-civil\/wp-json\/wp\/v2\/pages\/486","targetHints":{"allow":["GET"]}}],"collection":[{"href":"https:\/\/uenf.br\/posgraduacao\/engenharia-civil\/wp-json\/wp\/v2\/pages"}],"about":[{"href":"https:\/\/uenf.br\/posgraduacao\/engenharia-civil\/wp-json\/wp\/v2\/types\/page"}],"author":[{"embeddable":true,"href":"https:\/\/uenf.br\/posgraduacao\/engenharia-civil\/wp-json\/wp\/v2\/users\/8"}],"replies":[{"embeddable":true,"href":"https:\/\/uenf.br\/posgraduacao\/engenharia-civil\/wp-json\/wp\/v2\/comments?post=486"}],"version-history":[{"count":0,"href":"https:\/\/uenf.br\/posgraduacao\/engenharia-civil\/wp-json\/wp\/v2\/pages\/486\/revisions"}],"up":[{"embeddable":true,"href":"https:\/\/uenf.br\/posgraduacao\/engenharia-civil\/wp-json\/wp\/v2\/pages\/211"}],"wp:attachment":[{"href":"https:\/\/uenf.br\/posgraduacao\/engenharia-civil\/wp-json\/wp\/v2\/media?parent=486"}],"curies":[{"name":"wp","href":"https:\/\/api.w.org\/{rel}","templated":true}]}}