{"id":488,"date":"2015-09-04T19:26:24","date_gmt":"2015-09-04T19:26:24","guid":{"rendered":"http:\/\/uenf.br\/posgraduacao\/engenharia-civil\/?page_id=488"},"modified":"2020-10-27T01:17:33","modified_gmt":"2020-10-27T01:17:33","slug":"egc","status":"publish","type":"page","link":"https:\/\/uenf.br\/posgraduacao\/engenharia-civil\/oficinas-de-ensino-e-pesquisa\/egc\/","title":{"rendered":"Oficina de Ensaios Geot\u00e9cnicos de Campo"},"content":{"rendered":"<p>A Oficina de Ensaios de Campos conta com os seguintes equipamentos: grupo gerador de 20Kv; conjunto de amostradores de rocha com coroa diamantada; aparelho de piezocone completo com reboque; cravador hidr\u00e1ulico; sistema wireless de aquisi\u00e7\u00e3o de dados; perme\u00e2metro Guelph.<\/p>","protected":false},"excerpt":{"rendered":"<p>A Oficina de Ensaios de Campos conta com os seguintes equipamentos: grupo gerador de 20Kv; conjunto de amostradores de rocha&#8230;<\/p>\n","protected":false},"author":8,"featured_media":0,"parent":211,"menu_order":1,"comment_status":"closed","ping_status":"closed","template":"","meta":{"footnotes":""},"class_list":["post-488","page","type-page","status-publish","hentry"],"_links":{"self":[{"href":"https:\/\/uenf.br\/posgraduacao\/engenharia-civil\/wp-json\/wp\/v2\/pages\/488","targetHints":{"allow":["GET"]}}],"collection":[{"href":"https:\/\/uenf.br\/posgraduacao\/engenharia-civil\/wp-json\/wp\/v2\/pages"}],"about":[{"href":"https:\/\/uenf.br\/posgraduacao\/engenharia-civil\/wp-json\/wp\/v2\/types\/page"}],"author":[{"embeddable":true,"href":"https:\/\/uenf.br\/posgraduacao\/engenharia-civil\/wp-json\/wp\/v2\/users\/8"}],"replies":[{"embeddable":true,"href":"https:\/\/uenf.br\/posgraduacao\/engenharia-civil\/wp-json\/wp\/v2\/comments?post=488"}],"version-history":[{"count":0,"href":"https:\/\/uenf.br\/posgraduacao\/engenharia-civil\/wp-json\/wp\/v2\/pages\/488\/revisions"}],"up":[{"embeddable":true,"href":"https:\/\/uenf.br\/posgraduacao\/engenharia-civil\/wp-json\/wp\/v2\/pages\/211"}],"wp:attachment":[{"href":"https:\/\/uenf.br\/posgraduacao\/engenharia-civil\/wp-json\/wp\/v2\/media?parent=488"}],"curies":[{"name":"wp","href":"https:\/\/api.w.org\/{rel}","templated":true}]}}