{"id":492,"date":"2015-09-04T19:32:07","date_gmt":"2015-09-04T19:32:07","guid":{"rendered":"http:\/\/uenf.br\/posgraduacao\/engenharia-civil\/?page_id=492"},"modified":"2020-10-27T01:19:58","modified_gmt":"2020-10-27T01:19:58","slug":"msesp","status":"publish","type":"page","link":"https:\/\/uenf.br\/posgraduacao\/engenharia-civil\/oficinas-de-ensino-e-pesquisa\/msesp\/","title":{"rendered":"Oficina de Ensaios Especiais em Mec\u00e2nica dos Solos"},"content":{"rendered":"<p>A Oficina de Ensaios Especiais possui os seguintes equipamentos: 3 prensas triaxiais completas com controle servo-autom\u00e1tico de press\u00e3o, acess\u00f3rios para ensaios n\u00e3o saturados e de liquefa\u00e7\u00e3o, e sistema de aquisi\u00e7\u00e3o de dados (GDS); 1 prensa triaxial Bishop-Wesley stress-path, servo controlada (GDS) e acess\u00f3rios para ensaios n\u00e3o saturados; 3 equipamentos para ensaios de cisalhamento direto com aquisi\u00e7\u00e3o autom\u00e1tica de dados; 2 aparelhos para adensamento convencional; perme\u00e2metro Guelph; equipamento de cisalhamento direto; equipamento de cisalhamento por tor\u00e7\u00e3o (\u2018<em>ring shear<\/em>\u2019); equipamentos de permeabilidade a cargas constante e vari\u00e1vel. Destaca-se nesse laborat\u00f3rio o rec\u00e9m adquirido, e j\u00e1 em opera\u00e7\u00e3o, triaxial t\u00e9rmico da GDS, \u00fanico no Brasil dedicado \u00e0 realiza\u00e7\u00e3o de ensaios triaxiais com controle de temperatura para estudos visando melhoramento t\u00e9rmico de solos moles aplicado a ancoragens de plataformas \u2018offshore\u2019.<\/p>","protected":false},"excerpt":{"rendered":"<p>A Oficina de Ensaios Especiais possui os seguintes equipamentos: 3 prensas triaxiais completas com controle servo-autom\u00e1tico de press\u00e3o, acess\u00f3rios para&#8230;<\/p>\n","protected":false},"author":8,"featured_media":0,"parent":211,"menu_order":1,"comment_status":"closed","ping_status":"closed","template":"","meta":{"footnotes":""},"class_list":["post-492","page","type-page","status-publish","hentry"],"_links":{"self":[{"href":"https:\/\/uenf.br\/posgraduacao\/engenharia-civil\/wp-json\/wp\/v2\/pages\/492","targetHints":{"allow":["GET"]}}],"collection":[{"href":"https:\/\/uenf.br\/posgraduacao\/engenharia-civil\/wp-json\/wp\/v2\/pages"}],"about":[{"href":"https:\/\/uenf.br\/posgraduacao\/engenharia-civil\/wp-json\/wp\/v2\/types\/page"}],"author":[{"embeddable":true,"href":"https:\/\/uenf.br\/posgraduacao\/engenharia-civil\/wp-json\/wp\/v2\/users\/8"}],"replies":[{"embeddable":true,"href":"https:\/\/uenf.br\/posgraduacao\/engenharia-civil\/wp-json\/wp\/v2\/comments?post=492"}],"version-history":[{"count":0,"href":"https:\/\/uenf.br\/posgraduacao\/engenharia-civil\/wp-json\/wp\/v2\/pages\/492\/revisions"}],"up":[{"embeddable":true,"href":"https:\/\/uenf.br\/posgraduacao\/engenharia-civil\/wp-json\/wp\/v2\/pages\/211"}],"wp:attachment":[{"href":"https:\/\/uenf.br\/posgraduacao\/engenharia-civil\/wp-json\/wp\/v2\/media?parent=492"}],"curies":[{"name":"wp","href":"https:\/\/api.w.org\/{rel}","templated":true}]}}