{"id":496,"date":"2015-09-04T19:36:53","date_gmt":"2015-09-04T19:36:53","guid":{"rendered":"http:\/\/uenf.br\/posgraduacao\/engenharia-civil\/?page_id=496"},"modified":"2020-10-27T01:22:58","modified_gmt":"2020-10-27T01:22:58","slug":"estruturas","status":"publish","type":"page","link":"https:\/\/uenf.br\/posgraduacao\/engenharia-civil\/oficinas-de-ensino-e-pesquisa\/estruturas\/","title":{"rendered":"Oficina de Estruturas"},"content":{"rendered":"<p><a href=\"https:\/\/uenf.br\/posgraduacao\/engenharia-civil\/wp-content\/uploads\/sites\/3\/2020\/10\/Imagem5.png\"><img loading=\"lazy\" decoding=\"async\" class=\"alignnone size-medium wp-image-2903\" src=\"https:\/\/uenf.br\/posgraduacao\/engenharia-civil\/wp-content\/uploads\/sites\/3\/2020\/10\/Imagem5-300x230.png\" alt=\"\" width=\"300\" height=\"230\" srcset=\"https:\/\/uenf.br\/posgraduacao\/engenharia-civil\/wp-content\/uploads\/sites\/3\/2020\/10\/Imagem5-300x230.png 300w, https:\/\/uenf.br\/posgraduacao\/engenharia-civil\/wp-content\/uploads\/sites\/3\/2020\/10\/Imagem5-150x115.png 150w, https:\/\/uenf.br\/posgraduacao\/engenharia-civil\/wp-content\/uploads\/sites\/3\/2020\/10\/Imagem5-400x307.png 400w, https:\/\/uenf.br\/posgraduacao\/engenharia-civil\/wp-content\/uploads\/sites\/3\/2020\/10\/Imagem5.png 503w\" sizes=\"auto, (max-width: 300px) 100vw, 300px\" \/><\/a><\/p>\n<p>A Oficina de Estruturas conta com uma laje de rea\u00e7\u00e3o de 65 m<sup>2<\/sup> em concreto com 60 pontos para aplica\u00e7\u00e3o de carga e capacidade de 50 tf de carga por ponto de aplica\u00e7\u00e3o. Essa Oficina conta com os seguintes equipamentos para uso na laje: unidade hidr\u00e1ulica da MTS; 2 atuadores hidr\u00e1ulicos MTS de 500 kN; 2 sistemas de aquisi\u00e7\u00e3o de dados Lynx 24 canais; sistema de aquisi\u00e7\u00e3o da National Instruments. Al\u00e9m disso, a oficina de Estruturas atende a pesquisas do PPGEC e de outros programas da UENF e de outras institui\u00e7\u00f5es por meio de uma m\u00e1quina universal de ensaios mec\u00e2nicos servo-controlada Shimadzu 500 kN e uma unidade para produ\u00e7\u00e3o de concreto constitu\u00edda de laje drenada, betoneira de 150 litros; betoneira de 250 litros; mesa vibrat\u00f3ria, vibrador de imers\u00e3o; ret\u00edfica para planifica\u00e7\u00e3o de bases de corpos de prova; unidades de cura.<\/p>","protected":false},"excerpt":{"rendered":"<p>A Oficina de Estruturas conta com uma laje de rea\u00e7\u00e3o de 65 m2 em concreto com 60 pontos para aplica\u00e7\u00e3o&#8230;<\/p>\n","protected":false},"author":8,"featured_media":0,"parent":211,"menu_order":1,"comment_status":"closed","ping_status":"closed","template":"","meta":{"footnotes":""},"class_list":["post-496","page","type-page","status-publish","hentry"],"_links":{"self":[{"href":"https:\/\/uenf.br\/posgraduacao\/engenharia-civil\/wp-json\/wp\/v2\/pages\/496","targetHints":{"allow":["GET"]}}],"collection":[{"href":"https:\/\/uenf.br\/posgraduacao\/engenharia-civil\/wp-json\/wp\/v2\/pages"}],"about":[{"href":"https:\/\/uenf.br\/posgraduacao\/engenharia-civil\/wp-json\/wp\/v2\/types\/page"}],"author":[{"embeddable":true,"href":"https:\/\/uenf.br\/posgraduacao\/engenharia-civil\/wp-json\/wp\/v2\/users\/8"}],"replies":[{"embeddable":true,"href":"https:\/\/uenf.br\/posgraduacao\/engenharia-civil\/wp-json\/wp\/v2\/comments?post=496"}],"version-history":[{"count":0,"href":"https:\/\/uenf.br\/posgraduacao\/engenharia-civil\/wp-json\/wp\/v2\/pages\/496\/revisions"}],"up":[{"embeddable":true,"href":"https:\/\/uenf.br\/posgraduacao\/engenharia-civil\/wp-json\/wp\/v2\/pages\/211"}],"wp:attachment":[{"href":"https:\/\/uenf.br\/posgraduacao\/engenharia-civil\/wp-json\/wp\/v2\/media?parent=496"}],"curies":[{"name":"wp","href":"https:\/\/api.w.org\/{rel}","templated":true}]}}