{"id":499,"date":"2015-09-04T19:37:56","date_gmt":"2015-09-04T19:37:56","guid":{"rendered":"http:\/\/uenf.br\/posgraduacao\/engenharia-civil\/?page_id=499"},"modified":"2023-04-22T22:09:36","modified_gmt":"2023-04-22T22:09:36","slug":"nexmat","status":"publish","type":"page","link":"https:\/\/uenf.br\/posgraduacao\/engenharia-civil\/oficinas-de-ensino-e-pesquisa\/nexmat\/","title":{"rendered":"Oficina de Materiais Ciment\u00edcios e Pozol\u00e2nicos (N\u00facleo de Excel\u00eancia em Materiais Ciment\u00edcios \u2013 Nexmat)"},"content":{"rendered":"<p><a href=\"http:\/\/uenf.br\/posgraduacao\/engenharia-civil\/wp-content\/uploads\/sites\/3\/2020\/10\/Imagem6.png\"><img loading=\"lazy\" decoding=\"async\" class=\"alignnone size-medium wp-image-2907\" src=\"http:\/\/uenf.br\/posgraduacao\/engenharia-civil\/wp-content\/uploads\/sites\/3\/2020\/10\/Imagem6-300x183.png\" alt=\"\" width=\"300\" height=\"183\" srcset=\"https:\/\/uenf.br\/posgraduacao\/engenharia-civil\/wp-content\/uploads\/sites\/3\/2020\/10\/Imagem6-300x183.png 300w, https:\/\/uenf.br\/posgraduacao\/engenharia-civil\/wp-content\/uploads\/sites\/3\/2020\/10\/Imagem6-150x92.png 150w, https:\/\/uenf.br\/posgraduacao\/engenharia-civil\/wp-content\/uploads\/sites\/3\/2020\/10\/Imagem6-400x244.png 400w, https:\/\/uenf.br\/posgraduacao\/engenharia-civil\/wp-content\/uploads\/sites\/3\/2020\/10\/Imagem6.png 634w\" sizes=\"auto, (max-width: 300px) 100vw, 300px\" \/><\/a><\/p>\n<p>O Nexmat, que foi constru\u00eddo entre 2013 e 2015 com recursos oriundos de um programa de cria\u00e7\u00e3o de n\u00facleos de excel\u00eancia em pesquisa pela FAPERJ (PRONEX E-26\/110.892\/201), conta com muitos equipamentos e t\u00e9cnicas utilizadas na produ\u00e7\u00e3o e caracteriza\u00e7\u00e3o de sistemas ciment\u00edcios de alto desempenho. O Nexmat conta com os seguintes equipamentos: difrat\u00f4metro de raios X Rigaku equipado para medidas quantitativas (m\u00e9todo de Rietveld); granul\u00f4metro a laser Malvern Mastersizer 3000; calor\u00edmetro isot\u00e9rmico com dois canais microprocessados; equipamento para ensaio de atividade pozol\u00e2nica por condutividade el\u00e9trica; dois equipamentos de retra\u00e7\u00e3o qu\u00edmica (\u2018Le Chatelier\u2019); conjunto completo\u00a0 para leituras de deforma\u00e7\u00f5es aut\u00f3gena e por secagem; equipamento de ultrassom para monitoramento de hidrata\u00e7\u00e3o, analisador de nanopart\u00edculas a laser Nanosizer; forno mufla com controle total das condi\u00e7\u00f5es de queima; banho microprocessado para cura t\u00e9rmica; re\u00f4metro tipo Brookfiled para caracteriza\u00e7\u00e3o reol\u00f3gica de sistemas ciment\u00edcios. O Nexmat conta com colabora\u00e7\u00e3o internacional e possui projetos em andamento com financiamento do CNPq, da FAPERJ e da Prefeitura Municipal de Campos dos Goytacazes. No Brasil, pesquisas conjuntas tem sido realizadas com pesquisadores de Instituto Tecnol\u00f3gico da Aeron\u00e1utica (ITA-SP), UNESP-Ilha Solteira (SP), Universidade Estadual de Feira de Santana (BA) e COPPE-UFRJ (RJ). No exterior, pesquisas tem sido desenvolvidas em parceria com pesquisadores da Universit\u00e9 Pierre et Marie Curie (Fran\u00e7a), Georgia Institute of Technology (EUA) e Universidade de Coimbra (Portugal).<\/p>","protected":false},"excerpt":{"rendered":"<p>O Nexmat, que foi constru\u00eddo entre 2013 e 2015 com recursos oriundos de um programa de cria\u00e7\u00e3o de n\u00facleos de&#8230;<\/p>\n","protected":false},"author":8,"featured_media":0,"parent":211,"menu_order":1,"comment_status":"closed","ping_status":"closed","template":"","meta":{"footnotes":""},"class_list":["post-499","page","type-page","status-publish","hentry"],"_links":{"self":[{"href":"https:\/\/uenf.br\/posgraduacao\/engenharia-civil\/wp-json\/wp\/v2\/pages\/499","targetHints":{"allow":["GET"]}}],"collection":[{"href":"https:\/\/uenf.br\/posgraduacao\/engenharia-civil\/wp-json\/wp\/v2\/pages"}],"about":[{"href":"https:\/\/uenf.br\/posgraduacao\/engenharia-civil\/wp-json\/wp\/v2\/types\/page"}],"author":[{"embeddable":true,"href":"https:\/\/uenf.br\/posgraduacao\/engenharia-civil\/wp-json\/wp\/v2\/users\/8"}],"replies":[{"embeddable":true,"href":"https:\/\/uenf.br\/posgraduacao\/engenharia-civil\/wp-json\/wp\/v2\/comments?post=499"}],"version-history":[{"count":0,"href":"https:\/\/uenf.br\/posgraduacao\/engenharia-civil\/wp-json\/wp\/v2\/pages\/499\/revisions"}],"up":[{"embeddable":true,"href":"https:\/\/uenf.br\/posgraduacao\/engenharia-civil\/wp-json\/wp\/v2\/pages\/211"}],"wp:attachment":[{"href":"https:\/\/uenf.br\/posgraduacao\/engenharia-civil\/wp-json\/wp\/v2\/media?parent=499"}],"curies":[{"name":"wp","href":"https:\/\/api.w.org\/{rel}","templated":true}]}}