{"id":502,"date":"2015-09-04T19:39:53","date_gmt":"2015-09-04T19:39:53","guid":{"rendered":"http:\/\/uenf.br\/posgraduacao\/engenharia-civil\/?page_id=502"},"modified":"2020-10-27T01:29:14","modified_gmt":"2020-10-27T01:29:14","slug":"ms","status":"publish","type":"page","link":"https:\/\/uenf.br\/posgraduacao\/engenharia-civil\/oficinas-de-ensino-e-pesquisa\/ms\/","title":{"rendered":"Oficina de Mec\u00e2nica dos Solos"},"content":{"rendered":"<p>A Oficina de Mec\u00e2nica dos Solos atende a todas as pesquisas experimentais do programa e conta com os seguintes equipamentos: balan\u00e7as digitais de precis\u00e3o; conjunto de peneiras; dens\u00edmetros; picn\u00f4metros; cilindros de compacta\u00e7\u00e3o; aparelho Casagrande; dispersor de solos; estufa; trados para sondagem; medidores de n\u00edvel d\u2019\u00e1gua; moldes para coleta de amostras tipo Osterberg e tipo Shelby.<\/p>","protected":false},"excerpt":{"rendered":"<p>A Oficina de Mec\u00e2nica dos Solos atende a todas as pesquisas experimentais do programa e conta com os seguintes equipamentos:&#8230;<\/p>\n","protected":false},"author":8,"featured_media":0,"parent":211,"menu_order":1,"comment_status":"closed","ping_status":"closed","template":"","meta":{"footnotes":""},"class_list":["post-502","page","type-page","status-publish","hentry"],"_links":{"self":[{"href":"https:\/\/uenf.br\/posgraduacao\/engenharia-civil\/wp-json\/wp\/v2\/pages\/502","targetHints":{"allow":["GET"]}}],"collection":[{"href":"https:\/\/uenf.br\/posgraduacao\/engenharia-civil\/wp-json\/wp\/v2\/pages"}],"about":[{"href":"https:\/\/uenf.br\/posgraduacao\/engenharia-civil\/wp-json\/wp\/v2\/types\/page"}],"author":[{"embeddable":true,"href":"https:\/\/uenf.br\/posgraduacao\/engenharia-civil\/wp-json\/wp\/v2\/users\/8"}],"replies":[{"embeddable":true,"href":"https:\/\/uenf.br\/posgraduacao\/engenharia-civil\/wp-json\/wp\/v2\/comments?post=502"}],"version-history":[{"count":0,"href":"https:\/\/uenf.br\/posgraduacao\/engenharia-civil\/wp-json\/wp\/v2\/pages\/502\/revisions"}],"up":[{"embeddable":true,"href":"https:\/\/uenf.br\/posgraduacao\/engenharia-civil\/wp-json\/wp\/v2\/pages\/211"}],"wp:attachment":[{"href":"https:\/\/uenf.br\/posgraduacao\/engenharia-civil\/wp-json\/wp\/v2\/media?parent=502"}],"curies":[{"name":"wp","href":"https:\/\/api.w.org\/{rel}","templated":true}]}}