{"id":504,"date":"2015-09-04T19:40:38","date_gmt":"2015-09-04T19:40:38","guid":{"rendered":"http:\/\/uenf.br\/posgraduacao\/engenharia-civil\/?page_id=504"},"modified":"2020-10-27T01:32:20","modified_gmt":"2020-10-27T01:32:20","slug":"modnum","status":"publish","type":"page","link":"https:\/\/uenf.br\/posgraduacao\/engenharia-civil\/oficinas-de-ensino-e-pesquisa\/modnum\/","title":{"rendered":"Oficina de Modelagem Num\u00e9rica"},"content":{"rendered":"<p><a href=\"http:\/\/uenf.br\/posgraduacao\/engenharia-civil\/wp-content\/uploads\/sites\/3\/2020\/10\/Imagem8.png\"><img loading=\"lazy\" decoding=\"async\" class=\"alignnone size-medium wp-image-2913\" src=\"http:\/\/uenf.br\/posgraduacao\/engenharia-civil\/wp-content\/uploads\/sites\/3\/2020\/10\/Imagem8-300x196.png\" alt=\"\" width=\"300\" height=\"196\" srcset=\"https:\/\/uenf.br\/posgraduacao\/engenharia-civil\/wp-content\/uploads\/sites\/3\/2020\/10\/Imagem8-300x196.png 300w, https:\/\/uenf.br\/posgraduacao\/engenharia-civil\/wp-content\/uploads\/sites\/3\/2020\/10\/Imagem8-150x98.png 150w, https:\/\/uenf.br\/posgraduacao\/engenharia-civil\/wp-content\/uploads\/sites\/3\/2020\/10\/Imagem8-400x261.png 400w, https:\/\/uenf.br\/posgraduacao\/engenharia-civil\/wp-content\/uploads\/sites\/3\/2020\/10\/Imagem8.png 613w\" sizes=\"auto, (max-width: 300px) 100vw, 300px\" \/><\/a><\/p>\n<p>A Oficina de Modelagem Num\u00e9rica atende as duas \u00e1reas de concentra\u00e7\u00e3o e disp\u00f5e de 25 m\u00e1quinas dedicadas, um cluster de 5 computadores e diversos programa computacionais de engenharia (Rocscience Suite, Ansys, Abaqus, Plaxis-VIP, MatLab, dentre outros).<\/p>","protected":false},"excerpt":{"rendered":"<p>A Oficina de Modelagem Num\u00e9rica atende as duas \u00e1reas de concentra\u00e7\u00e3o e disp\u00f5e de 25 m\u00e1quinas dedicadas, um cluster de&#8230;<\/p>\n","protected":false},"author":8,"featured_media":0,"parent":211,"menu_order":1,"comment_status":"closed","ping_status":"closed","template":"","meta":{"footnotes":""},"class_list":["post-504","page","type-page","status-publish","hentry"],"_links":{"self":[{"href":"https:\/\/uenf.br\/posgraduacao\/engenharia-civil\/wp-json\/wp\/v2\/pages\/504","targetHints":{"allow":["GET"]}}],"collection":[{"href":"https:\/\/uenf.br\/posgraduacao\/engenharia-civil\/wp-json\/wp\/v2\/pages"}],"about":[{"href":"https:\/\/uenf.br\/posgraduacao\/engenharia-civil\/wp-json\/wp\/v2\/types\/page"}],"author":[{"embeddable":true,"href":"https:\/\/uenf.br\/posgraduacao\/engenharia-civil\/wp-json\/wp\/v2\/users\/8"}],"replies":[{"embeddable":true,"href":"https:\/\/uenf.br\/posgraduacao\/engenharia-civil\/wp-json\/wp\/v2\/comments?post=504"}],"version-history":[{"count":0,"href":"https:\/\/uenf.br\/posgraduacao\/engenharia-civil\/wp-json\/wp\/v2\/pages\/504\/revisions"}],"up":[{"embeddable":true,"href":"https:\/\/uenf.br\/posgraduacao\/engenharia-civil\/wp-json\/wp\/v2\/pages\/211"}],"wp:attachment":[{"href":"https:\/\/uenf.br\/posgraduacao\/engenharia-civil\/wp-json\/wp\/v2\/media?parent=504"}],"curies":[{"name":"wp","href":"https:\/\/api.w.org\/{rel}","templated":true}]}}