{"id":510,"date":"2015-09-04T19:45:15","date_gmt":"2015-09-04T19:45:15","guid":{"rendered":"http:\/\/uenf.br\/posgraduacao\/engenharia-civil\/?page_id=510"},"modified":"2020-10-27T01:37:22","modified_gmt":"2020-10-27T01:37:22","slug":"mec","status":"publish","type":"page","link":"https:\/\/uenf.br\/posgraduacao\/engenharia-civil\/oficinas-de-ensino-e-pesquisa\/mec\/","title":{"rendered":"Oficina Mec\u00e2nica de Apoio"},"content":{"rendered":"<p>A Oficina Mec\u00e2nica atende \u00e0s pesquisas e conta com ferramentas e equipamentos em geral, al\u00e9m de uma central de usinagem CNC com comando num\u00e9rico, uma fresadora e um torno mec\u00e2nico.<\/p>","protected":false},"excerpt":{"rendered":"<p>A Oficina Mec\u00e2nica atende \u00e0s pesquisas e conta com ferramentas e equipamentos em geral, al\u00e9m de uma central de usinagem&#8230;<\/p>\n","protected":false},"author":8,"featured_media":0,"parent":211,"menu_order":1,"comment_status":"closed","ping_status":"closed","template":"","meta":{"footnotes":""},"class_list":["post-510","page","type-page","status-publish","hentry"],"_links":{"self":[{"href":"https:\/\/uenf.br\/posgraduacao\/engenharia-civil\/wp-json\/wp\/v2\/pages\/510","targetHints":{"allow":["GET"]}}],"collection":[{"href":"https:\/\/uenf.br\/posgraduacao\/engenharia-civil\/wp-json\/wp\/v2\/pages"}],"about":[{"href":"https:\/\/uenf.br\/posgraduacao\/engenharia-civil\/wp-json\/wp\/v2\/types\/page"}],"author":[{"embeddable":true,"href":"https:\/\/uenf.br\/posgraduacao\/engenharia-civil\/wp-json\/wp\/v2\/users\/8"}],"replies":[{"embeddable":true,"href":"https:\/\/uenf.br\/posgraduacao\/engenharia-civil\/wp-json\/wp\/v2\/comments?post=510"}],"version-history":[{"count":0,"href":"https:\/\/uenf.br\/posgraduacao\/engenharia-civil\/wp-json\/wp\/v2\/pages\/510\/revisions"}],"up":[{"embeddable":true,"href":"https:\/\/uenf.br\/posgraduacao\/engenharia-civil\/wp-json\/wp\/v2\/pages\/211"}],"wp:attachment":[{"href":"https:\/\/uenf.br\/posgraduacao\/engenharia-civil\/wp-json\/wp\/v2\/media?parent=510"}],"curies":[{"name":"wp","href":"https:\/\/api.w.org\/{rel}","templated":true}]}}