{"id":549,"date":"2015-09-04T20:24:06","date_gmt":"2015-09-04T20:24:06","guid":{"rendered":"http:\/\/uenf.br\/posgraduacao\/engenharia-civil\/?page_id=549"},"modified":"2017-01-16T17:38:17","modified_gmt":"2017-01-16T17:38:17","slug":"dissertacoes-de-metrado-2015","status":"publish","type":"page","link":"https:\/\/uenf.br\/posgraduacao\/engenharia-civil\/teses-e-dissertacoes\/dissertacoes-de-metrado-2015\/","title":{"rendered":"Disserta\u00e7\u00f5es de Metrado 2015"},"content":{"rendered":"<p>&nbsp;<\/p>\n<p>&nbsp;<\/p>\n<form>\n<fieldset>\n<legend>ESTUDO EXPERIMENTAL DA INFLU\u00caNCIA DA ARGAMASSA DE ASSENTAMENTO NA RESIST\u00caNCIA \u00c0 COMPRESS\u00c3O DA ALVENARIA ESTRUTURAL CER\u00c2MICA<br \/>\n<\/legend>\n<p style=\"text-align: left\"><strong>Autor: RAFAEL PICAN\u00c7O DE OLIVEIRA<\/strong><br \/>\n<strong>Orientador:<\/strong> Prof. Jonas Alexandre<br \/>\n<strong>\u00c1rea de Concentra\u00e7\u00e3o:<\/strong> Estruturas<br \/>\n<strong>Situa\u00e7\u00e3o:<\/strong> Conclu\u00edda \u2013 OUTUBRO &#8211; 2015<br \/>\n<a href=\"http:\/\/uenf.br\/posgraduacao\/engenharia-civil\/dissertacoes-de-mestrado-2015-rafael-picanco-de-oliveira\/\">Veja mais<\/a><\/p>\n<\/fieldset>\n<p>&nbsp;<\/p>\n<\/form>\n<form>\n<fieldset>\n<legend>UTILIZA\u00c7\u00c3O DE METODOLOGIA DE AN\u00c1LISE DE COMBINA-\u00c7\u00c3O DE MAT\u00c9RIAS-PRIMAS PARA IND\u00daSTRIA CER\u00c2MICA, COM PLANEJAMENTO EM REDE SIMPLEX<\/legend>\n<p style=\"text-align: left\"><strong>Autor: RODOLFO CRETTON SOUZA<\/strong><br \/>\n<strong>Orientador:<\/strong> Prof. Jonas Alexandre<br \/>\n<strong>\u00c1rea de Concentra\u00e7\u00e3o:<\/strong>\u00a0Estruturas<br \/>\n<strong>Situa\u00e7\u00e3o:<\/strong> Conclu\u00edda \u2013 SETEMBRO \u2013 2015<br \/>\n<strong><a href=\"http:\/\/uenf.br\/posgraduacao\/engenharia-civil\/dissertacoes-de-mestrado-2015-rodolfo-cretton-souza\/\" target=\"_blank\">Veja mais.<\/a><\/strong><\/p>\n<\/fieldset>\n<\/form>\n<form>&nbsp;<\/p>\n<\/form>\n<form>\n<fieldset>\n<legend>SIMULA\u00c7\u00c3O NUM\u00c9RICA DO COMPORTAMENTO AO ARRANCAMENTO DE ESTACAS TUBULARES VAZADAS<\/legend>\n<p style=\"text-align: left\"><strong>Autor: STIVENS ARTURO SANABRIA SOSA<\/strong><br \/>\n<strong>Orientador:<\/strong> Prof. Aldo Durand Farf\u00e1n<br \/>\n<strong>\u00c1rea de Concentra\u00e7\u00e3o:<\/strong>\u00a0Geotecnia<br \/>\n<strong>Situa\u00e7\u00e3o:<\/strong> Conclu\u00edda \u2013 Setembro, 2015<br \/>\n<strong><a href=\"http:\/\/uenf.br\/posgraduacao\/engenharia-civil\/dissertacoes-de-mestrado-2015-stivens-arturo-sanabria-sosa\/\" target=\"_blank\">Veja mais.<\/a><\/strong><\/p>\n<\/fieldset>\n<\/form>\n<form>&nbsp;<\/p>\n<\/form>\n<form>\n<fieldset>\n<legend>DESENVOLVIMENTO DE INSTRUMENTA\u00c7\u00c3O PARA MEDI\u00c7\u00c3O DE DEFORMA\u00c7\u00c3O EM MODELOS F\u00cdSICOS DE DUTOS ENTERRADOS<\/legend>\n<p style=\"text-align: left\"><strong>Autor: ALINE DIAS PINHEIRO<\/strong><br \/>\n<strong>Orientador:<\/strong> Prof. S\u00e9rgio Tibana<br \/>\n<strong>\u00c1rea de Concentra\u00e7\u00e3o:<\/strong>\u00a0Geotecnia<br \/>\n<strong>Situa\u00e7\u00e3o:<\/strong> Conclu\u00edda \u2013 SETEMBRO \u2013 2015<br \/>\n<strong><a href=\"http:\/\/uenf.br\/posgraduacao\/engenharia-civil\/dissertacoes-de-mestrado-2016-ana-paula-ribeiro-sarmet-moreira-smiderle\/\" target=\"_blank\">Veja mais.<\/a><\/strong><\/p>\n<\/fieldset>\n<\/form>\n<form>&nbsp;<\/p>\n<\/form>\n<form>\n<fieldset>\n<legend>COMPORTAMENTO DE PILARES CURTOS DE CONCRETO ARMADO COM ARMADURA TRANSVERSAL EM TELA DE A\u00c7O SOLDADA<\/legend>\n<p style=\"text-align: left\"><strong>Autor: GLEICY MARIA LOUVAIN DA SILVA<\/strong><br \/>\n<strong>Orientador:<\/strong> Prof. Sergio Luis Gonz\u00e1lez Garcia<br \/>\n<strong>\u00c1rea de Concentra\u00e7\u00e3o:<\/strong> Estruturas<br \/>\n<strong>Situa\u00e7\u00e3o:<\/strong> Conclu\u00edda \u2013 SETEMBRO \u20132015<br \/>\n<strong><a href=\"http:\/\/uenf.br\/posgraduacao\/engenharia-civil\/dissertacoes-de-mestrado-2016-diogo-pereira-dos-santos\/\" target=\"_blank\">Veja mais.<\/a><\/strong><\/p>\n<\/fieldset>\n<\/form>\n<form>&nbsp;<\/p>\n<\/form>\n<form>\n<fieldset>\n<legend>USO DE TOMOGRAFIA PARA AVALIA\u00c7\u00c3O DE CONDICIONANTES EM COLUNAS DE BRITA MODELADAS EM CENTR\u00cdFUGA GEOT\u00c9CNICA<\/legend>\n<p style=\"text-align: left\"><strong>Autor: PAOLA MACHADO BARRETO MANH\u00c3ES<\/strong><br \/>\n<strong>Orientador:<\/strong> Prof. Fernando Saboya Albuquerque<br \/>\n<strong>\u00c1rea de Concentra\u00e7\u00e3o:<\/strong>\u00a0Geotecnia<br \/>\n<strong>Situa\u00e7\u00e3o:<\/strong> Conclu\u00edda \u2013 AGOSTO \u2013 2015<br \/>\n<strong><a href=\"http:\/\/uenf.br\/posgraduacao\/engenharia-civil\/dissertacoes-de-mestrado-2016-patricia-da-silva-pereira\/\" target=\"_blank\">Veja mais.<\/a><\/strong><\/p>\n<\/fieldset>\n<\/form>\n<form>&nbsp;<\/p>\n<\/form>\n<form>\n<fieldset>\n<legend>Estudo de Viabilidade na Incorpora\u00e7\u00e3o de Res\u00edduo da Ind\u00fastria de Papel na Produ\u00e7\u00e3o de Argamassas de M\u00faltiplo-Uso<\/legend>\n<p style=\"text-align: left\"><strong>Autor:Afonso Rangel Garcez de Azevedo<\/strong><br \/>\n<strong>Orientador:<\/strong> Prof. Jonas Alexandre<br \/>\n<strong>\u00c1rea de Concentra\u00e7\u00e3o:<\/strong>\u00a0Estruturas<br \/>\n<strong>Situa\u00e7\u00e3o:<\/strong> Conclu\u00edda \u2013 ABRIL\u00a0&#8211; 2015<br \/>\n<strong><a href=\"http:\/\/uenf.br\/posgraduacao\/engenharia-civil\/dissertacoes-de-mestrado-2015-afonso-rangel-garcez-de-azevedo\/\" target=\"_blank\">Veja mais.<\/a><\/strong><\/p>\n<\/fieldset>\n<\/form>\n<form>&nbsp;<\/p>\n<\/form>\n<form>\n<fieldset>\n<legend>APLICA\u00c7\u00c3O DA L\u00d3GICA DIFUSA NA AVALIA\u00c7\u00c3O DO FATOR DE SEGURAN\u00c7A E DA CAPACIDADE DE CARGA DE ESTACAS H\u00c9LICE CONT\u00cdNUA<\/legend>\n<p style=\"text-align: left\"><strong>Autor: BRUNO MAGNO GOMES RAMOS<\/strong><br \/>\n<strong>Orientador:<\/strong> Prof. Fernando Saboya de Albuquerque Jr.<br \/>\n<strong>\u00c1rea de Concentra\u00e7\u00e3o:<\/strong>\u00a0Geotecnia<br \/>\n<strong>Situa\u00e7\u00e3o:<\/strong> Conclu\u00edda \u2013 JULHO \u2013 2015<br \/>\n<strong><a href=\"http:\/\/uenf.br\/posgraduacao\/engenharia-civil\/dissertacoes-de-mestrado-2015-bruno-magno-gomes-ramos\/\" target=\"_blank\">Veja mais.<\/a><\/strong><\/p>\n<\/fieldset>\n<\/form>\n<form>&nbsp;<\/p>\n<\/form>\n<form>\n<fieldset>\n<legend>INFLU\u00caNCIA DO CHAPISCO NA RESIST\u00caNCIA DE ADER\u00caNCIA \u00c0 TRA\u00c7\u00c3O DE REVESTIMENTOS DE ARGAMASSA EM BLOCOS CER\u00c2MICOS<\/legend>\n<p style=\"text-align: left\"><strong>Autor: EUZ\u00c9BIO BERNAB\u00c9 ZANELATO<\/strong><br \/>\n<strong>Orientador:<\/strong> Prof.\u00a0Jonas Alexadre<br \/>\n<strong>\u00c1rea de Concentra\u00e7\u00e3o:<\/strong>\u00a0Estruturas<br \/>\n<strong>Situa\u00e7\u00e3o:<\/strong> Conclu\u00edda \u2013 ABRIL &#8211; 2015<br \/>\n<strong><a href=\"http:\/\/uenf.br\/posgraduacao\/engenharia-civil\/dissertacoes-de-mestrado-2015-euzebio-bernabe-zanelato\/\" target=\"_blank\">Veja mais.<\/a><\/strong><\/p>\n<\/fieldset>\n<\/form>\n<form>&nbsp;<\/p>\n<\/form>\n<form>\n<fieldset>\n<legend>MONITORAMENTO DE RECALQUES POR FOTOGRAMETRIA USANDO O PRINC\u00cdPIO DOS VASOS COMUNICANTES<\/legend>\n<p style=\"text-align: left\"><strong>Autor: MARTA FLEICHMAN PRELLWITZ<\/strong><br \/>\n<strong>Orientador:<\/strong> Prof. Paulo Cesar de Almeida Maia<br \/>\n<strong>\u00c1rea de Concentra\u00e7\u00e3o:<\/strong>\u00a0Geotecnia<br \/>\n<strong>Situa\u00e7\u00e3o:<\/strong> Conclu\u00edda \u2013 ABRIL &#8211; 2015<br \/>\n<strong><a href=\"http:\/\/uenf.br\/posgraduacao\/engenharia-civil\/dissertacoes-de-mestrado-2015-marta-fleichman-prellwitz\/\" target=\"_blank\">Veja mais.<\/a><\/strong><\/p>\n<\/fieldset>\n<\/form>\n<form>&nbsp;<\/p>\n<p><strong>Disserta\u00e7\u00f5es<\/strong><\/p>\n<p><a href=\"http:\/\/uenf.br\/posgraduacao\/engenharia-civil\/dissertacoes-de-mestrado-2016\/\">2016<\/a> &#8211;\u00a0<a href=\"http:\/\/uenf.br\/posgraduacao\/engenharia-civil\/dissertacoes-de-mestrado\/dissertacoes-de-metrado-2015\/\">2015 <\/a>&#8211; <a href=\"http:\/\/uenf.br\/posgraduacao\/engenharia-civil\/dissertacoes-de-mestrado\/dissertacoes-de-mestrado-2014\/\">2014 <\/a>&#8211; <a href=\"http:\/\/uenf.br\/posgraduacao\/engenharia-civil\/dissertacoes-de-mestrado\/dissertacoes-de-mestrado-2013\/\">2013 <\/a>&#8211; <a href=\"http:\/\/uenf.br\/posgraduacao\/engenharia-civil\/dissertacoes-de-mestrado\/dissertacoes-de-mestrado-2012\/\">2012 <\/a>&#8211; <a href=\"http:\/\/uenf.br\/posgraduacao\/engenharia-civil\/dissertacoes-de-mestrado\/dissertacoes-de-mestrado-2011\/\">2011<\/a> &#8211; <a href=\"http:\/\/uenf.br\/posgraduacao\/engenharia-civil\/dissertacoes-de-mestrado\/dissertacoes-de-mestrado-2010\/\">2010 <\/a>&#8211; <a href=\"http:\/\/uenf.br\/posgraduacao\/engenharia-civil\/dissertacoes-de-mestrado\/dissertacoes-de-mestrado-2009\/\">2009 <\/a>&#8211; <a href=\"http:\/\/uenf.br\/posgraduacao\/engenharia-civil\/dissertacoes-de-mestrado\/dissertacoes-de-mestrado-2008\/\">2008 <\/a>&#8211; <a href=\"http:\/\/uenf.br\/posgraduacao\/engenharia-civil\/dissertacoes-de-mestrado\/dissertacoes-de-mestrado-2007\/\">2007 <\/a>&#8211; <a href=\"http:\/\/uenf.br\/posgraduacao\/engenharia-civil\/dissertacoes-de-mestrado\/dissertacoes-de-mestrado-2006\/\" target=\"_blank\">2006 <\/a>&#8211; <a href=\"http:\/\/uenf.br\/posgraduacao\/engenharia-civil\/dissertacoes-de-mestrado\/dissertacoes-de-mestrado-2005\/\">2005<\/a> &#8211; <a href=\"http:\/\/uenf.br\/posgraduacao\/engenharia-civil\/dissertacoes-de-mestrado\/dissertacoes-de-mestrado-2004\/\">2004\u00a0<\/a>&#8211; <a href=\"http:\/\/uenf.br\/posgraduacao\/engenharia-civil\/dissertacoes-de-mestrado\/dissertacoes-de-mestrado-2003\/\">2003<\/a><\/p>\n<\/form>\n<p>&nbsp;<\/p>\n<p>&nbsp;<\/p>","protected":false},"excerpt":{"rendered":"<p>&nbsp; &nbsp; ESTUDO EXPERIMENTAL DA INFLU\u00caNCIA DA ARGAMASSA DE ASSENTAMENTO NA RESIST\u00caNCIA \u00c0 COMPRESS\u00c3O DA ALVENARIA ESTRUTURAL CER\u00c2MICA Autor: RAFAEL&#8230;<\/p>\n","protected":false},"author":8,"featured_media":0,"parent":411,"menu_order":1,"comment_status":"closed","ping_status":"closed","template":"","meta":{"footnotes":""},"class_list":["post-549","page","type-page","status-publish","hentry"],"_links":{"self":[{"href":"https:\/\/uenf.br\/posgraduacao\/engenharia-civil\/wp-json\/wp\/v2\/pages\/549","targetHints":{"allow":["GET"]}}],"collection":[{"href":"https:\/\/uenf.br\/posgraduacao\/engenharia-civil\/wp-json\/wp\/v2\/pages"}],"about":[{"href":"https:\/\/uenf.br\/posgraduacao\/engenharia-civil\/wp-json\/wp\/v2\/types\/page"}],"author":[{"embeddable":true,"href":"https:\/\/uenf.br\/posgraduacao\/engenharia-civil\/wp-json\/wp\/v2\/users\/8"}],"replies":[{"embeddable":true,"href":"https:\/\/uenf.br\/posgraduacao\/engenharia-civil\/wp-json\/wp\/v2\/comments?post=549"}],"version-history":[{"count":0,"href":"https:\/\/uenf.br\/posgraduacao\/engenharia-civil\/wp-json\/wp\/v2\/pages\/549\/revisions"}],"up":[{"embeddable":true,"href":"https:\/\/uenf.br\/posgraduacao\/engenharia-civil\/wp-json\/wp\/v2\/pages\/411"}],"wp:attachment":[{"href":"https:\/\/uenf.br\/posgraduacao\/engenharia-civil\/wp-json\/wp\/v2\/media?parent=549"}],"curies":[{"name":"wp","href":"https:\/\/api.w.org\/{rel}","templated":true}]}}