{"id":553,"date":"2015-09-04T20:25:33","date_gmt":"2015-09-04T20:25:33","guid":{"rendered":"http:\/\/uenf.br\/posgraduacao\/engenharia-civil\/?page_id=553"},"modified":"2017-02-16T11:38:07","modified_gmt":"2017-02-16T11:38:07","slug":"dissertacoes-de-mestrado-2013","status":"publish","type":"page","link":"https:\/\/uenf.br\/posgraduacao\/engenharia-civil\/teses-e-dissertacoes\/dissertacoes-de-mestrado-2013\/","title":{"rendered":"Disserta\u00e7\u00f5es de Mestrado 2013"},"content":{"rendered":"<p>&nbsp;<\/p>\n<form>\n<fieldset>\n<legend> INFLU\u00caNCIA DA SUBSTITUI\u00c7\u00c3O PARCIAL DE CIMENTO PORTLAND POR CINZAS DO BAGA\u00c7O DE CANA-DE-A\u00c7\u00daCAR NOS TEMPOS DE IN\u00cdCIO E FIM DE PEGA E NO CALOR DE HIDRATA\u00c7\u00c3O DE PRODUTOS CIMENT\u00cdCIOS<\/legend>\n<p style=\"text-align: left\"><strong>Autor: <\/strong> JOS\u00c9 RENATO DE FREITAS<br \/>\n<strong>Orientador:\u00a0<\/strong> Prof. Guilherme Chagas Cordeiro<br \/>\n<strong>Co-orientador:\u00a0<\/strong> Prof. Marcos Martinez Silvoso<br \/>\n<strong>\u00c1rea de Concentra\u00e7\u00e3o:<\/strong> Estrutura<br \/>\n<strong>Situa\u00e7\u00e3o:<\/strong> Conclu\u00edda \u2013 ABRIL\/2013<br \/>\n<strong><a href=\"http:\/\/uenf.br\/posgraduacao\/engenharia-civil\/dissertacoes-de-mestrado-2013-jose-renato-de-freitas\/\" target=\"_blank\">Veja mais.<\/a><\/strong><\/p>\n<\/fieldset>\n<\/form>\n<p>&nbsp;<\/p>\n<form>\n<fieldset>\n<legend>DIMENSIONAMENTO \u00d3TIMO DE PILARES DE CONCRETO ARMADO SUBMETIDOS \u00c0 FLEXO-COMPRESS\u00c3O NORMAL UTILIZANDO PROGRAMA\u00c7\u00c3O MATEM\u00c1TICA E ALGORITMOS GEN\u00c9TICOS<\/legend>\n<p style=\"text-align: left\"><strong>Autor: <\/strong> LAURA REBEL MOREIRA ALVES<br \/>\n<strong>Orientador:\u00a0<\/strong> Prof. Sergio Luis Gonz\u00e1lez Garcia<br \/>\n<strong>\u00c1rea de Concentra\u00e7\u00e3o:<\/strong> Estrutura<br \/>\n<strong>Situa\u00e7\u00e3o:<\/strong> Conclu\u00edda \u2013 SETEMBRO\/2013<br \/>\n<strong><a href=\"http:\/\/uenf.br\/posgraduacao\/engenharia-civil\/dissertacoes-de-mestrado-2013-laura-rebel-moreira-alves\/\" target=\"_blank\">Veja mais.<\/a><\/strong><\/p>\n<\/fieldset>\n<\/form>\n<p>&nbsp;<\/p>\n<form>\n<fieldset>\n<legend>AN\u00c1LISE DE MISTURAS E CARACTERIZA\u00c7\u00c3O DE MAT\u00c9RIA-PRIMA PARA A IND\u00daSTRIA DA CER\u00c2MICA VERMELHA<\/legend>\n<p style=\"text-align: left\"><strong>Autor: <\/strong> RAFAEL ANDRADE FREITAS<br \/>\n<strong>Orientador:\u00a0<\/strong> Prof. Jonas Alexandre<br \/>\n<strong>Co-orientador:\u00a0<\/strong> Prof. Gustavo de Castro Xavier<br \/>\n<strong>\u00c1rea de Concentra\u00e7\u00e3o:<\/strong> Estrutura<br \/>\n<strong>Situa\u00e7\u00e3o:<\/strong> Conclu\u00edda \u2013 MAR\u00c7O\/2013<br \/>\n<strong><a href=\"http:\/\/uenf.br\/posgraduacao\/engenharia-civil\/dissertacoes-de-mestrado-2013-rafael-andrade-freitas\/\" target=\"_blank\">Veja mais.<\/a><\/strong><\/p>\n<\/fieldset>\n<\/form>\n<p>&nbsp;<\/p>\n<form>\n<fieldset>\n<legend>DETERMINA\u00c7\u00c3O DAS TENS\u00d5ES IN-SITU SUPERFICIAIS MEDIANTE USO DA T\u00c9CNICA FOTOGRAMETRIA DIGITAL DE CURTA DIST\u00c2NCIA<\/legend>\n<p style=\"text-align: left\"><strong>Autor: <\/strong> V\u00cdCTOR ALONSO V\u00c1SQUEZ LUGO<br \/>\n<strong>Orientador:\u00a0<\/strong> Prof. Aldo Durand Farf\u00e1n<br \/>\n<strong>Co-orientador:\u00a0<\/strong> Prof. Euripides do Amaral Vargas<br \/>\n<strong>\u00c1rea de Concentra\u00e7\u00e3o:<\/strong> Geotecnia<br \/>\n<strong>Situa\u00e7\u00e3o:<\/strong> Conclu\u00edda \u2013 MAIO\/2013<br \/>\n<strong><a href=\"http:\/\/uenf.br\/posgraduacao\/engenharia-civil\/dissertacoes-de-mestrado-2013-victor-alonso-vasquez-lugo\/\" target=\"_blank\">Veja mais.<\/a><\/strong><\/p>\n<\/fieldset>\n<\/form>\n<p><strong>Disserta\u00e7\u00f5es<\/strong><\/p>\n<p><a href=\"http:\/\/uenf.br\/posgraduacao\/engenharia-civil\/dissertacoes-de-mestrado\/dissertacoes-de-metrado-2015\/\">2015 <\/a>&#8211; <a href=\"http:\/\/uenf.br\/posgraduacao\/engenharia-civil\/dissertacoes-de-mestrado\/dissertacoes-de-mestrado-2014\/\">2014 <\/a>&#8211; <a href=\"http:\/\/uenf.br\/posgraduacao\/engenharia-civil\/dissertacoes-de-mestrado\/dissertacoes-de-mestrado-2013\/\">2013 <\/a>&#8211; <a href=\"http:\/\/uenf.br\/posgraduacao\/engenharia-civil\/dissertacoes-de-mestrado\/dissertacoes-de-mestrado-2012\/\">2012 <\/a>&#8211; <a href=\"http:\/\/uenf.br\/posgraduacao\/engenharia-civil\/dissertacoes-de-mestrado\/dissertacoes-de-mestrado-2011\/\">2011<\/a> &#8211; <a href=\"http:\/\/uenf.br\/posgraduacao\/engenharia-civil\/dissertacoes-de-mestrado\/dissertacoes-de-mestrado-2010\/\">2010 <\/a>&#8211; <a href=\"http:\/\/uenf.br\/posgraduacao\/engenharia-civil\/dissertacoes-de-mestrado\/dissertacoes-de-mestrado-2009\/\">2009 <\/a>&#8211; <a href=\"http:\/\/uenf.br\/posgraduacao\/engenharia-civil\/dissertacoes-de-mestrado\/dissertacoes-de-mestrado-2008\/\">2008 <\/a>&#8211; <a href=\"http:\/\/uenf.br\/posgraduacao\/engenharia-civil\/dissertacoes-de-mestrado\/dissertacoes-de-mestrado-2007\/\">2007 <\/a>&#8211; <a href=\"http:\/\/uenf.br\/posgraduacao\/engenharia-civil\/dissertacoes-de-mestrado\/dissertacoes-de-mestrado-2006\/\" target=\"_blank\">2006 <\/a>&#8211; <a href=\"http:\/\/uenf.br\/posgraduacao\/engenharia-civil\/dissertacoes-de-mestrado\/dissertacoes-de-mestrado-2005\/\">2005<\/a> &#8211; <a href=\"http:\/\/uenf.br\/posgraduacao\/engenharia-civil\/dissertacoes-de-mestrado\/dissertacoes-de-mestrado-2004\/\">2004\u00a0<\/a>&#8211; <a href=\"http:\/\/uenf.br\/posgraduacao\/engenharia-civil\/dissertacoes-de-mestrado\/dissertacoes-de-mestrado-2003\/\">2003<\/a><\/p>","protected":false},"excerpt":{"rendered":"<p>&nbsp; INFLU\u00caNCIA DA SUBSTITUI\u00c7\u00c3O PARCIAL DE CIMENTO PORTLAND POR CINZAS DO BAGA\u00c7O DE CANA-DE-A\u00c7\u00daCAR NOS TEMPOS DE IN\u00cdCIO E FIM&#8230;<\/p>\n","protected":false},"author":8,"featured_media":0,"parent":411,"menu_order":1,"comment_status":"closed","ping_status":"closed","template":"","meta":{"footnotes":""},"class_list":["post-553","page","type-page","status-publish","hentry"],"_links":{"self":[{"href":"https:\/\/uenf.br\/posgraduacao\/engenharia-civil\/wp-json\/wp\/v2\/pages\/553","targetHints":{"allow":["GET"]}}],"collection":[{"href":"https:\/\/uenf.br\/posgraduacao\/engenharia-civil\/wp-json\/wp\/v2\/pages"}],"about":[{"href":"https:\/\/uenf.br\/posgraduacao\/engenharia-civil\/wp-json\/wp\/v2\/types\/page"}],"author":[{"embeddable":true,"href":"https:\/\/uenf.br\/posgraduacao\/engenharia-civil\/wp-json\/wp\/v2\/users\/8"}],"replies":[{"embeddable":true,"href":"https:\/\/uenf.br\/posgraduacao\/engenharia-civil\/wp-json\/wp\/v2\/comments?post=553"}],"version-history":[{"count":0,"href":"https:\/\/uenf.br\/posgraduacao\/engenharia-civil\/wp-json\/wp\/v2\/pages\/553\/revisions"}],"up":[{"embeddable":true,"href":"https:\/\/uenf.br\/posgraduacao\/engenharia-civil\/wp-json\/wp\/v2\/pages\/411"}],"wp:attachment":[{"href":"https:\/\/uenf.br\/posgraduacao\/engenharia-civil\/wp-json\/wp\/v2\/media?parent=553"}],"curies":[{"name":"wp","href":"https:\/\/api.w.org\/{rel}","templated":true}]}}