{"id":557,"date":"2015-09-04T20:26:33","date_gmt":"2015-09-04T20:26:33","guid":{"rendered":"http:\/\/uenf.br\/posgraduacao\/engenharia-civil\/?page_id=557"},"modified":"2017-01-16T17:48:28","modified_gmt":"2017-01-16T17:48:28","slug":"dissertacoes-de-mestrado-2011","status":"publish","type":"page","link":"https:\/\/uenf.br\/posgraduacao\/engenharia-civil\/teses-e-dissertacoes\/dissertacoes-de-mestrado-2011\/","title":{"rendered":"Disserta\u00e7\u00f5es de Mestrado 2011"},"content":{"rendered":"<p>&nbsp;<\/p>\n<form>\n<fieldset>\n<legend>DIMENSIONAMENTO \u00d3TIMO DE SE\u00c7\u00d5ES DE VIGAS T EM CONCRETO ARMADO<\/legend>\n<p style=\"text-align: left\"><strong>Autor: <\/strong> ANA BEATRIZ CARVALHO E SILVA<br \/>\n<strong>Orientador:<\/strong> Prof. Gines Arturo Santos Falc\u00f3n<br \/>\n<strong>Co-orientador:<\/strong> Prof. Sergio Luis Gonz\u00e1lez Garcia<br \/>\n<strong>\u00c1rea de Concentra\u00e7\u00e3o:<\/strong> Estrutura<br \/>\n<strong>Situa\u00e7\u00e3o:<\/strong> Conclu\u00edda \u2013 MAIO\/2011<br \/>\n<strong><a href=\"http:\/\/uenf.br\/posgraduacao\/engenharia-civil\/dissertacoes-de-mestrado-2011-ana-beatriz-carvalho-e-silva\/\" target=\"_blank\">Veja mais.<\/a><\/strong><\/p>\n<\/fieldset>\n<\/form>\n<p>&nbsp;<\/p>\n<form>\n<fieldset>\n<legend>ESTUDO DO COMPORTAMENTO F\u00cdSICO-QU\u00cdMICO DE COMP\u00d3SITOS POLIM\u00c9RICOS PULTRUDADOS REFOR\u00c7ADOS COM FIBRA DE VIDRO SOB DIFERENTESCONDI\u00c7\u00d5ES AMBIENTAIS<\/legend>\n<p style=\"text-align: left\"><strong>Autor: <\/strong>CAROLINA MATTEDI C\u00d3<br \/>\n<strong>Orientador:<\/strong> Prof. Guilherme Chagas Cordeiro<br \/>\n<strong>\u00c1rea de Concentra\u00e7\u00e3o:<\/strong> Estrutura<br \/>\n<strong>Situa\u00e7\u00e3o:<\/strong> Conclu\u00edda \u2013 JULHO\/2011<br \/>\n<strong><a href=\"http:\/\/uenf.br\/posgraduacao\/engenharia-civil\/dissertacoes-de-mestrado-2011-carolina-mattedi-co\/\" target=\"_blank\">Veja mais.<\/a><\/strong><\/p>\n<\/fieldset>\n<\/form>\n<p>&nbsp;<\/p>\n<form>\n<fieldset>\n<legend> ESTUDO DA SUBSTITUI\u00c7\u00c3O DA CAL HIDRATADA POR RES\u00cdDUO DE M\u00c1RMORE NA PRODU\u00c7\u00c3O DE ARGAMASSA<\/legend>\n<p style=\"text-align: left\"><strong>Autor: <\/strong>GABRIEL PEREIRA GON\u00c7ALVES<br \/>\n<strong>Orientador:<\/strong> Prof. Jonas Alexandre<br \/>\n<strong>Co-orientador:<\/strong> Prof. Dylmar Penteado Dias<br \/>\n<strong>\u00c1rea de Concentra\u00e7\u00e3o:<\/strong> Estrutura<br \/>\n<strong>Situa\u00e7\u00e3o:<\/strong> Conclu\u00edda \u2013 DEZEMBRO\/2011<br \/>\n<strong><a href=\"http:\/\/uenf.br\/posgraduacao\/engenharia-civil\/dissertacoes-de-mestrado-2011-gabriel-pereira-goncalves\/\" target=\"_blank\">Veja mais.<\/a><\/strong><\/p>\n<\/fieldset>\n<\/form>\n<p>&nbsp;<\/p>\n<form>\n<fieldset>\n<legend>PRODU\u00c7\u00c3O DE BLOCOS PRENSADOS E DE ENCAIXE COM P\u00d3 DE PEDRA DO BENEFICIAMENTO DE ROCHAS CALC\u00c1RIAS<\/legend>\n<p style=\"text-align: left\"><strong>Autor: <\/strong> NOEL\u00c7O SILVA DIAS J\u00daNIOR<br \/>\n<strong>Orientador:\u00a0<\/strong> Prof. Jonas Alexandre<br \/>\n<strong>Co-orientador:\u00a0<\/strong> Prof. Gustavo de Castro Xavier<br \/>\n<strong>\u00c1rea de Concentra\u00e7\u00e3o:<\/strong> Estrutura<br \/>\n<strong>Situa\u00e7\u00e3o:<\/strong> Conclu\u00edda \u2013 DEZEMBRO\/2011<br \/>\n<strong><a href=\"http:\/\/uenf.br\/posgraduacao\/engenharia-civil\/dissertacoes-de-mestrado-2011-noelco-silva-dias-junior\/\" target=\"_blank\">Veja mais.<\/a><\/strong><\/p>\n<\/fieldset>\n<\/form>\n<p>&nbsp;<\/p>\n<form>\n<fieldset>\n<legend>AN\u00c1LISE DA INFLU\u00caNCIA DA PRESEN\u00c7A DE VE\u00cdCULOS DE GRANDE PORTE NO COMPORTAMENTO AERODIN\u00c2MICO E\u00a0AEROEL\u00c1STICO DE ESTRUTURA DE PONTE<\/legend>\n<p style=\"text-align: left\"><strong>Autor: <\/strong> SERGIO RAFAEL CORTES DE OLIVEIRA<br \/>\n<strong>Orientadora:\u00a0<\/strong> Profa. Patr\u00edcia Habib Hallak<br \/>\n<strong>Co-orientadora: \u00a0<\/strong> Profa. Mich\u00e8le Schubert Pfeil<br \/>\n<strong>\u00c1rea de Concentra\u00e7\u00e3o:<\/strong> Estrutura<br \/>\n<strong>Situa\u00e7\u00e3o:<\/strong> Conclu\u00edda \u2013 FEVEREIRO\/2011<br \/>\n<strong><a href=\"http:\/\/uenf.br\/posgraduacao\/engenharia-civil\/dissertacoes-de-mestrado-2011-sergio-rafael-cortes-de-oliveira\/\" target=\"_blank\">Veja mais.<\/a><\/strong><\/p>\n<\/fieldset>\n<\/form>\n<p>&nbsp;<\/p>\n<form>\n<fieldset>\n<legend>ESTUDO DA ATIVIDADE POZOL\u00c2NICA E DA APLICA\u00c7\u00c3O EM CONCRETO DE CINZAS DO BAGA\u00c7O DE CANA-DE-A\u00c7\u00daCAR COM DIFERENTES CARACTER\u00cdSTICAS FISICO- QU\u00cdMICAS<\/legend>\n<p style=\"text-align: left\"><strong>Autor: <\/strong> THAIS RIBEIRO BARROSO<br \/>\n<strong>Orientador:<\/strong> Prof. Guilherme Chagas Cordeiro<br \/>\n<strong>\u00c1rea de Concentra\u00e7\u00e3o:<\/strong> Estrutura<br \/>\n<strong>Situa\u00e7\u00e3o:<\/strong> Conclu\u00edda \u2013 NOVEMBRO\/2011<br \/>\n<strong><a href=\"http:\/\/uenf.br\/posgraduacao\/engenharia-civil\/dissertacoes-de-mestrado-2011-thais-ribeiro-barroso\/\" target=\"_blank\">Veja mais.<\/a><\/strong><\/p>\n<\/fieldset>\n<\/form>\n<p>&nbsp;<\/p>\n<form>\n<fieldset>\n<legend>LEVANTAMENTO E CARACTERIZA\u00c7\u00c3O DE MATERIAIS GEOL\u00d3GICOS DAS REGI\u00d5ES NORTE E NOROESTE FLUMINENSE PARA PRODU\u00c7\u00c3O DE ENGOBES<\/legend>\n<p style=\"text-align: left\"><strong>Autor: <\/strong>WAGNER NOGUEIRA STERCK<br \/>\n<strong>Orientador:<\/strong> Profa. Rodrigo Martins Reis<br \/>\n<strong>Co-orientador:<\/strong> Prof. Eduardo Dell\u2019Avanzi<br \/>\n<strong>\u00c1rea de Concentra\u00e7\u00e3o:<\/strong> Geotecnia<br \/>\n<strong>Situa\u00e7\u00e3o:<\/strong> Conclu\u00edda \u2013 MAIO\/2011<br \/>\n<strong><a href=\"http:\/\/uenf.br\/posgraduacao\/engenharia-civil\/dissertacoes-de-mestrado-2011-wagner-nogueira-sterck\/\" target=\"_blank\">Veja mais.<\/a><\/strong><\/p>\n<\/fieldset>\n<\/form>\n<form>\n<fieldset>\n<legend>LEVANTAMENTO E CARACTERIZA\u00c7\u00c3O DE MATERIAIS GEOL\u00d3GICOS DAS REGI\u00d5ES NORTE E NOROESTE FLUMINENSE PARA PRODU\u00c7\u00c3O DE ENGOBES<\/legend>\n<p style=\"text-align: left\"><strong>Autor: <\/strong>Z\u00c9LIA MARIA PEIXOTO CHRISPIM<br \/>\n<strong>Orientador:<\/strong> Profa. D.Sc. Maria da Gloria Alves<br \/>\n<strong>Co-orientador:<\/strong> Prof. D. Sc. Jonas Alexandre<br \/>\n<strong>\u00c1rea de Concentra\u00e7\u00e3o:<\/strong> Geotecnia<br \/>\n<strong>Situa\u00e7\u00e3o:<\/strong> Conclu\u00edda \u2013 MAIO\/2011<br \/>\n<strong><a href=\"http:\/\/uenf.br\/posgraduacao\/engenharia-civil\/dissertacoes-de-mestrado-2011-zelia-maria-peixoto-chrispim\/\" target=\"_blank\">Veja mais.<\/a><\/strong><\/p>\n<\/fieldset>\n<\/form>\n<p>&nbsp;<\/p>\n<p><strong>Disserta\u00e7\u00f5es<\/strong><\/p>\n<p><a href=\"http:\/\/uenf.br\/posgraduacao\/engenharia-civil\/dissertacoes-de-mestrado\/dissertacoes-de-metrado-2015\/\">2015 <\/a>&#8211; <a href=\"http:\/\/uenf.br\/posgraduacao\/engenharia-civil\/dissertacoes-de-mestrado\/dissertacoes-de-mestrado-2014\/\">2014 <\/a>&#8211; <a href=\"http:\/\/uenf.br\/posgraduacao\/engenharia-civil\/dissertacoes-de-mestrado\/dissertacoes-de-mestrado-2013\/\">2013 <\/a>&#8211; <a href=\"http:\/\/uenf.br\/posgraduacao\/engenharia-civil\/dissertacoes-de-mestrado\/dissertacoes-de-mestrado-2012\/\">2012 <\/a>&#8211; <a href=\"http:\/\/uenf.br\/posgraduacao\/engenharia-civil\/dissertacoes-de-mestrado\/dissertacoes-de-mestrado-2011\/\" target=\"_blank\">2011<\/a> &#8211; <a href=\"http:\/\/uenf.br\/posgraduacao\/engenharia-civil\/dissertacoes-de-mestrado\/dissertacoes-de-mestrado-2010\/\">2010 <\/a>&#8211; <a href=\"http:\/\/uenf.br\/posgraduacao\/engenharia-civil\/dissertacoes-de-mestrado\/dissertacoes-de-mestrado-2009\/\">2009 <\/a>&#8211; <a href=\"http:\/\/uenf.br\/posgraduacao\/engenharia-civil\/dissertacoes-de-mestrado\/dissertacoes-de-mestrado-2008\/\">2008 <\/a>&#8211; <a href=\"http:\/\/uenf.br\/posgraduacao\/engenharia-civil\/dissertacoes-de-mestrado\/dissertacoes-de-mestrado-2007\/\">2007 <\/a>&#8211; <a href=\"http:\/\/uenf.br\/posgraduacao\/engenharia-civil\/dissertacoes-de-mestrado\/dissertacoes-de-mestrado-2006\/\" target=\"_blank\">2006 <\/a>&#8211; <a href=\"http:\/\/uenf.br\/posgraduacao\/engenharia-civil\/dissertacoes-de-mestrado\/dissertacoes-de-mestrado-2005\/\">2005<\/a> &#8211; <a href=\"http:\/\/uenf.br\/posgraduacao\/engenharia-civil\/dissertacoes-de-mestrado\/dissertacoes-de-mestrado-2004\/\">2004\u00a0<\/a>&#8211; <a href=\"http:\/\/uenf.br\/posgraduacao\/engenharia-civil\/dissertacoes-de-mestrado\/dissertacoes-de-mestrado-2003\/\">2003<\/a><\/p>\n<p><\/p>","protected":false},"excerpt":{"rendered":"<p>&nbsp; DIMENSIONAMENTO \u00d3TIMO DE SE\u00c7\u00d5ES DE VIGAS T EM CONCRETO ARMADO Autor: ANA BEATRIZ CARVALHO E SILVA Orientador: Prof. Gines&#8230;<\/p>\n","protected":false},"author":8,"featured_media":0,"parent":411,"menu_order":1,"comment_status":"closed","ping_status":"closed","template":"","meta":{"footnotes":""},"class_list":["post-557","page","type-page","status-publish","hentry"],"_links":{"self":[{"href":"https:\/\/uenf.br\/posgraduacao\/engenharia-civil\/wp-json\/wp\/v2\/pages\/557","targetHints":{"allow":["GET"]}}],"collection":[{"href":"https:\/\/uenf.br\/posgraduacao\/engenharia-civil\/wp-json\/wp\/v2\/pages"}],"about":[{"href":"https:\/\/uenf.br\/posgraduacao\/engenharia-civil\/wp-json\/wp\/v2\/types\/page"}],"author":[{"embeddable":true,"href":"https:\/\/uenf.br\/posgraduacao\/engenharia-civil\/wp-json\/wp\/v2\/users\/8"}],"replies":[{"embeddable":true,"href":"https:\/\/uenf.br\/posgraduacao\/engenharia-civil\/wp-json\/wp\/v2\/comments?post=557"}],"version-history":[{"count":0,"href":"https:\/\/uenf.br\/posgraduacao\/engenharia-civil\/wp-json\/wp\/v2\/pages\/557\/revisions"}],"up":[{"embeddable":true,"href":"https:\/\/uenf.br\/posgraduacao\/engenharia-civil\/wp-json\/wp\/v2\/pages\/411"}],"wp:attachment":[{"href":"https:\/\/uenf.br\/posgraduacao\/engenharia-civil\/wp-json\/wp\/v2\/media?parent=557"}],"curies":[{"name":"wp","href":"https:\/\/api.w.org\/{rel}","templated":true}]}}