{"id":559,"date":"2015-09-04T20:26:55","date_gmt":"2015-09-04T20:26:55","guid":{"rendered":"http:\/\/uenf.br\/posgraduacao\/engenharia-civil\/?page_id=559"},"modified":"2017-01-16T17:47:52","modified_gmt":"2017-01-16T17:47:52","slug":"dissertacoes-de-mestrado-2010","status":"publish","type":"page","link":"https:\/\/uenf.br\/posgraduacao\/engenharia-civil\/teses-e-dissertacoes\/dissertacoes-de-mestrado-2010\/","title":{"rendered":"Disserta\u00e7\u00f5es de Mestrado 2010"},"content":{"rendered":"<p>&nbsp;<\/p>\n<form>\n<fieldset>\n<legend>LAJES TRELI\u00c7ADAS PR\u00c9-MOLDADAS PRODUZIDAS COM CONCRETO LEVE ESTRUTURAL<\/legend>\n<p style=\"text-align: left\"><strong>Autor: <\/strong>ANDERSON DE OLIVEIRA<br \/>\n<strong>Orientador:<\/strong> Prof. Sergio Luis Gonz\u00e1lez Garcia<br \/>\n<strong>Co-orientador:<\/strong> Prof. Guilherme Chagas Cordeiro<br \/>\n<strong>\u00c1rea de Concentra\u00e7\u00e3o:<\/strong> Estrutura<br \/>\n<strong>Situa\u00e7\u00e3o:<\/strong> Conclu\u00edda \u2013 SETEMBRO\/2010<br \/>\n<strong><a href=\"http:\/\/uenf.br\/posgraduacao\/engenharia-civil\/dissertacoes-de-mestrado-2010-anderson-de-oliveira\/\" target=\"_blank\">Veja mais.<\/a><\/strong><\/p>\n<\/fieldset>\n<\/form>\n<p>&nbsp;<\/p>\n<form>\n<fieldset>\n<legend>AVALIA\u00c7\u00c3O DE DESEMPENHO E DESENVOLVIMENTO DE METODOLOGIAS PARA ESTUDOS DE ANCORAGEM DE ESTRUTURAS FLUTUANTES COM ESTACAS DE SUC\u00c7\u00c3O<\/legend>\n<p style=\"text-align: left\"><strong>Autor: <\/strong>C\u00c1SSIA MARIA DE ASSIS RANGEL MELO<br \/>\n<strong>Orientador:\u00a0<\/strong>Prof. S\u00e9rgio Tibana<br \/>\n<strong>Co-orientador:\u00a0<\/strong>Prof. Fernando Saboya J\u00fanior<br \/>\n<strong>\u00c1rea de Concentra\u00e7\u00e3o:<\/strong> Geotecnia<br \/>\n<strong>Situa\u00e7\u00e3o:<\/strong> Conclu\u00edda \u2013 JUNHO\/2010<br \/>\n<strong><a href=\"http:\/\/uenf.br\/posgraduacao\/engenharia-civil\/dissertacoes-de-mestrado-2010-cassia-maria-de-assis-rangel-melo\/\" target=\"_blank\">Veja mais.<\/a><\/strong><\/p>\n<\/fieldset>\n<\/form>\n<p>&nbsp;<\/p>\n<form>\n<fieldset>\n<legend>PROJETO \u00d3TIMO DE P\u00d3RTICOS DE A\u00c7O SIMULA\u00c7\u00c3O COMPUTACIONAL DO COLAPSO PL\u00c1STICO<\/legend>\n<p style=\"text-align: left\"><strong>Autor: <\/strong>DANIELE HAFFNER MARQUES DE OLIVEIRA<br \/>\n<strong>Orientador:\u00a0<\/strong>Prof. Gines Arturo Santos Falcon<br \/>\n<strong>\u00c1rea de Concentra\u00e7\u00e3o:<\/strong> Estrutura<br \/>\n<strong>Situa\u00e7\u00e3o:<\/strong> Conclu\u00edda \u2013 FEVEREIRO\/2010<br \/>\n<strong><a href=\"http:\/\/uenf.br\/posgraduacao\/engenharia-civil\/dissertacoes-de-mestrado-2010-daniele-haffner-marques-de-oliveira\/\" target=\"_blank\">Veja mais.<\/a><\/strong><\/p>\n<\/fieldset>\n<\/form>\n<p>&nbsp;<\/p>\n<form>\n<fieldset>\n<legend>AVALIA\u00c7\u00c3O DO COLAPSO POR DEGRADA\u00c7\u00c3O EM ENROCAMENTOS AREN\u00cdTICO E BAS\u00c1LTICO ATRAV\u00c9S DE PROCEDIMENTOS DE LABORAT\u00d3RIO<\/legend>\n<p style=\"text-align: left\"><strong>Autor: <\/strong>MARCONI NEVES SAMPAIO<br \/>\n<strong>Orientador:\u00a0<\/strong>Prof. Gustavo de Castro Xavier<br \/>\n<strong>Co-orientador:\u00a0<\/strong>Prof. Paulo C\u00e9sar de Almeida Maia<br \/>\n<strong>\u00c1rea de Concentra\u00e7\u00e3o:<\/strong> Geotecnia<br \/>\n<strong>Situa\u00e7\u00e3o:<\/strong> Conclu\u00edda \u2013 SETEMBRO\/2010<br \/>\n<strong><a href=\"http:\/\/uenf.br\/posgraduacao\/engenharia-civil\/dissertacoes-de-mestrado-2010-marconi-neves-sampaio\/\" target=\"_blank\">Veja mais.<\/a><\/strong><\/p>\n<\/fieldset>\n<\/form>\n<p>&nbsp;<\/p>\n<form>\n<fieldset>\n<legend>AN\u00c1LISE NUM\u00c9RICA DE UMA BARRAGEM DE ENROCAMENTO COM N\u00daCLEO ASF\u00c1LTICO<\/legend>\n<p style=\"text-align: left\"><strong>Autor: <\/strong>F\u00c1BIO ARA\u00daJO PEREIRA<br \/>\n<strong>Orientador:\u00a0<\/strong>Prof. Aldo Durand Farf\u00e1n<br \/>\n<strong>Co-orientador:\u00a0<\/strong>Prof. Fernando Saboya Albuquerque J\u00fanior<br \/>\n<strong>\u00c1rea de Concentra\u00e7\u00e3o:<\/strong> Geotecnia<br \/>\n<strong>Situa\u00e7\u00e3o:<\/strong> Conclu\u00edda \u2013 NOVEMBRO\/2010<br \/>\n<strong><a href=\"http:\/\/uenf.br\/posgraduacao\/engenharia-civil\/dissertacoes-de-mestrado-2010-fabio-araujo-pereira\/\" target=\"_blank\">Veja mais.<\/a><\/strong><\/p>\n<\/fieldset>\n<\/form>\n<p>&nbsp;<\/p>\n<form>\n<fieldset>\n<legend>AVALIA\u00c7\u00c3O DE M\u00c9TODOS BASEADOS NA DECOMPOSI\u00c7\u00c3O NO DOM\u00cdNIO DA FREQU\u00caNCIA PARA IDENTIFICA\u00c7\u00c3O MODAL DE ESTRUTURAS<\/legend>\n<p style=\"text-align: left\"><strong>Autor: <\/strong>JAIR GON\u00c7ALVES DE OLIVEIRA BORGES<br \/>\n<strong>Orientadora:\u00a0<\/strong>Prof\u00aa. Patr\u00edcia Habib Hallak<br \/>\n<strong>Co-orientador:\u00a0<\/strong>Prof. Guilherme Chagas Cordeiro<br \/>\n<strong>\u00c1rea de Concentra\u00e7\u00e3o:\u00a0<\/strong>Estrutura<br \/>\n<strong>Situa\u00e7\u00e3o:<\/strong> Conclu\u00edda \u2013 JUNHO\/2010<br \/>\n<strong><a href=\"http:\/\/uenf.br\/posgraduacao\/engenharia-civil\/dissertacoes-de-mestrado-2010-jair-goncalves-de-oliveira-borges\/\" target=\"_blank\">Veja mais.<\/a><\/strong><\/p>\n<\/fieldset>\n<\/form>\n<p>&nbsp;<\/p>\n<form>\n<fieldset>\n<legend>DIMENSIONAMENTO \u00d3TIMO DE P\u00d3RTICOS DE A\u00c7O CONSIDERANDO LIGA\u00c7\u00d5ES SEMI-R\u00cdGIDAS E A INSTABILIDADE\u00a0ESTRUTURALS<\/legend>\n<p style=\"text-align: left\"><strong>Autor: <\/strong>JOSIMAR PEREIRA FREITAS<br \/>\n<strong>Orientadora:\u00a0<\/strong>Prof. Gines Arturo Santos Falc\u00f3n<br \/>\n<strong>Co-orientador:\u00a0<\/strong>Prof. Jos\u00e9 Guilherme Santos da Silva<br \/>\n<strong>\u00c1rea de Concentra\u00e7\u00e3o:\u00a0<\/strong>Estrutura<br \/>\n<strong>Situa\u00e7\u00e3o:<\/strong> Conclu\u00edda \u2013 DEZEMBRO\/2010<br \/>\n<strong><a href=\"http:\/\/uenf.br\/posgraduacao\/engenharia-civil\/dissertacoes-de-mestrado-2010-josimar-pereira-freitas\/\" target=\"_blank\">Veja mais.<\/a><\/strong><\/p>\n<\/fieldset>\n<\/form>\n<p>&nbsp;<\/p>\n<form>\n<fieldset>\n<legend> AVALIA\u00c7\u00c3O DO COLAPSO POR DEGRADA\u00c7\u00c3O EM ENROCAMENTOS AREN\u00cdTICO E BAS\u00c1LTICO ATRAV\u00c9S DE PROCEDIMENTOS DE LABORAT\u00d3RIO<\/legend>\n<p style=\"text-align: left\"><strong>Autor: <\/strong>MARCONI NEVES SAMPAIO<br \/>\n<strong>Orientadora:\u00a0<\/strong>Prof. Gustavo de Castro Xavier<br \/>\n<strong>Co-orientador:\u00a0<\/strong>Prof. Paulo C\u00e9sar de Almeida Maia<br \/>\n<strong>\u00c1rea de Concentra\u00e7\u00e3o:\u00a0<\/strong> Geotecnia<br \/>\n<strong>Situa\u00e7\u00e3o:<\/strong> Conclu\u00edda \u2013 SETEMBRO\/2010<br \/>\n<strong><a href=\"http:\/\/uenf.br\/posgraduacao\/engenharia-civil\/dissertacoes-de-mestrado-2010-marconi-neves-sampaio-2\/\" target=\"_blank\">Veja mais.<\/a><\/strong><\/p>\n<\/fieldset>\n<\/form>\n<p>&nbsp;<\/p>\n<form>\n<fieldset>\n<legend>ESTUDO EXPERIMENTAL DO ARRANCAMENTO DE DUTOS ENTERRADOS ANCORADOS COM GEOGRELHAS UTILIZANDO\u00a0CENTR\u00cdFUGA GEOT\u00c9CNICA<\/legend>\n<p style=\"text-align: left\"><strong> Autor: <\/strong>PRISCILA DE ALMEIDA CARDOSO SANTIAGO<br \/>\n<strong>Orientadora:\u00a0<\/strong> Prof. Fernando Saboya Albuquerque Jr.<br \/>\n<strong>Co-orientador:\u00a0<\/strong> Prof. Rodrigo Martins Reis<br \/>\n<strong>\u00c1rea de Concentra\u00e7\u00e3o:\u00a0<\/strong> Geotecnia<br \/>\n<strong>Situa\u00e7\u00e3o:<\/strong> Conclu\u00edda \u2013 JUNHO\/2010<br \/>\n<strong><a href=\"http:\/\/uenf.br\/posgraduacao\/engenharia-civil\/dissertacoes-de-mestrado-2010-priscila-de-almeida-cardoso-santiago\/\" target=\"_blank\">Veja mais.<\/a><\/strong><\/p>\n<\/fieldset>\n<\/form>\n<p><strong>Disserta\u00e7\u00f5es<\/strong><\/p>\n<p><a href=\"http:\/\/uenf.br\/posgraduacao\/engenharia-civil\/dissertacoes-de-mestrado\/dissertacoes-de-metrado-2015\/\">2015 <\/a>&#8211; <a href=\"http:\/\/uenf.br\/posgraduacao\/engenharia-civil\/dissertacoes-de-mestrado\/dissertacoes-de-mestrado-2014\/\">2014 <\/a>&#8211; <a href=\"http:\/\/uenf.br\/posgraduacao\/engenharia-civil\/dissertacoes-de-mestrado\/dissertacoes-de-mestrado-2013\/\">2013 <\/a>&#8211; <a href=\"http:\/\/uenf.br\/posgraduacao\/engenharia-civil\/dissertacoes-de-mestrado\/dissertacoes-de-mestrado-2012\/\">2012 <\/a>&#8211; <a href=\"http:\/\/uenf.br\/posgraduacao\/engenharia-civil\/dissertacoes-de-mestrado\/dissertacoes-de-mestrado-2011\/\">2011<\/a> &#8211; <a href=\"http:\/\/uenf.br\/posgraduacao\/engenharia-civil\/dissertacoes-de-mestrado\/dissertacoes-de-mestrado-2010\/\">2010 <\/a>&#8211; <a href=\"http:\/\/uenf.br\/posgraduacao\/engenharia-civil\/dissertacoes-de-mestrado\/dissertacoes-de-mestrado-2009\/\">2009 <\/a>&#8211; <a href=\"http:\/\/uenf.br\/posgraduacao\/engenharia-civil\/dissertacoes-de-mestrado\/dissertacoes-de-mestrado-2008\/\">2008 <\/a>&#8211; <a href=\"http:\/\/uenf.br\/posgraduacao\/engenharia-civil\/dissertacoes-de-mestrado\/dissertacoes-de-mestrado-2007\/\">2007 <\/a>&#8211; <a href=\"http:\/\/uenf.br\/posgraduacao\/engenharia-civil\/dissertacoes-de-mestrado\/dissertacoes-de-mestrado-2006\/\" target=\"_blank\">2006 <\/a>&#8211; <a href=\"http:\/\/uenf.br\/posgraduacao\/engenharia-civil\/dissertacoes-de-mestrado\/dissertacoes-de-mestrado-2005\/\">2005<\/a> &#8211; <a href=\"http:\/\/uenf.br\/posgraduacao\/engenharia-civil\/dissertacoes-de-mestrado\/dissertacoes-de-mestrado-2004\/\">2004\u00a0<\/a>&#8211; <a href=\"http:\/\/uenf.br\/posgraduacao\/engenharia-civil\/dissertacoes-de-mestrado\/dissertacoes-de-mestrado-2003\/\">2003<\/a><\/p>","protected":false},"excerpt":{"rendered":"<p>&nbsp; LAJES TRELI\u00c7ADAS PR\u00c9-MOLDADAS PRODUZIDAS COM CONCRETO LEVE ESTRUTURAL Autor: ANDERSON DE OLIVEIRA Orientador: Prof. Sergio Luis Gonz\u00e1lez Garcia Co-orientador:&#8230;<\/p>\n","protected":false},"author":8,"featured_media":0,"parent":411,"menu_order":1,"comment_status":"closed","ping_status":"closed","template":"","meta":{"footnotes":""},"class_list":["post-559","page","type-page","status-publish","hentry"],"_links":{"self":[{"href":"https:\/\/uenf.br\/posgraduacao\/engenharia-civil\/wp-json\/wp\/v2\/pages\/559","targetHints":{"allow":["GET"]}}],"collection":[{"href":"https:\/\/uenf.br\/posgraduacao\/engenharia-civil\/wp-json\/wp\/v2\/pages"}],"about":[{"href":"https:\/\/uenf.br\/posgraduacao\/engenharia-civil\/wp-json\/wp\/v2\/types\/page"}],"author":[{"embeddable":true,"href":"https:\/\/uenf.br\/posgraduacao\/engenharia-civil\/wp-json\/wp\/v2\/users\/8"}],"replies":[{"embeddable":true,"href":"https:\/\/uenf.br\/posgraduacao\/engenharia-civil\/wp-json\/wp\/v2\/comments?post=559"}],"version-history":[{"count":0,"href":"https:\/\/uenf.br\/posgraduacao\/engenharia-civil\/wp-json\/wp\/v2\/pages\/559\/revisions"}],"up":[{"embeddable":true,"href":"https:\/\/uenf.br\/posgraduacao\/engenharia-civil\/wp-json\/wp\/v2\/pages\/411"}],"wp:attachment":[{"href":"https:\/\/uenf.br\/posgraduacao\/engenharia-civil\/wp-json\/wp\/v2\/media?parent=559"}],"curies":[{"name":"wp","href":"https:\/\/api.w.org\/{rel}","templated":true}]}}