{"id":561,"date":"2015-09-04T20:28:17","date_gmt":"2015-09-04T20:28:17","guid":{"rendered":"http:\/\/uenf.br\/posgraduacao\/engenharia-civil\/?page_id=561"},"modified":"2017-01-16T17:46:52","modified_gmt":"2017-01-16T17:46:52","slug":"dissertacoes-de-mestrado-2009","status":"publish","type":"page","link":"https:\/\/uenf.br\/posgraduacao\/engenharia-civil\/teses-e-dissertacoes\/dissertacoes-de-mestrado-2009\/","title":{"rendered":"Disserta\u00e7\u00f5es de Mestrado 2009"},"content":{"rendered":"<p>&nbsp;<\/p>\n<form>\n<fieldset>\n<legend>ESTUDO DE PAR\u00c2METROS TECNOL\u00d3GICOS PARA A QUALIFICA\u00c7\u00c3O DE ARGAMASSAS PROJETADAS<\/legend>\n<p style=\"text-align: left\"><strong>Autor: <\/strong> Aliny Amaral Tebaldi<br \/>\n<strong>Orientador:<\/strong> Prof. Jonas Alexandre<br \/>\n<strong>\u00c1rea de Concentra\u00e7\u00e3o:<\/strong> Estrutura<br \/>\n<strong>Situa\u00e7\u00e3o:<\/strong> Conclu\u00edda \u2013 Outubro\/2009<br \/>\n<strong><a href=\"http:\/\/uenf.br\/posgraduacao\/engenharia-civil\/dissertacoes-de-mestrado-2009-aliny-amaral-tebaldi\/\" target=\"_blank\">Veja mais.<\/a><\/strong><\/p>\n<\/fieldset>\n<\/form>\n<p>&nbsp;<\/p>\n<form>\n<fieldset>\n<legend>AN\u00c1LISE ESPACIAL DA VARIABILIDADE DA RESIST\u00caNCIA \u00c0 COMPRESS\u00c3O DE UM GRANITO DE CAMPOS DOS GOYTACAZES<\/legend>\n<p style=\"text-align: left\"><strong>Autor: <\/strong> Ana Laura Cassiano Dias Avila<br \/>\n<strong>Orientador:<\/strong> Prof. Aldo Durand Farf\u00e1n<br \/>\n<strong>\u00c1rea de Concentra\u00e7\u00e3o:<\/strong> Geotecnia<br \/>\n<strong>Situa\u00e7\u00e3o:<\/strong> Conclu\u00edda \u2013 Mar\u00e7o\/2009<br \/>\n<strong><a href=\"http:\/\/uenf.br\/posgraduacao\/engenharia-civil\/dissertacoes-de-mestrado-2009-ana-laura-cassiano-dias-avila\/\" target=\"_blank\">Veja mais.<\/a><\/strong><\/p>\n<\/fieldset>\n<\/form>\n<p>&nbsp;<\/p>\n<form>\n<fieldset>\n<legend>Utiliza\u00e7\u00e3o do Planejamento Experimental Na Adi\u00e7\u00e3o do Res\u00edduo do Beneficiamento de Rochas Ornamentais para Produ\u00e7\u00e3o de Blocos Prensados de Encaixe<\/legend>\n<p style=\"text-align: left\"><strong>Autor: <\/strong> Andr\u00e9 Zotelle Destefani<br \/>\n<strong>Orientador:<\/strong> Prof. Gustavo de Castro Xavier<br \/>\n<strong>\u00c1rea de Concentra\u00e7\u00e3o:<\/strong> Geotecnia<br \/>\n<strong>Situa\u00e7\u00e3o:<\/strong> Conclu\u00edda \u2013 Julho\/2009<br \/>\n<strong><a href=\"http:\/\/uenf.br\/posgraduacao\/engenharia-civil\/dissertacoes-de-mestrado-2009-andre-zotelle-destefani\/\" target=\"_blank\">Veja mais.<\/a><\/strong><\/p>\n<\/fieldset>\n<\/form>\n<p>&nbsp;<\/p>\n<form>\n<fieldset>\n<legend>APLICA\u00c7\u00c3O DE L\u00d3GICA DIFUSA NA AVALIA\u00c7\u00c3O DE CAPACIDADE DE CARGA DE FUNDA\u00c7\u00d5ES PROFUNDAS<\/legend>\n<p style=\"text-align: left\"><strong>Autor: <\/strong> BRUNO MAGNO GOMES RAMOS<br \/>\n<strong>Orientador:<\/strong> Prof. Fernando Saboya Albuquerque Jr.<br \/>\n<strong>\u00c1rea de Concentra\u00e7\u00e3o:<\/strong> Geotecnia<br \/>\n<strong>Situa\u00e7\u00e3o:<\/strong> Conclu\u00edda \u2013 MAR\u00c7O\/2009<br \/>\n<strong><a href=\"http:\/\/uenf.br\/posgraduacao\/engenharia-civil\/dissertacoes-de-mestrado-2009-bruno-magno-gomes-ramos\/\" target=\"_blank\">Veja mais.<\/a><\/strong><\/p>\n<\/fieldset>\n<\/form>\n<p>&nbsp;<\/p>\n<form>\n<fieldset>\n<legend>FATORES QUE INFLUENCIAM A ERODIBILIDADE NOS SOLOS DO MUNIC\u00cdPIO DE CAMPOS DOS GOYTACAZES-RJ SOB UMA AN\u00c1LISE MULTICRIT\u00c9RIO<\/legend>\n<p style=\"text-align: left\"><strong>Autor: <\/strong>CLARISSA REGINA MASIERO AHMED<br \/>\n<strong>Orientadora:<\/strong> Profa. Maria da Gl\u00f3ria Alves<br \/>\n<strong>Co-orientador:<\/strong> Prof. Doracy Pessoa Ramos<br \/>\n<strong>\u00c1rea de Concentra\u00e7\u00e3o:<\/strong> Geotecnia<br \/>\n<strong>Situa\u00e7\u00e3o:<\/strong> Conclu\u00edda \u2013 JULHO\/2009<br \/>\n<strong><a href=\"http:\/\/uenf.br\/posgraduacao\/engenharia-civil\/dissertacoes-de-mestrado-2009-clarissa-regina-masiero-ahmed\/\" target=\"_blank\">Veja mais.<\/a><\/strong><\/p>\n<\/fieldset>\n<\/form>\n<p>&nbsp;<\/p>\n<form>\n<fieldset>\n<legend>COMPORTAMENTO DE VIGAS DE CONCRETO GEOPOLIM\u00c9RICO COM POUCA ARMADURA TRANSVERSAL<\/legend>\n<p style=\"text-align: left\"><strong>Autor: <\/strong>JUSCELINA ROSIANE FERREIRA<br \/>\n<strong>Orientador:<\/strong> Prof. Sergio Luis Gonz\u00e1lez Garcia<br \/>\n<strong>Co-orientador:<\/strong> Prof. Dylmar Penteado Dias<br \/>\n<strong>\u00c1rea de Concentra\u00e7\u00e3o:<\/strong> Estrutura<br \/>\n<strong>Situa\u00e7\u00e3o:<\/strong> Conclu\u00edda \u2013 MAIO\/2009<br \/>\n<strong><a href=\"http:\/\/uenf.br\/posgraduacao\/engenharia-civil\/dissertacoes-de-mestrado-2009-juscelina-rosiane-ferreira\/\" target=\"_blank\">Veja mais.<\/a><\/strong><\/p>\n<\/fieldset>\n<\/form>\n<p>&nbsp;<\/p>\n<form>\n<fieldset>\n<legend>ESTUDO DE M\u00c9TODOS NUM\u00c9RICOS BASEADOS NAS CARACTER\u00cdSTICAS MODAIS PARA IDENTIFICA\u00c7\u00c3O DE DANOS\u00a0EM VIGAS<\/legend>\n<p style=\"text-align: left\"><strong>Autor: <\/strong>MARIA FERNANDA SOARES PETRUCI TERRA<br \/>\n<strong>Orientadora:<\/strong> Profa. Patr\u00edcia Habib Hallak<br \/>\n<strong>\u00c1rea de Concentra\u00e7\u00e3o:<\/strong> Estrutura<br \/>\n<strong>Situa\u00e7\u00e3o:<\/strong> Conclu\u00edda \u2013 DEZEMBRO\/2009<br \/>\n<strong><a href=\"http:\/\/uenf.br\/posgraduacao\/engenharia-civil\/dissertacoes-de-mestrado-2009-maria-fernanda-soares-petruci-terra\/\" target=\"_blank\">Veja mais.<\/a><\/strong><\/p>\n<\/fieldset>\n<\/form>\n<p>&nbsp;<\/p>\n<form>\n<fieldset>\n<legend>O M\u00c9TODO DOS ELEMENTOS DE CONTORNO PARA PLACAS DE REISSNER SOBRE FUNDA\u00c7\u00d5ES DO TIPO PASTERNAK<\/legend>\n<p style=\"text-align: left\"><strong>Autor: <\/strong>M\u00d4NICA ALTO\u00c9<br \/>\n<strong>Orientadora:<\/strong> Profa. V\u00e2nia Jos\u00e9 Karamk<br \/>\n<strong>\u00c1rea de Concentra\u00e7\u00e3o:<\/strong> Estrutura<br \/>\n<strong>Situa\u00e7\u00e3o:<\/strong> Conclu\u00edda \u2013 DEZEMBRO\/2009<br \/>\n<strong><a href=\"http:\/\/uenf.br\/posgraduacao\/engenharia-civil\/dissertacoes-de-mestrado-2009-monica-altoe\/\" target=\"_blank\">Veja mais.<\/a><\/strong><\/p>\n<\/fieldset>\n<\/form>\n<p>&nbsp;<\/p>\n<form>\n<fieldset>\n<legend>DESENVOLVIMENTO DE EQUIPAMENTO PARA ESTUDO DA COMPRESSIBILIDADE DE ENROCAMENTOS DURANTE PROCESSOS<br \/>\nDE DEGRADA\u00c7\u00c3O<\/legend>\n<p style=\"text-align: left\"><strong>Autor: <\/strong>NAJLA DE OLIVEIRA VICENTE CARVALHO<br \/>\n<strong>Orientador:<\/strong> Prof. Paulo C\u00e9sar de Almeida Maia<br \/>\n<strong>Co-orientador:<\/strong> Prof. Gustavo de Castro Xavier<br \/>\n<strong>\u00c1rea de Concentra\u00e7\u00e3o:<\/strong> Geotecnia<br \/>\n<strong>Situa\u00e7\u00e3o:<\/strong> Conclu\u00edda \u2013 MAR\u00c7O\/2009<br \/>\n<strong><a href=\"http:\/\/uenf.br\/posgraduacao\/engenharia-civil\/dissertacoes-de-mestrado-2009-najla-de-oliveira-vicente-carvalho\/\" target=\"_blank\">Veja mais.<\/a><\/strong><\/p>\n<\/fieldset>\n<\/form>\n<p>&nbsp;<\/p>\n<form>\n<fieldset>\n<legend>APLICA\u00c7\u00c3O DO M\u00c9TODO DOS ELEMENTOS DE CONTORNO PARA PLACAS DE REISSNER SOBRE FUNDA\u00c7\u00d5ES DO TIPO WINKLER<\/legend>\n<p style=\"text-align: left\"><strong>Autor: <\/strong>NAT\u00c1LIA SOUZA RIBEIRO<br \/>\n<strong>Orientadora:<\/strong> Profa. V\u00e2nia Jos\u00e9 Karam<br \/>\n<strong>\u00c1rea de Concentra\u00e7\u00e3o:<\/strong> Estrutura<br \/>\n<strong>Situa\u00e7\u00e3o:<\/strong> Conclu\u00edda \u2013 DEZEMBRO\/2009<br \/>\n<strong><a href=\"http:\/\/uenf.br\/posgraduacao\/engenharia-civil\/dissertacoes-de-mestrado-2009-natalia-souza-ribeiro\/\" target=\"_blank\">Veja mais.<\/a><\/strong><\/p>\n<\/fieldset>\n<\/form>\n<p>&nbsp;<\/p>\n<form>\n<fieldset>\n<legend>ENSAIO DE CENTRIFUGA\u00c7\u00c3O PARA AVALIA\u00c7\u00c3O DO DESEMPENHO DE PENETR\u00d4METROS DIN\u00c2MICOS PARA ANCORAGENS DE ESTRUTURAS OFFSHORE<\/legend>\n<p style=\"text-align: left\"><strong>Autor: <\/strong>S\u00c9RGIO ANT\u00d4NIO BRUM JUNIOR<br \/>\n<strong>Orientador:\u00a0<\/strong>Prof. Fernando Saboya Albuquerque J\u00faniorm<br \/>\n<strong>Co-orientador:\u00a0<\/strong>Prof. S\u00e9rgio Tibana<br \/>\n<strong>\u00c1rea de Concentra\u00e7\u00e3o:<\/strong> Geotecnia<br \/>\n<strong>Situa\u00e7\u00e3o:<\/strong> Conclu\u00edda \u2013 DEZEMBRO\/2009<br \/>\n<strong><a href=\"http:\/\/uenf.br\/posgraduacao\/engenharia-civil\/dissertacoes-de-mestrado-2009-sergio-antonio-brum-junior\/\" target=\"_blank\">Veja mais.<\/a><\/strong><\/p>\n<\/fieldset>\n<\/form>\n<p><strong>Disserta\u00e7\u00f5es<\/strong><\/p>\n<p><a href=\"http:\/\/uenf.br\/posgraduacao\/engenharia-civil\/dissertacoes-de-mestrado\/dissertacoes-de-metrado-2015\/\">2015 <\/a>&#8211; <a href=\"http:\/\/uenf.br\/posgraduacao\/engenharia-civil\/dissertacoes-de-mestrado\/dissertacoes-de-mestrado-2014\/\">2014 <\/a>&#8211; <a href=\"http:\/\/uenf.br\/posgraduacao\/engenharia-civil\/dissertacoes-de-mestrado\/dissertacoes-de-mestrado-2013\/\">2013 <\/a>&#8211; <a href=\"http:\/\/uenf.br\/posgraduacao\/engenharia-civil\/dissertacoes-de-mestrado\/dissertacoes-de-mestrado-2012\/\">2012 <\/a>&#8211; <a href=\"http:\/\/uenf.br\/posgraduacao\/engenharia-civil\/dissertacoes-de-mestrado\/dissertacoes-de-mestrado-2011\/\">2011<\/a> &#8211; <a href=\"http:\/\/uenf.br\/posgraduacao\/engenharia-civil\/dissertacoes-de-mestrado\/dissertacoes-de-mestrado-2010\/\">2010 <\/a>&#8211; <a href=\"http:\/\/uenf.br\/posgraduacao\/engenharia-civil\/dissertacoes-de-mestrado\/dissertacoes-de-mestrado-2009\/\">2009 <\/a>&#8211; <a href=\"http:\/\/uenf.br\/posgraduacao\/engenharia-civil\/dissertacoes-de-mestrado\/dissertacoes-de-mestrado-2008\/\">2008 <\/a>&#8211; <a href=\"http:\/\/uenf.br\/posgraduacao\/engenharia-civil\/dissertacoes-de-mestrado\/dissertacoes-de-mestrado-2007\/\">2007 <\/a>&#8211; <a href=\"http:\/\/uenf.br\/posgraduacao\/engenharia-civil\/dissertacoes-de-mestrado\/dissertacoes-de-mestrado-2006\/\" target=\"_blank\">2006 <\/a>&#8211; <a href=\"http:\/\/uenf.br\/posgraduacao\/engenharia-civil\/dissertacoes-de-mestrado\/dissertacoes-de-mestrado-2005\/\">2005<\/a> &#8211; <a href=\"http:\/\/uenf.br\/posgraduacao\/engenharia-civil\/dissertacoes-de-mestrado\/dissertacoes-de-mestrado-2004\/\">2004\u00a0<\/a>&#8211; <a href=\"http:\/\/uenf.br\/posgraduacao\/engenharia-civil\/dissertacoes-de-mestrado\/dissertacoes-de-mestrado-2003\/\">2003<\/a><\/p>","protected":false},"excerpt":{"rendered":"<p>&nbsp; ESTUDO DE PAR\u00c2METROS TECNOL\u00d3GICOS PARA A QUALIFICA\u00c7\u00c3O DE ARGAMASSAS PROJETADAS Autor: Aliny Amaral Tebaldi Orientador: Prof. Jonas Alexandre \u00c1rea&#8230;<\/p>\n","protected":false},"author":8,"featured_media":0,"parent":411,"menu_order":1,"comment_status":"closed","ping_status":"closed","template":"","meta":{"footnotes":""},"class_list":["post-561","page","type-page","status-publish","hentry"],"_links":{"self":[{"href":"https:\/\/uenf.br\/posgraduacao\/engenharia-civil\/wp-json\/wp\/v2\/pages\/561","targetHints":{"allow":["GET"]}}],"collection":[{"href":"https:\/\/uenf.br\/posgraduacao\/engenharia-civil\/wp-json\/wp\/v2\/pages"}],"about":[{"href":"https:\/\/uenf.br\/posgraduacao\/engenharia-civil\/wp-json\/wp\/v2\/types\/page"}],"author":[{"embeddable":true,"href":"https:\/\/uenf.br\/posgraduacao\/engenharia-civil\/wp-json\/wp\/v2\/users\/8"}],"replies":[{"embeddable":true,"href":"https:\/\/uenf.br\/posgraduacao\/engenharia-civil\/wp-json\/wp\/v2\/comments?post=561"}],"version-history":[{"count":0,"href":"https:\/\/uenf.br\/posgraduacao\/engenharia-civil\/wp-json\/wp\/v2\/pages\/561\/revisions"}],"up":[{"embeddable":true,"href":"https:\/\/uenf.br\/posgraduacao\/engenharia-civil\/wp-json\/wp\/v2\/pages\/411"}],"wp:attachment":[{"href":"https:\/\/uenf.br\/posgraduacao\/engenharia-civil\/wp-json\/wp\/v2\/media?parent=561"}],"curies":[{"name":"wp","href":"https:\/\/api.w.org\/{rel}","templated":true}]}}