{"id":564,"date":"2015-09-04T20:28:41","date_gmt":"2015-09-04T20:28:41","guid":{"rendered":"http:\/\/uenf.br\/posgraduacao\/engenharia-civil\/?page_id=564"},"modified":"2017-01-16T17:46:06","modified_gmt":"2017-01-16T17:46:06","slug":"dissertacoes-de-mestrado-2008","status":"publish","type":"page","link":"https:\/\/uenf.br\/posgraduacao\/engenharia-civil\/teses-e-dissertacoes\/dissertacoes-de-mestrado-2008\/","title":{"rendered":"Disserta\u00e7\u00f5es de Mestrado 2008"},"content":{"rendered":"<p>&nbsp;<\/p>\n<form>\n<fieldset>\n<legend>UTILIZA\u00c7\u00c3O DE GEOPROCESSAMENTO NO PLANEJAMENTO DO USO DAS TERRAS PARA O DESENVOLVIMENTO URBANO DO MUNIC\u00cdPIO DE S\u00c3O FRANCISCO DO ITABAPOANA \/ RJ<\/legend>\n<p style=\"text-align: left\"><strong>Autor: <\/strong>ADILSON MARCIO COELHO<br \/>\n<strong>Orientador:<\/strong> Maria da Gl\u00f3ria Alves<br \/>\n<strong>Co-orientador:<\/strong> S\u00e9rgio Tibana<br \/>\n<strong>\u00c1rea de Concentra\u00e7\u00e3o:<\/strong> Geotecnia<br \/>\n<strong>Situa\u00e7\u00e3o:<\/strong> Conclu\u00edda \u2013 JULHO\/2008<br \/>\n<strong><a href=\"http:\/\/uenf.br\/posgraduacao\/engenharia-civil\/dissertacoes-de-mestrado-2008-adilson-marcio-coelho\/\" target=\"_blank\">Veja mais.<\/a><\/strong><\/p>\n<\/fieldset>\n<\/form>\n<p>&nbsp;<\/p>\n<form>\n<fieldset>\n<legend>FLUXO DE GASES E AVALIA\u00c7\u00c3O DOS PAR\u00c2METROS GEOT\u00c9CNICOS DO SOLO USADO COMO CAMADA DE COBERTURA\u00a0DO ATERRO DE RES\u00cdDUOS S\u00d3LIDOS URBANOS DA CODIN EM CAMPOS DOS GOYTACAZES\/RJ <\/legend>\n<p style=\"text-align: left\"><strong>Autor: <\/strong>ALEX MOTA SOARES<br \/>\n<strong>Orientador:<\/strong> S\u00e9rgio Tibana<br \/>\n<strong>Co-orientador:<\/strong> Roberto da Trindade Faria J\u00fanior<br \/>\n<strong>\u00c1rea de Concentra\u00e7\u00e3o:<\/strong> Geotecnia<br \/>\n<strong>Situa\u00e7\u00e3o:<\/strong> Conclu\u00edda \u2013 JULHO\/2008<br \/>\n<strong><a href=\"http:\/\/uenf.br\/posgraduacao\/engenharia-civil\/dissertacoes-de-mestrado-2008-adilson-marcio-coelho\/\" target=\"_blank\">Veja mais.<\/a><\/strong><\/p>\n<\/fieldset>\n<\/form>\n<p>&nbsp;<\/p>\n<form>\n<fieldset>\n<legend>ESTUDO DA DEGRADA\u00c7\u00c3O DE ARGAMASSA GEOPOLIM\u00c9RICA POR\u00a0\u00c1CIDO AC\u00c9TICO E SULF\u00daRICO <\/legend>\n<p style=\"text-align: left\"><strong>Autor: <\/strong> ALINE DE AZEVEDO DIAS<br \/>\n<strong>Orientador:<\/strong> Prof. Dylmar Penteado Dias<br \/>\n<strong>Co-orientador:<\/strong> Prof. Guilherme Chagas Cordeiro<br \/>\n<strong>\u00c1rea de Concentra\u00e7\u00e3o:<\/strong> Estrutura<br \/>\n<strong>Situa\u00e7\u00e3o:<\/strong> Conclu\u00edda \u2013 DEZEMBRO\/2008<br \/>\n<strong><a href=\"http:\/\/uenf.br\/posgraduacao\/engenharia-civil\/dissertacoes-de-mestrado-2008-aline-de-azevedo-dias\/\" target=\"_blank\">Veja mais.<\/a><\/strong><\/p>\n<\/fieldset>\n<\/form>\n<p>&nbsp;<\/p>\n<form>\n<fieldset>\n<legend> ESTUDO DE CONCRETOS COM ADI\u00c7\u00d5ES MINERAIS DE RES\u00cdDUO DE CORTE DE ROCHA E DE BLOCOS CER\u00c2MICOS MO\u00cdDOS <\/legend>\n<p style=\"text-align: left\"><strong>Autor: <\/strong> CAMILA APARECIDA ABELHA ROCHA<br \/>\n<strong>Orientador:<\/strong> Prof. Dylmar Penteado Dias<br \/>\n<strong>Co-orientador:<\/strong> Prof. Guilherme Chagas Cordeiro<br \/>\n<strong>\u00c1rea de Concentra\u00e7\u00e3o:<\/strong> Estrutura<br \/>\n<strong>Situa\u00e7\u00e3o:<\/strong> Conclu\u00edda \u2013 DEZEMBRO\/2008<br \/>\n<strong><a href=\"http:\/\/uenf.br\/posgraduacao\/engenharia-civil\/dissertacoes-de-mestrado-2008-camila-aparecida-abelha-rocha-2\/\" target=\"_blank\">Veja mais.<\/a><\/strong><\/p>\n<\/fieldset>\n<\/form>\n<p>&nbsp;<\/p>\n<form>\n<fieldset>\n<legend> MODELAGEM DE CABLAGEM DE VIADUTO COM PROTENS\u00c3O EXTERNA: ESTUDO DE CASO <\/legend>\n<p style=\"text-align: left\"><strong>Autor: <\/strong> CAROLINE VIEIRA LANNES<br \/>\n<strong>Orientador:<\/strong> Prof. Sergio Luis Gonz\u00e1lez Garcia<br \/>\n<strong>Co-orientador:<\/strong> Prof. Jean Marie D\u00e9sir<br \/>\n<strong>\u00c1rea de Concentra\u00e7\u00e3o:<\/strong> Estruturas<br \/>\n<strong>Situa\u00e7\u00e3o:<\/strong> Conclu\u00edda \u2013 JULHO\/2008<br \/>\n<strong><a href=\"http:\/\/uenf.br\/posgraduacao\/engenharia-civil\/dissertacoes-de-mestrado-2008-caroline-vieira-lannes\/\" target=\"_blank\">Veja mais.<\/a><\/strong><\/p>\n<\/fieldset>\n<\/form>\n<p>&nbsp;<\/p>\n<form>\n<fieldset>\n<legend>DETERMINA\u00c7\u00c3O DE PAR\u00c2METROS MEC\u00c2NICOS E MODELAGEM NUM\u00c9RICA EM ALVENARIA ESTRUTURAL DE BLOCOS CER\u00c2MICOS DA IND\u00daSTRIA DE CAMPOS DOS GOYTACAZES<\/legend>\n<p style=\"text-align: left\"><strong>Autor: <\/strong>CRISTIANO PENA MILLER<br \/>\n<strong>Orientador:<\/strong> Prof. Jonas Alexandrea<br \/>\n<strong>Co-orientador:<\/strong> Prof. Gustavo de Castro Xavier<br \/>\n<strong>\u00c1rea de Concentra\u00e7\u00e3o:<\/strong> Estrutura<br \/>\n<strong>Situa\u00e7\u00e3o:<\/strong> Conclu\u00edda \u2013 MAR\u00c7O\/2008<br \/>\n<strong><a href=\"http:\/\/uenf.br\/posgraduacao\/engenharia-civil\/dissertacoes-de-mestrado-2008-cristiano-pena-miller\/\" target=\"_blank\">Veja mais.<\/a><\/strong><\/p>\n<\/fieldset>\n<\/form>\n<p>&nbsp;<\/p>\n<form>\n<fieldset>\n<legend>FAVORABILIDADE DE \u00c1REAS PARA IMPLANTA\u00c7\u00c3O DE ATERROS CONTROLADOS NO MUNIC\u00cdPIO DE CAMPOS DOS GOYTACAZES\/RJ UTILIZANDO SISTEMAS DE INFORMA\u00c7\u00c3O GEOGR\u00c1FICA <\/legend>\n<p style=\"text-align: left\"><strong>Autor: <\/strong>FABRICIA BENDA<br \/>\n<strong>Orientador:<\/strong> Profa. Maria da Gl\u00f3ria Alves<br \/>\n<strong>Co-orientador:<\/strong> Profs. S\u00e9rgio Tibana e Doracy Pessoa Ramos<br \/>\n<strong>\u00c1rea de Concentra\u00e7\u00e3o:<\/strong> Geotecnia<br \/>\n<strong>Situa\u00e7\u00e3o:<\/strong> Conclu\u00edda \u2013 JULHO\/2008<br \/>\n<strong><a href=\"http:\/\/uenf.br\/posgraduacao\/engenharia-civil\/dissertacoes-de-mestrado-2008-fabricia-benda\/\" target=\"_blank\">Veja mais.<\/a><\/strong><\/p>\n<\/fieldset>\n<\/form>\n<p>&nbsp;<\/p>\n<form>\n<fieldset>\n<legend>PRODU\u00c7\u00c3O DE ARGAMASSAS A PARTIR DA ATIVA\u00c7\u00c3O ALCALINA DE METACAULIM E DE RES\u00cdDUO DE TIJOLO MO\u00cdDO POR CALES VIRGEM E HIDRATADA <\/legend>\n<p style=\"text-align: left\"><strong>Autor: <\/strong>FREDERICO LOPES MURTA<br \/>\n<strong>Orientador:<\/strong> Prof. Dylmar Penteado Dias<br \/>\n<strong>\u00c1rea de Concentra\u00e7\u00e3o:<\/strong> Estruturas<br \/>\n<strong>Situa\u00e7\u00e3o:<\/strong> Conclu\u00edda \u2013 DEZEMBRO\/2008<br \/>\n<strong><a href=\"http:\/\/uenf.br\/posgraduacao\/engenharia-civil\/dissertacoes-de-mestrado-2008-frederico-lopes-murta\/\" target=\"_blank\">Veja mais.<\/a><\/strong><\/p>\n<\/fieldset>\n<\/form>\n<p>&nbsp;<\/p>\n<form>\n<fieldset>\n<legend>MONITORA\u00c7\u00c3O DE RECALQUES DE UM EDIF\u00cdCIO E AVALIA\u00c7\u00c3O DA INTERA\u00c7\u00c3O SOLO-ESTRUTURA <\/legend>\n<p style=\"text-align: left\"><strong>Autor: <\/strong>GUSTAVO SAVARIS<br \/>\n<strong>Orientadora:<\/strong> Prof\u00aa. Patr\u00edcia Habib Hallak<br \/>\n<strong>Co-orientador:<\/strong> Prof. Paulo C\u00e9sar de Almeida Maia<br \/>\n<strong>\u00c1rea de Concentra\u00e7\u00e3o:<\/strong> Estrutura<br \/>\n<strong>Situa\u00e7\u00e3o:<\/strong> Conclu\u00edda \u2013 SETEMBRO\/2008<br \/>\n<strong><a href=\"http:\/\/uenf.br\/posgraduacao\/engenharia-civil\/dissertacoes-de-mestrado-2008-gustavo-savaris\/\" target=\"_blank\">Veja mais.<\/a><\/strong><\/p>\n<\/fieldset>\n<\/form>\n<p>&nbsp;<\/p>\n<form>\n<fieldset>\n<legend>MODELAGEM COMPUTACIONAL DE ELEMENTOS DE REFOR\u00c7O PELO M\u00c9TODO DE AN\u00c1LISE LIMITE NUM\u00c9RICA<\/legend>\n<p style=\"text-align: left\"><strong>Autor: <\/strong>JEAN CRISPIM FERREIRA<br \/>\n<strong>Orientador:<\/strong> Prof. Aldo Durand Farf\u00e1n<br \/>\n<strong>Co-orientador:<\/strong> Prof. Eur\u00edpedes do Amaral Vargas Jr.<br \/>\n<strong>\u00c1rea de Concentra\u00e7\u00e3o:<\/strong> Geotecnia<br \/>\n<strong>Situa\u00e7\u00e3o:<\/strong> Conclu\u00edda \u2013 MAR\u00c7O\/2008<br \/>\n<strong><a href=\"http:\/\/uenf.br\/posgraduacao\/engenharia-civil\/dissertacoes-de-mestrado-2008-jean-crispim-ferreira\/\" target=\"_blank\">Veja mais.<\/a><\/strong><\/p>\n<\/fieldset>\n<\/form>\n<p>&nbsp;<\/p>\n<form>\n<fieldset>\n<legend>COMPARA\u00c7\u00c3O ENTRE M\u00c9TODOS DE AN\u00c1LISE PARA LAJES LISAS PROTENDIDAS COM CORDOALHAS ENGRAXADAS. &#8211; ESTUDO DE CASOS &#8211;<\/legend>\n<p style=\"text-align: left\"><strong>Autor: <\/strong>SANDRO COLONESE<br \/>\n<strong>Orientador:<\/strong> Prof. Sergio Luis Gonz\u00e1lez Garcia<br \/>\n<strong>\u00c1rea de Concentra\u00e7\u00e3o:<\/strong> Estrutura<br \/>\n<strong>Situa\u00e7\u00e3o:<\/strong> Conclu\u00edda \u2013 DEZEMBRO\/2008<br \/>\n<strong><a href=\"http:\/\/uenf.br\/posgraduacao\/engenharia-civil\/dissertacoes-de-mestrado-2008-sandro-colonese\/\" target=\"_blank\">Veja mais.<\/a><\/strong><\/p>\n<\/fieldset>\n<\/form>\n<p><strong>Disserta\u00e7\u00f5es<\/strong><\/p>\n<p><a href=\"http:\/\/uenf.br\/posgraduacao\/engenharia-civil\/dissertacoes-de-mestrado\/dissertacoes-de-metrado-2015\/\">2015 <\/a>&#8211; <a href=\"http:\/\/uenf.br\/posgraduacao\/engenharia-civil\/dissertacoes-de-mestrado\/dissertacoes-de-mestrado-2014\/\">2014 <\/a>&#8211; <a href=\"http:\/\/uenf.br\/posgraduacao\/engenharia-civil\/dissertacoes-de-mestrado\/dissertacoes-de-mestrado-2013\/\">2013 <\/a>&#8211; <a href=\"http:\/\/uenf.br\/posgraduacao\/engenharia-civil\/dissertacoes-de-mestrado\/dissertacoes-de-mestrado-2012\/\">2012 <\/a>&#8211; <a href=\"http:\/\/uenf.br\/posgraduacao\/engenharia-civil\/dissertacoes-de-mestrado\/dissertacoes-de-mestrado-2011\/\">2011<\/a> &#8211; <a href=\"http:\/\/uenf.br\/posgraduacao\/engenharia-civil\/dissertacoes-de-mestrado\/dissertacoes-de-mestrado-2010\/\">2010 <\/a>&#8211; <a href=\"http:\/\/uenf.br\/posgraduacao\/engenharia-civil\/dissertacoes-de-mestrado\/dissertacoes-de-mestrado-2009\/\">2009 <\/a>&#8211; <a href=\"http:\/\/uenf.br\/posgraduacao\/engenharia-civil\/dissertacoes-de-mestrado\/dissertacoes-de-mestrado-2008\/\">2008 <\/a>&#8211; <a href=\"http:\/\/uenf.br\/posgraduacao\/engenharia-civil\/dissertacoes-de-mestrado\/dissertacoes-de-mestrado-2007\/\">2007 <\/a>&#8211; <a href=\"http:\/\/uenf.br\/posgraduacao\/engenharia-civil\/dissertacoes-de-mestrado\/dissertacoes-de-mestrado-2006\/\" target=\"_blank\">2006 <\/a>&#8211; <a href=\"http:\/\/uenf.br\/posgraduacao\/engenharia-civil\/dissertacoes-de-mestrado\/dissertacoes-de-mestrado-2005\/\">2005<\/a> &#8211; <a href=\"http:\/\/uenf.br\/posgraduacao\/engenharia-civil\/dissertacoes-de-mestrado\/dissertacoes-de-mestrado-2004\/\">2004\u00a0<\/a>&#8211; <a href=\"http:\/\/uenf.br\/posgraduacao\/engenharia-civil\/dissertacoes-de-mestrado\/dissertacoes-de-mestrado-2003\/\">2003<\/a><\/p>","protected":false},"excerpt":{"rendered":"<p>&nbsp; UTILIZA\u00c7\u00c3O DE GEOPROCESSAMENTO NO PLANEJAMENTO DO USO DAS TERRAS PARA O DESENVOLVIMENTO URBANO DO MUNIC\u00cdPIO DE S\u00c3O FRANCISCO DO&#8230;<\/p>\n","protected":false},"author":8,"featured_media":0,"parent":411,"menu_order":1,"comment_status":"closed","ping_status":"closed","template":"","meta":{"footnotes":""},"class_list":["post-564","page","type-page","status-publish","hentry"],"_links":{"self":[{"href":"https:\/\/uenf.br\/posgraduacao\/engenharia-civil\/wp-json\/wp\/v2\/pages\/564","targetHints":{"allow":["GET"]}}],"collection":[{"href":"https:\/\/uenf.br\/posgraduacao\/engenharia-civil\/wp-json\/wp\/v2\/pages"}],"about":[{"href":"https:\/\/uenf.br\/posgraduacao\/engenharia-civil\/wp-json\/wp\/v2\/types\/page"}],"author":[{"embeddable":true,"href":"https:\/\/uenf.br\/posgraduacao\/engenharia-civil\/wp-json\/wp\/v2\/users\/8"}],"replies":[{"embeddable":true,"href":"https:\/\/uenf.br\/posgraduacao\/engenharia-civil\/wp-json\/wp\/v2\/comments?post=564"}],"version-history":[{"count":0,"href":"https:\/\/uenf.br\/posgraduacao\/engenharia-civil\/wp-json\/wp\/v2\/pages\/564\/revisions"}],"up":[{"embeddable":true,"href":"https:\/\/uenf.br\/posgraduacao\/engenharia-civil\/wp-json\/wp\/v2\/pages\/411"}],"wp:attachment":[{"href":"https:\/\/uenf.br\/posgraduacao\/engenharia-civil\/wp-json\/wp\/v2\/media?parent=564"}],"curies":[{"name":"wp","href":"https:\/\/api.w.org\/{rel}","templated":true}]}}