{"id":566,"date":"2015-09-04T20:29:00","date_gmt":"2015-09-04T20:29:00","guid":{"rendered":"http:\/\/uenf.br\/posgraduacao\/engenharia-civil\/?page_id=566"},"modified":"2017-01-16T17:45:26","modified_gmt":"2017-01-16T17:45:26","slug":"dissertacoes-de-mestrado-2007","status":"publish","type":"page","link":"https:\/\/uenf.br\/posgraduacao\/engenharia-civil\/teses-e-dissertacoes\/dissertacoes-de-mestrado-2007\/","title":{"rendered":"Disserta\u00e7\u00f5es de Mestrado 2007"},"content":{"rendered":"<p>&nbsp;<\/p>\n<form>\n<fieldset>\n<legend>ESTUDO DA INTERA\u00c7\u00c3O DE VINHOTO COM UMA ARGILA DE BAIXA PLASTICIDADE DA REGI\u00c3O DO MUNIC\u00cdPIO DE CAMPOS DOS GOYTACAZES &#8211; RJ<\/legend>\n<p style=\"text-align: left\"><strong>Autor: <\/strong> ALESSANDRO DA CUNHA ALVES<br \/>\n<strong>Orientador:<\/strong> Prof. S\u00e9rgio Tibana<br \/>\n<strong>Co-orientador:<\/strong> Prof. Frederico Terra de Almeida<br \/>\n<strong>\u00c1rea de Concentra\u00e7\u00e3o:<\/strong> Geotecnia<br \/>\n<strong>Situa\u00e7\u00e3o:<\/strong> Conclu\u00edda &#8211; JULHO\/2007<br \/>\n<strong><a href=\"http:\/\/uenf.br\/posgraduacao\/engenharia-civil\/dissertacoes-de-mestrado-2007-alessandro-da-cunha-alves-2\/\" target=\"_blank\">Veja mais.<\/a><\/strong><\/p>\n<\/fieldset>\n<\/form>\n<p>&nbsp;<\/p>\n<form>\n<fieldset>\n<legend>INCORPORA\u00c7\u00c3O DE RES\u00cdDUO DE ROCHA ORNAMENTAL EM\u00a0ARGAMASSAS UTILIZANDO PLANEJAMENTO DE EXPERIMENTOS\u00a0EM REDE SIMPLEX<\/legend>\n<p style=\"text-align: left\"><strong>Autor: <\/strong>ALEXANDRE VIANNA BAHIENSE<br \/>\n<strong>Orientador:<\/strong> Prof. Jonas Alexandre<br \/>\n<strong>Co-orientador:<\/strong> Rosane Toledo Manh\u00e3es<br \/>\n<strong>\u00c1rea de Concentra\u00e7\u00e3o:<\/strong> Estruturas<br \/>\n<strong>Situa\u00e7\u00e3o:<\/strong> Conclu\u00eddo &#8211; JULHO\/2007<br \/>\n<strong><a href=\"http:\/\/uenf.br\/posgraduacao\/engenharia-civil\/dissertacoes-de-mestrado-2007-alexandre-vianna-bahiense\/\" target=\"_blank\">Veja mais.<\/a><\/strong><\/p>\n<\/fieldset>\n<\/form>\n<p>&nbsp;<\/p>\n<form>\n<fieldset>\n<legend>ESC\u00d3RIAS DE FLUXO DE SOLDAGEM COMO AGREGADO MI\u00daDO PARA A PRODU\u00c7\u00c3O DE ARGAMASSAS DE M\u00daLTIPLO USO<\/legend>\n<p style=\"text-align: left\"><strong>Autor: <\/strong>CAROLINE ESPINOSA VIANA<br \/>\n<strong>Orientador:<\/strong> Prof. Jonas Alexandre<br \/>\n<strong>Co-orientador:<\/strong> Rosane Toledo Manh\u00e3es<br \/>\n<strong>\u00c1rea de Concentra\u00e7\u00e3o:<\/strong> Estruturas<br \/>\n<strong>Situa\u00e7\u00e3o:<\/strong> Conclu\u00eddo &#8211; FEVEREIRO\/2007<br \/>\n<strong><a href=\"http:\/\/uenf.br\/posgraduacao\/engenharia-civil\/dissertacoes-de-mestrado-2007-caroline-espinosa-viana\/\" target=\"_blank\">Veja mais.<\/a><\/strong><\/p>\n<\/fieldset>\n<\/form>\n<p>&nbsp;<\/p>\n<form>\n<fieldset>\n<legend>INTERPRETA\u00c7\u00c3O DE ENSAIOS DE PIEZOCONE UTILIZANDO CONCEITOS DE SIMILARIDADE <\/legend>\n<p style=\"text-align: left\"><strong>Autor: <\/strong>HELENA DE F\u00c1TIMA ARAUJO FERNANDES MEDINA<br \/>\n<strong>Orientador:<\/strong> Prof. Fernando Saboya Albuquerque Junior<br \/>\n<strong>\u00c1rea de Concentra\u00e7\u00e3o:<\/strong> Geotecnia<br \/>\n<strong>Situa\u00e7\u00e3o:<\/strong> Conclu\u00eddo &#8211; FEVEREIRO\/2007<br \/>\n<strong><a href=\"http:\/\/uenf.br\/posgraduacao\/engenharia-civil\/dissertacoes-de-mestrado-2007-helena-de-fatima-araujo-fernandes-medina\/\" target=\"_blank\">Veja mais.<\/a><\/strong><\/p>\n<\/fieldset>\n<\/form>\n<p>&nbsp;<\/p>\n<form>\n<fieldset>\n<legend>ESTUDO DO TRANSPORTE DE CONTAMINANTES NA \u00c1REA DE DISPOSI\u00c7\u00c3O DE RES\u00cdDUOS S\u00d3LIDOS DA CIDADE DE CAMPOS DOS GOYTACAZES &#8211; RJ<\/legend>\n<p style=\"text-align: left\"><strong>Autor: <\/strong>FRANCHEL PEREIRA FANTINATTI NETO<br \/>\n<strong>Orientador:<\/strong> Prof. S\u00e9rgio Tibana<br \/>\n<strong>Co-orientador:<\/strong> Prof. Frederico Terra de Almeida<br \/>\n<strong>\u00c1rea de Concentra\u00e7\u00e3o:<\/strong> Geotecnia<br \/>\n<strong>Situa\u00e7\u00e3o:<\/strong> Conclu\u00eddo &#8211; FEVEREIRO\/2007<br \/>\n<strong><a href=\"http:\/\/uenf.br\/posgraduacao\/engenharia-civil\/dissertacoes-de-mestrado-2007-franchel-pereira-fantinatti-neto\/\" target=\"_blank\">Veja mais.<\/a><\/strong><\/p>\n<\/fieldset>\n<\/form>\n<p>&nbsp;<\/p>\n<form>\n<fieldset>\n<legend>DETERMINA\u00c7\u00c3O DA DIFUS\u00c3O EFETIVA DE NITRATO E POT\u00c1SSIO EM SOLO ARGILOSO COMPACTADO<\/legend>\n<p style=\"text-align: left\"><strong>Autor: <\/strong>FRANCISCO DE DEUS FONSECA NETO<br \/>\n<strong>Orientador:<\/strong> Prof. S\u00e9rgio Tibana<br \/>\n<strong>\u00c1rea de Concentra\u00e7\u00e3o:<\/strong> Geotecnia<br \/>\n<strong>Situa\u00e7\u00e3o:<\/strong> Conclu\u00eddo &#8211; JULHO\/2007<br \/>\n<strong><a href=\"http:\/\/uenf.br\/posgraduacao\/engenharia-civil\/dissertacoes-de-mestrado-2007-francisco-de-deus-fonseca-neto\/\" target=\"_blank\">Veja mais.<\/a><\/strong><\/p>\n<\/fieldset>\n<\/form>\n<p>&nbsp;<\/p>\n<form>\n<fieldset>\n<legend>OS DEP\u00d3SITOS SILTO-ARGILOSOS DA PLAN\u00cdCIE DE INUNDA\u00c7\u00c3O DO RIO PARA\u00cdBA DO SUL EM CAMPOS DOS GOYTACAZES \u2013 RJ, COMO FONTE DE MATERIAIS PARA A IND\u00daSTRIA DE CER\u00c2MICA VERMELHA.<\/legend>\n<p style=\"text-align: left\"><strong>Autor: <\/strong>IZABEL DE SOUZA RAMOS<br \/>\n<strong>Orientador:<\/strong> Prof. Dr. Josu\u00e9 Alves Barroso<br \/>\n<strong>\u00c1rea de Concentra\u00e7\u00e3o:<\/strong> Geotecnia<br \/>\n<strong>Situa\u00e7\u00e3o:<\/strong> Conclu\u00eddo &#8211; SETEMBRO\/2007<br \/>\n<strong><a href=\"http:\/\/uenf.br\/posgraduacao\/engenharia-civil\/dissertacoes-de-mestrado-2007-izabel-de-souza-ramos\/\" target=\"_blank\">Veja mais.<\/a><\/strong><\/p>\n<\/fieldset>\n<\/form>\n<p>&nbsp;<\/p>\n<form>\n<fieldset>\n<legend>ESTUDO DE CONFORMIDADES EM RELA\u00c7\u00c3O \u00c0 ABNT DE BLOCOS CER\u00c2MICOS PRENSADOS E QUEIMADOS<\/legend>\n<p style=\"text-align: left\"><strong>Autor: <\/strong>LEONARDO GON\u00c7ALVES PEDROTI<br \/>\n<strong>Orientador:<\/strong> Prof. Jonas Alexandre<br \/>\n<strong>\u00c1rea de Concentra\u00e7\u00e3o:<\/strong> Estruturas<br \/>\n<strong>Situa\u00e7\u00e3o:<\/strong> Conclu\u00eddo &#8211; AGOSTO\/2007<br \/>\n<strong><a href=\"http:\/\/uenf.br\/posgraduacao\/engenharia-civil\/dissertacoes-de-mestrado-2007-leonardo-goncalves-pedroti\/\" target=\"_blank\">Veja mais.<\/a><\/strong><\/p>\n<\/fieldset>\n<\/form>\n<p>&nbsp;<\/p>\n<form>\n<fieldset>\n<legend>EFEITO DA VARIA\u00c7\u00c3O DE TEMPERATURA EM ADESIVOS E TUBOS UTILIZADOS EM TUBULA\u00c7\u00d5ES DE EP\u00d3XI REFOR\u00c7ADAS POR FIBRAS DE VIDRO<\/legend>\n<p style=\"text-align: left\"><strong>Autor: <\/strong>MAIKON CAETANO RAMOS PESSANHA<br \/>\n<strong>Orientador:<\/strong> Prof. Dylmar Penteado Dias<br \/>\n<strong>Co-orientador:<\/strong> Prof. Ronaldo Pinheiro da Rocha Paranhos<br \/>\n<strong>\u00c1rea de Concentra\u00e7\u00e3o:<\/strong> Estrutura<br \/>\n<strong>Situa\u00e7\u00e3o:<\/strong> Conclu\u00eddo &#8211; SETEMBRO\/2007<br \/>\n<strong><a href=\"http:\/\/uenf.br\/posgraduacao\/engenharia-civil\/dissertacoes-de-mestrado-2007-maikon-caetano-ramos-pessanha\/\" target=\"_blank\">Veja mais.<\/a><\/strong><\/p>\n<\/fieldset>\n<\/form>\n<p>&nbsp;<\/p>\n<p><strong>Disserta\u00e7\u00f5es<\/strong><\/p>\n<p><a href=\"http:\/\/uenf.br\/posgraduacao\/engenharia-civil\/dissertacoes-de-mestrado\/dissertacoes-de-metrado-2015\/\">2015 <\/a>&#8211; <a href=\"http:\/\/uenf.br\/posgraduacao\/engenharia-civil\/dissertacoes-de-mestrado\/dissertacoes-de-mestrado-2014\/\">2014 <\/a>&#8211; <a href=\"http:\/\/uenf.br\/posgraduacao\/engenharia-civil\/dissertacoes-de-mestrado\/dissertacoes-de-mestrado-2013\/\">2013 <\/a>&#8211; <a href=\"http:\/\/uenf.br\/posgraduacao\/engenharia-civil\/dissertacoes-de-mestrado\/dissertacoes-de-mestrado-2012\/\">2012 <\/a>&#8211; <a href=\"http:\/\/uenf.br\/posgraduacao\/engenharia-civil\/dissertacoes-de-mestrado\/dissertacoes-de-mestrado-2011\/\">2011<\/a> &#8211; <a href=\"http:\/\/uenf.br\/posgraduacao\/engenharia-civil\/dissertacoes-de-mestrado\/dissertacoes-de-mestrado-2010\/\">2010 <\/a>&#8211; <a href=\"http:\/\/uenf.br\/posgraduacao\/engenharia-civil\/dissertacoes-de-mestrado\/dissertacoes-de-mestrado-2009\/\">2009 <\/a>&#8211; <a href=\"http:\/\/uenf.br\/posgraduacao\/engenharia-civil\/dissertacoes-de-mestrado\/dissertacoes-de-mestrado-2008\/\">2008 <\/a>&#8211; <a href=\"http:\/\/uenf.br\/posgraduacao\/engenharia-civil\/dissertacoes-de-mestrado\/dissertacoes-de-mestrado-2007\/\">2007 <\/a>&#8211; <a href=\"http:\/\/uenf.br\/posgraduacao\/engenharia-civil\/dissertacoes-de-mestrado\/dissertacoes-de-mestrado-2006\/\" target=\"_blank\">2006 <\/a>&#8211; <a href=\"http:\/\/uenf.br\/posgraduacao\/engenharia-civil\/dissertacoes-de-mestrado\/dissertacoes-de-mestrado-2005\/\">2005<\/a> &#8211; <a href=\"http:\/\/uenf.br\/posgraduacao\/engenharia-civil\/dissertacoes-de-mestrado\/dissertacoes-de-mestrado-2004\/\">2004\u00a0<\/a>&#8211; <a href=\"http:\/\/uenf.br\/posgraduacao\/engenharia-civil\/dissertacoes-de-mestrado\/dissertacoes-de-mestrado-2003\/\">2003<\/a><\/p>","protected":false},"excerpt":{"rendered":"<p>&nbsp; ESTUDO DA INTERA\u00c7\u00c3O DE VINHOTO COM UMA ARGILA DE BAIXA PLASTICIDADE DA REGI\u00c3O DO MUNIC\u00cdPIO DE CAMPOS DOS GOYTACAZES&#8230;<\/p>\n","protected":false},"author":8,"featured_media":0,"parent":411,"menu_order":1,"comment_status":"closed","ping_status":"closed","template":"","meta":{"footnotes":""},"class_list":["post-566","page","type-page","status-publish","hentry"],"_links":{"self":[{"href":"https:\/\/uenf.br\/posgraduacao\/engenharia-civil\/wp-json\/wp\/v2\/pages\/566","targetHints":{"allow":["GET"]}}],"collection":[{"href":"https:\/\/uenf.br\/posgraduacao\/engenharia-civil\/wp-json\/wp\/v2\/pages"}],"about":[{"href":"https:\/\/uenf.br\/posgraduacao\/engenharia-civil\/wp-json\/wp\/v2\/types\/page"}],"author":[{"embeddable":true,"href":"https:\/\/uenf.br\/posgraduacao\/engenharia-civil\/wp-json\/wp\/v2\/users\/8"}],"replies":[{"embeddable":true,"href":"https:\/\/uenf.br\/posgraduacao\/engenharia-civil\/wp-json\/wp\/v2\/comments?post=566"}],"version-history":[{"count":0,"href":"https:\/\/uenf.br\/posgraduacao\/engenharia-civil\/wp-json\/wp\/v2\/pages\/566\/revisions"}],"up":[{"embeddable":true,"href":"https:\/\/uenf.br\/posgraduacao\/engenharia-civil\/wp-json\/wp\/v2\/pages\/411"}],"wp:attachment":[{"href":"https:\/\/uenf.br\/posgraduacao\/engenharia-civil\/wp-json\/wp\/v2\/media?parent=566"}],"curies":[{"name":"wp","href":"https:\/\/api.w.org\/{rel}","templated":true}]}}