{"id":570,"date":"2015-09-04T20:30:00","date_gmt":"2015-09-04T20:30:00","guid":{"rendered":"http:\/\/uenf.br\/posgraduacao\/engenharia-civil\/?page_id=570"},"modified":"2017-01-16T17:43:57","modified_gmt":"2017-01-16T17:43:57","slug":"dissertacoes-de-mestrado-2005","status":"publish","type":"page","link":"https:\/\/uenf.br\/posgraduacao\/engenharia-civil\/teses-e-dissertacoes\/dissertacoes-de-mestrado-2005\/","title":{"rendered":"Disserta\u00e7\u00f5es de Mestrado 2005"},"content":{"rendered":"<p>&nbsp;<\/p>\n<form>\n<fieldset>\n<legend>MAPEAMENTO GEOL\u00d3GICO-GEOT\u00c9CNICO E T\u00c9CNICAS DE GEOPROCESSAMENTO COMO SUBS\u00cdDIO AO PLANEJAMENTO DA EXPANS\u00c3O URBANA NO MUNIC\u00cdPIO DE CAMPOS DOS GOYTACAZES\/R.J.<\/legend>\n<p style=\"text-align: left\"><strong>Autor: <\/strong>ALINE NOGUEIRA COSTA<br \/>\n<strong>Orientador:<\/strong> Prof. Maria da Gl\u00f3ria<br \/>\n<strong>\u00c1rea de Concentra\u00e7\u00e3o:<\/strong> Geotecnia<br \/>\n<strong>Situa\u00e7\u00e3o:<\/strong> Conclu\u00edda \u2013 ABRIL\/2005<br \/>\n<strong><a href=\"http:\/\/uenf.br\/posgraduacao\/engenharia-civil\/dissertacoes-de-mestrado-2005-aline-nogueira-costa\/\" target=\"_blank\">Veja mais.<\/a><\/strong><\/p>\n<\/fieldset>\n<\/form>\n<p>&nbsp;<\/p>\n<form>\n<fieldset>\n<legend> CARACTERIZA\u00c7\u00c3O DA CINZA DO BAGA\u00c7O DA CANA-DE-A\u00c7\u00daCAR DO MUNIC\u00cdPIO DE CAMPOS DOS GOYTACAZES PARA USO NA CONSTRU\u00c7\u00c3O CIVIL<\/legend>\n<p style=\"text-align: left\"><strong>Autor: <\/strong> ELAINE DE SOUZA FREITAS<br \/>\n<strong>Orientador:<\/strong> Prof. Jean Marie D\u00e9sir<br \/>\n<strong>Coorientador:<\/strong> Prof. Dylmar Penteado Dias<br \/>\n<strong>\u00c1rea de Concentra\u00e7\u00e3o:<\/strong> Estruturas<br \/>\n<strong>Situa\u00e7\u00e3o:<\/strong> Conclu\u00edda \u2013 Abril\/2005<br \/>\n<strong><a href=\"http:\/\/uenf.br\/posgraduacao\/engenharia-civil\/dissertacoes-de-mestrado-2005-marcos-vinicios-pereira-santana\/\" target=\"_blank\">Veja mais.<\/a><\/strong><\/p>\n<\/fieldset>\n<\/form>\n<p>&nbsp;<\/p>\n<form>\n<fieldset>\n<legend> AVALIA\u00c7\u00c3O DA CONTAMINA\u00c7\u00c3O DO SOLO E DAS \u00c1GUAS SUPERFICIAIS E SUBTERR\u00c2NEAS POR PESTICIDAS EM UMA MICRO-BACIA DO RIO PARA\u00cdBA DO SUL<\/legend>\n<p style=\"text-align: left\"><strong>Autor: <\/strong> ELIANE MARIA VIEIRA<br \/>\n<strong>Orientador:<\/strong> Prof. Frederico Terra de Almeida<br \/>\n<strong>\u00c1rea de Concentra\u00e7\u00e3o:<\/strong> Geotecnia<br \/>\n<strong>Situa\u00e7\u00e3o:<\/strong> Conclu\u00edda \u2013Setembro\/2005<br \/>\n<strong><a href=\"http:\/\/uenf.br\/posgraduacao\/engenharia-civil\/dissertacoes-de-mestrado-2005-elaine-de-souza-freitas\/\" target=\"_blank\">Veja mais.<\/a><\/strong><\/p>\n<\/fieldset>\n<\/form>\n<p>&nbsp;<\/p>\n<form>\n<fieldset>\n<legend> PROPOSTA DE MORFOLOGIA RACIONAL DE PE\u00c7AS CER\u00c2MICAS PARA APLICA\u00c7\u00c3O EM ALVENARIA ESTRUTURAL<\/legend>\n<p style=\"text-align: left\"><strong>Autor: <\/strong> FRANCISCO DE ASSIS ALVES DA SILVA<br \/>\n<strong>Orientador:<\/strong> Prof.Dr. Jonas Alexandre<br \/>\n<strong>\u00c1rea de Concentra\u00e7\u00e3o:<\/strong> Estruturas<br \/>\n<strong>Situa\u00e7\u00e3o:<\/strong> Conclu\u00edda \u2013 Outubro\/2005<br \/>\n<strong><a href=\"http:\/\/uenf.br\/posgraduacao\/engenharia-civil\/dissertacoes-de-mestrado-2005-francisco-de-assis-alves-da-silva\/\" target=\"_blank\">Veja mais.<\/a><\/strong><\/p>\n<\/fieldset>\n<\/form>\n<p>&nbsp;<\/p>\n<form>\n<fieldset>\n<legend>MODELO NUM\u00c9RICO PARA CONCRETO REFOR\u00c7ADO COM FIBRAS<\/legend>\n<p style=\"text-align: left\"><strong>Autor: <\/strong> MARCOS VINICIOS PEREIRA SANT\u2019ANA<br \/>\n<strong>Orientador:<\/strong> Prof. Jean Marie Desir<br \/>\n<strong>\u00c1rea de Concentra\u00e7\u00e3o:<\/strong> Estruturas<br \/>\n<strong>Situa\u00e7\u00e3o:<\/strong> Conclu\u00edda \u2013 JANEIRO\/2005<br \/>\n<strong><a href=\"http:\/\/uenf.br\/posgraduacao\/engenharia-civil\/dissertacoes-de-mestrado-2005-francisco-de-assis-alves-da-silva\/\" target=\"_blank\">Veja mais.<\/a><\/strong><\/p>\n<\/fieldset>\n<\/form>\n<p>&nbsp;<\/p>\n<form>\n<fieldset>\n<legend>AVALIA\u00c7\u00c3O DA ESTABILIDADE DE CONTEN\u00c7\u00d5ES ATRAV\u00c9S DE M\u00c9TODOS PROBABIL\u00cdSTICOS<\/legend>\n<p style=\"text-align: left\"><strong>Autor: <\/strong> MARIA FATIMA MIRANDA<br \/>\n<strong>Orientador:<\/strong> Prof. Paulo C\u00e9sar de Almeida Maia<br \/>\n<strong>Orientador:<\/strong> Prof. Fernando Saboya Albuquerque J\u00fanior<br \/>\n<strong>\u00c1rea de Concentra\u00e7\u00e3o:<\/strong> Geotecnia<br \/>\n<strong>Situa\u00e7\u00e3o:<\/strong> Conclu\u00edda \u2013 ABRIL\/2005<br \/>\n<strong><a href=\"http:\/\/uenf.br\/posgraduacao\/engenharia-civil\/dissertacoes-de-mestrado-2005-francisco-de-assis-alves-da-silva\/\" target=\"_blank\">Veja mais.<\/a><\/strong><\/p>\n<\/fieldset>\n<\/form>\n<p>&nbsp;<\/p>\n<form>\n<fieldset>\n<legend>AN\u00c1LISE DO COMPORTAMENTO \u00c0 FLEX\u00c3O DE ADUELAS EM VIGAS PROTENDIDAS<\/legend>\n<p style=\"text-align: left\"><strong>Autor: <\/strong> M\u00c1RIO COELHO BARROSO<br \/>\n<strong>Orientador:<\/strong> Prof. Jean Marie D\u00e9sir<br \/>\n<strong>\u00c1rea de Concentra\u00e7\u00e3o:<\/strong> Estruturas<br \/>\n<strong>Situa\u00e7\u00e3o:<\/strong> Conclu\u00edda \u2013 JUNHO\/2005<br \/>\n<strong><a href=\"http:\/\/uenf.br\/posgraduacao\/engenharia-civil\/dissertacoes-de-mestrado-2005-mario-coelho-barroso\/\" target=\"_blank\">Veja mais.<\/a><\/strong><\/p>\n<\/fieldset>\n<\/form>\n<p>&nbsp;<\/p>\n<form>\n<fieldset>\n<legend>AN\u00c1LISE DO COMPORTAMENTO \u00c0 FLEX\u00c3O DE ADUELAS EM VIGAS PROTENDIDAS<\/legend>\n<p style=\"text-align: left\"><strong>Autor: <\/strong> RODRIGO ALVAREZ DE BARROS<br \/>\n<strong>Orientador:<\/strong> Prof. Paulo C\u00e9sar de Almeida Maia<br \/>\n<strong>\u00c1rea de Concentra\u00e7\u00e3o:<\/strong> Geotecnia<br \/>\n<strong>Situa\u00e7\u00e3o:<\/strong> Conclu\u00edda \u2013 OUTUBRO\/2005<br \/>\n<strong><a href=\"http:\/\/uenf.br\/posgraduacao\/engenharia-civil\/dissertacoes-de-mestrado-2005-mario-coelho-barroso\/\" target=\"_blank\">Veja mais.<\/a><\/strong><\/p>\n<\/fieldset>\n<\/form>\n<p>&nbsp;<\/p>\n<form>\n<fieldset>\n<legend>CARACTERIZA\u00c7\u00c3O DE RES\u00cdDUO DE CORTE DE ROCHAS NA PRODU\u00c7\u00c3O DE ARGAMASSAS<\/legend>\n<p style=\"text-align: left\"><strong>Autor: <\/strong> WLLISSES MENEZES AFONSO<br \/>\n<strong>Orientador:<\/strong> Prof. Jean Marie D\u00e9sir<br \/>\n<strong>\u00c1rea de Concentra\u00e7\u00e3o:<\/strong> Estruturas<br \/>\n<strong>Situa\u00e7\u00e3o:<\/strong> Conclu\u00edda \u2013 JANEIRO\/2005<br \/>\n<strong><a href=\"http:\/\/uenf.br\/posgraduacao\/engenharia-civil\/dissertacoes-de-mestrado-2005-wllisses-menezes-afonso\/\" target=\"_blank\">Veja mais.<\/a><\/strong><\/p>\n<\/fieldset>\n<\/form>\n<p>&nbsp;<\/p>\n<p><strong>Disserta\u00e7\u00f5es<\/strong><\/p>\n<p><a href=\"http:\/\/uenf.br\/posgraduacao\/engenharia-civil\/dissertacoes-de-mestrado-2016\/\">2016<\/a> \u2013\u00a0<a href=\"http:\/\/uenf.br\/posgraduacao\/engenharia-civil\/dissertacoes-de-mestrado\/dissertacoes-de-metrado-2015\/\">2015 <\/a>\u2013 <a href=\"http:\/\/uenf.br\/posgraduacao\/engenharia-civil\/dissertacoes-de-mestrado\/dissertacoes-de-mestrado-2014\/\">2014 <\/a>\u2013 <a href=\"http:\/\/uenf.br\/posgraduacao\/engenharia-civil\/dissertacoes-de-mestrado\/dissertacoes-de-mestrado-2013\/\">2013 <\/a>\u2013 <a href=\"http:\/\/uenf.br\/posgraduacao\/engenharia-civil\/dissertacoes-de-mestrado\/dissertacoes-de-mestrado-2012\/\">2012 <\/a>\u2013 <a href=\"http:\/\/uenf.br\/posgraduacao\/engenharia-civil\/dissertacoes-de-mestrado\/dissertacoes-de-mestrado-2011\/\">2011<\/a> \u2013 <a href=\"http:\/\/uenf.br\/posgraduacao\/engenharia-civil\/dissertacoes-de-mestrado\/dissertacoes-de-mestrado-2010\/\">2010 <\/a>\u2013 <a href=\"http:\/\/uenf.br\/posgraduacao\/engenharia-civil\/dissertacoes-de-mestrado\/dissertacoes-de-mestrado-2009\/\">2009 <\/a>\u2013 <a href=\"http:\/\/uenf.br\/posgraduacao\/engenharia-civil\/dissertacoes-de-mestrado\/dissertacoes-de-mestrado-2008\/\">2008 <\/a>\u2013 <a href=\"http:\/\/uenf.br\/posgraduacao\/engenharia-civil\/dissertacoes-de-mestrado\/dissertacoes-de-mestrado-2007\/\">2007 <\/a>\u2013 <a href=\"http:\/\/uenf.br\/posgraduacao\/engenharia-civil\/dissertacoes-de-mestrado\/dissertacoes-de-mestrado-2006\/\" target=\"_blank\">2006 <\/a>\u2013 <a href=\"http:\/\/uenf.br\/posgraduacao\/engenharia-civil\/dissertacoes-de-mestrado\/dissertacoes-de-mestrado-2005\/\">2005<\/a> \u2013 <a href=\"http:\/\/uenf.br\/posgraduacao\/engenharia-civil\/dissertacoes-de-mestrado\/dissertacoes-de-mestrado-2004\/\">2004\u00a0<\/a>\u2013 <a href=\"http:\/\/uenf.br\/posgraduacao\/engenharia-civil\/dissertacoes-de-mestrado\/dissertacoes-de-mestrado-2003\/\">2003<\/a><\/p>","protected":false},"excerpt":{"rendered":"<p>&nbsp; MAPEAMENTO GEOL\u00d3GICO-GEOT\u00c9CNICO E T\u00c9CNICAS DE GEOPROCESSAMENTO COMO SUBS\u00cdDIO AO PLANEJAMENTO DA EXPANS\u00c3O URBANA NO MUNIC\u00cdPIO DE CAMPOS DOS GOYTACAZES\/R.J&#8230;.<\/p>\n","protected":false},"author":8,"featured_media":0,"parent":411,"menu_order":1,"comment_status":"closed","ping_status":"closed","template":"","meta":{"footnotes":""},"class_list":["post-570","page","type-page","status-publish","hentry"],"_links":{"self":[{"href":"https:\/\/uenf.br\/posgraduacao\/engenharia-civil\/wp-json\/wp\/v2\/pages\/570","targetHints":{"allow":["GET"]}}],"collection":[{"href":"https:\/\/uenf.br\/posgraduacao\/engenharia-civil\/wp-json\/wp\/v2\/pages"}],"about":[{"href":"https:\/\/uenf.br\/posgraduacao\/engenharia-civil\/wp-json\/wp\/v2\/types\/page"}],"author":[{"embeddable":true,"href":"https:\/\/uenf.br\/posgraduacao\/engenharia-civil\/wp-json\/wp\/v2\/users\/8"}],"replies":[{"embeddable":true,"href":"https:\/\/uenf.br\/posgraduacao\/engenharia-civil\/wp-json\/wp\/v2\/comments?post=570"}],"version-history":[{"count":0,"href":"https:\/\/uenf.br\/posgraduacao\/engenharia-civil\/wp-json\/wp\/v2\/pages\/570\/revisions"}],"up":[{"embeddable":true,"href":"https:\/\/uenf.br\/posgraduacao\/engenharia-civil\/wp-json\/wp\/v2\/pages\/411"}],"wp:attachment":[{"href":"https:\/\/uenf.br\/posgraduacao\/engenharia-civil\/wp-json\/wp\/v2\/media?parent=570"}],"curies":[{"name":"wp","href":"https:\/\/api.w.org\/{rel}","templated":true}]}}