{"id":572,"date":"2015-09-04T20:30:22","date_gmt":"2015-09-04T20:30:22","guid":{"rendered":"http:\/\/uenf.br\/posgraduacao\/engenharia-civil\/?page_id=572"},"modified":"2017-01-16T17:42:51","modified_gmt":"2017-01-16T17:42:51","slug":"dissertacoes-de-mestrado-2004","status":"publish","type":"page","link":"https:\/\/uenf.br\/posgraduacao\/engenharia-civil\/teses-e-dissertacoes\/dissertacoes-de-mestrado-2004\/","title":{"rendered":"Disserta\u00e7\u00f5es de Mestrado 2004"},"content":{"rendered":"<p>&nbsp;<\/p>\n<form>\n<fieldset>\n<legend>OTIMIZA\u00c7\u00c3O DE FORMA PARA PROBLEMAS DE ESTADO PLANO UTILIZANDO O M\u00c9TODO DOS ELEMENTOS DE CONTORNO<\/legend>\n<p style=\"text-align: left\"><strong>Autor: <\/strong>ENIO CARLOS DO AMARAL<br \/>\n<strong>Orientador:<\/strong> Professora V\u00e2nia Jos\u00e9 Karam<br \/>\n<strong>Co-orientador:<\/strong> Professor Gines Arturo Santos Falcon<br \/>\n<strong>\u00c1rea de Concentra\u00e7\u00e3o:<\/strong> Estruturas<br \/>\n<strong>Situa\u00e7\u00e3o:<\/strong> Conclu\u00edda &#8211; Outubro\/2004<br \/>\n<strong><a href=\"http:\/\/uenf.br\/posgraduacao\/engenharia-civil\/dissertacoes-de-mestrado-2004-enio-carlos-do-amaral\/\" target=\"_blank\">Veja mais.<\/a><\/strong><\/p>\n<\/fieldset>\n<\/form>\n<p>&nbsp;<\/p>\n<form>\n<fieldset>\n<legend>ESTUDO DE ESTABILIDADE E PROCESSO DE LAVRA NA EXTRA\u00c7\u00c3O DE ROCHAS ORNAMENTAIS NO MUNIC\u00cdPIO DE SANTO ANT\u00d4NIO DE P\u00c1DUA &#8211; RJ<\/legend>\n<p style=\"text-align: left\"><strong>Autor: <\/strong>GUILHERME SOLDATI FERREIRA<br \/>\n<strong>Orientador:<\/strong> Prof. Aldo Durand Farf\u00e1n<br \/>\n<strong>\u00c1rea de Concentra\u00e7\u00e3o:<\/strong> Geotecnia<br \/>\n<strong>Situa\u00e7\u00e3o:<\/strong> Conclu\u00edda &#8211; MAR\u00c7O\/2004<br \/>\n<strong><a href=\"http:\/\/uenf.br\/posgraduacao\/engenharia-civil\/dissertacoes-de-mestrado-2004-guilherme-soldati-ferreira\/\" target=\"_blank\">Veja mais.<\/a><\/strong><\/p>\n<\/fieldset>\n<\/form>\n<p>&nbsp;<\/p>\n<form>\n<fieldset>\n<legend>ESTUDO DA ADER\u00caNCIA ENTRE CONCRETOS DE DIFERENTES IDADES<\/legend>\n<p style=\"text-align: left\"><strong>Autor: <\/strong>LEANDRO ABI-SAMARA SANTANA<br \/>\n<strong>Orientador:<\/strong> Prof. Jean Marie D\u00e9sir<br \/>\n<strong>\u00c1rea de Concentra\u00e7\u00e3o:<\/strong> Estruturas<br \/>\n<strong>Situa\u00e7\u00e3o:<\/strong> Conclu\u00edda &#8211; Mar\u00e7o\/2004<br \/>\n<strong><a href=\"http:\/\/uenf.br\/posgraduacao\/engenharia-civil\/dissertacoes-de-mestrado-2004-leandro-abi-samara-santana\/\" target=\"_blank\">Veja mais.<\/a><\/strong><\/p>\n<\/fieldset>\n<\/form>\n<p>&nbsp;<\/p>\n<form>\n<fieldset>\n<legend>ESTUDO DA SENSIBILIDADE DE EDIFICA\u00c7\u00d5ES EM RELA\u00c7\u00c3O AO SOLO<\/legend>\n<p style=\"text-align: left\"><strong>Autor: <\/strong>VICTOR AUGUSTO DE SOUZA CRESPO<br \/>\n<strong>Orientador:<\/strong> Prof. Jean Marie D\u00e9sir<br \/>\n<strong>\u00c1rea de Concentra\u00e7\u00e3o:<\/strong> Estruturas<br \/>\n<strong>Situa\u00e7\u00e3o:<\/strong> Conclu\u00edda &#8211; ABRIL\/2004<br \/>\n<strong><a href=\"http:\/\/uenf.br\/posgraduacao\/engenharia-civil\/dissertacoes-de-mestrado-2004-victor-augusto-de-souza-crespo\/\" target=\"_blank\">Veja mais.<\/a><\/strong><\/p>\n<\/fieldset>\n<\/form>\n<p><strong>Disserta\u00e7\u00f5es<\/strong><\/p>\n<p><a href=\"http:\/\/uenf.br\/posgraduacao\/engenharia-civil\/dissertacoes-de-mestrado-2016\/\">2016<\/a>\u00a0\u2013\u00a0<a href=\"http:\/\/uenf.br\/posgraduacao\/engenharia-civil\/dissertacoes-de-mestrado\/dissertacoes-de-metrado-2015\/\">2015 <\/a>\u2013 <a href=\"http:\/\/uenf.br\/posgraduacao\/engenharia-civil\/dissertacoes-de-mestrado\/dissertacoes-de-mestrado-2014\/\">2014 <\/a>\u2013 <a href=\"http:\/\/uenf.br\/posgraduacao\/engenharia-civil\/dissertacoes-de-mestrado\/dissertacoes-de-mestrado-2013\/\">2013 <\/a>\u2013 <a href=\"http:\/\/uenf.br\/posgraduacao\/engenharia-civil\/dissertacoes-de-mestrado\/dissertacoes-de-mestrado-2012\/\">2012 <\/a>\u2013 <a href=\"http:\/\/uenf.br\/posgraduacao\/engenharia-civil\/dissertacoes-de-mestrado\/dissertacoes-de-mestrado-2011\/\">2011<\/a> \u2013 <a href=\"http:\/\/uenf.br\/posgraduacao\/engenharia-civil\/dissertacoes-de-mestrado\/dissertacoes-de-mestrado-2010\/\">2010 <\/a>\u2013 <a href=\"http:\/\/uenf.br\/posgraduacao\/engenharia-civil\/dissertacoes-de-mestrado\/dissertacoes-de-mestrado-2009\/\">2009 <\/a>\u2013 <a href=\"http:\/\/uenf.br\/posgraduacao\/engenharia-civil\/dissertacoes-de-mestrado\/dissertacoes-de-mestrado-2008\/\">2008 <\/a>\u2013 <a href=\"http:\/\/uenf.br\/posgraduacao\/engenharia-civil\/dissertacoes-de-mestrado\/dissertacoes-de-mestrado-2007\/\">2007 <\/a>\u2013 <a href=\"http:\/\/uenf.br\/posgraduacao\/engenharia-civil\/dissertacoes-de-mestrado\/dissertacoes-de-mestrado-2006\/\" target=\"_blank\">2006 <\/a>\u2013 <a href=\"http:\/\/uenf.br\/posgraduacao\/engenharia-civil\/dissertacoes-de-mestrado\/dissertacoes-de-mestrado-2005\/\">2005<\/a> \u2013 <a href=\"http:\/\/uenf.br\/posgraduacao\/engenharia-civil\/dissertacoes-de-mestrado\/dissertacoes-de-mestrado-2004\/\">2004\u00a0<\/a>\u2013 <a href=\"http:\/\/uenf.br\/posgraduacao\/engenharia-civil\/dissertacoes-de-mestrado\/dissertacoes-de-mestrado-2003\/\">2003<\/a><\/p>","protected":false},"excerpt":{"rendered":"<p>&nbsp; OTIMIZA\u00c7\u00c3O DE FORMA PARA PROBLEMAS DE ESTADO PLANO UTILIZANDO O M\u00c9TODO DOS ELEMENTOS DE CONTORNO Autor: ENIO CARLOS DO&#8230;<\/p>\n","protected":false},"author":8,"featured_media":0,"parent":411,"menu_order":1,"comment_status":"closed","ping_status":"closed","template":"","meta":{"footnotes":""},"class_list":["post-572","page","type-page","status-publish","hentry"],"_links":{"self":[{"href":"https:\/\/uenf.br\/posgraduacao\/engenharia-civil\/wp-json\/wp\/v2\/pages\/572","targetHints":{"allow":["GET"]}}],"collection":[{"href":"https:\/\/uenf.br\/posgraduacao\/engenharia-civil\/wp-json\/wp\/v2\/pages"}],"about":[{"href":"https:\/\/uenf.br\/posgraduacao\/engenharia-civil\/wp-json\/wp\/v2\/types\/page"}],"author":[{"embeddable":true,"href":"https:\/\/uenf.br\/posgraduacao\/engenharia-civil\/wp-json\/wp\/v2\/users\/8"}],"replies":[{"embeddable":true,"href":"https:\/\/uenf.br\/posgraduacao\/engenharia-civil\/wp-json\/wp\/v2\/comments?post=572"}],"version-history":[{"count":0,"href":"https:\/\/uenf.br\/posgraduacao\/engenharia-civil\/wp-json\/wp\/v2\/pages\/572\/revisions"}],"up":[{"embeddable":true,"href":"https:\/\/uenf.br\/posgraduacao\/engenharia-civil\/wp-json\/wp\/v2\/pages\/411"}],"wp:attachment":[{"href":"https:\/\/uenf.br\/posgraduacao\/engenharia-civil\/wp-json\/wp\/v2\/media?parent=572"}],"curies":[{"name":"wp","href":"https:\/\/api.w.org\/{rel}","templated":true}]}}