{"id":65,"date":"2015-06-29T00:32:17","date_gmt":"2015-06-29T00:32:17","guid":{"rendered":"http:\/\/uenf.br\/posgraduacao\/engenharia-civil\/?page_id=65"},"modified":"2020-11-26T13:43:34","modified_gmt":"2020-11-26T13:43:34","slug":"areas-de-concentracao-e-linhas-de-pesquisa","status":"publish","type":"page","link":"https:\/\/uenf.br\/posgraduacao\/engenharia-civil\/areas-de-concentracao-e-linhas-de-pesquisa\/","title":{"rendered":"\u00c1reas de Concentra\u00e7\u00e3o e Linhas de Pesquisa"},"content":{"rendered":"<p><\/p>\n<div style=\"text-align: justify\"><span style=\"color: #ffffff\">\u00a0.<\/span><\/div>\n<ul>\n<li id=\"tituloPrincipal\" style=\"text-align: justify\"><strong>\u00a0<a href=\"http:\/\/uenf.br\/posgraduacao\/engenharia-civil\/area-de-estruturas\/\">Estruturas<\/a><\/strong><\/li>\n<\/ul>\n<div id=\"materiaPrincipal\" style=\"text-align: justify\"><\/div>\n<ul>\n<li id=\"tituloPrincipal\" style=\"text-align: justify\"><strong>\u00a0<a href=\"http:\/\/uenf.br\/posgraduacao\/engenharia-civil\/area-de-geotecnia\/\">Geotecnia<\/a><\/strong><\/li>\n<\/ul>\n<div id=\"materiaPrincipal\"><\/div>\n<p><\/p>","protected":false},"excerpt":{"rendered":"<p>\u00a0. \u00a0Estruturas \u00a0Geotecnia<\/p>\n","protected":false},"author":8,"featured_media":0,"parent":0,"menu_order":2,"comment_status":"closed","ping_status":"open","template":"","meta":{"footnotes":""},"class_list":["post-65","page","type-page","status-publish","hentry"],"_links":{"self":[{"href":"https:\/\/uenf.br\/posgraduacao\/engenharia-civil\/wp-json\/wp\/v2\/pages\/65","targetHints":{"allow":["GET"]}}],"collection":[{"href":"https:\/\/uenf.br\/posgraduacao\/engenharia-civil\/wp-json\/wp\/v2\/pages"}],"about":[{"href":"https:\/\/uenf.br\/posgraduacao\/engenharia-civil\/wp-json\/wp\/v2\/types\/page"}],"author":[{"embeddable":true,"href":"https:\/\/uenf.br\/posgraduacao\/engenharia-civil\/wp-json\/wp\/v2\/users\/8"}],"replies":[{"embeddable":true,"href":"https:\/\/uenf.br\/posgraduacao\/engenharia-civil\/wp-json\/wp\/v2\/comments?post=65"}],"version-history":[{"count":0,"href":"https:\/\/uenf.br\/posgraduacao\/engenharia-civil\/wp-json\/wp\/v2\/pages\/65\/revisions"}],"wp:attachment":[{"href":"https:\/\/uenf.br\/posgraduacao\/engenharia-civil\/wp-json\/wp\/v2\/media?parent=65"}],"curies":[{"name":"wp","href":"https:\/\/api.w.org\/{rel}","templated":true}]}}