{"id":682,"date":"2015-09-04T22:35:43","date_gmt":"2015-09-04T22:35:43","guid":{"rendered":"http:\/\/uenf.br\/posgraduacao\/engenharia-civil\/?page_id=682"},"modified":"2015-09-04T22:36:50","modified_gmt":"2015-09-04T22:36:50","slug":"dissertacoes-de-mestrado-2009-ana-laura-cassiano-dias-avila","status":"publish","type":"page","link":"https:\/\/uenf.br\/posgraduacao\/engenharia-civil\/dissertacoes-de-mestrado-2009-ana-laura-cassiano-dias-avila\/","title":{"rendered":"Disserta\u00e7\u00f5es de Mestrado 2009 &#8211; Ana Laura Cassiano Dias Avila"},"content":{"rendered":"<p><strong><em>Resumo:<\/em><\/strong><\/p>\n<p style=\"text-align: justify\">A preocupa\u00e7\u00e3o ambiental dos dias de hoje nos faz ter uma nova e necess\u00e1ria vis\u00e3o\u00a0do desenvolvimento, \u00e9 preciso produzir para atender a demanda, por\u00e9m esse\u00a0crescimento tem que vir acompanhado de uma pol\u00edtica de preserva\u00e7\u00e3o ambiental.<br \/>\nOs bens minerais, dentre eles o assunto deste trabalho, as rochas ornamentais, s\u00e3o\u00a0a mat\u00e9ria prima para o desenvolvimento em diversas \u00e1reas. As rochas ornamentais,\u00a0bens n\u00e3o renov\u00e1veis, deve ter sua explora\u00e7\u00e3o feita de forma controlada,\u00a0minimizando a produ\u00e7\u00e3o de rejeitos e dos impactos ambientais. Os maci\u00e7os\u00a0rochosos s\u00e3o heterog\u00eaneos, suas propriedades e consequentemente os seus\u00a0par\u00e2metros de permeabilidade, durabilidade, deformabilidade e resist\u00eancia variam\u00a0no espa\u00e7o e no tempo. O conhecimento da variabilidade das caracter\u00edsticas<br \/>\ndesejada no produto final \u00e9 de suma import\u00e2ncia para uma produ\u00e7\u00e3o controlada.<\/p>\n<p style=\"text-align: justify\">Neste trabalho o par\u00e2metro escolhido para an\u00e1lise da variabilidade espacial foi\u00a0resist\u00eancia \u00e0 compress\u00e3o simples, por ser um par\u00e2metro com mais refer\u00eancia\u00a0publicadas e de ampla aplica\u00e7\u00e3o. Sendo os dados geol\u00f3gicos produto de fen\u00f4menos\u00a0naturais que ocorreram h\u00e1 um determinado tempo e que sofre modifica\u00e7\u00f5es\u00a0constantes devido a a\u00e7\u00f5es da natureza, a variabilidade dos par\u00e2metros pode ocorrer\u00a0de diversas formas para um mesmo tipo de material em locais diferentes, essa \u00e9\u00a0uma peculiaridade geol\u00f3gica frente a outros materiais. O presente trabalho faz uma<br \/>\nan\u00e1lise do par\u00e2metro resist\u00eancia \u00e0 compress\u00e3o simples, a partir do ensaio de\u00a0Resist\u00eancia a compress\u00e3o Point-Load, utilizando o m\u00e9todo geoestat\u00edstico da\u00a0krigagem e comparando-o a m\u00e9todos de interpola\u00e7\u00e3o espacial cl\u00e1ssicos de<br \/>\nRegress\u00e3o Polinomial, Inverso da Dist\u00e2ncia e M\u00ednima Curvatura.<\/p>\n<p style=\"text-align: right\"><a href=\"#\">Veja mais.<\/a><\/p>\n","protected":false},"excerpt":{"rendered":"<p>Resumo: A preocupa\u00e7\u00e3o ambiental dos dias de hoje nos faz ter uma nova e necess\u00e1ria vis\u00e3o\u00a0do desenvolvimento, \u00e9 preciso produzir&#8230;<\/p>\n","protected":false},"author":8,"featured_media":0,"parent":0,"menu_order":0,"comment_status":"closed","ping_status":"closed","template":"","meta":{"footnotes":""},"class_list":["post-682","page","type-page","status-publish","hentry"],"_links":{"self":[{"href":"https:\/\/uenf.br\/posgraduacao\/engenharia-civil\/wp-json\/wp\/v2\/pages\/682","targetHints":{"allow":["GET"]}}],"collection":[{"href":"https:\/\/uenf.br\/posgraduacao\/engenharia-civil\/wp-json\/wp\/v2\/pages"}],"about":[{"href":"https:\/\/uenf.br\/posgraduacao\/engenharia-civil\/wp-json\/wp\/v2\/types\/page"}],"author":[{"embeddable":true,"href":"https:\/\/uenf.br\/posgraduacao\/engenharia-civil\/wp-json\/wp\/v2\/users\/8"}],"replies":[{"embeddable":true,"href":"https:\/\/uenf.br\/posgraduacao\/engenharia-civil\/wp-json\/wp\/v2\/comments?post=682"}],"version-history":[{"count":0,"href":"https:\/\/uenf.br\/posgraduacao\/engenharia-civil\/wp-json\/wp\/v2\/pages\/682\/revisions"}],"wp:attachment":[{"href":"https:\/\/uenf.br\/posgraduacao\/engenharia-civil\/wp-json\/wp\/v2\/media?parent=682"}],"curies":[{"name":"wp","href":"https:\/\/api.w.org\/{rel}","templated":true}]}}