{"id":697,"date":"2015-09-04T22:46:38","date_gmt":"2015-09-04T22:46:38","guid":{"rendered":"http:\/\/uenf.br\/posgraduacao\/engenharia-civil\/?page_id=697"},"modified":"2015-09-04T22:47:14","modified_gmt":"2015-09-04T22:47:14","slug":"dissertacoes-de-mestrado-2009-andre-zotelle-destefani","status":"publish","type":"page","link":"https:\/\/uenf.br\/posgraduacao\/engenharia-civil\/dissertacoes-de-mestrado-2009-andre-zotelle-destefani\/","title":{"rendered":"Disserta\u00e7\u00f5es de Mestrado 2009 &#8211; Andr\u00e9 Zotelle Destefani"},"content":{"rendered":"<p><em><strong>Resumo:<\/strong><\/em><\/p>\n<p style=\"text-align: justify\">A ind\u00fastria de rochas ornamentais no Brasil \u00e9 uma \u00e1rea em crescente desenvolvimento, apresentando uma produ\u00e7\u00e3o estimada em 8,0 milh\u00f5es de toneladas em 2007, de acordo com ABIROCHAS (2008). O Estado do Esp\u00edrito Santo concentra 90% dos investimentos do setor em n\u00edvel nacional, possuindo aproximadamente 900 teares (m\u00e1quina de serrar blocos de m\u00e1rmore e granito) em opera\u00e7\u00e3o, respons\u00e1veis por 70% da produ\u00e7\u00e3o nacional de m\u00e1rmore e 30% da produ\u00e7\u00e3o nacional de granito. O grande desafio do setor de rochas ornamentais \u00e9 compatibilizar os benef\u00edcios gerados pelo setor e os impactos ambientais resultantes, principalmente devidos ao grande volume de res\u00edduo s\u00f3lido proveniente dos processos do beneficiamento das rochas. A reciclagem destes res\u00edduos como material de constru\u00e7\u00e3o \u00e9 uma alternativa para mitigar os impactos ambientais, promovendo a sustentabilidade do setor. Este trabalho visa o estudo da incorpora\u00e7\u00e3o do res\u00edduo do beneficiamento de rochas ornamentais em misturas para produ\u00e7\u00e3o de blocos prensados e de encaixe para alvenaria, a fim de se avaliar as diversas propor\u00e7\u00f5es dos constituintes por meio do Planejamento de Experimentos em Rede Simplex, buscando solu\u00e7\u00f5es t\u00e9cnicas, sem o tradicional empirismo existente na ind\u00fastria, com o objetivo de se alcan\u00e7ar um desempenho satisfat\u00f3rio da propriedade analisada (resist\u00eancia \u00e0 compress\u00e3o). Foram tomados treze pontos experimentais, cujos teores m\u00e1ximos de cimento, res\u00edduo e areia s\u00e3o respectivamente de 20, 50 e 60 % em massa, que delimitaram as superf\u00edcies de respostas.<\/p>\n<p style=\"text-align: right\"><a href=\"#\">Veja mais.<\/a><\/p>\n","protected":false},"excerpt":{"rendered":"<p>Resumo: A ind\u00fastria de rochas ornamentais no Brasil \u00e9 uma \u00e1rea em crescente desenvolvimento, apresentando uma produ\u00e7\u00e3o estimada em 8,0&#8230;<\/p>\n","protected":false},"author":8,"featured_media":0,"parent":0,"menu_order":0,"comment_status":"closed","ping_status":"closed","template":"","meta":{"footnotes":""},"class_list":["post-697","page","type-page","status-publish","hentry"],"_links":{"self":[{"href":"https:\/\/uenf.br\/posgraduacao\/engenharia-civil\/wp-json\/wp\/v2\/pages\/697","targetHints":{"allow":["GET"]}}],"collection":[{"href":"https:\/\/uenf.br\/posgraduacao\/engenharia-civil\/wp-json\/wp\/v2\/pages"}],"about":[{"href":"https:\/\/uenf.br\/posgraduacao\/engenharia-civil\/wp-json\/wp\/v2\/types\/page"}],"author":[{"embeddable":true,"href":"https:\/\/uenf.br\/posgraduacao\/engenharia-civil\/wp-json\/wp\/v2\/users\/8"}],"replies":[{"embeddable":true,"href":"https:\/\/uenf.br\/posgraduacao\/engenharia-civil\/wp-json\/wp\/v2\/comments?post=697"}],"version-history":[{"count":0,"href":"https:\/\/uenf.br\/posgraduacao\/engenharia-civil\/wp-json\/wp\/v2\/pages\/697\/revisions"}],"wp:attachment":[{"href":"https:\/\/uenf.br\/posgraduacao\/engenharia-civil\/wp-json\/wp\/v2\/media?parent=697"}],"curies":[{"name":"wp","href":"https:\/\/api.w.org\/{rel}","templated":true}]}}