{"id":751,"date":"2015-09-11T16:35:12","date_gmt":"2015-09-11T16:35:12","guid":{"rendered":"http:\/\/uenf.br\/posgraduacao\/engenharia-civil\/?page_id=751"},"modified":"2015-09-11T20:33:36","modified_gmt":"2015-09-11T20:33:36","slug":"dissertacoes-de-mestrado-2003","status":"publish","type":"page","link":"https:\/\/uenf.br\/posgraduacao\/engenharia-civil\/dissertacoes-de-mestrado-2003\/","title":{"rendered":"Disserta\u00e7\u00f5es de Mestrado 2003 &#8211; Ricardo Schwan Moreira"},"content":{"rendered":"<p><strong>Resumo: <\/strong><\/p>\n<p style=\"text-align: justify\">Este trabalho analisa a influ\u00eancia das fibras de a\u00e7o no controle de propaga\u00e7\u00e3o de fissuras no concreto. O modelo proposto \u00e9 baseado no desenvolvido por Silva que utiliza o m\u00e9todo probabil\u00edstico de fissura\u00e7\u00e3o para acompanhar a propaga\u00e7\u00e3o das fissuras numa matriz de concreto. O comportamento da matriz fibra-concreto, definido atrav\u00e9s de uma lei constitutiva distinta para cada material, \u00e9 implementado em um programa de elementos finitos, onde os elementos obedecem a um comportamento elasto-fr\u00e1gil. As caracter\u00edsticas mec\u00e2nicas consideradas s\u00e3o o m\u00f3dulo de elasticidade e a resist\u00eancia a tra\u00e7\u00e3o, aleat\u00f3rias em fun\u00e7\u00e3o da heterogeneidade do concreto. Nessa implementa\u00e7\u00e3o faz-se a introdu\u00e7\u00e3o da fibra \u00e0 medida que ocorre a abertura da fissura, atrav\u00e9s da inclus\u00e3o de um elemento de treli\u00e7a na malha de elementos finitos, interrompendo desta forma a propaga\u00e7\u00e3o da fissura. Os resultados foram comparados a simula\u00e7\u00f5es encontradas na literatura, entre elas o exemplo simulado por Silva em seu trabalho. Pretende-se assim analisar os fatores que governam a altera\u00e7\u00e3o do comportamento de fissura\u00e7\u00e3o discreta, t\u00edpica do concreto convencional, para um de fissura\u00e7\u00e3o repartida, observada com a inclus\u00e3o das fibras.<\/p>\n<p style=\"text-align: right\"><strong><a href=\"http:\/\/uenf.br\/posgraduacao\/engenharia-civil\/wp-content\/uploads\/sites\/3\/2015\/09\/RICARDO-SCHWAN-MOREIRA1.pdf\">Download aqui.<\/a><\/strong><\/p>\n","protected":false},"excerpt":{"rendered":"<p>Resumo: Este trabalho analisa a influ\u00eancia das fibras de a\u00e7o no controle de propaga\u00e7\u00e3o de fissuras no concreto. O modelo&#8230;<\/p>\n","protected":false},"author":8,"featured_media":0,"parent":0,"menu_order":0,"comment_status":"closed","ping_status":"closed","template":"","meta":{"footnotes":""},"class_list":["post-751","page","type-page","status-publish","hentry"],"_links":{"self":[{"href":"https:\/\/uenf.br\/posgraduacao\/engenharia-civil\/wp-json\/wp\/v2\/pages\/751","targetHints":{"allow":["GET"]}}],"collection":[{"href":"https:\/\/uenf.br\/posgraduacao\/engenharia-civil\/wp-json\/wp\/v2\/pages"}],"about":[{"href":"https:\/\/uenf.br\/posgraduacao\/engenharia-civil\/wp-json\/wp\/v2\/types\/page"}],"author":[{"embeddable":true,"href":"https:\/\/uenf.br\/posgraduacao\/engenharia-civil\/wp-json\/wp\/v2\/users\/8"}],"replies":[{"embeddable":true,"href":"https:\/\/uenf.br\/posgraduacao\/engenharia-civil\/wp-json\/wp\/v2\/comments?post=751"}],"version-history":[{"count":0,"href":"https:\/\/uenf.br\/posgraduacao\/engenharia-civil\/wp-json\/wp\/v2\/pages\/751\/revisions"}],"wp:attachment":[{"href":"https:\/\/uenf.br\/posgraduacao\/engenharia-civil\/wp-json\/wp\/v2\/media?parent=751"}],"curies":[{"name":"wp","href":"https:\/\/api.w.org\/{rel}","templated":true}]}}