{"id":782,"date":"2015-09-11T17:06:56","date_gmt":"2015-09-11T17:06:56","guid":{"rendered":"http:\/\/uenf.br\/posgraduacao\/engenharia-civil\/?page_id=782"},"modified":"2015-09-11T17:09:36","modified_gmt":"2015-09-11T17:09:36","slug":"dissertacoes-de-mestrado-2004-leandro-abi-samara-santana","status":"publish","type":"page","link":"https:\/\/uenf.br\/posgraduacao\/engenharia-civil\/dissertacoes-de-mestrado-2004-leandro-abi-samara-santana\/","title":{"rendered":"Disserta\u00e7\u00f5es de Mestrado 2004 &#8211; LEANDRO ABI-SAMARA SANTANA"},"content":{"rendered":"<p><strong>Resumo <\/strong><\/p>\n<p style=\"text-align: justify\">A Engenharia Civil est\u00e1 passando p\u00f4r uma etapa de renova\u00e7\u00e3o. Hoje se preocupa mais com o comportamento mec\u00e2nico do que com o estrutural. Muitas obras est\u00e3o apresentando as conseq\u00fc\u00eancias dessa omiss\u00e3o. Neste sentido faz-se<br \/>\nnecess\u00e1rio o conhecimento de problemas patol\u00f3gicos e poss\u00edveis formas de interven\u00e7\u00e3o, seja para definir um projeto de recupera\u00e7\u00e3o ou de refor\u00e7o. Este trabalho procura avaliar \u00e0 propriedade de ader\u00eancia entre os concretos<br \/>\nde idades diferentes no comportamento de vigas de concreto recuperadas e\/ou refor\u00e7adas.<\/p>\n<p style=\"text-align: justify\">\u00c9 apresentado um estudo experimental sobre o comportamento de vigas reparadas de concreto n\u00e3o armadas, variando-se a resist\u00eancia do concreto de reparo e o tipo de superf\u00edcie de contato entre o substrato e o novo material; foram<br \/>\nempregados, nesse estudo, concretos de tr\u00eas classes de resist\u00eancia caracter\u00edstica (18, 25 e 32 MPa). Realizou-se o ensaio de flex\u00e3o a quatro pontos para cada classe de resist\u00eancia do concreto combinada com cada tipo de tratamento de superf\u00edcie. Efetuou-se uma an\u00e1lise estat\u00edstica dos resultados experimentais procurando identificar a influ\u00eancia dos dois par\u00e2metros que afetam a propriedade de ader\u00eancia concreto-concreto. Os resultados obtidos comprovaram a influ\u00eancia do tipo de superf\u00edcie de tratamento e a resist\u00eancia do material de reparo sobre a ader\u00eancia.<\/p>\n<p style=\"text-align: right\"><a href=\"http:\/\/uenf.br\/posgraduacao\/engenharia-civil\/wp-content\/uploads\/sites\/3\/2015\/09\/LEANDRO-ABI-SAMARA-SANTANA.pdf\">Download aqui.<\/a><\/p>\n","protected":false},"excerpt":{"rendered":"<p>Resumo A Engenharia Civil est\u00e1 passando p\u00f4r uma etapa de renova\u00e7\u00e3o. Hoje se preocupa mais com o comportamento mec\u00e2nico do&#8230;<\/p>\n","protected":false},"author":8,"featured_media":0,"parent":0,"menu_order":0,"comment_status":"closed","ping_status":"closed","template":"","meta":{"footnotes":""},"class_list":["post-782","page","type-page","status-publish","hentry"],"_links":{"self":[{"href":"https:\/\/uenf.br\/posgraduacao\/engenharia-civil\/wp-json\/wp\/v2\/pages\/782","targetHints":{"allow":["GET"]}}],"collection":[{"href":"https:\/\/uenf.br\/posgraduacao\/engenharia-civil\/wp-json\/wp\/v2\/pages"}],"about":[{"href":"https:\/\/uenf.br\/posgraduacao\/engenharia-civil\/wp-json\/wp\/v2\/types\/page"}],"author":[{"embeddable":true,"href":"https:\/\/uenf.br\/posgraduacao\/engenharia-civil\/wp-json\/wp\/v2\/users\/8"}],"replies":[{"embeddable":true,"href":"https:\/\/uenf.br\/posgraduacao\/engenharia-civil\/wp-json\/wp\/v2\/comments?post=782"}],"version-history":[{"count":0,"href":"https:\/\/uenf.br\/posgraduacao\/engenharia-civil\/wp-json\/wp\/v2\/pages\/782\/revisions"}],"wp:attachment":[{"href":"https:\/\/uenf.br\/posgraduacao\/engenharia-civil\/wp-json\/wp\/v2\/media?parent=782"}],"curies":[{"name":"wp","href":"https:\/\/api.w.org\/{rel}","templated":true}]}}