{"id":801,"date":"2015-09-11T17:25:21","date_gmt":"2015-09-11T17:25:21","guid":{"rendered":"http:\/\/uenf.br\/posgraduacao\/engenharia-civil\/?page_id=801"},"modified":"2015-09-11T17:27:13","modified_gmt":"2015-09-11T17:27:13","slug":"dissertacoes-de-mestrado-2005-elaine-de-souza-freitas","status":"publish","type":"page","link":"https:\/\/uenf.br\/posgraduacao\/engenharia-civil\/dissertacoes-de-mestrado-2005-elaine-de-souza-freitas\/","title":{"rendered":"Disserta\u00e7\u00f5es de Mestrado 2005 &#8211; ELAINE DE SOUZA FREITAS"},"content":{"rendered":"<p><strong>Resumo<\/strong><\/p>\n<p style=\"text-align: justify\">A procura cada vez maior de produtos de consumo industrializados tem aumentado significativamente a demanda por mat\u00e9rias-primas, assim como a gera\u00e7\u00e3o de res\u00edduos s\u00f3lidos. Este fato exige um gerenciamento eficaz dos res\u00edduos para a minimiza\u00e7\u00e3o de seu impacto ambiental. A ind\u00fastria da cana-de-a\u00e7\u00facar no Munic\u00edpio de Campos dos Goytacazes &#8211; RJ \u00e9 uma atividade tradicional que produz grande quantidade de cinza do baga\u00e7o da cana-de-a\u00e7\u00facar (CBCA) em suas sete unidades atualmente em funcionamento. A CBCA resulta da queima do baga\u00e7o de cana-de-a\u00e7\u00facar nas fornalhas das caldeiras. Este trabalho visa ao estudo da potencialidade do emprego da cinza do baga\u00e7o da cana-de-a\u00e7\u00facar na constru\u00e7\u00e3o civil, por meio da pesquisa de suas caracter\u00edsticas pozol\u00e2nicas, uma vez que o aproveitamento deste produto em matrizes ciment\u00edcias representa uma boa alternativa para diminui\u00e7\u00e3o de gastos com locais para deposi\u00e7\u00e3o do res\u00edduo, evita a degrada\u00e7\u00e3o do meio ambiente, al\u00e9m de garantir uma redu\u00e7\u00e3o do consumo de cimento e, conseq\u00fcentemente, do pre\u00e7o do produto final.<\/p>\n<p style=\"text-align: justify\">Foi realizada uma s\u00e9rie de ensaios de caracteriza\u00e7\u00e3o da CBCA. Iniciou-se pela an\u00e1lise t\u00e9rmica diferencial do material. Na seq\u00fc\u00eancia, foram realizados ensaios incluindo an\u00e1lise granulom\u00e9trica, composi\u00e7\u00e3o qu\u00edmica, composi\u00e7\u00e3o mineral\u00f3gica, atividade pozol\u00e2nica e resist\u00eancia mec\u00e2nica (em argamassas com diversos teores de substitui\u00e7\u00e3o de cimento por CBCA). A atividade pozol\u00e2nica foi averiguada por meio de m\u00e9todos propostos pela norma brasileira e pelo ensaio Chapelle. Foi realizado um estudo de temperatura e tempo \u00f3timos de calcina\u00e7\u00e3o, uma vez que as cinzas, quando cristalinas, devem ser submetidas a um processo de calcina\u00e7\u00e3o adicional, a fim de se obter maior grau de amorficidade e, conseq\u00fcentemente, maior reatividade. A moagem tamb\u00e9m foi efetuada a fim de melhorar a reatividade da cinza.<\/p>\n<p style=\"text-align: justify\">Os resultados obtidos no programa experimental mostraram que a CBCA pode ser classificada como uma pozolana, desde que passe por um tratamento adequado (calcina\u00e7\u00e3o e moagem em determinados tempos). Al\u00e9m do efeito f\u00edler, esta caracter\u00edstica \u00e9 decisiva para a contribui\u00e7\u00e3o na resist\u00eancia mec\u00e2nica da matriz e fundamental para a defini\u00e7\u00e3o de um estudo mais detalhado objetivando seu emprego de forma satisfat\u00f3ria e sistem\u00e1tica na fabrica\u00e7\u00e3o de argamassas.<\/p>\n<p style=\"text-align: right\"><a href=\"http:\/\/uenf.br\/posgraduacao\/engenharia-civil\/wp-content\/uploads\/sites\/3\/2015\/09\/ELAINE-DE-SOUZA-FREITAS.pdf\">Download aqui.<\/a><\/p>\n","protected":false},"excerpt":{"rendered":"<p>Resumo A procura cada vez maior de produtos de consumo industrializados tem aumentado significativamente a demanda por mat\u00e9rias-primas, assim como&#8230;<\/p>\n","protected":false},"author":8,"featured_media":0,"parent":0,"menu_order":0,"comment_status":"closed","ping_status":"closed","template":"","meta":{"footnotes":""},"class_list":["post-801","page","type-page","status-publish","hentry"],"_links":{"self":[{"href":"https:\/\/uenf.br\/posgraduacao\/engenharia-civil\/wp-json\/wp\/v2\/pages\/801","targetHints":{"allow":["GET"]}}],"collection":[{"href":"https:\/\/uenf.br\/posgraduacao\/engenharia-civil\/wp-json\/wp\/v2\/pages"}],"about":[{"href":"https:\/\/uenf.br\/posgraduacao\/engenharia-civil\/wp-json\/wp\/v2\/types\/page"}],"author":[{"embeddable":true,"href":"https:\/\/uenf.br\/posgraduacao\/engenharia-civil\/wp-json\/wp\/v2\/users\/8"}],"replies":[{"embeddable":true,"href":"https:\/\/uenf.br\/posgraduacao\/engenharia-civil\/wp-json\/wp\/v2\/comments?post=801"}],"version-history":[{"count":0,"href":"https:\/\/uenf.br\/posgraduacao\/engenharia-civil\/wp-json\/wp\/v2\/pages\/801\/revisions"}],"wp:attachment":[{"href":"https:\/\/uenf.br\/posgraduacao\/engenharia-civil\/wp-json\/wp\/v2\/media?parent=801"}],"curies":[{"name":"wp","href":"https:\/\/api.w.org\/{rel}","templated":true}]}}